{"id":9851,"date":"2024-05-23T11:34:50","date_gmt":"2024-05-23T14:34:50","guid":{"rendered":"https:\/\/playcomp.cl\/?post_type=product&#038;p=9851"},"modified":"2024-10-24T18:00:52","modified_gmt":"2024-10-24T21:00:52","slug":"comunicacion-redaccion-y-ortografia-2","status":"publish","type":"product","link":"https:\/\/playcomp.cl\/index.php\/producto\/comunicacion-redaccion-y-ortografia-2\/","title":{"rendered":"Comunicaci\u00f3n, Redacci\u00f3n y Ortograf\u00eda"},"content":{"rendered":"<p><strong>OBJETIVOS<\/strong><\/p>\n<p>Al finalizar el evento, los participantes estar\u00e1n en capacidad de incorporar el uso de t\u00e9cnicas y herramientas para optimizar la redacci\u00f3n y comunicaci\u00f3n escrita que establezcan con los clientes internos y externos de la empresa.<\/p>\n<p><strong>CONTENIDO<\/strong><\/p>\n<p><strong>M\u00f3dulo I<\/strong><br \/>\n<strong>Comunicaci\u00f3n Escrita<\/strong><\/p>\n<ul>\n<li>Caracter\u00edsticas, ventajas y desventajas<\/li>\n<li>Principios de la Comunicaci\u00f3n Escrita<\/li>\n<li>Elementos que favorecen y elementos que perjudican el discurso escrito<\/li>\n<li>La Estructura del texto escrito<\/li>\n<li>Coherencia (Clave para lograr comprender)<\/li>\n<\/ul>\n<p><strong>M\u00f3dulo II<\/strong><br \/>\n<strong>Herramientas pr\u00e1cticas de Escritura<\/strong><\/p>\n<ul>\n<li>Jerarqu\u00eda- Verbos- Lenguaje concreto vs. Abstracto- Oraciones- Importancia del \u00c9nfasis- Puntuaci\u00f3n<\/li>\n<li>Comunicaci\u00f3n Efectiva y Asertiva<\/li>\n<li>Habilidades comunicativas<\/li>\n<li>La Inteligencia Emocional en la Comunicaci\u00f3n.<\/li>\n<\/ul>\n<p><strong>M\u00f3dulo III<\/strong><br \/>\n<strong>La Redacci\u00f3n<\/strong><\/p>\n<ul>\n<li>Caracter\u00edsticas de la Redacci\u00f3n<\/li>\n<li>Claves para una redacci\u00f3n efectiva<\/li>\n<li>T\u00e9cnicas de Redacci\u00f3n<\/li>\n<\/ul>\n<p><strong>M\u00f3dulo IV<\/strong><br \/>\n<strong>Acentuaci\u00f3n y Ortograf\u00eda<\/strong><\/p>\n<ul>\n<li>Conceptos b\u00e1sicos de ortograf\u00eda<\/li>\n<li>Uso correcto de graf\u00edas (letras s\/c\/h)<\/li>\n<li>Reglas de acentuaci\u00f3n<\/li>\n<li>Vicios del Lenguaje<\/li>\n<\/ul>\n<p><strong>M\u00f3dulo V<\/strong><br \/>\n<strong>El Correo electr\u00f3nico<\/strong><\/p>\n<ul>\n<li>Redacci\u00f3n<\/li>\n<li>Reglas<\/li>\n<li>Buenas pr\u00e1cticas<\/li>\n<li>Errores y Recomendaciones<\/li>\n<li>Tipos de Documento y su forma<\/li>\n<li>Documentos e Informes de la Empresa<\/li>\n<li>Autoedici\u00f3n y Autocorrecci\u00f3n.<\/li>\n<\/ul>\n","protected":false},"excerpt":{"rendered":"<p>OBJETIVOS Al finalizar el evento, los participantes estar\u00e1n en capacidad de incorporar el uso de t\u00e9cnicas y herramientas para optimizar la redacci\u00f3n y comunicaci\u00f3n escrita que establezcan con los clientes internos y externos de la empresa. CONTENIDO M\u00f3dulo I Comunicaci\u00f3n Escrita Caracter\u00edsticas, ventajas y desventajas Principios de la Comunicaci\u00f3n Escrita Elementos que favorecen y elementos&#8230;<\/p>\n","protected":false},"featured_media":10418,"template":"","meta":{"_acf_changed":false},"product_brand":[],"product_cat":[139],"product_tag":[],"class_list":{"0":"post-9851","1":"product","2":"type-product","3":"status-publish","4":"has-post-thumbnail","6":"product_cat-area-administracion-cursos_elearning","8":"first","9":"instock","10":"shipping-taxable","11":"product-type-simple"},"acf":[],"yoast_head":"<!-- This site is optimized with the Yoast SEO plugin v24.8.1 - https:\/\/yoast.com\/wordpress\/plugins\/seo\/ -->\n<title>Comunicaci\u00f3n, Redacci\u00f3n y Ortograf\u00eda - Play Comp<\/title>\n<meta name=\"robots\" content=\"index, follow, max-snippet:-1, max-image-preview:large, max-video-preview:-1\" \/>\n<link rel=\"canonical\" href=\"https:\/\/playcomp.cl\/index.php\/producto\/comunicacion-redaccion-y-ortografia-2\/\" \/>\n<meta property=\"og:locale\" content=\"es_ES\" \/>\n<meta property=\"og:type\" content=\"article\" \/>\n<meta property=\"og:title\" content=\"Comunicaci\u00f3n, Redacci\u00f3n y Ortograf\u00eda - Play Comp\" \/>\n<meta property=\"og:description\" content=\"OBJETIVOS Al finalizar el evento, los participantes estar\u00e1n en capacidad de incorporar el uso de t\u00e9cnicas y herramientas para optimizar la redacci\u00f3n y comunicaci\u00f3n escrita que establezcan con los clientes internos y externos de la empresa. CONTENIDO M\u00f3dulo I Comunicaci\u00f3n Escrita Caracter\u00edsticas, ventajas y desventajas Principios de la Comunicaci\u00f3n Escrita Elementos que favorecen y elementos...\" \/>\n<meta property=\"og:url\" content=\"https:\/\/playcomp.cl\/index.php\/producto\/comunicacion-redaccion-y-ortografia-2\/\" \/>\n<meta property=\"og:site_name\" content=\"Play Comp\" \/>\n<meta property=\"article:publisher\" content=\"https:\/\/www.facebook.com\/playcompchile\/\" \/>\n<meta property=\"article:modified_time\" content=\"2024-10-24T21:00:52+00:00\" \/>\n<meta property=\"og:image\" content=\"https:\/\/playcomp.cl\/wp-content\/uploads\/2024\/05\/img.png\" \/>\n\t<meta property=\"og:image:width\" content=\"193\" \/>\n\t<meta property=\"og:image:height\" content=\"193\" \/>\n\t<meta property=\"og:image:type\" content=\"image\/png\" \/>\n<meta name=\"twitter:card\" content=\"summary_large_image\" \/>\n<meta name=\"twitter:label1\" content=\"Tiempo de lectura\" \/>\n\t<meta name=\"twitter:data1\" content=\"1 minuto\" \/>\n<script type=\"application\/ld+json\" class=\"yoast-schema-graph\">{\"@context\":\"https:\/\/schema.org\",\"@graph\":[{\"@type\":\"WebPage\",\"@id\":\"https:\/\/playcomp.cl\/index.php\/producto\/comunicacion-redaccion-y-ortografia-2\/\",\"url\":\"https:\/\/playcomp.cl\/index.php\/producto\/comunicacion-redaccion-y-ortografia-2\/\",\"name\":\"Comunicaci\u00f3n, Redacci\u00f3n y Ortograf\u00eda - Play Comp\",\"isPartOf\":{\"@id\":\"https:\/\/playcomp.cl\/#website\"},\"primaryImageOfPage\":{\"@id\":\"https:\/\/playcomp.cl\/index.php\/producto\/comunicacion-redaccion-y-ortografia-2\/#primaryimage\"},\"image\":{\"@id\":\"https:\/\/playcomp.cl\/index.php\/producto\/comunicacion-redaccion-y-ortografia-2\/#primaryimage\"},\"thumbnailUrl\":\"https:\/\/playcomp.cl\/wp-content\/uploads\/2024\/05\/img.png\",\"datePublished\":\"2024-05-23T14:34:50+00:00\",\"dateModified\":\"2024-10-24T21:00:52+00:00\",\"breadcrumb\":{\"@id\":\"https:\/\/playcomp.cl\/index.php\/producto\/comunicacion-redaccion-y-ortografia-2\/#breadcrumb\"},\"inLanguage\":\"es\",\"potentialAction\":[{\"@type\":\"ReadAction\",\"target\":[\"https:\/\/playcomp.cl\/index.php\/producto\/comunicacion-redaccion-y-ortografia-2\/\"]}]},{\"@type\":\"ImageObject\",\"inLanguage\":\"es\",\"@id\":\"https:\/\/playcomp.cl\/index.php\/producto\/comunicacion-redaccion-y-ortografia-2\/#primaryimage\",\"url\":\"https:\/\/playcomp.cl\/wp-content\/uploads\/2024\/05\/img.png\",\"contentUrl\":\"https:\/\/playcomp.cl\/wp-content\/uploads\/2024\/05\/img.png\",\"width\":193,\"height\":193},{\"@type\":\"BreadcrumbList\",\"@id\":\"https:\/\/playcomp.cl\/index.php\/producto\/comunicacion-redaccion-y-ortografia-2\/#breadcrumb\",\"itemListElement\":[{\"@type\":\"ListItem\",\"position\":1,\"name\":\"Portada\",\"item\":\"https:\/\/playcomp.cl\/\"},{\"@type\":\"ListItem\",\"position\":2,\"name\":\"Tienda\",\"item\":\"https:\/\/playcomp.cl\/index.php\/tienda\/\"},{\"@type\":\"ListItem\",\"position\":3,\"name\":\"Comunicaci\u00f3n, Redacci\u00f3n y Ortograf\u00eda\"}]},{\"@type\":\"WebSite\",\"@id\":\"https:\/\/playcomp.cl\/#website\",\"url\":\"https:\/\/playcomp.cl\/\",\"name\":\"Play Comp\",\"description\":\"Organismo T\u00e9cnico de Capacitaci\u00f3n\",\"publisher\":{\"@id\":\"https:\/\/playcomp.cl\/#organization\"},\"potentialAction\":[{\"@type\":\"SearchAction\",\"target\":{\"@type\":\"EntryPoint\",\"urlTemplate\":\"https:\/\/playcomp.cl\/?s={search_term_string}\"},\"query-input\":{\"@type\":\"PropertyValueSpecification\",\"valueRequired\":true,\"valueName\":\"search_term_string\"}}],\"inLanguage\":\"es\"},{\"@type\":\"Organization\",\"@id\":\"https:\/\/playcomp.cl\/#organization\",\"name\":\"Play Comp\",\"url\":\"https:\/\/playcomp.cl\/\",\"logo\":{\"@type\":\"ImageObject\",\"inLanguage\":\"es\",\"@id\":\"https:\/\/playcomp.cl\/#\/schema\/logo\/image\/\",\"url\":\"https:\/\/playcomp.cl\/wp-content\/uploads\/2017\/07\/Artboard-36.png\",\"contentUrl\":\"https:\/\/playcomp.cl\/wp-content\/uploads\/2017\/07\/Artboard-36.png\",\"width\":423,\"height\":112,\"caption\":\"Play Comp\"},\"image\":{\"@id\":\"https:\/\/playcomp.cl\/#\/schema\/logo\/image\/\"},\"sameAs\":[\"https:\/\/www.facebook.com\/playcompchile\/\",\"https:\/\/www.instagram.com\/playcomp_capacitacion?igsh=OGtwZzBsYW5qbTF5\"]}]}<\/script>\n<!-- \/ Yoast SEO plugin. -->","yoast_head_json":{"title":"Comunicaci\u00f3n, Redacci\u00f3n y Ortograf\u00eda - Play Comp","robots":{"index":"index","follow":"follow","max-snippet":"max-snippet:-1","max-image-preview":"max-image-preview:large","max-video-preview":"max-video-preview:-1"},"canonical":"https:\/\/playcomp.cl\/index.php\/producto\/comunicacion-redaccion-y-ortografia-2\/","og_locale":"es_ES","og_type":"article","og_title":"Comunicaci\u00f3n, Redacci\u00f3n y Ortograf\u00eda - Play Comp","og_description":"OBJETIVOS Al finalizar el evento, los participantes estar\u00e1n en capacidad de incorporar el uso de t\u00e9cnicas y herramientas para optimizar la redacci\u00f3n y comunicaci\u00f3n escrita que establezcan con los clientes internos y externos de la empresa. CONTENIDO M\u00f3dulo I Comunicaci\u00f3n Escrita Caracter\u00edsticas, ventajas y desventajas Principios de la Comunicaci\u00f3n Escrita Elementos que favorecen y elementos...","og_url":"https:\/\/playcomp.cl\/index.php\/producto\/comunicacion-redaccion-y-ortografia-2\/","og_site_name":"Play Comp","article_publisher":"https:\/\/www.facebook.com\/playcompchile\/","article_modified_time":"2024-10-24T21:00:52+00:00","og_image":[{"width":193,"height":193,"url":"https:\/\/playcomp.cl\/wp-content\/uploads\/2024\/05\/img.png","type":"image\/png"}],"twitter_card":"summary_large_image","twitter_misc":{"Tiempo de lectura":"1 minuto"},"schema":{"@context":"https:\/\/schema.org","@graph":[{"@type":"WebPage","@id":"https:\/\/playcomp.cl\/index.php\/producto\/comunicacion-redaccion-y-ortografia-2\/","url":"https:\/\/playcomp.cl\/index.php\/producto\/comunicacion-redaccion-y-ortografia-2\/","name":"Comunicaci\u00f3n, Redacci\u00f3n y Ortograf\u00eda - Play Comp","isPartOf":{"@id":"https:\/\/playcomp.cl\/#website"},"primaryImageOfPage":{"@id":"https:\/\/playcomp.cl\/index.php\/producto\/comunicacion-redaccion-y-ortografia-2\/#primaryimage"},"image":{"@id":"https:\/\/playcomp.cl\/index.php\/producto\/comunicacion-redaccion-y-ortografia-2\/#primaryimage"},"thumbnailUrl":"https:\/\/playcomp.cl\/wp-content\/uploads\/2024\/05\/img.png","datePublished":"2024-05-23T14:34:50+00:00","dateModified":"2024-10-24T21:00:52+00:00","breadcrumb":{"@id":"https:\/\/playcomp.cl\/index.php\/producto\/comunicacion-redaccion-y-ortografia-2\/#breadcrumb"},"inLanguage":"es","potentialAction":[{"@type":"ReadAction","target":["https:\/\/playcomp.cl\/index.php\/producto\/comunicacion-redaccion-y-ortografia-2\/"]}]},{"@type":"ImageObject","inLanguage":"es","@id":"https:\/\/playcomp.cl\/index.php\/producto\/comunicacion-redaccion-y-ortografia-2\/#primaryimage","url":"https:\/\/playcomp.cl\/wp-content\/uploads\/2024\/05\/img.png","contentUrl":"https:\/\/playcomp.cl\/wp-content\/uploads\/2024\/05\/img.png","width":193,"height":193},{"@type":"BreadcrumbList","@id":"https:\/\/playcomp.cl\/index.php\/producto\/comunicacion-redaccion-y-ortografia-2\/#breadcrumb","itemListElement":[{"@type":"ListItem","position":1,"name":"Portada","item":"https:\/\/playcomp.cl\/"},{"@type":"ListItem","position":2,"name":"Tienda","item":"https:\/\/playcomp.cl\/index.php\/tienda\/"},{"@type":"ListItem","position":3,"name":"Comunicaci\u00f3n, Redacci\u00f3n y Ortograf\u00eda"}]},{"@type":"WebSite","@id":"https:\/\/playcomp.cl\/#website","url":"https:\/\/playcomp.cl\/","name":"Play Comp","description":"Organismo T\u00e9cnico de Capacitaci\u00f3n","publisher":{"@id":"https:\/\/playcomp.cl\/#organization"},"potentialAction":[{"@type":"SearchAction","target":{"@type":"EntryPoint","urlTemplate":"https:\/\/playcomp.cl\/?s={search_term_string}"},"query-input":{"@type":"PropertyValueSpecification","valueRequired":true,"valueName":"search_term_string"}}],"inLanguage":"es"},{"@type":"Organization","@id":"https:\/\/playcomp.cl\/#organization","name":"Play Comp","url":"https:\/\/playcomp.cl\/","logo":{"@type":"ImageObject","inLanguage":"es","@id":"https:\/\/playcomp.cl\/#\/schema\/logo\/image\/","url":"https:\/\/playcomp.cl\/wp-content\/uploads\/2017\/07\/Artboard-36.png","contentUrl":"https:\/\/playcomp.cl\/wp-content\/uploads\/2017\/07\/Artboard-36.png","width":423,"height":112,"caption":"Play Comp"},"image":{"@id":"https:\/\/playcomp.cl\/#\/schema\/logo\/image\/"},"sameAs":["https:\/\/www.facebook.com\/playcompchile\/","https:\/\/www.instagram.com\/playcomp_capacitacion?igsh=OGtwZzBsYW5qbTF5"]}]}},"_links":{"self":[{"href":"https:\/\/playcomp.cl\/index.php\/wp-json\/wp\/v2\/product\/9851","targetHints":{"allow":["GET"]}}],"collection":[{"href":"https:\/\/playcomp.cl\/index.php\/wp-json\/wp\/v2\/product"}],"about":[{"href":"https:\/\/playcomp.cl\/index.php\/wp-json\/wp\/v2\/types\/product"}],"wp:featuredmedia":[{"embeddable":true,"href":"https:\/\/playcomp.cl\/index.php\/wp-json\/wp\/v2\/media\/10418"}],"wp:attachment":[{"href":"https:\/\/playcomp.cl\/index.php\/wp-json\/wp\/v2\/media?parent=9851"}],"wp:term":[{"taxonomy":"product_brand","embeddable":true,"href":"https:\/\/playcomp.cl\/index.php\/wp-json\/wp\/v2\/product_brand?post=9851"},{"taxonomy":"product_cat","embeddable":true,"href":"https:\/\/playcomp.cl\/index.php\/wp-json\/wp\/v2\/product_cat?post=9851"},{"taxonomy":"product_tag","embeddable":true,"href":"https:\/\/playcomp.cl\/index.php\/wp-json\/wp\/v2\/product_tag?post=9851"}],"curies":[{"name":"wp","href":"https:\/\/api.w.org\/{rel}","templated":true}]}}