{"id":9838,"date":"2024-05-23T11:10:47","date_gmt":"2024-05-23T14:10:47","guid":{"rendered":"https:\/\/playcomp.cl\/?post_type=product&#038;p=9838"},"modified":"2024-10-24T16:24:24","modified_gmt":"2024-10-24T19:24:24","slug":"autocad-2d-diseno-asistido-por-computador","status":"publish","type":"product","link":"https:\/\/playcomp.cl\/index.php\/producto\/autocad-2d-diseno-asistido-por-computador\/","title":{"rendered":"AutoCAD 2D, dise\u00f1o Asistido por Computador"},"content":{"rendered":"<p><strong>Objetivo<\/strong><br \/>\nCrear, planos estructurales, arquitect\u00f3nicos, el\u00e9ctricos, electr\u00f3nicos, topogr\u00e1ficos, de matrices, mobiliario, etc. Adem\u00e1s del dibujo de vistas, proyecciones, isom\u00e9tricas y perspectivas, acotado est\u00e1ndar y personalizado, manejo de herramientas de consulta y cubicaci\u00f3n en dos dimensiones, incluye el trazado en plotter y\/o impresoras.<\/p>\n<p><strong>Introducci\u00f3n<\/strong><\/p>\n<ul>\n<li>Entorno, Grafica, textos<\/li>\n<li>Teclas de funciones<\/li>\n<li>Tipos de Men\u00fas<\/li>\n<li>Barras de Herramientas<\/li>\n<\/ul>\n<p><strong>Iniciando trabajos<\/strong><\/p>\n<ul>\n<li>Formatos de papel<\/li>\n<li>Comando Rect\u00e1ngulo<\/li>\n<li>Dibujando papel y m\u00e1rgenes<\/li>\n<li>Creaci\u00f3n de capas<\/li>\n<li>Cambio de \u201cconcurrencia\u201d de capa<\/li>\n<\/ul>\n<p><strong>Coordenadas<\/strong><\/p>\n<ul>\n<li>Absolutas, Polares y Relativas<\/li>\n<\/ul>\n<p><strong>Herramientas de trabajo<\/strong><\/p>\n<ul>\n<li>Ortogonales<\/li>\n<li>Asistentes de \u201cpinzamientos\u201d<\/li>\n<\/ul>\n<p><strong>Comandos de Dibujo<\/strong><\/p>\n<ul>\n<li>C\u00edrculos, Arcos, Pol\u00edgonos<\/li>\n<li>Isocirculos, Elipses, Nubes, Donas<\/li>\n<\/ul>\n<p><strong>Comandos de Modificaci\u00f3n<\/strong><\/p>\n<ul>\n<li>Copiar, cortar, Borrar, Mover<\/li>\n<li>Reflejar, Rotar<\/li>\n<li>Escalar, Extender<\/li>\n<\/ul>\n<p><strong>Otros Comandos<\/strong><\/p>\n<ul>\n<li>Chamfer, Fillet, Array<\/li>\n<li>Rectangular, Polar<\/li>\n<li>Hatch, Explode<\/li>\n<li>Textos, Cotas<\/li>\n<li>Offset<\/li>\n<\/ul>\n<p><strong>Impresi\u00f3n \/ Ploteo<\/strong><\/p>\n<ul>\n<li>\u00a0Model Space<\/li>\n<li>Paper Space<\/li>\n<li>Impresi\u00f3n o ploteo<\/li>\n<\/ul>\n","protected":false},"excerpt":{"rendered":"<p>Objetivo Crear, planos estructurales, arquitect\u00f3nicos, el\u00e9ctricos, electr\u00f3nicos, topogr\u00e1ficos, de matrices, mobiliario, etc. Adem\u00e1s del dibujo de vistas, proyecciones, isom\u00e9tricas y perspectivas, acotado est\u00e1ndar y personalizado, manejo de herramientas de consulta y cubicaci\u00f3n en dos dimensiones, incluye el trazado en plotter y\/o impresoras. Introducci\u00f3n Entorno, Grafica, textos Teclas de funciones Tipos de Men\u00fas Barras de Herramientas&#8230;<\/p>\n","protected":false},"featured_media":10389,"template":"","meta":{"_acf_changed":false},"product_brand":[],"product_cat":[137],"product_tag":[],"class_list":{"0":"post-9838","1":"product","2":"type-product","3":"status-publish","4":"has-post-thumbnail","6":"product_cat-diseno","8":"first","9":"instock","10":"shipping-taxable","11":"product-type-simple"},"acf":[],"yoast_head":"<!-- This site is optimized with the Yoast SEO plugin v24.8.1 - https:\/\/yoast.com\/wordpress\/plugins\/seo\/ -->\n<title>AutoCAD 2D, dise\u00f1o Asistido por Computador - Play Comp<\/title>\n<meta name=\"robots\" content=\"index, follow, max-snippet:-1, max-image-preview:large, max-video-preview:-1\" \/>\n<link rel=\"canonical\" href=\"https:\/\/playcomp.cl\/index.php\/producto\/autocad-2d-diseno-asistido-por-computador\/\" \/>\n<meta property=\"og:locale\" content=\"es_ES\" \/>\n<meta property=\"og:type\" content=\"article\" \/>\n<meta property=\"og:title\" content=\"AutoCAD 2D, dise\u00f1o Asistido por Computador - Play Comp\" \/>\n<meta property=\"og:description\" content=\"Objetivo Crear, planos estructurales, arquitect\u00f3nicos, el\u00e9ctricos, electr\u00f3nicos, topogr\u00e1ficos, de matrices, mobiliario, etc. Adem\u00e1s del dibujo de vistas, proyecciones, isom\u00e9tricas y perspectivas, acotado est\u00e1ndar y personalizado, manejo de herramientas de consulta y cubicaci\u00f3n en dos dimensiones, incluye el trazado en plotter y\/o impresoras. Introducci\u00f3n Entorno, Grafica, textos Teclas de funciones Tipos de Men\u00fas Barras de Herramientas...\" \/>\n<meta property=\"og:url\" content=\"https:\/\/playcomp.cl\/index.php\/producto\/autocad-2d-diseno-asistido-por-computador\/\" \/>\n<meta property=\"og:site_name\" content=\"Play Comp\" \/>\n<meta property=\"article:publisher\" content=\"https:\/\/www.facebook.com\/playcompchile\/\" \/>\n<meta property=\"article:modified_time\" content=\"2024-10-24T19:24:24+00:00\" \/>\n<meta property=\"og:image\" content=\"https:\/\/playcomp.cl\/wp-content\/uploads\/2024\/05\/AUTOCAD-IMG-1.png\" \/>\n\t<meta property=\"og:image:width\" content=\"300\" \/>\n\t<meta property=\"og:image:height\" content=\"300\" \/>\n\t<meta property=\"og:image:type\" content=\"image\/png\" \/>\n<meta name=\"twitter:card\" content=\"summary_large_image\" \/>\n<meta name=\"twitter:label1\" content=\"Tiempo de lectura\" \/>\n\t<meta name=\"twitter:data1\" content=\"1 minuto\" \/>\n<script type=\"application\/ld+json\" class=\"yoast-schema-graph\">{\"@context\":\"https:\/\/schema.org\",\"@graph\":[{\"@type\":\"WebPage\",\"@id\":\"https:\/\/playcomp.cl\/index.php\/producto\/autocad-2d-diseno-asistido-por-computador\/\",\"url\":\"https:\/\/playcomp.cl\/index.php\/producto\/autocad-2d-diseno-asistido-por-computador\/\",\"name\":\"AutoCAD 2D, dise\u00f1o Asistido por Computador - Play Comp\",\"isPartOf\":{\"@id\":\"https:\/\/playcomp.cl\/#website\"},\"primaryImageOfPage\":{\"@id\":\"https:\/\/playcomp.cl\/index.php\/producto\/autocad-2d-diseno-asistido-por-computador\/#primaryimage\"},\"image\":{\"@id\":\"https:\/\/playcomp.cl\/index.php\/producto\/autocad-2d-diseno-asistido-por-computador\/#primaryimage\"},\"thumbnailUrl\":\"https:\/\/playcomp.cl\/wp-content\/uploads\/2024\/05\/AUTOCAD-IMG-1.png\",\"datePublished\":\"2024-05-23T14:10:47+00:00\",\"dateModified\":\"2024-10-24T19:24:24+00:00\",\"breadcrumb\":{\"@id\":\"https:\/\/playcomp.cl\/index.php\/producto\/autocad-2d-diseno-asistido-por-computador\/#breadcrumb\"},\"inLanguage\":\"es\",\"potentialAction\":[{\"@type\":\"ReadAction\",\"target\":[\"https:\/\/playcomp.cl\/index.php\/producto\/autocad-2d-diseno-asistido-por-computador\/\"]}]},{\"@type\":\"ImageObject\",\"inLanguage\":\"es\",\"@id\":\"https:\/\/playcomp.cl\/index.php\/producto\/autocad-2d-diseno-asistido-por-computador\/#primaryimage\",\"url\":\"https:\/\/playcomp.cl\/wp-content\/uploads\/2024\/05\/AUTOCAD-IMG-1.png\",\"contentUrl\":\"https:\/\/playcomp.cl\/wp-content\/uploads\/2024\/05\/AUTOCAD-IMG-1.png\",\"width\":300,\"height\":300},{\"@type\":\"BreadcrumbList\",\"@id\":\"https:\/\/playcomp.cl\/index.php\/producto\/autocad-2d-diseno-asistido-por-computador\/#breadcrumb\",\"itemListElement\":[{\"@type\":\"ListItem\",\"position\":1,\"name\":\"Portada\",\"item\":\"https:\/\/playcomp.cl\/\"},{\"@type\":\"ListItem\",\"position\":2,\"name\":\"Tienda\",\"item\":\"https:\/\/playcomp.cl\/index.php\/tienda\/\"},{\"@type\":\"ListItem\",\"position\":3,\"name\":\"AutoCAD 2D, dise\u00f1o Asistido por Computador\"}]},{\"@type\":\"WebSite\",\"@id\":\"https:\/\/playcomp.cl\/#website\",\"url\":\"https:\/\/playcomp.cl\/\",\"name\":\"Play Comp\",\"description\":\"Organismo T\u00e9cnico de Capacitaci\u00f3n\",\"publisher\":{\"@id\":\"https:\/\/playcomp.cl\/#organization\"},\"potentialAction\":[{\"@type\":\"SearchAction\",\"target\":{\"@type\":\"EntryPoint\",\"urlTemplate\":\"https:\/\/playcomp.cl\/?s={search_term_string}\"},\"query-input\":{\"@type\":\"PropertyValueSpecification\",\"valueRequired\":true,\"valueName\":\"search_term_string\"}}],\"inLanguage\":\"es\"},{\"@type\":\"Organization\",\"@id\":\"https:\/\/playcomp.cl\/#organization\",\"name\":\"Play Comp\",\"url\":\"https:\/\/playcomp.cl\/\",\"logo\":{\"@type\":\"ImageObject\",\"inLanguage\":\"es\",\"@id\":\"https:\/\/playcomp.cl\/#\/schema\/logo\/image\/\",\"url\":\"https:\/\/playcomp.cl\/wp-content\/uploads\/2017\/07\/Artboard-36.png\",\"contentUrl\":\"https:\/\/playcomp.cl\/wp-content\/uploads\/2017\/07\/Artboard-36.png\",\"width\":423,\"height\":112,\"caption\":\"Play Comp\"},\"image\":{\"@id\":\"https:\/\/playcomp.cl\/#\/schema\/logo\/image\/\"},\"sameAs\":[\"https:\/\/www.facebook.com\/playcompchile\/\",\"https:\/\/www.instagram.com\/playcomp_capacitacion?igsh=OGtwZzBsYW5qbTF5\"]}]}<\/script>\n<!-- \/ Yoast SEO plugin. -->","yoast_head_json":{"title":"AutoCAD 2D, dise\u00f1o Asistido por Computador - Play Comp","robots":{"index":"index","follow":"follow","max-snippet":"max-snippet:-1","max-image-preview":"max-image-preview:large","max-video-preview":"max-video-preview:-1"},"canonical":"https:\/\/playcomp.cl\/index.php\/producto\/autocad-2d-diseno-asistido-por-computador\/","og_locale":"es_ES","og_type":"article","og_title":"AutoCAD 2D, dise\u00f1o Asistido por Computador - Play Comp","og_description":"Objetivo Crear, planos estructurales, arquitect\u00f3nicos, el\u00e9ctricos, electr\u00f3nicos, topogr\u00e1ficos, de matrices, mobiliario, etc. Adem\u00e1s del dibujo de vistas, proyecciones, isom\u00e9tricas y perspectivas, acotado est\u00e1ndar y personalizado, manejo de herramientas de consulta y cubicaci\u00f3n en dos dimensiones, incluye el trazado en plotter y\/o impresoras. Introducci\u00f3n Entorno, Grafica, textos Teclas de funciones Tipos de Men\u00fas Barras de Herramientas...","og_url":"https:\/\/playcomp.cl\/index.php\/producto\/autocad-2d-diseno-asistido-por-computador\/","og_site_name":"Play Comp","article_publisher":"https:\/\/www.facebook.com\/playcompchile\/","article_modified_time":"2024-10-24T19:24:24+00:00","og_image":[{"width":300,"height":300,"url":"https:\/\/playcomp.cl\/wp-content\/uploads\/2024\/05\/AUTOCAD-IMG-1.png","type":"image\/png"}],"twitter_card":"summary_large_image","twitter_misc":{"Tiempo de lectura":"1 minuto"},"schema":{"@context":"https:\/\/schema.org","@graph":[{"@type":"WebPage","@id":"https:\/\/playcomp.cl\/index.php\/producto\/autocad-2d-diseno-asistido-por-computador\/","url":"https:\/\/playcomp.cl\/index.php\/producto\/autocad-2d-diseno-asistido-por-computador\/","name":"AutoCAD 2D, dise\u00f1o Asistido por Computador - Play Comp","isPartOf":{"@id":"https:\/\/playcomp.cl\/#website"},"primaryImageOfPage":{"@id":"https:\/\/playcomp.cl\/index.php\/producto\/autocad-2d-diseno-asistido-por-computador\/#primaryimage"},"image":{"@id":"https:\/\/playcomp.cl\/index.php\/producto\/autocad-2d-diseno-asistido-por-computador\/#primaryimage"},"thumbnailUrl":"https:\/\/playcomp.cl\/wp-content\/uploads\/2024\/05\/AUTOCAD-IMG-1.png","datePublished":"2024-05-23T14:10:47+00:00","dateModified":"2024-10-24T19:24:24+00:00","breadcrumb":{"@id":"https:\/\/playcomp.cl\/index.php\/producto\/autocad-2d-diseno-asistido-por-computador\/#breadcrumb"},"inLanguage":"es","potentialAction":[{"@type":"ReadAction","target":["https:\/\/playcomp.cl\/index.php\/producto\/autocad-2d-diseno-asistido-por-computador\/"]}]},{"@type":"ImageObject","inLanguage":"es","@id":"https:\/\/playcomp.cl\/index.php\/producto\/autocad-2d-diseno-asistido-por-computador\/#primaryimage","url":"https:\/\/playcomp.cl\/wp-content\/uploads\/2024\/05\/AUTOCAD-IMG-1.png","contentUrl":"https:\/\/playcomp.cl\/wp-content\/uploads\/2024\/05\/AUTOCAD-IMG-1.png","width":300,"height":300},{"@type":"BreadcrumbList","@id":"https:\/\/playcomp.cl\/index.php\/producto\/autocad-2d-diseno-asistido-por-computador\/#breadcrumb","itemListElement":[{"@type":"ListItem","position":1,"name":"Portada","item":"https:\/\/playcomp.cl\/"},{"@type":"ListItem","position":2,"name":"Tienda","item":"https:\/\/playcomp.cl\/index.php\/tienda\/"},{"@type":"ListItem","position":3,"name":"AutoCAD 2D, dise\u00f1o Asistido por Computador"}]},{"@type":"WebSite","@id":"https:\/\/playcomp.cl\/#website","url":"https:\/\/playcomp.cl\/","name":"Play Comp","description":"Organismo T\u00e9cnico de Capacitaci\u00f3n","publisher":{"@id":"https:\/\/playcomp.cl\/#organization"},"potentialAction":[{"@type":"SearchAction","target":{"@type":"EntryPoint","urlTemplate":"https:\/\/playcomp.cl\/?s={search_term_string}"},"query-input":{"@type":"PropertyValueSpecification","valueRequired":true,"valueName":"search_term_string"}}],"inLanguage":"es"},{"@type":"Organization","@id":"https:\/\/playcomp.cl\/#organization","name":"Play Comp","url":"https:\/\/playcomp.cl\/","logo":{"@type":"ImageObject","inLanguage":"es","@id":"https:\/\/playcomp.cl\/#\/schema\/logo\/image\/","url":"https:\/\/playcomp.cl\/wp-content\/uploads\/2017\/07\/Artboard-36.png","contentUrl":"https:\/\/playcomp.cl\/wp-content\/uploads\/2017\/07\/Artboard-36.png","width":423,"height":112,"caption":"Play Comp"},"image":{"@id":"https:\/\/playcomp.cl\/#\/schema\/logo\/image\/"},"sameAs":["https:\/\/www.facebook.com\/playcompchile\/","https:\/\/www.instagram.com\/playcomp_capacitacion?igsh=OGtwZzBsYW5qbTF5"]}]}},"_links":{"self":[{"href":"https:\/\/playcomp.cl\/index.php\/wp-json\/wp\/v2\/product\/9838","targetHints":{"allow":["GET"]}}],"collection":[{"href":"https:\/\/playcomp.cl\/index.php\/wp-json\/wp\/v2\/product"}],"about":[{"href":"https:\/\/playcomp.cl\/index.php\/wp-json\/wp\/v2\/types\/product"}],"wp:featuredmedia":[{"embeddable":true,"href":"https:\/\/playcomp.cl\/index.php\/wp-json\/wp\/v2\/media\/10389"}],"wp:attachment":[{"href":"https:\/\/playcomp.cl\/index.php\/wp-json\/wp\/v2\/media?parent=9838"}],"wp:term":[{"taxonomy":"product_brand","embeddable":true,"href":"https:\/\/playcomp.cl\/index.php\/wp-json\/wp\/v2\/product_brand?post=9838"},{"taxonomy":"product_cat","embeddable":true,"href":"https:\/\/playcomp.cl\/index.php\/wp-json\/wp\/v2\/product_cat?post=9838"},{"taxonomy":"product_tag","embeddable":true,"href":"https:\/\/playcomp.cl\/index.php\/wp-json\/wp\/v2\/product_tag?post=9838"}],"curies":[{"name":"wp","href":"https:\/\/api.w.org\/{rel}","templated":true}]}}