{"id":9837,"date":"2024-05-23T11:08:52","date_gmt":"2024-05-23T14:08:52","guid":{"rendered":"https:\/\/playcomp.cl\/?post_type=product&#038;p=9837"},"modified":"2024-08-08T12:16:43","modified_gmt":"2024-08-08T15:16:43","slug":"chatgpt-inteligencia-artificial-integrada-al-entorno-laboral-2","status":"publish","type":"product","link":"https:\/\/playcomp.cl\/index.php\/producto\/chatgpt-inteligencia-artificial-integrada-al-entorno-laboral-2\/","title":{"rendered":"ChatGPT, Inteligencia Artificial, Integrada al Entorno Laboral"},"content":{"rendered":"<p><strong>Objetivo<\/strong><\/p>\n<p>Capacitar a los trabajadores en uso y aplicaci\u00f3n eficiente de ChatGPT, (Inteligencia Artificial), orientada al entorno laboral, para potenciar el trabajo administrativo y t\u00e9cnicas, manejos de informaci\u00f3n, redacci\u00f3n, traducciones; adem\u00e1s de b\u00fasqueda, uso, generaci\u00f3n y an\u00e1lisis automatizado de datos, integrando con otros programas computacionales (Ms Office), correcto manejo y utilizaci\u00f3n de ChatGPT como asistencia en l\u00ednea, facilitando las tareas diarias, an\u00e1lisis y toma de decisiones.<\/p>\n<p><strong>M\u00f3dulo 1: Entendiendo los LLMs y la Ingenier\u00eda de Prompts<\/strong><\/p>\n<p><strong>1. Conceptos, instalaci\u00f3n y potencialidades<\/strong><\/p>\n<ul>\n<li>\u00bfQu\u00e9 es ChatGPT? Caracter\u00edsticas principales<\/li>\n<li>Instalaci\u00f3n, versiones gratuitas y de pago<\/li>\n<li>Que puedes y que no puedes hacer ChatGPT<\/li>\n<li>ChatGPT: Visi\u00f3n general de su arquitectura y capacidades<\/li>\n<\/ul>\n<p><strong>2. Principios de la Ingenier\u00eda de Prompts<\/strong><\/p>\n<ul>\n<li>Entendiendo los prompts y su importancia<\/li>\n<li>Dise\u00f1ando prompts efectivos: Mejores pr\u00e1cticas<\/li>\n<li>Errores comunes en la ingenier\u00eda de prompts<\/li>\n<\/ul>\n<p><strong>3. T\u00e9cnicas Avanzadas de Ingenier\u00eda de Prompts<\/strong><\/p>\n<ul>\n<li>Aprovechamiento del aprendizaje zero-shot y few-shot<\/li>\n<li>Estrategias de prompting contextual y din\u00e1mico<\/li>\n<\/ul>\n<p><strong>4. Estudios de Caso: Aplicaciones Exitosas de Prompts<\/strong><\/p>\n<ul>\n<li>Ejemplos reales de uso efectivo de prompts<\/li>\n<li>An\u00e1lisis de respuestas de prompts para optimizaci\u00f3n<\/li>\n<li>Ingenier\u00eda de prompts en diferentes dominios (por ejemplo, escritura creativa, programaci\u00f3n)<\/li>\n<\/ul>\n<p><strong>5. Consideraciones \u00c9ticas y Limitaciones<\/strong><\/p>\n<ul>\n<li>Abordaje de sesgos en los LLMs<\/li>\n<li>Uso \u00e9tico de los modelos de lenguaje<\/li>\n<li>Comprensi\u00f3n de las limitaciones e incertidumbres en las salidas de los LLM<\/li>\n<\/ul>\n<p><strong>M\u00f3dulo 2: ChatGPT como Analista de Datos y mas<\/strong><\/p>\n<ul>\n<li>Entendiendo las capacidades de ChatGPT en el procesamiento de datos<\/li>\n<li>Preparaci\u00f3n de datos para el an\u00e1lisis con ChatGPT<\/li>\n<li>Recopilaci\u00f3n y presentaci\u00f3n de datos, en tablas o documentos<\/li>\n<li>Tareas simples de an\u00e1lisis de datos.<\/li>\n<li>Chatbots y asistentes virtuales<\/li>\n<li>Generaci\u00f3n de texto creativo<\/li>\n<li>Resumen autom\u00e1tico de texto<\/li>\n<li>Traducci\u00f3n autom\u00e1tica<\/li>\n<li>Integraci\u00f3n con programas Ms Office 365<\/li>\n<li>Integraci\u00f3n en Plataformas: Integrar ChatGPT : Aplicaciones, sitios web o plataformas proporcionando asistencia o respuestas personalizadas<\/li>\n<li>Asistencia en la redacci\u00f3n de correos electr\u00f3nicos y comunicaciones internas<\/li>\n<li>Creaci\u00f3n de informes y res\u00famenes autom\u00e1ticos<\/li>\n<li>Utiliza lenguaje VBA para integrar los resultados a otros utilitarios<\/li>\n<\/ul>\n<p><strong>M\u00f3dulo 3 Aplicaciones de ChatGPT en Toma de Decisiones<\/strong><\/p>\n<ul>\n<li>Generaci\u00f3n de informes ejecutivos y an\u00e1lisis de datos<\/li>\n<li>Asistencia en la recopilaci\u00f3n y presentaci\u00f3n de informaci\u00f3n relevante<\/li>\n<li>Colaboraci\u00f3n en la toma de decisiones estrat\u00e9gicas<\/li>\n<\/ul>\n<p><strong>M\u00f3dulo 4: ChatGPT generando im\u00e1genes (Versi\u00f3n pagada)<\/strong><\/p>\n<p><strong>1. Principios de Prompts Efectivos para la Generaci\u00f3n de Im\u00e1genes<\/strong><\/p>\n<ul>\n<li>Elaboraci\u00f3n de prompts detallados para im\u00e1genes espec\u00edficas<\/li>\n<li>Estrategias para refinar prompts<\/li>\n<li>Entendiendo los matices del lenguaje en la creaci\u00f3n de im\u00e1genes<\/li>\n<\/ul>\n<p><strong>2. T\u00e9cnicas Avanzadas en la Creaci\u00f3n de Im\u00e1genes<\/strong><\/p>\n<ul>\n<li>Exploraci\u00f3n de estructuras de prompts complejas y creativas<\/li>\n<li>Combinaci\u00f3n de estilos y conceptos para creaciones \u00fanicas<\/li>\n<li>Estudios de caso de usos innovadores de DALL-E 3<\/li>\n<\/ul>\n<p><strong>3. An\u00e1lisis e Interpretaci\u00f3n de Resultados de Reconocimiento de Im\u00e1genes<\/strong><\/p>\n<ul>\n<li>Comprensi\u00f3n de la salida de herramientas de reconocimiento de im\u00e1genes<\/li>\n<li>Uso de ChatGPT para analizar y explicar resultados<\/li>\n<li>Ejemplos pr\u00e1cticos de an\u00e1lisis de reconocimiento de im\u00e1genes<\/li>\n<\/ul>\n<p><strong>M\u00f3dulo 5: Aspectos \u00c9ticos y Consideraciones de Privacidad<\/strong><\/p>\n<ul>\n<li>Concientizaci\u00f3n sobre sesgos en modelos de lenguaje<\/li>\n<li>Garant\u00eda de privacidad y seguridad de la informaci\u00f3n corporativa<\/li>\n<li>Buenas pr\u00e1cticas en el uso \u00e9tico de ChatGPT<\/li>\n<\/ul>\n<p><strong>Evaluaci\u00f3n<\/strong><\/p>\n<ul>\n<li>Ejercicio pr\u00e1ctico aplicativo<\/li>\n<li>Desarrollo y an\u00e1lisis de resultados<\/li>\n<\/ul>\n","protected":false},"excerpt":{"rendered":"<p>Objetivo Capacitar a los trabajadores en uso y aplicaci\u00f3n eficiente de ChatGPT, (Inteligencia Artificial), orientada al entorno laboral, para potenciar el trabajo administrativo y t\u00e9cnicas, manejos de informaci\u00f3n, redacci\u00f3n, traducciones; adem\u00e1s de b\u00fasqueda, uso, generaci\u00f3n y an\u00e1lisis automatizado de datos, integrando con otros programas computacionales (Ms Office), correcto manejo y utilizaci\u00f3n de ChatGPT como asistencia&#8230;<\/p>\n","protected":false},"featured_media":10014,"template":"","meta":{"_acf_changed":false},"product_brand":[],"product_cat":[136],"product_tag":[],"class_list":{"0":"post-9837","1":"product","2":"type-product","3":"status-publish","4":"has-post-thumbnail","6":"product_cat-inteligencia-artificial-area-computacion-e-informatica-cursos_elearning","8":"first","9":"instock","10":"shipping-taxable","11":"product-type-simple"},"acf":[],"yoast_head":"<!-- This site is optimized with the Yoast SEO plugin v24.8.1 - https:\/\/yoast.com\/wordpress\/plugins\/seo\/ -->\n<title>ChatGPT, Inteligencia Artificial, Integrada al Entorno Laboral - Play Comp<\/title>\n<meta name=\"robots\" content=\"index, follow, max-snippet:-1, max-image-preview:large, max-video-preview:-1\" \/>\n<link rel=\"canonical\" href=\"https:\/\/playcomp.cl\/index.php\/producto\/chatgpt-inteligencia-artificial-integrada-al-entorno-laboral-2\/\" \/>\n<meta property=\"og:locale\" content=\"es_ES\" \/>\n<meta property=\"og:type\" content=\"article\" \/>\n<meta property=\"og:title\" content=\"ChatGPT, Inteligencia Artificial, Integrada al Entorno Laboral - Play Comp\" \/>\n<meta property=\"og:description\" content=\"Objetivo Capacitar a los trabajadores en uso y aplicaci\u00f3n eficiente de ChatGPT, (Inteligencia Artificial), orientada al entorno laboral, para potenciar el trabajo administrativo y t\u00e9cnicas, manejos de informaci\u00f3n, redacci\u00f3n, traducciones; adem\u00e1s de b\u00fasqueda, uso, generaci\u00f3n y an\u00e1lisis automatizado de datos, integrando con otros programas computacionales (Ms Office), correcto manejo y utilizaci\u00f3n de ChatGPT como asistencia...\" \/>\n<meta property=\"og:url\" content=\"https:\/\/playcomp.cl\/index.php\/producto\/chatgpt-inteligencia-artificial-integrada-al-entorno-laboral-2\/\" \/>\n<meta property=\"og:site_name\" content=\"Play Comp\" \/>\n<meta property=\"article:publisher\" content=\"https:\/\/www.facebook.com\/playcompchile\/\" \/>\n<meta property=\"article:modified_time\" content=\"2024-08-08T15:16:43+00:00\" \/>\n<meta property=\"og:image\" content=\"https:\/\/playcomp.cl\/wp-content\/uploads\/2024\/05\/Sin-titulo.png\" \/>\n\t<meta property=\"og:image:width\" content=\"261\" \/>\n\t<meta property=\"og:image:height\" content=\"261\" \/>\n\t<meta property=\"og:image:type\" content=\"image\/png\" \/>\n<meta name=\"twitter:card\" content=\"summary_large_image\" \/>\n<meta name=\"twitter:label1\" content=\"Tiempo de lectura\" \/>\n\t<meta name=\"twitter:data1\" content=\"3 minutos\" \/>\n<script type=\"application\/ld+json\" class=\"yoast-schema-graph\">{\"@context\":\"https:\/\/schema.org\",\"@graph\":[{\"@type\":\"WebPage\",\"@id\":\"https:\/\/playcomp.cl\/index.php\/producto\/chatgpt-inteligencia-artificial-integrada-al-entorno-laboral-2\/\",\"url\":\"https:\/\/playcomp.cl\/index.php\/producto\/chatgpt-inteligencia-artificial-integrada-al-entorno-laboral-2\/\",\"name\":\"ChatGPT, Inteligencia Artificial, Integrada al Entorno Laboral - Play Comp\",\"isPartOf\":{\"@id\":\"https:\/\/playcomp.cl\/#website\"},\"primaryImageOfPage\":{\"@id\":\"https:\/\/playcomp.cl\/index.php\/producto\/chatgpt-inteligencia-artificial-integrada-al-entorno-laboral-2\/#primaryimage\"},\"image\":{\"@id\":\"https:\/\/playcomp.cl\/index.php\/producto\/chatgpt-inteligencia-artificial-integrada-al-entorno-laboral-2\/#primaryimage\"},\"thumbnailUrl\":\"https:\/\/playcomp.cl\/wp-content\/uploads\/2024\/05\/Sin-titulo.png\",\"datePublished\":\"2024-05-23T14:08:52+00:00\",\"dateModified\":\"2024-08-08T15:16:43+00:00\",\"breadcrumb\":{\"@id\":\"https:\/\/playcomp.cl\/index.php\/producto\/chatgpt-inteligencia-artificial-integrada-al-entorno-laboral-2\/#breadcrumb\"},\"inLanguage\":\"es\",\"potentialAction\":[{\"@type\":\"ReadAction\",\"target\":[\"https:\/\/playcomp.cl\/index.php\/producto\/chatgpt-inteligencia-artificial-integrada-al-entorno-laboral-2\/\"]}]},{\"@type\":\"ImageObject\",\"inLanguage\":\"es\",\"@id\":\"https:\/\/playcomp.cl\/index.php\/producto\/chatgpt-inteligencia-artificial-integrada-al-entorno-laboral-2\/#primaryimage\",\"url\":\"https:\/\/playcomp.cl\/wp-content\/uploads\/2024\/05\/Sin-titulo.png\",\"contentUrl\":\"https:\/\/playcomp.cl\/wp-content\/uploads\/2024\/05\/Sin-titulo.png\",\"width\":261,\"height\":261},{\"@type\":\"BreadcrumbList\",\"@id\":\"https:\/\/playcomp.cl\/index.php\/producto\/chatgpt-inteligencia-artificial-integrada-al-entorno-laboral-2\/#breadcrumb\",\"itemListElement\":[{\"@type\":\"ListItem\",\"position\":1,\"name\":\"Portada\",\"item\":\"https:\/\/playcomp.cl\/\"},{\"@type\":\"ListItem\",\"position\":2,\"name\":\"Tienda\",\"item\":\"https:\/\/playcomp.cl\/index.php\/tienda\/\"},{\"@type\":\"ListItem\",\"position\":3,\"name\":\"ChatGPT, Inteligencia Artificial, Integrada al Entorno Laboral\"}]},{\"@type\":\"WebSite\",\"@id\":\"https:\/\/playcomp.cl\/#website\",\"url\":\"https:\/\/playcomp.cl\/\",\"name\":\"Play Comp\",\"description\":\"Organismo T\u00e9cnico de Capacitaci\u00f3n\",\"publisher\":{\"@id\":\"https:\/\/playcomp.cl\/#organization\"},\"potentialAction\":[{\"@type\":\"SearchAction\",\"target\":{\"@type\":\"EntryPoint\",\"urlTemplate\":\"https:\/\/playcomp.cl\/?s={search_term_string}\"},\"query-input\":{\"@type\":\"PropertyValueSpecification\",\"valueRequired\":true,\"valueName\":\"search_term_string\"}}],\"inLanguage\":\"es\"},{\"@type\":\"Organization\",\"@id\":\"https:\/\/playcomp.cl\/#organization\",\"name\":\"Play Comp\",\"url\":\"https:\/\/playcomp.cl\/\",\"logo\":{\"@type\":\"ImageObject\",\"inLanguage\":\"es\",\"@id\":\"https:\/\/playcomp.cl\/#\/schema\/logo\/image\/\",\"url\":\"https:\/\/playcomp.cl\/wp-content\/uploads\/2017\/07\/Artboard-36.png\",\"contentUrl\":\"https:\/\/playcomp.cl\/wp-content\/uploads\/2017\/07\/Artboard-36.png\",\"width\":423,\"height\":112,\"caption\":\"Play Comp\"},\"image\":{\"@id\":\"https:\/\/playcomp.cl\/#\/schema\/logo\/image\/\"},\"sameAs\":[\"https:\/\/www.facebook.com\/playcompchile\/\",\"https:\/\/www.instagram.com\/playcomp_capacitacion?igsh=OGtwZzBsYW5qbTF5\"]}]}<\/script>\n<!-- \/ Yoast SEO plugin. -->","yoast_head_json":{"title":"ChatGPT, Inteligencia Artificial, Integrada al Entorno Laboral - Play Comp","robots":{"index":"index","follow":"follow","max-snippet":"max-snippet:-1","max-image-preview":"max-image-preview:large","max-video-preview":"max-video-preview:-1"},"canonical":"https:\/\/playcomp.cl\/index.php\/producto\/chatgpt-inteligencia-artificial-integrada-al-entorno-laboral-2\/","og_locale":"es_ES","og_type":"article","og_title":"ChatGPT, Inteligencia Artificial, Integrada al Entorno Laboral - Play Comp","og_description":"Objetivo Capacitar a los trabajadores en uso y aplicaci\u00f3n eficiente de ChatGPT, (Inteligencia Artificial), orientada al entorno laboral, para potenciar el trabajo administrativo y t\u00e9cnicas, manejos de informaci\u00f3n, redacci\u00f3n, traducciones; adem\u00e1s de b\u00fasqueda, uso, generaci\u00f3n y an\u00e1lisis automatizado de datos, integrando con otros programas computacionales (Ms Office), correcto manejo y utilizaci\u00f3n de ChatGPT como asistencia...","og_url":"https:\/\/playcomp.cl\/index.php\/producto\/chatgpt-inteligencia-artificial-integrada-al-entorno-laboral-2\/","og_site_name":"Play Comp","article_publisher":"https:\/\/www.facebook.com\/playcompchile\/","article_modified_time":"2024-08-08T15:16:43+00:00","og_image":[{"width":261,"height":261,"url":"https:\/\/playcomp.cl\/wp-content\/uploads\/2024\/05\/Sin-titulo.png","type":"image\/png"}],"twitter_card":"summary_large_image","twitter_misc":{"Tiempo de lectura":"3 minutos"},"schema":{"@context":"https:\/\/schema.org","@graph":[{"@type":"WebPage","@id":"https:\/\/playcomp.cl\/index.php\/producto\/chatgpt-inteligencia-artificial-integrada-al-entorno-laboral-2\/","url":"https:\/\/playcomp.cl\/index.php\/producto\/chatgpt-inteligencia-artificial-integrada-al-entorno-laboral-2\/","name":"ChatGPT, Inteligencia Artificial, Integrada al Entorno Laboral - Play Comp","isPartOf":{"@id":"https:\/\/playcomp.cl\/#website"},"primaryImageOfPage":{"@id":"https:\/\/playcomp.cl\/index.php\/producto\/chatgpt-inteligencia-artificial-integrada-al-entorno-laboral-2\/#primaryimage"},"image":{"@id":"https:\/\/playcomp.cl\/index.php\/producto\/chatgpt-inteligencia-artificial-integrada-al-entorno-laboral-2\/#primaryimage"},"thumbnailUrl":"https:\/\/playcomp.cl\/wp-content\/uploads\/2024\/05\/Sin-titulo.png","datePublished":"2024-05-23T14:08:52+00:00","dateModified":"2024-08-08T15:16:43+00:00","breadcrumb":{"@id":"https:\/\/playcomp.cl\/index.php\/producto\/chatgpt-inteligencia-artificial-integrada-al-entorno-laboral-2\/#breadcrumb"},"inLanguage":"es","potentialAction":[{"@type":"ReadAction","target":["https:\/\/playcomp.cl\/index.php\/producto\/chatgpt-inteligencia-artificial-integrada-al-entorno-laboral-2\/"]}]},{"@type":"ImageObject","inLanguage":"es","@id":"https:\/\/playcomp.cl\/index.php\/producto\/chatgpt-inteligencia-artificial-integrada-al-entorno-laboral-2\/#primaryimage","url":"https:\/\/playcomp.cl\/wp-content\/uploads\/2024\/05\/Sin-titulo.png","contentUrl":"https:\/\/playcomp.cl\/wp-content\/uploads\/2024\/05\/Sin-titulo.png","width":261,"height":261},{"@type":"BreadcrumbList","@id":"https:\/\/playcomp.cl\/index.php\/producto\/chatgpt-inteligencia-artificial-integrada-al-entorno-laboral-2\/#breadcrumb","itemListElement":[{"@type":"ListItem","position":1,"name":"Portada","item":"https:\/\/playcomp.cl\/"},{"@type":"ListItem","position":2,"name":"Tienda","item":"https:\/\/playcomp.cl\/index.php\/tienda\/"},{"@type":"ListItem","position":3,"name":"ChatGPT, Inteligencia Artificial, Integrada al Entorno Laboral"}]},{"@type":"WebSite","@id":"https:\/\/playcomp.cl\/#website","url":"https:\/\/playcomp.cl\/","name":"Play Comp","description":"Organismo T\u00e9cnico de Capacitaci\u00f3n","publisher":{"@id":"https:\/\/playcomp.cl\/#organization"},"potentialAction":[{"@type":"SearchAction","target":{"@type":"EntryPoint","urlTemplate":"https:\/\/playcomp.cl\/?s={search_term_string}"},"query-input":{"@type":"PropertyValueSpecification","valueRequired":true,"valueName":"search_term_string"}}],"inLanguage":"es"},{"@type":"Organization","@id":"https:\/\/playcomp.cl\/#organization","name":"Play Comp","url":"https:\/\/playcomp.cl\/","logo":{"@type":"ImageObject","inLanguage":"es","@id":"https:\/\/playcomp.cl\/#\/schema\/logo\/image\/","url":"https:\/\/playcomp.cl\/wp-content\/uploads\/2017\/07\/Artboard-36.png","contentUrl":"https:\/\/playcomp.cl\/wp-content\/uploads\/2017\/07\/Artboard-36.png","width":423,"height":112,"caption":"Play Comp"},"image":{"@id":"https:\/\/playcomp.cl\/#\/schema\/logo\/image\/"},"sameAs":["https:\/\/www.facebook.com\/playcompchile\/","https:\/\/www.instagram.com\/playcomp_capacitacion?igsh=OGtwZzBsYW5qbTF5"]}]}},"_links":{"self":[{"href":"https:\/\/playcomp.cl\/index.php\/wp-json\/wp\/v2\/product\/9837","targetHints":{"allow":["GET"]}}],"collection":[{"href":"https:\/\/playcomp.cl\/index.php\/wp-json\/wp\/v2\/product"}],"about":[{"href":"https:\/\/playcomp.cl\/index.php\/wp-json\/wp\/v2\/types\/product"}],"wp:featuredmedia":[{"embeddable":true,"href":"https:\/\/playcomp.cl\/index.php\/wp-json\/wp\/v2\/media\/10014"}],"wp:attachment":[{"href":"https:\/\/playcomp.cl\/index.php\/wp-json\/wp\/v2\/media?parent=9837"}],"wp:term":[{"taxonomy":"product_brand","embeddable":true,"href":"https:\/\/playcomp.cl\/index.php\/wp-json\/wp\/v2\/product_brand?post=9837"},{"taxonomy":"product_cat","embeddable":true,"href":"https:\/\/playcomp.cl\/index.php\/wp-json\/wp\/v2\/product_cat?post=9837"},{"taxonomy":"product_tag","embeddable":true,"href":"https:\/\/playcomp.cl\/index.php\/wp-json\/wp\/v2\/product_tag?post=9837"}],"curies":[{"name":"wp","href":"https:\/\/api.w.org\/{rel}","templated":true}]}}