{"id":9824,"date":"2024-05-23T10:44:39","date_gmt":"2024-05-23T13:44:39","guid":{"rendered":"https:\/\/playcomp.cl\/?post_type=product&#038;p=9824"},"modified":"2024-10-24T17:06:18","modified_gmt":"2024-10-24T20:06:18","slug":"word-nivel-usuario-2","status":"publish","type":"product","link":"https:\/\/playcomp.cl\/index.php\/producto\/word-nivel-usuario-2\/","title":{"rendered":"Word Nivel Usuario"},"content":{"rendered":"<p><strong>Objetivo<\/strong><br \/>\n<strong>Entregarle al participante los conocimientos necesarios para entender, crear y optimizar correctamente documentos con el procesador de texto Word, Conociendo las funciones, operaciones y herramientas que provee el software para la edici\u00f3n y tratamiento de documentos.<\/strong><\/p>\n<p><strong>Contenidos<\/strong><br \/>\n<strong>1. Introducci\u00f3n a Word<\/strong><\/p>\n<ul>\n<li>Iniciar Word<\/li>\n<li>Descripci\u00f3n de la pantalla de Word<\/li>\n<li>Crear un documento<\/li>\n<li>Abrir un documento<\/li>\n<li>Guardar un documento<\/li>\n<li>Vista preliminar<\/li>\n<li>Cerrar un documento<\/li>\n<li>Salir de Word<\/li>\n<\/ul>\n<p><strong>2. Edici\u00f3n de documentos<\/strong><\/p>\n<ul>\n<li>Escribir y editar un documento<\/li>\n<li>Formatos de car\u00e1cter y de p\u00e1rrafos<\/li>\n<li>Estilos textos<\/li>\n<li>Numeraci\u00f3n y vi\u00f1etas<\/li>\n<li>Correcci\u00f3n de texto<\/li>\n<li>Cambiar la vista de un documento<\/li>\n<li>Selecci\u00f3n de texto<\/li>\n<li>Mover y copiar texto<\/li>\n<li>Ir a un lugar espec\u00edfico del documento<\/li>\n<\/ul>\n<p><strong>3. Dise\u00f1o y composici\u00f3n de la p\u00e1gina<\/strong><\/p>\n<ul>\n<li>Crear encabezados y pies de p\u00e1gina<\/li>\n<li>Columnas estilo period\u00edstico<\/li>\n<li>Manejo de im\u00e1genes y objetos<\/li>\n<\/ul>\n<p><strong>4. Configurar p\u00e1gina<\/strong><\/p>\n<ul>\n<li>Orientaci\u00f3n de p\u00e1gina,<\/li>\n<li>m\u00e1rgenes<\/li>\n<li>Fuentes de papel<\/li>\n<li>Vista impresi\u00f3n<\/li>\n<\/ul>\n","protected":false},"excerpt":{"rendered":"<p>Objetivo Entregarle al participante los conocimientos necesarios para entender, crear y optimizar correctamente documentos con el procesador de texto Word, Conociendo las funciones, operaciones y herramientas que provee el software para la edici\u00f3n y tratamiento de documentos. Contenidos 1. Introducci\u00f3n a Word Iniciar Word Descripci\u00f3n de la pantalla de Word Crear un documento Abrir un&#8230;<\/p>\n","protected":false},"featured_media":10406,"template":"","meta":{"_acf_changed":false},"product_brand":[],"product_cat":[133],"product_tag":[],"class_list":{"0":"post-9824","1":"product","2":"type-product","3":"status-publish","4":"has-post-thumbnail","6":"product_cat-procesadores-de-textos-area-computacion-e-informatica-cursos_elearning","8":"first","9":"instock","10":"shipping-taxable","11":"product-type-simple"},"acf":[],"yoast_head":"<!-- This site is optimized with the Yoast SEO plugin v24.8.1 - https:\/\/yoast.com\/wordpress\/plugins\/seo\/ -->\n<title>Word Nivel Usuario - Play Comp<\/title>\n<meta name=\"robots\" content=\"index, follow, max-snippet:-1, max-image-preview:large, max-video-preview:-1\" \/>\n<link rel=\"canonical\" href=\"https:\/\/playcomp.cl\/index.php\/producto\/word-nivel-usuario-2\/\" \/>\n<meta property=\"og:locale\" content=\"es_ES\" \/>\n<meta property=\"og:type\" content=\"article\" \/>\n<meta property=\"og:title\" content=\"Word Nivel Usuario - Play Comp\" \/>\n<meta property=\"og:description\" content=\"Objetivo Entregarle al participante los conocimientos necesarios para entender, crear y optimizar correctamente documentos con el procesador de texto Word, Conociendo las funciones, operaciones y herramientas que provee el software para la edici\u00f3n y tratamiento de documentos. Contenidos 1. Introducci\u00f3n a Word Iniciar Word Descripci\u00f3n de la pantalla de Word Crear un documento Abrir un...\" \/>\n<meta property=\"og:url\" content=\"https:\/\/playcomp.cl\/index.php\/producto\/word-nivel-usuario-2\/\" \/>\n<meta property=\"og:site_name\" content=\"Play Comp\" \/>\n<meta property=\"article:publisher\" content=\"https:\/\/www.facebook.com\/playcompchile\/\" \/>\n<meta property=\"article:modified_time\" content=\"2024-10-24T20:06:18+00:00\" \/>\n<meta property=\"og:image\" content=\"https:\/\/playcomp.cl\/wp-content\/uploads\/2024\/05\/word.icon_-1.png\" \/>\n\t<meta property=\"og:image:width\" content=\"254\" \/>\n\t<meta property=\"og:image:height\" content=\"254\" \/>\n\t<meta property=\"og:image:type\" content=\"image\/png\" \/>\n<meta name=\"twitter:card\" content=\"summary_large_image\" \/>\n<meta name=\"twitter:label1\" content=\"Tiempo de lectura\" \/>\n\t<meta name=\"twitter:data1\" content=\"1 minuto\" \/>\n<script type=\"application\/ld+json\" class=\"yoast-schema-graph\">{\"@context\":\"https:\/\/schema.org\",\"@graph\":[{\"@type\":\"WebPage\",\"@id\":\"https:\/\/playcomp.cl\/index.php\/producto\/word-nivel-usuario-2\/\",\"url\":\"https:\/\/playcomp.cl\/index.php\/producto\/word-nivel-usuario-2\/\",\"name\":\"Word Nivel Usuario - Play Comp\",\"isPartOf\":{\"@id\":\"https:\/\/playcomp.cl\/#website\"},\"primaryImageOfPage\":{\"@id\":\"https:\/\/playcomp.cl\/index.php\/producto\/word-nivel-usuario-2\/#primaryimage\"},\"image\":{\"@id\":\"https:\/\/playcomp.cl\/index.php\/producto\/word-nivel-usuario-2\/#primaryimage\"},\"thumbnailUrl\":\"https:\/\/playcomp.cl\/wp-content\/uploads\/2024\/05\/word.icon_-1.png\",\"datePublished\":\"2024-05-23T13:44:39+00:00\",\"dateModified\":\"2024-10-24T20:06:18+00:00\",\"breadcrumb\":{\"@id\":\"https:\/\/playcomp.cl\/index.php\/producto\/word-nivel-usuario-2\/#breadcrumb\"},\"inLanguage\":\"es\",\"potentialAction\":[{\"@type\":\"ReadAction\",\"target\":[\"https:\/\/playcomp.cl\/index.php\/producto\/word-nivel-usuario-2\/\"]}]},{\"@type\":\"ImageObject\",\"inLanguage\":\"es\",\"@id\":\"https:\/\/playcomp.cl\/index.php\/producto\/word-nivel-usuario-2\/#primaryimage\",\"url\":\"https:\/\/playcomp.cl\/wp-content\/uploads\/2024\/05\/word.icon_-1.png\",\"contentUrl\":\"https:\/\/playcomp.cl\/wp-content\/uploads\/2024\/05\/word.icon_-1.png\",\"width\":254,\"height\":254},{\"@type\":\"BreadcrumbList\",\"@id\":\"https:\/\/playcomp.cl\/index.php\/producto\/word-nivel-usuario-2\/#breadcrumb\",\"itemListElement\":[{\"@type\":\"ListItem\",\"position\":1,\"name\":\"Portada\",\"item\":\"https:\/\/playcomp.cl\/\"},{\"@type\":\"ListItem\",\"position\":2,\"name\":\"Tienda\",\"item\":\"https:\/\/playcomp.cl\/index.php\/tienda\/\"},{\"@type\":\"ListItem\",\"position\":3,\"name\":\"Word Nivel Usuario\"}]},{\"@type\":\"WebSite\",\"@id\":\"https:\/\/playcomp.cl\/#website\",\"url\":\"https:\/\/playcomp.cl\/\",\"name\":\"Play Comp\",\"description\":\"Organismo T\u00e9cnico de Capacitaci\u00f3n\",\"publisher\":{\"@id\":\"https:\/\/playcomp.cl\/#organization\"},\"potentialAction\":[{\"@type\":\"SearchAction\",\"target\":{\"@type\":\"EntryPoint\",\"urlTemplate\":\"https:\/\/playcomp.cl\/?s={search_term_string}\"},\"query-input\":{\"@type\":\"PropertyValueSpecification\",\"valueRequired\":true,\"valueName\":\"search_term_string\"}}],\"inLanguage\":\"es\"},{\"@type\":\"Organization\",\"@id\":\"https:\/\/playcomp.cl\/#organization\",\"name\":\"Play Comp\",\"url\":\"https:\/\/playcomp.cl\/\",\"logo\":{\"@type\":\"ImageObject\",\"inLanguage\":\"es\",\"@id\":\"https:\/\/playcomp.cl\/#\/schema\/logo\/image\/\",\"url\":\"https:\/\/playcomp.cl\/wp-content\/uploads\/2017\/07\/Artboard-36.png\",\"contentUrl\":\"https:\/\/playcomp.cl\/wp-content\/uploads\/2017\/07\/Artboard-36.png\",\"width\":423,\"height\":112,\"caption\":\"Play Comp\"},\"image\":{\"@id\":\"https:\/\/playcomp.cl\/#\/schema\/logo\/image\/\"},\"sameAs\":[\"https:\/\/www.facebook.com\/playcompchile\/\",\"https:\/\/www.instagram.com\/playcomp_capacitacion?igsh=OGtwZzBsYW5qbTF5\"]}]}<\/script>\n<!-- \/ Yoast SEO plugin. -->","yoast_head_json":{"title":"Word Nivel Usuario - Play Comp","robots":{"index":"index","follow":"follow","max-snippet":"max-snippet:-1","max-image-preview":"max-image-preview:large","max-video-preview":"max-video-preview:-1"},"canonical":"https:\/\/playcomp.cl\/index.php\/producto\/word-nivel-usuario-2\/","og_locale":"es_ES","og_type":"article","og_title":"Word Nivel Usuario - Play Comp","og_description":"Objetivo Entregarle al participante los conocimientos necesarios para entender, crear y optimizar correctamente documentos con el procesador de texto Word, Conociendo las funciones, operaciones y herramientas que provee el software para la edici\u00f3n y tratamiento de documentos. Contenidos 1. Introducci\u00f3n a Word Iniciar Word Descripci\u00f3n de la pantalla de Word Crear un documento Abrir un...","og_url":"https:\/\/playcomp.cl\/index.php\/producto\/word-nivel-usuario-2\/","og_site_name":"Play Comp","article_publisher":"https:\/\/www.facebook.com\/playcompchile\/","article_modified_time":"2024-10-24T20:06:18+00:00","og_image":[{"width":254,"height":254,"url":"https:\/\/playcomp.cl\/wp-content\/uploads\/2024\/05\/word.icon_-1.png","type":"image\/png"}],"twitter_card":"summary_large_image","twitter_misc":{"Tiempo de lectura":"1 minuto"},"schema":{"@context":"https:\/\/schema.org","@graph":[{"@type":"WebPage","@id":"https:\/\/playcomp.cl\/index.php\/producto\/word-nivel-usuario-2\/","url":"https:\/\/playcomp.cl\/index.php\/producto\/word-nivel-usuario-2\/","name":"Word Nivel Usuario - Play Comp","isPartOf":{"@id":"https:\/\/playcomp.cl\/#website"},"primaryImageOfPage":{"@id":"https:\/\/playcomp.cl\/index.php\/producto\/word-nivel-usuario-2\/#primaryimage"},"image":{"@id":"https:\/\/playcomp.cl\/index.php\/producto\/word-nivel-usuario-2\/#primaryimage"},"thumbnailUrl":"https:\/\/playcomp.cl\/wp-content\/uploads\/2024\/05\/word.icon_-1.png","datePublished":"2024-05-23T13:44:39+00:00","dateModified":"2024-10-24T20:06:18+00:00","breadcrumb":{"@id":"https:\/\/playcomp.cl\/index.php\/producto\/word-nivel-usuario-2\/#breadcrumb"},"inLanguage":"es","potentialAction":[{"@type":"ReadAction","target":["https:\/\/playcomp.cl\/index.php\/producto\/word-nivel-usuario-2\/"]}]},{"@type":"ImageObject","inLanguage":"es","@id":"https:\/\/playcomp.cl\/index.php\/producto\/word-nivel-usuario-2\/#primaryimage","url":"https:\/\/playcomp.cl\/wp-content\/uploads\/2024\/05\/word.icon_-1.png","contentUrl":"https:\/\/playcomp.cl\/wp-content\/uploads\/2024\/05\/word.icon_-1.png","width":254,"height":254},{"@type":"BreadcrumbList","@id":"https:\/\/playcomp.cl\/index.php\/producto\/word-nivel-usuario-2\/#breadcrumb","itemListElement":[{"@type":"ListItem","position":1,"name":"Portada","item":"https:\/\/playcomp.cl\/"},{"@type":"ListItem","position":2,"name":"Tienda","item":"https:\/\/playcomp.cl\/index.php\/tienda\/"},{"@type":"ListItem","position":3,"name":"Word Nivel Usuario"}]},{"@type":"WebSite","@id":"https:\/\/playcomp.cl\/#website","url":"https:\/\/playcomp.cl\/","name":"Play Comp","description":"Organismo T\u00e9cnico de Capacitaci\u00f3n","publisher":{"@id":"https:\/\/playcomp.cl\/#organization"},"potentialAction":[{"@type":"SearchAction","target":{"@type":"EntryPoint","urlTemplate":"https:\/\/playcomp.cl\/?s={search_term_string}"},"query-input":{"@type":"PropertyValueSpecification","valueRequired":true,"valueName":"search_term_string"}}],"inLanguage":"es"},{"@type":"Organization","@id":"https:\/\/playcomp.cl\/#organization","name":"Play Comp","url":"https:\/\/playcomp.cl\/","logo":{"@type":"ImageObject","inLanguage":"es","@id":"https:\/\/playcomp.cl\/#\/schema\/logo\/image\/","url":"https:\/\/playcomp.cl\/wp-content\/uploads\/2017\/07\/Artboard-36.png","contentUrl":"https:\/\/playcomp.cl\/wp-content\/uploads\/2017\/07\/Artboard-36.png","width":423,"height":112,"caption":"Play Comp"},"image":{"@id":"https:\/\/playcomp.cl\/#\/schema\/logo\/image\/"},"sameAs":["https:\/\/www.facebook.com\/playcompchile\/","https:\/\/www.instagram.com\/playcomp_capacitacion?igsh=OGtwZzBsYW5qbTF5"]}]}},"_links":{"self":[{"href":"https:\/\/playcomp.cl\/index.php\/wp-json\/wp\/v2\/product\/9824","targetHints":{"allow":["GET"]}}],"collection":[{"href":"https:\/\/playcomp.cl\/index.php\/wp-json\/wp\/v2\/product"}],"about":[{"href":"https:\/\/playcomp.cl\/index.php\/wp-json\/wp\/v2\/types\/product"}],"wp:featuredmedia":[{"embeddable":true,"href":"https:\/\/playcomp.cl\/index.php\/wp-json\/wp\/v2\/media\/10406"}],"wp:attachment":[{"href":"https:\/\/playcomp.cl\/index.php\/wp-json\/wp\/v2\/media?parent=9824"}],"wp:term":[{"taxonomy":"product_brand","embeddable":true,"href":"https:\/\/playcomp.cl\/index.php\/wp-json\/wp\/v2\/product_brand?post=9824"},{"taxonomy":"product_cat","embeddable":true,"href":"https:\/\/playcomp.cl\/index.php\/wp-json\/wp\/v2\/product_cat?post=9824"},{"taxonomy":"product_tag","embeddable":true,"href":"https:\/\/playcomp.cl\/index.php\/wp-json\/wp\/v2\/product_tag?post=9824"}],"curies":[{"name":"wp","href":"https:\/\/api.w.org\/{rel}","templated":true}]}}