{"id":9798,"date":"2024-05-23T10:11:23","date_gmt":"2024-05-23T13:11:23","guid":{"rendered":"https:\/\/playcomp.cl\/?post_type=product&#038;p=9798"},"modified":"2024-10-24T16:53:59","modified_gmt":"2024-10-24T19:53:59","slug":"alfabetizacion-digital-3","status":"publish","type":"product","link":"https:\/\/playcomp.cl\/index.php\/producto\/alfabetizacion-digital-3\/","title":{"rendered":"Alfabetizaci\u00f3n Digital"},"content":{"rendered":"<p><strong>OBJETIVO<\/strong><\/p>\n<p>Promover el conocimiento y dominio de las diversas herramientas computacionales que permiten un uso b\u00e1sico y efectivo del computador con <strong>Ms Office, Internet y manejo dispositivos m\u00f3viles.<\/strong><\/p>\n<p><strong>Operaci\u00f3n B\u00e1sica computacional<\/strong><\/p>\n<ul>\n<li>Conceptos de\u00a0\u00a0\u00a0\u00a0\u00a0 computaci\u00f3n,\u00a0\u00a0\u00a0\u00a0\u00a0\u00a0\u00a0 hardware,\u00a0\u00a0\u00a0\u00a0\u00a0\u00a0 software; informaci\u00f3n, programas, archivos, sistema<\/li>\n<li>Manejo de\u00a0\u00a0\u00a0\u00a0 Windows:\u00a0\u00a0\u00a0\u00a0\u00a0\u00a0 cuadro\u00a0\u00a0\u00a0\u00a0\u00a0 de\u00a0\u00a0\u00a0\u00a0 di\u00e1logo,\u00a0\u00a0\u00a0\u00a0\u00a0 listas desplegables, botones,<\/li>\n<li>Creaci\u00f3n de carpetas, manejo de archivos y<\/li>\n<li>Panel de\u00a0\u00a0\u00a0 Control,\u00a0\u00a0\u00a0\u00a0 accesorios,\u00a0\u00a0\u00a0\u00a0\u00a0 b\u00fasquedas, respaldos y herramientas\u00a0 b\u00e1sicas,<\/li>\n<\/ul>\n<p><strong>Procesador de textos Word<\/strong><\/p>\n<ul>\n<li>Definici\u00f3n, caracter\u00edsticas y funciones del procesador de<\/li>\n<li>Creaci\u00f3n de un documento; guardar y abrir documentos<\/li>\n<li>Configuraci\u00f3n de \u00a0p\u00e1gina \u00a0en \u00a0Word, \u00a0tama\u00f1o \u00a0de \u00a0papel, m\u00e1rgenes y orientaci\u00f3n.<\/li>\n<li>Trabajo con im\u00e1genes,<\/li>\n<\/ul>\n<p><strong>Internet \u00a0<\/strong><\/p>\n<ul>\n<li>Definiciones, \u00a0conceptos\u00a0 \u00a0y\u00a0 \u00a0software\u00a0 \u00a0para\u00a0 \u00a0navegar\u00a0 \u00a0en Internet<\/li>\n<li>Utilizaci\u00f3n de buscadores en Google<\/li>\n<li>Pagar cuentas online (agua, luz, internet, )<\/li>\n<li>Realizar tr\u00e1mites online (SII, Registro civil, plataformas del banco, Municipales, )<\/li>\n<li>Cuidados y Seguridad de datos personales<\/li>\n<li>Compras y venta via Internet<\/li>\n<li>Google Forms<\/li>\n<\/ul>\n<p><strong>Correo electr\u00f3nico<\/strong><\/p>\n<ul>\n<li>Conceptos y administraci\u00f3n de correo Personal<\/li>\n<li>Envi\u00f3, recepci\u00f3n y adjunto de archivos<\/li>\n<li>Formatos<\/li>\n<\/ul>\n<p><strong>Hoja de c\u00e1lculo Excel<\/strong><\/p>\n<ul>\n<li>Caracter\u00edsticas de la hoja de c\u00e1lculo y sus<\/li>\n<li>Manejo de hojas, columnas, filas y celdas<\/li>\n<li>Formatos de celdas (fuentes, color, bordes)<\/li>\n<li>Formatos de N\u00fameros.<\/li>\n<li>Ingreso de datos en la hoja de c\u00e1lculo.<\/li>\n<li>Funciones suma, m\u00e1ximo, m\u00ednimo, promedio y<\/li>\n<\/ul>\n<p><strong>Presentaciones Gr\u00e1ficas con PowerPoint<\/strong><\/p>\n<ul>\n<li>Ingreso a PowerPoint<\/li>\n<li>Crear una plantilla de dise\u00f1o Personalizada<\/li>\n<li>A\u00f1adir Im\u00e1genes y patrones de Diapositivas<\/li>\n<li>Agregar efectos especiales<\/li>\n<li>Exponer una presentaci\u00f3n<\/li>\n<\/ul>\n<p><strong>Introducci\u00f3n a las Redes Sociales, como canal de comunicaci\u00f3n<\/strong><\/p>\n<p><strong>FACEBOOK \/ TWITTER \/ INSTAGRAM<\/strong><\/p>\n<ul>\n<li>Como herramienta personal<\/li>\n<li>Como herramienta de marketing en un<\/li>\n<li>Amigos o seguidores<\/li>\n<li>Herramientas<\/li>\n<li>Medios Informativo y de comunicaci\u00f3n<\/li>\n<\/ul>\n<p><strong>WhatsApp en aplicaciones M\u00f3viles<\/strong><\/p>\n<ul>\n<li>Uso de aplicaciones m\u00f3viles de chat tipo WHATSAPP<\/li>\n<li>WhatsApp Web<\/li>\n<\/ul>\n<p><strong>Uso de Dispositivos M\u00f3viles<\/strong><\/p>\n<ul>\n<li>Dominio de Funciones B\u00e1sicas<\/li>\n<li>Seguridad y Privacidad<\/li>\n<li>Optimizaci\u00f3n de Rendimiento<\/li>\n<\/ul>\n","protected":false},"excerpt":{"rendered":"<p>OBJETIVO Promover el conocimiento y dominio de las diversas herramientas computacionales que permiten un uso b\u00e1sico y efectivo del computador con Ms Office, Internet y manejo dispositivos m\u00f3viles. Operaci\u00f3n B\u00e1sica computacional Conceptos de\u00a0\u00a0\u00a0\u00a0\u00a0 computaci\u00f3n,\u00a0\u00a0\u00a0\u00a0\u00a0\u00a0\u00a0 hardware,\u00a0\u00a0\u00a0\u00a0\u00a0\u00a0 software; informaci\u00f3n, programas, archivos, sistema Manejo de\u00a0\u00a0\u00a0\u00a0 Windows:\u00a0\u00a0\u00a0\u00a0\u00a0\u00a0 cuadro\u00a0\u00a0\u00a0\u00a0\u00a0 de\u00a0\u00a0\u00a0\u00a0 di\u00e1logo,\u00a0\u00a0\u00a0\u00a0\u00a0 listas desplegables, botones, Creaci\u00f3n de carpetas, manejo de archivos&#8230;<\/p>\n","protected":false},"featured_media":10403,"template":"","meta":{"_acf_changed":false},"product_brand":[],"product_cat":[129],"product_tag":[],"class_list":{"0":"post-9798","1":"product","2":"type-product","3":"status-publish","4":"has-post-thumbnail","6":"product_cat-sistemas-operativos-y-computacionales","8":"first","9":"instock","10":"shipping-taxable","11":"product-type-simple"},"acf":[],"yoast_head":"<!-- This site is optimized with the Yoast SEO plugin v24.8.1 - https:\/\/yoast.com\/wordpress\/plugins\/seo\/ -->\n<title>Alfabetizaci\u00f3n Digital - Play Comp<\/title>\n<meta name=\"robots\" content=\"index, follow, max-snippet:-1, max-image-preview:large, max-video-preview:-1\" \/>\n<link rel=\"canonical\" href=\"https:\/\/playcomp.cl\/index.php\/producto\/alfabetizacion-digital-3\/\" \/>\n<meta property=\"og:locale\" content=\"es_ES\" \/>\n<meta property=\"og:type\" content=\"article\" \/>\n<meta property=\"og:title\" content=\"Alfabetizaci\u00f3n Digital - Play Comp\" \/>\n<meta property=\"og:description\" content=\"OBJETIVO Promover el conocimiento y dominio de las diversas herramientas computacionales que permiten un uso b\u00e1sico y efectivo del computador con Ms Office, Internet y manejo dispositivos m\u00f3viles. Operaci\u00f3n B\u00e1sica computacional Conceptos de\u00a0\u00a0\u00a0\u00a0\u00a0 computaci\u00f3n,\u00a0\u00a0\u00a0\u00a0\u00a0\u00a0\u00a0 hardware,\u00a0\u00a0\u00a0\u00a0\u00a0\u00a0 software; informaci\u00f3n, programas, archivos, sistema Manejo de\u00a0\u00a0\u00a0\u00a0 Windows:\u00a0\u00a0\u00a0\u00a0\u00a0\u00a0 cuadro\u00a0\u00a0\u00a0\u00a0\u00a0 de\u00a0\u00a0\u00a0\u00a0 di\u00e1logo,\u00a0\u00a0\u00a0\u00a0\u00a0 listas desplegables, botones, Creaci\u00f3n de carpetas, manejo de archivos...\" \/>\n<meta property=\"og:url\" content=\"https:\/\/playcomp.cl\/index.php\/producto\/alfabetizacion-digital-3\/\" \/>\n<meta property=\"og:site_name\" content=\"Play Comp\" \/>\n<meta property=\"article:publisher\" content=\"https:\/\/www.facebook.com\/playcompchile\/\" \/>\n<meta property=\"article:modified_time\" content=\"2024-10-24T19:53:59+00:00\" \/>\n<meta property=\"og:image\" content=\"https:\/\/playcomp.cl\/wp-content\/uploads\/2024\/05\/D_NQ_NP_791116-MLC53399283411_012023-O.webp\" \/>\n\t<meta property=\"og:image:width\" content=\"500\" \/>\n\t<meta property=\"og:image:height\" content=\"500\" \/>\n\t<meta property=\"og:image:type\" content=\"image\/webp\" \/>\n<meta name=\"twitter:card\" content=\"summary_large_image\" \/>\n<meta name=\"twitter:label1\" content=\"Tiempo de lectura\" \/>\n\t<meta name=\"twitter:data1\" content=\"2 minutos\" \/>\n<script type=\"application\/ld+json\" class=\"yoast-schema-graph\">{\"@context\":\"https:\/\/schema.org\",\"@graph\":[{\"@type\":\"WebPage\",\"@id\":\"https:\/\/playcomp.cl\/index.php\/producto\/alfabetizacion-digital-3\/\",\"url\":\"https:\/\/playcomp.cl\/index.php\/producto\/alfabetizacion-digital-3\/\",\"name\":\"Alfabetizaci\u00f3n Digital - Play Comp\",\"isPartOf\":{\"@id\":\"https:\/\/playcomp.cl\/#website\"},\"primaryImageOfPage\":{\"@id\":\"https:\/\/playcomp.cl\/index.php\/producto\/alfabetizacion-digital-3\/#primaryimage\"},\"image\":{\"@id\":\"https:\/\/playcomp.cl\/index.php\/producto\/alfabetizacion-digital-3\/#primaryimage\"},\"thumbnailUrl\":\"https:\/\/playcomp.cl\/wp-content\/uploads\/2024\/05\/D_NQ_NP_791116-MLC53399283411_012023-O.webp\",\"datePublished\":\"2024-05-23T13:11:23+00:00\",\"dateModified\":\"2024-10-24T19:53:59+00:00\",\"breadcrumb\":{\"@id\":\"https:\/\/playcomp.cl\/index.php\/producto\/alfabetizacion-digital-3\/#breadcrumb\"},\"inLanguage\":\"es\",\"potentialAction\":[{\"@type\":\"ReadAction\",\"target\":[\"https:\/\/playcomp.cl\/index.php\/producto\/alfabetizacion-digital-3\/\"]}]},{\"@type\":\"ImageObject\",\"inLanguage\":\"es\",\"@id\":\"https:\/\/playcomp.cl\/index.php\/producto\/alfabetizacion-digital-3\/#primaryimage\",\"url\":\"https:\/\/playcomp.cl\/wp-content\/uploads\/2024\/05\/D_NQ_NP_791116-MLC53399283411_012023-O.webp\",\"contentUrl\":\"https:\/\/playcomp.cl\/wp-content\/uploads\/2024\/05\/D_NQ_NP_791116-MLC53399283411_012023-O.webp\",\"width\":500,\"height\":500},{\"@type\":\"BreadcrumbList\",\"@id\":\"https:\/\/playcomp.cl\/index.php\/producto\/alfabetizacion-digital-3\/#breadcrumb\",\"itemListElement\":[{\"@type\":\"ListItem\",\"position\":1,\"name\":\"Portada\",\"item\":\"https:\/\/playcomp.cl\/\"},{\"@type\":\"ListItem\",\"position\":2,\"name\":\"Tienda\",\"item\":\"https:\/\/playcomp.cl\/index.php\/tienda\/\"},{\"@type\":\"ListItem\",\"position\":3,\"name\":\"Alfabetizaci\u00f3n Digital\"}]},{\"@type\":\"WebSite\",\"@id\":\"https:\/\/playcomp.cl\/#website\",\"url\":\"https:\/\/playcomp.cl\/\",\"name\":\"Play Comp\",\"description\":\"Organismo T\u00e9cnico de Capacitaci\u00f3n\",\"publisher\":{\"@id\":\"https:\/\/playcomp.cl\/#organization\"},\"potentialAction\":[{\"@type\":\"SearchAction\",\"target\":{\"@type\":\"EntryPoint\",\"urlTemplate\":\"https:\/\/playcomp.cl\/?s={search_term_string}\"},\"query-input\":{\"@type\":\"PropertyValueSpecification\",\"valueRequired\":true,\"valueName\":\"search_term_string\"}}],\"inLanguage\":\"es\"},{\"@type\":\"Organization\",\"@id\":\"https:\/\/playcomp.cl\/#organization\",\"name\":\"Play Comp\",\"url\":\"https:\/\/playcomp.cl\/\",\"logo\":{\"@type\":\"ImageObject\",\"inLanguage\":\"es\",\"@id\":\"https:\/\/playcomp.cl\/#\/schema\/logo\/image\/\",\"url\":\"https:\/\/playcomp.cl\/wp-content\/uploads\/2017\/07\/Artboard-36.png\",\"contentUrl\":\"https:\/\/playcomp.cl\/wp-content\/uploads\/2017\/07\/Artboard-36.png\",\"width\":423,\"height\":112,\"caption\":\"Play Comp\"},\"image\":{\"@id\":\"https:\/\/playcomp.cl\/#\/schema\/logo\/image\/\"},\"sameAs\":[\"https:\/\/www.facebook.com\/playcompchile\/\",\"https:\/\/www.instagram.com\/playcomp_capacitacion?igsh=OGtwZzBsYW5qbTF5\"]}]}<\/script>\n<!-- \/ Yoast SEO plugin. -->","yoast_head_json":{"title":"Alfabetizaci\u00f3n Digital - Play Comp","robots":{"index":"index","follow":"follow","max-snippet":"max-snippet:-1","max-image-preview":"max-image-preview:large","max-video-preview":"max-video-preview:-1"},"canonical":"https:\/\/playcomp.cl\/index.php\/producto\/alfabetizacion-digital-3\/","og_locale":"es_ES","og_type":"article","og_title":"Alfabetizaci\u00f3n Digital - Play Comp","og_description":"OBJETIVO Promover el conocimiento y dominio de las diversas herramientas computacionales que permiten un uso b\u00e1sico y efectivo del computador con Ms Office, Internet y manejo dispositivos m\u00f3viles. Operaci\u00f3n B\u00e1sica computacional Conceptos de\u00a0\u00a0\u00a0\u00a0\u00a0 computaci\u00f3n,\u00a0\u00a0\u00a0\u00a0\u00a0\u00a0\u00a0 hardware,\u00a0\u00a0\u00a0\u00a0\u00a0\u00a0 software; informaci\u00f3n, programas, archivos, sistema Manejo de\u00a0\u00a0\u00a0\u00a0 Windows:\u00a0\u00a0\u00a0\u00a0\u00a0\u00a0 cuadro\u00a0\u00a0\u00a0\u00a0\u00a0 de\u00a0\u00a0\u00a0\u00a0 di\u00e1logo,\u00a0\u00a0\u00a0\u00a0\u00a0 listas desplegables, botones, Creaci\u00f3n de carpetas, manejo de archivos...","og_url":"https:\/\/playcomp.cl\/index.php\/producto\/alfabetizacion-digital-3\/","og_site_name":"Play Comp","article_publisher":"https:\/\/www.facebook.com\/playcompchile\/","article_modified_time":"2024-10-24T19:53:59+00:00","og_image":[{"width":500,"height":500,"url":"https:\/\/playcomp.cl\/wp-content\/uploads\/2024\/05\/D_NQ_NP_791116-MLC53399283411_012023-O.webp","type":"image\/webp"}],"twitter_card":"summary_large_image","twitter_misc":{"Tiempo de lectura":"2 minutos"},"schema":{"@context":"https:\/\/schema.org","@graph":[{"@type":"WebPage","@id":"https:\/\/playcomp.cl\/index.php\/producto\/alfabetizacion-digital-3\/","url":"https:\/\/playcomp.cl\/index.php\/producto\/alfabetizacion-digital-3\/","name":"Alfabetizaci\u00f3n Digital - Play Comp","isPartOf":{"@id":"https:\/\/playcomp.cl\/#website"},"primaryImageOfPage":{"@id":"https:\/\/playcomp.cl\/index.php\/producto\/alfabetizacion-digital-3\/#primaryimage"},"image":{"@id":"https:\/\/playcomp.cl\/index.php\/producto\/alfabetizacion-digital-3\/#primaryimage"},"thumbnailUrl":"https:\/\/playcomp.cl\/wp-content\/uploads\/2024\/05\/D_NQ_NP_791116-MLC53399283411_012023-O.webp","datePublished":"2024-05-23T13:11:23+00:00","dateModified":"2024-10-24T19:53:59+00:00","breadcrumb":{"@id":"https:\/\/playcomp.cl\/index.php\/producto\/alfabetizacion-digital-3\/#breadcrumb"},"inLanguage":"es","potentialAction":[{"@type":"ReadAction","target":["https:\/\/playcomp.cl\/index.php\/producto\/alfabetizacion-digital-3\/"]}]},{"@type":"ImageObject","inLanguage":"es","@id":"https:\/\/playcomp.cl\/index.php\/producto\/alfabetizacion-digital-3\/#primaryimage","url":"https:\/\/playcomp.cl\/wp-content\/uploads\/2024\/05\/D_NQ_NP_791116-MLC53399283411_012023-O.webp","contentUrl":"https:\/\/playcomp.cl\/wp-content\/uploads\/2024\/05\/D_NQ_NP_791116-MLC53399283411_012023-O.webp","width":500,"height":500},{"@type":"BreadcrumbList","@id":"https:\/\/playcomp.cl\/index.php\/producto\/alfabetizacion-digital-3\/#breadcrumb","itemListElement":[{"@type":"ListItem","position":1,"name":"Portada","item":"https:\/\/playcomp.cl\/"},{"@type":"ListItem","position":2,"name":"Tienda","item":"https:\/\/playcomp.cl\/index.php\/tienda\/"},{"@type":"ListItem","position":3,"name":"Alfabetizaci\u00f3n Digital"}]},{"@type":"WebSite","@id":"https:\/\/playcomp.cl\/#website","url":"https:\/\/playcomp.cl\/","name":"Play Comp","description":"Organismo T\u00e9cnico de Capacitaci\u00f3n","publisher":{"@id":"https:\/\/playcomp.cl\/#organization"},"potentialAction":[{"@type":"SearchAction","target":{"@type":"EntryPoint","urlTemplate":"https:\/\/playcomp.cl\/?s={search_term_string}"},"query-input":{"@type":"PropertyValueSpecification","valueRequired":true,"valueName":"search_term_string"}}],"inLanguage":"es"},{"@type":"Organization","@id":"https:\/\/playcomp.cl\/#organization","name":"Play Comp","url":"https:\/\/playcomp.cl\/","logo":{"@type":"ImageObject","inLanguage":"es","@id":"https:\/\/playcomp.cl\/#\/schema\/logo\/image\/","url":"https:\/\/playcomp.cl\/wp-content\/uploads\/2017\/07\/Artboard-36.png","contentUrl":"https:\/\/playcomp.cl\/wp-content\/uploads\/2017\/07\/Artboard-36.png","width":423,"height":112,"caption":"Play Comp"},"image":{"@id":"https:\/\/playcomp.cl\/#\/schema\/logo\/image\/"},"sameAs":["https:\/\/www.facebook.com\/playcompchile\/","https:\/\/www.instagram.com\/playcomp_capacitacion?igsh=OGtwZzBsYW5qbTF5"]}]}},"_links":{"self":[{"href":"https:\/\/playcomp.cl\/index.php\/wp-json\/wp\/v2\/product\/9798","targetHints":{"allow":["GET"]}}],"collection":[{"href":"https:\/\/playcomp.cl\/index.php\/wp-json\/wp\/v2\/product"}],"about":[{"href":"https:\/\/playcomp.cl\/index.php\/wp-json\/wp\/v2\/types\/product"}],"wp:featuredmedia":[{"embeddable":true,"href":"https:\/\/playcomp.cl\/index.php\/wp-json\/wp\/v2\/media\/10403"}],"wp:attachment":[{"href":"https:\/\/playcomp.cl\/index.php\/wp-json\/wp\/v2\/media?parent=9798"}],"wp:term":[{"taxonomy":"product_brand","embeddable":true,"href":"https:\/\/playcomp.cl\/index.php\/wp-json\/wp\/v2\/product_brand?post=9798"},{"taxonomy":"product_cat","embeddable":true,"href":"https:\/\/playcomp.cl\/index.php\/wp-json\/wp\/v2\/product_cat?post=9798"},{"taxonomy":"product_tag","embeddable":true,"href":"https:\/\/playcomp.cl\/index.php\/wp-json\/wp\/v2\/product_tag?post=9798"}],"curies":[{"name":"wp","href":"https:\/\/api.w.org\/{rel}","templated":true}]}}