{"id":9796,"date":"2024-05-23T10:11:05","date_gmt":"2024-05-23T13:11:05","guid":{"rendered":"https:\/\/playcomp.cl\/?post_type=product&#038;p=9796"},"modified":"2024-10-24T22:47:22","modified_gmt":"2024-10-25T01:47:22","slug":"manejo-de-windows","status":"publish","type":"product","link":"https:\/\/playcomp.cl\/index.php\/producto\/manejo-de-windows\/","title":{"rendered":"Manejo de Windows"},"content":{"rendered":"<p>Promover el conocimiento y dominio del sistema Operativo Ms Windows<\/p>\n<ol>\n<li>Reconocer\u00e1n los elementos de un computador, sus caracter\u00edsticas y usos a modo funcional y cultural.-<\/li>\n<li>Manejar\u00e1n computadores en Ambiente Gr\u00e1fico Windows, utilizando correctamente el Mouse, y aplicando las t\u00e9cnicas b\u00e1sicas para la operaci\u00f3n del software Windows<\/li>\n<\/ol>\n<p>CONTENIDO PROGRAMATICO<\/p>\n<ol>\n<li><strong>Comprender y aplicar los Conceptos B\u00e1sicos en Computaci\u00f3n.<\/strong><\/li>\n<\/ol>\n<ul>\n<li>Manejar conceptos b\u00e1sicos de la terminolog\u00eda computacional.<\/li>\n<\/ul>\n<ol start=\"2\">\n<li><strong>Reconocer los componentes de un Pc.<\/strong><\/li>\n<\/ol>\n<ul>\n<li>Conocer c\u00f3mo funciona un Pc.<\/li>\n<li>Identificando cu\u00e1les son sus componentes principales de Software y Hardware.<\/li>\n<\/ul>\n<ol start=\"3\">\n<li><strong>Utilizar el Panel de Control del Sistema Windows.<\/strong><\/li>\n<\/ol>\n<ul>\n<li>Manejar el panel de control para cambiar la hora del Sistema.<\/li>\n<li>Cambiar la configuraci\u00f3n Regional, desde el Panel de Control.<\/li>\n<li>Cambiar Configuraci\u00f3n del Mouse, Teclado y pantalla.<\/li>\n<\/ul>\n<ol start=\"4\">\n<li><strong>Identifica los componentes principales del Escritorio de Windows.<\/strong><\/li>\n<\/ol>\n<ul>\n<li>Trabajar y modificar la Barra de tarea<\/li>\n<li>Reconoce y crea iconos de acceso directo<\/li>\n<li>Crear y Administrar Carpetas de almacenamiento.<\/li>\n<li>Manejar el Explorador de Windows.<\/li>\n<li>Administraci\u00f3n de archivos<\/li>\n<li>Creaci\u00f3n de carpetas<\/li>\n<li>Copiar y mover archivos<\/li>\n<li>An\u00e1lisis de prioridades y seguridad<\/li>\n<\/ul>\n","protected":false},"excerpt":{"rendered":"<p>Promover el conocimiento y dominio del sistema Operativo Ms Windows Reconocer\u00e1n los elementos de un computador, sus caracter\u00edsticas y usos a modo funcional y cultural.- Manejar\u00e1n computadores en Ambiente Gr\u00e1fico Windows, utilizando correctamente el Mouse, y aplicando las t\u00e9cnicas b\u00e1sicas para la operaci\u00f3n del software Windows CONTENIDO PROGRAMATICO Comprender y aplicar los Conceptos B\u00e1sicos en&#8230;<\/p>\n","protected":false},"featured_media":10428,"template":"","meta":{"_acf_changed":false},"product_brand":[],"product_cat":[129],"product_tag":[],"class_list":{"0":"post-9796","1":"product","2":"type-product","3":"status-publish","4":"has-post-thumbnail","6":"product_cat-sistemas-operativos-y-computacionales","8":"first","9":"instock","10":"shipping-taxable","11":"product-type-simple"},"acf":[],"yoast_head":"<!-- This site is optimized with the Yoast SEO plugin v24.8.1 - https:\/\/yoast.com\/wordpress\/plugins\/seo\/ -->\n<title>Manejo de Windows - Play Comp<\/title>\n<meta name=\"robots\" content=\"index, follow, max-snippet:-1, max-image-preview:large, max-video-preview:-1\" \/>\n<link rel=\"canonical\" href=\"https:\/\/playcomp.cl\/index.php\/producto\/manejo-de-windows\/\" \/>\n<meta property=\"og:locale\" content=\"es_ES\" \/>\n<meta property=\"og:type\" content=\"article\" \/>\n<meta property=\"og:title\" content=\"Manejo de Windows - Play Comp\" \/>\n<meta property=\"og:description\" content=\"Promover el conocimiento y dominio del sistema Operativo Ms Windows Reconocer\u00e1n los elementos de un computador, sus caracter\u00edsticas y usos a modo funcional y cultural.- Manejar\u00e1n computadores en Ambiente Gr\u00e1fico Windows, utilizando correctamente el Mouse, y aplicando las t\u00e9cnicas b\u00e1sicas para la operaci\u00f3n del software Windows CONTENIDO PROGRAMATICO Comprender y aplicar los Conceptos B\u00e1sicos en...\" \/>\n<meta property=\"og:url\" content=\"https:\/\/playcomp.cl\/index.php\/producto\/manejo-de-windows\/\" \/>\n<meta property=\"og:site_name\" content=\"Play Comp\" \/>\n<meta property=\"article:publisher\" content=\"https:\/\/www.facebook.com\/playcompchile\/\" \/>\n<meta property=\"article:modified_time\" content=\"2024-10-25T01:47:22+00:00\" \/>\n<meta property=\"og:image\" content=\"https:\/\/playcomp.cl\/wp-content\/uploads\/2024\/05\/img-6.png\" \/>\n\t<meta property=\"og:image:width\" content=\"750\" \/>\n\t<meta property=\"og:image:height\" content=\"750\" \/>\n\t<meta property=\"og:image:type\" content=\"image\/png\" \/>\n<meta name=\"twitter:card\" content=\"summary_large_image\" \/>\n<meta name=\"twitter:label1\" content=\"Tiempo de lectura\" \/>\n\t<meta name=\"twitter:data1\" content=\"1 minuto\" \/>\n<script type=\"application\/ld+json\" class=\"yoast-schema-graph\">{\"@context\":\"https:\/\/schema.org\",\"@graph\":[{\"@type\":\"WebPage\",\"@id\":\"https:\/\/playcomp.cl\/index.php\/producto\/manejo-de-windows\/\",\"url\":\"https:\/\/playcomp.cl\/index.php\/producto\/manejo-de-windows\/\",\"name\":\"Manejo de Windows - Play Comp\",\"isPartOf\":{\"@id\":\"https:\/\/playcomp.cl\/#website\"},\"primaryImageOfPage\":{\"@id\":\"https:\/\/playcomp.cl\/index.php\/producto\/manejo-de-windows\/#primaryimage\"},\"image\":{\"@id\":\"https:\/\/playcomp.cl\/index.php\/producto\/manejo-de-windows\/#primaryimage\"},\"thumbnailUrl\":\"https:\/\/playcomp.cl\/wp-content\/uploads\/2024\/05\/img-6.png\",\"datePublished\":\"2024-05-23T13:11:05+00:00\",\"dateModified\":\"2024-10-25T01:47:22+00:00\",\"breadcrumb\":{\"@id\":\"https:\/\/playcomp.cl\/index.php\/producto\/manejo-de-windows\/#breadcrumb\"},\"inLanguage\":\"es\",\"potentialAction\":[{\"@type\":\"ReadAction\",\"target\":[\"https:\/\/playcomp.cl\/index.php\/producto\/manejo-de-windows\/\"]}]},{\"@type\":\"ImageObject\",\"inLanguage\":\"es\",\"@id\":\"https:\/\/playcomp.cl\/index.php\/producto\/manejo-de-windows\/#primaryimage\",\"url\":\"https:\/\/playcomp.cl\/wp-content\/uploads\/2024\/05\/img-6.png\",\"contentUrl\":\"https:\/\/playcomp.cl\/wp-content\/uploads\/2024\/05\/img-6.png\",\"width\":750,\"height\":750},{\"@type\":\"BreadcrumbList\",\"@id\":\"https:\/\/playcomp.cl\/index.php\/producto\/manejo-de-windows\/#breadcrumb\",\"itemListElement\":[{\"@type\":\"ListItem\",\"position\":1,\"name\":\"Portada\",\"item\":\"https:\/\/playcomp.cl\/\"},{\"@type\":\"ListItem\",\"position\":2,\"name\":\"Tienda\",\"item\":\"https:\/\/playcomp.cl\/index.php\/tienda\/\"},{\"@type\":\"ListItem\",\"position\":3,\"name\":\"Manejo de Windows\"}]},{\"@type\":\"WebSite\",\"@id\":\"https:\/\/playcomp.cl\/#website\",\"url\":\"https:\/\/playcomp.cl\/\",\"name\":\"Play Comp\",\"description\":\"Organismo T\u00e9cnico de Capacitaci\u00f3n\",\"publisher\":{\"@id\":\"https:\/\/playcomp.cl\/#organization\"},\"potentialAction\":[{\"@type\":\"SearchAction\",\"target\":{\"@type\":\"EntryPoint\",\"urlTemplate\":\"https:\/\/playcomp.cl\/?s={search_term_string}\"},\"query-input\":{\"@type\":\"PropertyValueSpecification\",\"valueRequired\":true,\"valueName\":\"search_term_string\"}}],\"inLanguage\":\"es\"},{\"@type\":\"Organization\",\"@id\":\"https:\/\/playcomp.cl\/#organization\",\"name\":\"Play Comp\",\"url\":\"https:\/\/playcomp.cl\/\",\"logo\":{\"@type\":\"ImageObject\",\"inLanguage\":\"es\",\"@id\":\"https:\/\/playcomp.cl\/#\/schema\/logo\/image\/\",\"url\":\"https:\/\/playcomp.cl\/wp-content\/uploads\/2017\/07\/Artboard-36.png\",\"contentUrl\":\"https:\/\/playcomp.cl\/wp-content\/uploads\/2017\/07\/Artboard-36.png\",\"width\":423,\"height\":112,\"caption\":\"Play Comp\"},\"image\":{\"@id\":\"https:\/\/playcomp.cl\/#\/schema\/logo\/image\/\"},\"sameAs\":[\"https:\/\/www.facebook.com\/playcompchile\/\",\"https:\/\/www.instagram.com\/playcomp_capacitacion?igsh=OGtwZzBsYW5qbTF5\"]}]}<\/script>\n<!-- \/ Yoast SEO plugin. -->","yoast_head_json":{"title":"Manejo de Windows - Play Comp","robots":{"index":"index","follow":"follow","max-snippet":"max-snippet:-1","max-image-preview":"max-image-preview:large","max-video-preview":"max-video-preview:-1"},"canonical":"https:\/\/playcomp.cl\/index.php\/producto\/manejo-de-windows\/","og_locale":"es_ES","og_type":"article","og_title":"Manejo de Windows - Play Comp","og_description":"Promover el conocimiento y dominio del sistema Operativo Ms Windows Reconocer\u00e1n los elementos de un computador, sus caracter\u00edsticas y usos a modo funcional y cultural.- Manejar\u00e1n computadores en Ambiente Gr\u00e1fico Windows, utilizando correctamente el Mouse, y aplicando las t\u00e9cnicas b\u00e1sicas para la operaci\u00f3n del software Windows CONTENIDO PROGRAMATICO Comprender y aplicar los Conceptos B\u00e1sicos en...","og_url":"https:\/\/playcomp.cl\/index.php\/producto\/manejo-de-windows\/","og_site_name":"Play Comp","article_publisher":"https:\/\/www.facebook.com\/playcompchile\/","article_modified_time":"2024-10-25T01:47:22+00:00","og_image":[{"width":750,"height":750,"url":"https:\/\/playcomp.cl\/wp-content\/uploads\/2024\/05\/img-6.png","type":"image\/png"}],"twitter_card":"summary_large_image","twitter_misc":{"Tiempo de lectura":"1 minuto"},"schema":{"@context":"https:\/\/schema.org","@graph":[{"@type":"WebPage","@id":"https:\/\/playcomp.cl\/index.php\/producto\/manejo-de-windows\/","url":"https:\/\/playcomp.cl\/index.php\/producto\/manejo-de-windows\/","name":"Manejo de Windows - Play Comp","isPartOf":{"@id":"https:\/\/playcomp.cl\/#website"},"primaryImageOfPage":{"@id":"https:\/\/playcomp.cl\/index.php\/producto\/manejo-de-windows\/#primaryimage"},"image":{"@id":"https:\/\/playcomp.cl\/index.php\/producto\/manejo-de-windows\/#primaryimage"},"thumbnailUrl":"https:\/\/playcomp.cl\/wp-content\/uploads\/2024\/05\/img-6.png","datePublished":"2024-05-23T13:11:05+00:00","dateModified":"2024-10-25T01:47:22+00:00","breadcrumb":{"@id":"https:\/\/playcomp.cl\/index.php\/producto\/manejo-de-windows\/#breadcrumb"},"inLanguage":"es","potentialAction":[{"@type":"ReadAction","target":["https:\/\/playcomp.cl\/index.php\/producto\/manejo-de-windows\/"]}]},{"@type":"ImageObject","inLanguage":"es","@id":"https:\/\/playcomp.cl\/index.php\/producto\/manejo-de-windows\/#primaryimage","url":"https:\/\/playcomp.cl\/wp-content\/uploads\/2024\/05\/img-6.png","contentUrl":"https:\/\/playcomp.cl\/wp-content\/uploads\/2024\/05\/img-6.png","width":750,"height":750},{"@type":"BreadcrumbList","@id":"https:\/\/playcomp.cl\/index.php\/producto\/manejo-de-windows\/#breadcrumb","itemListElement":[{"@type":"ListItem","position":1,"name":"Portada","item":"https:\/\/playcomp.cl\/"},{"@type":"ListItem","position":2,"name":"Tienda","item":"https:\/\/playcomp.cl\/index.php\/tienda\/"},{"@type":"ListItem","position":3,"name":"Manejo de Windows"}]},{"@type":"WebSite","@id":"https:\/\/playcomp.cl\/#website","url":"https:\/\/playcomp.cl\/","name":"Play Comp","description":"Organismo T\u00e9cnico de Capacitaci\u00f3n","publisher":{"@id":"https:\/\/playcomp.cl\/#organization"},"potentialAction":[{"@type":"SearchAction","target":{"@type":"EntryPoint","urlTemplate":"https:\/\/playcomp.cl\/?s={search_term_string}"},"query-input":{"@type":"PropertyValueSpecification","valueRequired":true,"valueName":"search_term_string"}}],"inLanguage":"es"},{"@type":"Organization","@id":"https:\/\/playcomp.cl\/#organization","name":"Play Comp","url":"https:\/\/playcomp.cl\/","logo":{"@type":"ImageObject","inLanguage":"es","@id":"https:\/\/playcomp.cl\/#\/schema\/logo\/image\/","url":"https:\/\/playcomp.cl\/wp-content\/uploads\/2017\/07\/Artboard-36.png","contentUrl":"https:\/\/playcomp.cl\/wp-content\/uploads\/2017\/07\/Artboard-36.png","width":423,"height":112,"caption":"Play Comp"},"image":{"@id":"https:\/\/playcomp.cl\/#\/schema\/logo\/image\/"},"sameAs":["https:\/\/www.facebook.com\/playcompchile\/","https:\/\/www.instagram.com\/playcomp_capacitacion?igsh=OGtwZzBsYW5qbTF5"]}]}},"_links":{"self":[{"href":"https:\/\/playcomp.cl\/index.php\/wp-json\/wp\/v2\/product\/9796","targetHints":{"allow":["GET"]}}],"collection":[{"href":"https:\/\/playcomp.cl\/index.php\/wp-json\/wp\/v2\/product"}],"about":[{"href":"https:\/\/playcomp.cl\/index.php\/wp-json\/wp\/v2\/types\/product"}],"wp:featuredmedia":[{"embeddable":true,"href":"https:\/\/playcomp.cl\/index.php\/wp-json\/wp\/v2\/media\/10428"}],"wp:attachment":[{"href":"https:\/\/playcomp.cl\/index.php\/wp-json\/wp\/v2\/media?parent=9796"}],"wp:term":[{"taxonomy":"product_brand","embeddable":true,"href":"https:\/\/playcomp.cl\/index.php\/wp-json\/wp\/v2\/product_brand?post=9796"},{"taxonomy":"product_cat","embeddable":true,"href":"https:\/\/playcomp.cl\/index.php\/wp-json\/wp\/v2\/product_cat?post=9796"},{"taxonomy":"product_tag","embeddable":true,"href":"https:\/\/playcomp.cl\/index.php\/wp-json\/wp\/v2\/product_tag?post=9796"}],"curies":[{"name":"wp","href":"https:\/\/api.w.org\/{rel}","templated":true}]}}