{"id":9774,"date":"2024-05-22T16:58:59","date_gmt":"2024-05-22T19:58:59","guid":{"rendered":"https:\/\/playcomp.cl\/?post_type=product&#038;p=9774"},"modified":"2024-10-24T15:24:25","modified_gmt":"2024-10-24T18:24:25","slug":"supervision-eficaz","status":"publish","type":"product","link":"https:\/\/playcomp.cl\/index.php\/producto\/supervision-eficaz\/","title":{"rendered":"Supervisi\u00f3n Eficaz"},"content":{"rendered":"<p><strong>OBJETIVOS<\/strong><\/p>\n<ul>\n<li>Determinar el nivel de autoestima y desarrollar la Empat\u00eda.<\/li>\n<li>Dotar de herramientas para escuchar activamente y mejorar la comunicaci\u00f3n.<\/li>\n<li>Mostrar la importancia de la comunicaci\u00f3n formal.<\/li>\n<li>Descubrir los aspectos que motivan al participante.<\/li>\n<li>Desarrollar actividades para aumentar su influencia en el personal.<\/li>\n<li>Identificar las funciones que debe tener un buen Supervisor.<\/li>\n<li>Dotar de t\u00e9cnicas para administrar correctamente el tiempo.<\/li>\n<li>Brindar estrategias para organizar la carga de trabajo.<\/li>\n<li>\u00a0Incorporar actividades que nos permitan planificar el trabajo.<\/li>\n<li>Aprender a establecer metas, objetivos y tareas.<\/li>\n<li>Dotar de t\u00e9cnicas para dar instrucciones y entrenar al personal.<\/li>\n<li>Mostrar la importancia de modelar con el ejemplo para tener credibilidad.<\/li>\n<\/ul>\n<p><strong>CONTENIDO<\/strong><\/p>\n<p><strong>Tema 1.<\/strong> Autoestima, Percepci\u00f3n y Empat\u00eda.<br \/>\n<strong>Tema 2.<\/strong> Escucha activa y Comunicaci\u00f3n oral.<br \/>\n<strong>Tema 3.<\/strong> Comunicaci\u00f3n escrita, Instrucciones.<br \/>\n<strong>Tema 4.<\/strong> Motivaci\u00f3n, Tipos de motivaci\u00f3n, Motivaci\u00f3n al Logro.<br \/>\n<strong>Tema 5.<\/strong> Liderazgo, Tipos de liderazgos, Caracter\u00edsticas de un l\u00edder.<br \/>\n<strong>Tema 6.<\/strong> Supervisi\u00f3n efectiva, Caracter\u00edsticas de un buen supervisor.<br \/>\n<strong>Tema 7.<\/strong> Administraci\u00f3n y utilizaci\u00f3n efectiva del tiempo.<br \/>\n<strong>Tema 8.<\/strong> Organizaci\u00f3n del Trabajo.<br \/>\n<strong>Tema 9.<\/strong> Planificaci\u00f3n, principios, fundamentos.<br \/>\n<strong>Tema 10.<\/strong> Planificaci\u00f3n operativa, determinar objetivos, asignaci\u00f3n de tareas.<br \/>\n<strong>Tema 11.<\/strong> Entrenamiento del personal.<br \/>\n<strong>Tema 12.<\/strong> El Ejemplo, modelar con el ejemplo.<\/p>\n","protected":false},"excerpt":{"rendered":"<p>OBJETIVOS Determinar el nivel de autoestima y desarrollar la Empat\u00eda. Dotar de herramientas para escuchar activamente y mejorar la comunicaci\u00f3n. Mostrar la importancia de la comunicaci\u00f3n formal. Descubrir los aspectos que motivan al participante. Desarrollar actividades para aumentar su influencia en el personal. Identificar las funciones que debe tener un buen Supervisor. Dotar de t\u00e9cnicas&#8230;<\/p>\n","protected":false},"featured_media":10363,"template":"","meta":{"_acf_changed":false},"product_brand":[],"product_cat":[127],"product_tag":[],"class_list":{"0":"post-9774","1":"product","2":"type-product","3":"status-publish","4":"has-post-thumbnail","6":"product_cat-area-administracion","8":"first","9":"instock","10":"shipping-taxable","11":"product-type-simple"},"acf":[],"yoast_head":"<!-- This site is optimized with the Yoast SEO plugin v24.8.1 - https:\/\/yoast.com\/wordpress\/plugins\/seo\/ -->\n<title>Supervisi\u00f3n Eficaz - Play Comp<\/title>\n<meta name=\"robots\" content=\"index, follow, max-snippet:-1, max-image-preview:large, max-video-preview:-1\" \/>\n<link rel=\"canonical\" href=\"https:\/\/playcomp.cl\/index.php\/producto\/supervision-eficaz\/\" \/>\n<meta property=\"og:locale\" content=\"es_ES\" \/>\n<meta property=\"og:type\" content=\"article\" \/>\n<meta property=\"og:title\" content=\"Supervisi\u00f3n Eficaz - Play Comp\" \/>\n<meta property=\"og:description\" content=\"OBJETIVOS Determinar el nivel de autoestima y desarrollar la Empat\u00eda. Dotar de herramientas para escuchar activamente y mejorar la comunicaci\u00f3n. Mostrar la importancia de la comunicaci\u00f3n formal. Descubrir los aspectos que motivan al participante. Desarrollar actividades para aumentar su influencia en el personal. Identificar las funciones que debe tener un buen Supervisor. Dotar de t\u00e9cnicas...\" \/>\n<meta property=\"og:url\" content=\"https:\/\/playcomp.cl\/index.php\/producto\/supervision-eficaz\/\" \/>\n<meta property=\"og:site_name\" content=\"Play Comp\" \/>\n<meta property=\"article:publisher\" content=\"https:\/\/www.facebook.com\/playcompchile\/\" \/>\n<meta property=\"article:modified_time\" content=\"2024-10-24T18:24:25+00:00\" \/>\n<meta property=\"og:image\" content=\"https:\/\/playcomp.cl\/wp-content\/uploads\/2024\/05\/supervisar-reputacion-online.jpg\" \/>\n\t<meta property=\"og:image:width\" content=\"600\" \/>\n\t<meta property=\"og:image:height\" content=\"600\" \/>\n\t<meta property=\"og:image:type\" content=\"image\/jpeg\" \/>\n<meta name=\"twitter:card\" content=\"summary_large_image\" \/>\n<meta name=\"twitter:label1\" content=\"Tiempo de lectura\" \/>\n\t<meta name=\"twitter:data1\" content=\"1 minuto\" \/>\n<script type=\"application\/ld+json\" class=\"yoast-schema-graph\">{\"@context\":\"https:\/\/schema.org\",\"@graph\":[{\"@type\":\"WebPage\",\"@id\":\"https:\/\/playcomp.cl\/index.php\/producto\/supervision-eficaz\/\",\"url\":\"https:\/\/playcomp.cl\/index.php\/producto\/supervision-eficaz\/\",\"name\":\"Supervisi\u00f3n Eficaz - Play Comp\",\"isPartOf\":{\"@id\":\"https:\/\/playcomp.cl\/#website\"},\"primaryImageOfPage\":{\"@id\":\"https:\/\/playcomp.cl\/index.php\/producto\/supervision-eficaz\/#primaryimage\"},\"image\":{\"@id\":\"https:\/\/playcomp.cl\/index.php\/producto\/supervision-eficaz\/#primaryimage\"},\"thumbnailUrl\":\"https:\/\/playcomp.cl\/wp-content\/uploads\/2024\/05\/supervisar-reputacion-online.jpg\",\"datePublished\":\"2024-05-22T19:58:59+00:00\",\"dateModified\":\"2024-10-24T18:24:25+00:00\",\"breadcrumb\":{\"@id\":\"https:\/\/playcomp.cl\/index.php\/producto\/supervision-eficaz\/#breadcrumb\"},\"inLanguage\":\"es\",\"potentialAction\":[{\"@type\":\"ReadAction\",\"target\":[\"https:\/\/playcomp.cl\/index.php\/producto\/supervision-eficaz\/\"]}]},{\"@type\":\"ImageObject\",\"inLanguage\":\"es\",\"@id\":\"https:\/\/playcomp.cl\/index.php\/producto\/supervision-eficaz\/#primaryimage\",\"url\":\"https:\/\/playcomp.cl\/wp-content\/uploads\/2024\/05\/supervisar-reputacion-online.jpg\",\"contentUrl\":\"https:\/\/playcomp.cl\/wp-content\/uploads\/2024\/05\/supervisar-reputacion-online.jpg\",\"width\":600,\"height\":600},{\"@type\":\"BreadcrumbList\",\"@id\":\"https:\/\/playcomp.cl\/index.php\/producto\/supervision-eficaz\/#breadcrumb\",\"itemListElement\":[{\"@type\":\"ListItem\",\"position\":1,\"name\":\"Portada\",\"item\":\"https:\/\/playcomp.cl\/\"},{\"@type\":\"ListItem\",\"position\":2,\"name\":\"Tienda\",\"item\":\"https:\/\/playcomp.cl\/index.php\/tienda\/\"},{\"@type\":\"ListItem\",\"position\":3,\"name\":\"Supervisi\u00f3n Eficaz\"}]},{\"@type\":\"WebSite\",\"@id\":\"https:\/\/playcomp.cl\/#website\",\"url\":\"https:\/\/playcomp.cl\/\",\"name\":\"Play Comp\",\"description\":\"Organismo T\u00e9cnico de Capacitaci\u00f3n\",\"publisher\":{\"@id\":\"https:\/\/playcomp.cl\/#organization\"},\"potentialAction\":[{\"@type\":\"SearchAction\",\"target\":{\"@type\":\"EntryPoint\",\"urlTemplate\":\"https:\/\/playcomp.cl\/?s={search_term_string}\"},\"query-input\":{\"@type\":\"PropertyValueSpecification\",\"valueRequired\":true,\"valueName\":\"search_term_string\"}}],\"inLanguage\":\"es\"},{\"@type\":\"Organization\",\"@id\":\"https:\/\/playcomp.cl\/#organization\",\"name\":\"Play Comp\",\"url\":\"https:\/\/playcomp.cl\/\",\"logo\":{\"@type\":\"ImageObject\",\"inLanguage\":\"es\",\"@id\":\"https:\/\/playcomp.cl\/#\/schema\/logo\/image\/\",\"url\":\"https:\/\/playcomp.cl\/wp-content\/uploads\/2017\/07\/Artboard-36.png\",\"contentUrl\":\"https:\/\/playcomp.cl\/wp-content\/uploads\/2017\/07\/Artboard-36.png\",\"width\":423,\"height\":112,\"caption\":\"Play Comp\"},\"image\":{\"@id\":\"https:\/\/playcomp.cl\/#\/schema\/logo\/image\/\"},\"sameAs\":[\"https:\/\/www.facebook.com\/playcompchile\/\",\"https:\/\/www.instagram.com\/playcomp_capacitacion?igsh=OGtwZzBsYW5qbTF5\"]}]}<\/script>\n<!-- \/ Yoast SEO plugin. -->","yoast_head_json":{"title":"Supervisi\u00f3n Eficaz - Play Comp","robots":{"index":"index","follow":"follow","max-snippet":"max-snippet:-1","max-image-preview":"max-image-preview:large","max-video-preview":"max-video-preview:-1"},"canonical":"https:\/\/playcomp.cl\/index.php\/producto\/supervision-eficaz\/","og_locale":"es_ES","og_type":"article","og_title":"Supervisi\u00f3n Eficaz - Play Comp","og_description":"OBJETIVOS Determinar el nivel de autoestima y desarrollar la Empat\u00eda. Dotar de herramientas para escuchar activamente y mejorar la comunicaci\u00f3n. Mostrar la importancia de la comunicaci\u00f3n formal. Descubrir los aspectos que motivan al participante. Desarrollar actividades para aumentar su influencia en el personal. Identificar las funciones que debe tener un buen Supervisor. Dotar de t\u00e9cnicas...","og_url":"https:\/\/playcomp.cl\/index.php\/producto\/supervision-eficaz\/","og_site_name":"Play Comp","article_publisher":"https:\/\/www.facebook.com\/playcompchile\/","article_modified_time":"2024-10-24T18:24:25+00:00","og_image":[{"width":600,"height":600,"url":"https:\/\/playcomp.cl\/wp-content\/uploads\/2024\/05\/supervisar-reputacion-online.jpg","type":"image\/jpeg"}],"twitter_card":"summary_large_image","twitter_misc":{"Tiempo de lectura":"1 minuto"},"schema":{"@context":"https:\/\/schema.org","@graph":[{"@type":"WebPage","@id":"https:\/\/playcomp.cl\/index.php\/producto\/supervision-eficaz\/","url":"https:\/\/playcomp.cl\/index.php\/producto\/supervision-eficaz\/","name":"Supervisi\u00f3n Eficaz - Play Comp","isPartOf":{"@id":"https:\/\/playcomp.cl\/#website"},"primaryImageOfPage":{"@id":"https:\/\/playcomp.cl\/index.php\/producto\/supervision-eficaz\/#primaryimage"},"image":{"@id":"https:\/\/playcomp.cl\/index.php\/producto\/supervision-eficaz\/#primaryimage"},"thumbnailUrl":"https:\/\/playcomp.cl\/wp-content\/uploads\/2024\/05\/supervisar-reputacion-online.jpg","datePublished":"2024-05-22T19:58:59+00:00","dateModified":"2024-10-24T18:24:25+00:00","breadcrumb":{"@id":"https:\/\/playcomp.cl\/index.php\/producto\/supervision-eficaz\/#breadcrumb"},"inLanguage":"es","potentialAction":[{"@type":"ReadAction","target":["https:\/\/playcomp.cl\/index.php\/producto\/supervision-eficaz\/"]}]},{"@type":"ImageObject","inLanguage":"es","@id":"https:\/\/playcomp.cl\/index.php\/producto\/supervision-eficaz\/#primaryimage","url":"https:\/\/playcomp.cl\/wp-content\/uploads\/2024\/05\/supervisar-reputacion-online.jpg","contentUrl":"https:\/\/playcomp.cl\/wp-content\/uploads\/2024\/05\/supervisar-reputacion-online.jpg","width":600,"height":600},{"@type":"BreadcrumbList","@id":"https:\/\/playcomp.cl\/index.php\/producto\/supervision-eficaz\/#breadcrumb","itemListElement":[{"@type":"ListItem","position":1,"name":"Portada","item":"https:\/\/playcomp.cl\/"},{"@type":"ListItem","position":2,"name":"Tienda","item":"https:\/\/playcomp.cl\/index.php\/tienda\/"},{"@type":"ListItem","position":3,"name":"Supervisi\u00f3n Eficaz"}]},{"@type":"WebSite","@id":"https:\/\/playcomp.cl\/#website","url":"https:\/\/playcomp.cl\/","name":"Play Comp","description":"Organismo T\u00e9cnico de Capacitaci\u00f3n","publisher":{"@id":"https:\/\/playcomp.cl\/#organization"},"potentialAction":[{"@type":"SearchAction","target":{"@type":"EntryPoint","urlTemplate":"https:\/\/playcomp.cl\/?s={search_term_string}"},"query-input":{"@type":"PropertyValueSpecification","valueRequired":true,"valueName":"search_term_string"}}],"inLanguage":"es"},{"@type":"Organization","@id":"https:\/\/playcomp.cl\/#organization","name":"Play Comp","url":"https:\/\/playcomp.cl\/","logo":{"@type":"ImageObject","inLanguage":"es","@id":"https:\/\/playcomp.cl\/#\/schema\/logo\/image\/","url":"https:\/\/playcomp.cl\/wp-content\/uploads\/2017\/07\/Artboard-36.png","contentUrl":"https:\/\/playcomp.cl\/wp-content\/uploads\/2017\/07\/Artboard-36.png","width":423,"height":112,"caption":"Play Comp"},"image":{"@id":"https:\/\/playcomp.cl\/#\/schema\/logo\/image\/"},"sameAs":["https:\/\/www.facebook.com\/playcompchile\/","https:\/\/www.instagram.com\/playcomp_capacitacion?igsh=OGtwZzBsYW5qbTF5"]}]}},"_links":{"self":[{"href":"https:\/\/playcomp.cl\/index.php\/wp-json\/wp\/v2\/product\/9774","targetHints":{"allow":["GET"]}}],"collection":[{"href":"https:\/\/playcomp.cl\/index.php\/wp-json\/wp\/v2\/product"}],"about":[{"href":"https:\/\/playcomp.cl\/index.php\/wp-json\/wp\/v2\/types\/product"}],"wp:featuredmedia":[{"embeddable":true,"href":"https:\/\/playcomp.cl\/index.php\/wp-json\/wp\/v2\/media\/10363"}],"wp:attachment":[{"href":"https:\/\/playcomp.cl\/index.php\/wp-json\/wp\/v2\/media?parent=9774"}],"wp:term":[{"taxonomy":"product_brand","embeddable":true,"href":"https:\/\/playcomp.cl\/index.php\/wp-json\/wp\/v2\/product_brand?post=9774"},{"taxonomy":"product_cat","embeddable":true,"href":"https:\/\/playcomp.cl\/index.php\/wp-json\/wp\/v2\/product_cat?post=9774"},{"taxonomy":"product_tag","embeddable":true,"href":"https:\/\/playcomp.cl\/index.php\/wp-json\/wp\/v2\/product_tag?post=9774"}],"curies":[{"name":"wp","href":"https:\/\/api.w.org\/{rel}","templated":true}]}}