{"id":9769,"date":"2024-05-22T16:54:25","date_gmt":"2024-05-22T19:54:25","guid":{"rendered":"https:\/\/playcomp.cl\/?post_type=product&#038;p=9769"},"modified":"2024-10-24T17:35:10","modified_gmt":"2024-10-24T20:35:10","slug":"presentaciones-efectivas","status":"publish","type":"product","link":"https:\/\/playcomp.cl\/index.php\/producto\/presentaciones-efectivas\/","title":{"rendered":"Presentaciones Efectivas"},"content":{"rendered":"<p><strong>OBJETIVO GENERAL<\/strong><\/p>\n<p>Desarrollar una mayor confianza y seguridad en las T\u00e9cnicas de Presentaci\u00f3n de los participantes, dot\u00e1ndoles de herramientas que les permitan un mejor control del estr\u00e9s y la ansiedad.<\/p>\n<p><strong>OBJETIVOS ESPEC\u00cdFICOS<\/strong><\/p>\n<ul>\n<li>Identificar el estilo de cada uno de los participantes, desarrollando y potenciando aquellas habilidades que le convierten en un orador eficaz.<\/li>\n<li>Facilitar el que los participantes manejen la estructura y desarrollo del discurso de forma tal que \u00e9ste sea captado, y recordado, por la audiencia, tanto si se trata de Conferencias como de presentaciones comerciales, de negocios, charlas, presentaci\u00f3n de un proyecto, etc.<\/li>\n<li>Desarrollar una serie de habilidades espec\u00edficas en el terreno de la comunicaci\u00f3n que permitan al participante mejorar su capacidad para hablar en p\u00fablico.<\/li>\n<li>Poner en pr\u00e1ctica lo anteriormente descrito mediante ejercicios pr\u00e1cticos de simulaci\u00f3n, puesta en com\u00fan de presentaciones, role-playing, videos, etc.<\/li>\n<\/ul>\n<p><strong>CONTENIDOS<\/strong><\/p>\n<p>1.- La Actitud Proactiva Del Presentador V\/S La Orientaci\u00f3n A La Audiencia.<\/p>\n<ul>\n<li>La Expresi\u00f3n Eficaz Como Actitud.<\/li>\n<li>Objetivos de la presentaci\u00f3n<\/li>\n<li>Etapas de la Presentaci\u00f3n<\/li>\n<li>Tipos de Comunicaci\u00f3n<\/li>\n<li>Uso Del Vocabulario<\/li>\n<li>T\u00e9cnicas de presentaci\u00f3n efectiva<\/li>\n<li>Desarrollo de discursos cautivadores<\/li>\n<li>Uso De La Comunicaci\u00f3n No Verbal Del \u00c1mbito Gestual: Gestos, Movimientos Y Posiciones. &#8211; Prox\u00e9mica Y Uso Del Espacio.<\/li>\n<li>La Dramatizaci\u00f3n Y El Humor.<\/li>\n<li>El Manejo De La Respiraci\u00f3n Y La Voz: Tono, Velocidad, Ritmo Expresi\u00f3n De Ideas O Palabras Claves.<\/li>\n<li>Uso De Notas Y de esquemas. &#8211; resumen de ideas.<\/li>\n<li>Uso Visual Funcional Del Power Point<\/li>\n<li>Recursos did\u00e1cticos<\/li>\n<li>Materiales para el participante<\/li>\n<li>Manejo de la tensi\u00f3n antes, durante y luego de alguna presentaci\u00f3n<\/li>\n<\/ul>\n<p>2.- T\u00e9cnicas De Preguntas Y Persuasi\u00f3n<\/p>\n<ul>\n<li>Conducci\u00f3n de grupos<\/li>\n<li>Manejo de grupos dif\u00edciles<\/li>\n<li>Tipolog\u00edas de participantes<\/li>\n<li>El Poder Dentro De La Comunicaci\u00f3n: Influencia (O Persuasi\u00f3n) Versus Manipulaci\u00f3n.<\/li>\n<li>Preguntas Cerradas De S\u00ed O No.<\/li>\n<li>Preguntas Con Alternativas. \u2013<\/li>\n<li>Preguntas Abiertas.<\/li>\n<li>Preguntas Dirigidas.<\/li>\n<li>Preguntas-Resumen.<\/li>\n<\/ul>\n<p>3.- La Escucha Activa, Empat\u00eda Y La Asertividad<\/p>\n<ul>\n<li>El Buen Presentador Como Buen Receptor.<\/li>\n<li>Escucha Activa Y C\u00f3mo Aplicarla En Una Presentaci\u00f3n.<\/li>\n<li>Empat\u00eda Y C\u00f3mo Aplicarla En Una Presentaci\u00f3n.<\/li>\n<li>El Buen Presentador Como Buen Manejador De Conflictos.<\/li>\n<li>Asertividad Y C\u00f3mo Aplicarla En Una Presentaci\u00f3n.<\/li>\n<\/ul>\n","protected":false},"excerpt":{"rendered":"<p>OBJETIVO GENERAL Desarrollar una mayor confianza y seguridad en las T\u00e9cnicas de Presentaci\u00f3n de los participantes, dot\u00e1ndoles de herramientas que les permitan un mejor control del estr\u00e9s y la ansiedad. OBJETIVOS ESPEC\u00cdFICOS Identificar el estilo de cada uno de los participantes, desarrollando y potenciando aquellas habilidades que le convierten en un orador eficaz. Facilitar el&#8230;<\/p>\n","protected":false},"featured_media":10413,"template":"","meta":{"_acf_changed":false},"product_brand":[],"product_cat":[127],"product_tag":[],"class_list":{"0":"post-9769","1":"product","2":"type-product","3":"status-publish","4":"has-post-thumbnail","6":"product_cat-area-administracion","8":"first","9":"instock","10":"shipping-taxable","11":"product-type-simple"},"acf":[],"yoast_head":"<!-- This site is optimized with the Yoast SEO plugin v24.8.1 - https:\/\/yoast.com\/wordpress\/plugins\/seo\/ -->\n<title>Presentaciones Efectivas - Play Comp<\/title>\n<meta name=\"robots\" content=\"index, follow, max-snippet:-1, max-image-preview:large, max-video-preview:-1\" \/>\n<link rel=\"canonical\" href=\"https:\/\/playcomp.cl\/index.php\/producto\/presentaciones-efectivas\/\" \/>\n<meta property=\"og:locale\" content=\"es_ES\" \/>\n<meta property=\"og:type\" content=\"article\" \/>\n<meta property=\"og:title\" content=\"Presentaciones Efectivas - Play Comp\" \/>\n<meta property=\"og:description\" content=\"OBJETIVO GENERAL Desarrollar una mayor confianza y seguridad en las T\u00e9cnicas de Presentaci\u00f3n de los participantes, dot\u00e1ndoles de herramientas que les permitan un mejor control del estr\u00e9s y la ansiedad. OBJETIVOS ESPEC\u00cdFICOS Identificar el estilo de cada uno de los participantes, desarrollando y potenciando aquellas habilidades que le convierten en un orador eficaz. Facilitar el...\" \/>\n<meta property=\"og:url\" content=\"https:\/\/playcomp.cl\/index.php\/producto\/presentaciones-efectivas\/\" \/>\n<meta property=\"og:site_name\" content=\"Play Comp\" \/>\n<meta property=\"article:publisher\" content=\"https:\/\/www.facebook.com\/playcompchile\/\" \/>\n<meta property=\"article:modified_time\" content=\"2024-10-24T20:35:10+00:00\" \/>\n<meta property=\"og:image\" content=\"https:\/\/playcomp.cl\/wp-content\/uploads\/2024\/05\/4.jpg\" \/>\n\t<meta property=\"og:image:width\" content=\"1322\" \/>\n\t<meta property=\"og:image:height\" content=\"1321\" \/>\n\t<meta property=\"og:image:type\" content=\"image\/jpeg\" \/>\n<meta name=\"twitter:card\" content=\"summary_large_image\" \/>\n<meta name=\"twitter:label1\" content=\"Tiempo de lectura\" \/>\n\t<meta name=\"twitter:data1\" content=\"2 minutos\" \/>\n<script type=\"application\/ld+json\" class=\"yoast-schema-graph\">{\"@context\":\"https:\/\/schema.org\",\"@graph\":[{\"@type\":\"WebPage\",\"@id\":\"https:\/\/playcomp.cl\/index.php\/producto\/presentaciones-efectivas\/\",\"url\":\"https:\/\/playcomp.cl\/index.php\/producto\/presentaciones-efectivas\/\",\"name\":\"Presentaciones Efectivas - Play Comp\",\"isPartOf\":{\"@id\":\"https:\/\/playcomp.cl\/#website\"},\"primaryImageOfPage\":{\"@id\":\"https:\/\/playcomp.cl\/index.php\/producto\/presentaciones-efectivas\/#primaryimage\"},\"image\":{\"@id\":\"https:\/\/playcomp.cl\/index.php\/producto\/presentaciones-efectivas\/#primaryimage\"},\"thumbnailUrl\":\"https:\/\/playcomp.cl\/wp-content\/uploads\/2024\/05\/4.jpg\",\"datePublished\":\"2024-05-22T19:54:25+00:00\",\"dateModified\":\"2024-10-24T20:35:10+00:00\",\"breadcrumb\":{\"@id\":\"https:\/\/playcomp.cl\/index.php\/producto\/presentaciones-efectivas\/#breadcrumb\"},\"inLanguage\":\"es\",\"potentialAction\":[{\"@type\":\"ReadAction\",\"target\":[\"https:\/\/playcomp.cl\/index.php\/producto\/presentaciones-efectivas\/\"]}]},{\"@type\":\"ImageObject\",\"inLanguage\":\"es\",\"@id\":\"https:\/\/playcomp.cl\/index.php\/producto\/presentaciones-efectivas\/#primaryimage\",\"url\":\"https:\/\/playcomp.cl\/wp-content\/uploads\/2024\/05\/4.jpg\",\"contentUrl\":\"https:\/\/playcomp.cl\/wp-content\/uploads\/2024\/05\/4.jpg\",\"width\":1322,\"height\":1321},{\"@type\":\"BreadcrumbList\",\"@id\":\"https:\/\/playcomp.cl\/index.php\/producto\/presentaciones-efectivas\/#breadcrumb\",\"itemListElement\":[{\"@type\":\"ListItem\",\"position\":1,\"name\":\"Portada\",\"item\":\"https:\/\/playcomp.cl\/\"},{\"@type\":\"ListItem\",\"position\":2,\"name\":\"Tienda\",\"item\":\"https:\/\/playcomp.cl\/index.php\/tienda\/\"},{\"@type\":\"ListItem\",\"position\":3,\"name\":\"Presentaciones Efectivas\"}]},{\"@type\":\"WebSite\",\"@id\":\"https:\/\/playcomp.cl\/#website\",\"url\":\"https:\/\/playcomp.cl\/\",\"name\":\"Play Comp\",\"description\":\"Organismo T\u00e9cnico de Capacitaci\u00f3n\",\"publisher\":{\"@id\":\"https:\/\/playcomp.cl\/#organization\"},\"potentialAction\":[{\"@type\":\"SearchAction\",\"target\":{\"@type\":\"EntryPoint\",\"urlTemplate\":\"https:\/\/playcomp.cl\/?s={search_term_string}\"},\"query-input\":{\"@type\":\"PropertyValueSpecification\",\"valueRequired\":true,\"valueName\":\"search_term_string\"}}],\"inLanguage\":\"es\"},{\"@type\":\"Organization\",\"@id\":\"https:\/\/playcomp.cl\/#organization\",\"name\":\"Play Comp\",\"url\":\"https:\/\/playcomp.cl\/\",\"logo\":{\"@type\":\"ImageObject\",\"inLanguage\":\"es\",\"@id\":\"https:\/\/playcomp.cl\/#\/schema\/logo\/image\/\",\"url\":\"https:\/\/playcomp.cl\/wp-content\/uploads\/2017\/07\/Artboard-36.png\",\"contentUrl\":\"https:\/\/playcomp.cl\/wp-content\/uploads\/2017\/07\/Artboard-36.png\",\"width\":423,\"height\":112,\"caption\":\"Play Comp\"},\"image\":{\"@id\":\"https:\/\/playcomp.cl\/#\/schema\/logo\/image\/\"},\"sameAs\":[\"https:\/\/www.facebook.com\/playcompchile\/\",\"https:\/\/www.instagram.com\/playcomp_capacitacion?igsh=OGtwZzBsYW5qbTF5\"]}]}<\/script>\n<!-- \/ Yoast SEO plugin. -->","yoast_head_json":{"title":"Presentaciones Efectivas - Play Comp","robots":{"index":"index","follow":"follow","max-snippet":"max-snippet:-1","max-image-preview":"max-image-preview:large","max-video-preview":"max-video-preview:-1"},"canonical":"https:\/\/playcomp.cl\/index.php\/producto\/presentaciones-efectivas\/","og_locale":"es_ES","og_type":"article","og_title":"Presentaciones Efectivas - Play Comp","og_description":"OBJETIVO GENERAL Desarrollar una mayor confianza y seguridad en las T\u00e9cnicas de Presentaci\u00f3n de los participantes, dot\u00e1ndoles de herramientas que les permitan un mejor control del estr\u00e9s y la ansiedad. OBJETIVOS ESPEC\u00cdFICOS Identificar el estilo de cada uno de los participantes, desarrollando y potenciando aquellas habilidades que le convierten en un orador eficaz. Facilitar el...","og_url":"https:\/\/playcomp.cl\/index.php\/producto\/presentaciones-efectivas\/","og_site_name":"Play Comp","article_publisher":"https:\/\/www.facebook.com\/playcompchile\/","article_modified_time":"2024-10-24T20:35:10+00:00","og_image":[{"width":1322,"height":1321,"url":"https:\/\/playcomp.cl\/wp-content\/uploads\/2024\/05\/4.jpg","type":"image\/jpeg"}],"twitter_card":"summary_large_image","twitter_misc":{"Tiempo de lectura":"2 minutos"},"schema":{"@context":"https:\/\/schema.org","@graph":[{"@type":"WebPage","@id":"https:\/\/playcomp.cl\/index.php\/producto\/presentaciones-efectivas\/","url":"https:\/\/playcomp.cl\/index.php\/producto\/presentaciones-efectivas\/","name":"Presentaciones Efectivas - Play Comp","isPartOf":{"@id":"https:\/\/playcomp.cl\/#website"},"primaryImageOfPage":{"@id":"https:\/\/playcomp.cl\/index.php\/producto\/presentaciones-efectivas\/#primaryimage"},"image":{"@id":"https:\/\/playcomp.cl\/index.php\/producto\/presentaciones-efectivas\/#primaryimage"},"thumbnailUrl":"https:\/\/playcomp.cl\/wp-content\/uploads\/2024\/05\/4.jpg","datePublished":"2024-05-22T19:54:25+00:00","dateModified":"2024-10-24T20:35:10+00:00","breadcrumb":{"@id":"https:\/\/playcomp.cl\/index.php\/producto\/presentaciones-efectivas\/#breadcrumb"},"inLanguage":"es","potentialAction":[{"@type":"ReadAction","target":["https:\/\/playcomp.cl\/index.php\/producto\/presentaciones-efectivas\/"]}]},{"@type":"ImageObject","inLanguage":"es","@id":"https:\/\/playcomp.cl\/index.php\/producto\/presentaciones-efectivas\/#primaryimage","url":"https:\/\/playcomp.cl\/wp-content\/uploads\/2024\/05\/4.jpg","contentUrl":"https:\/\/playcomp.cl\/wp-content\/uploads\/2024\/05\/4.jpg","width":1322,"height":1321},{"@type":"BreadcrumbList","@id":"https:\/\/playcomp.cl\/index.php\/producto\/presentaciones-efectivas\/#breadcrumb","itemListElement":[{"@type":"ListItem","position":1,"name":"Portada","item":"https:\/\/playcomp.cl\/"},{"@type":"ListItem","position":2,"name":"Tienda","item":"https:\/\/playcomp.cl\/index.php\/tienda\/"},{"@type":"ListItem","position":3,"name":"Presentaciones Efectivas"}]},{"@type":"WebSite","@id":"https:\/\/playcomp.cl\/#website","url":"https:\/\/playcomp.cl\/","name":"Play Comp","description":"Organismo T\u00e9cnico de Capacitaci\u00f3n","publisher":{"@id":"https:\/\/playcomp.cl\/#organization"},"potentialAction":[{"@type":"SearchAction","target":{"@type":"EntryPoint","urlTemplate":"https:\/\/playcomp.cl\/?s={search_term_string}"},"query-input":{"@type":"PropertyValueSpecification","valueRequired":true,"valueName":"search_term_string"}}],"inLanguage":"es"},{"@type":"Organization","@id":"https:\/\/playcomp.cl\/#organization","name":"Play Comp","url":"https:\/\/playcomp.cl\/","logo":{"@type":"ImageObject","inLanguage":"es","@id":"https:\/\/playcomp.cl\/#\/schema\/logo\/image\/","url":"https:\/\/playcomp.cl\/wp-content\/uploads\/2017\/07\/Artboard-36.png","contentUrl":"https:\/\/playcomp.cl\/wp-content\/uploads\/2017\/07\/Artboard-36.png","width":423,"height":112,"caption":"Play Comp"},"image":{"@id":"https:\/\/playcomp.cl\/#\/schema\/logo\/image\/"},"sameAs":["https:\/\/www.facebook.com\/playcompchile\/","https:\/\/www.instagram.com\/playcomp_capacitacion?igsh=OGtwZzBsYW5qbTF5"]}]}},"_links":{"self":[{"href":"https:\/\/playcomp.cl\/index.php\/wp-json\/wp\/v2\/product\/9769","targetHints":{"allow":["GET"]}}],"collection":[{"href":"https:\/\/playcomp.cl\/index.php\/wp-json\/wp\/v2\/product"}],"about":[{"href":"https:\/\/playcomp.cl\/index.php\/wp-json\/wp\/v2\/types\/product"}],"wp:featuredmedia":[{"embeddable":true,"href":"https:\/\/playcomp.cl\/index.php\/wp-json\/wp\/v2\/media\/10413"}],"wp:attachment":[{"href":"https:\/\/playcomp.cl\/index.php\/wp-json\/wp\/v2\/media?parent=9769"}],"wp:term":[{"taxonomy":"product_brand","embeddable":true,"href":"https:\/\/playcomp.cl\/index.php\/wp-json\/wp\/v2\/product_brand?post=9769"},{"taxonomy":"product_cat","embeddable":true,"href":"https:\/\/playcomp.cl\/index.php\/wp-json\/wp\/v2\/product_cat?post=9769"},{"taxonomy":"product_tag","embeddable":true,"href":"https:\/\/playcomp.cl\/index.php\/wp-json\/wp\/v2\/product_tag?post=9769"}],"curies":[{"name":"wp","href":"https:\/\/api.w.org\/{rel}","templated":true}]}}