{"id":9749,"date":"2024-05-22T16:37:47","date_gmt":"2024-05-22T19:37:47","guid":{"rendered":"https:\/\/playcomp.cl\/?post_type=product&#038;p=9749"},"modified":"2024-10-24T17:50:07","modified_gmt":"2024-10-24T20:50:07","slug":"liderazgo","status":"publish","type":"product","link":"https:\/\/playcomp.cl\/index.php\/producto\/liderazgo\/","title":{"rendered":"Liderazgo"},"content":{"rendered":"<p><strong>OBJETIVO<\/strong><\/p>\n<p>Interiorizar elementos que caracterizan un liderazgo positivo y badquirir herramientas que potencien la relaci\u00f3n laboral con sus pares y colaboradores para mejorar la comunicaci\u00f3n, el ambiente de trabajo y aumentar la productividad.<\/p>\n<p><strong>CONTENIDOS<\/strong><\/p>\n<p><strong>1. AUTOESTIMA<\/strong><\/p>\n<ul>\n<li>Definiciones<\/li>\n<li>Elementos formadores de una alta autoestima<\/li>\n<\/ul>\n<p><strong>2. PERCEPCI\u00d3N &#8211; INTELIGENCIA EMOCIONAL &#8211; COMUNICACI\u00d3N<\/strong><\/p>\n<ul>\n<li>Comunicaci\u00f3n asertiva<\/li>\n<li>Escucha activa<\/li>\n<li>Lenguaje gestual<\/li>\n<\/ul>\n<p><strong>3. EMPAT\u00cdA, VALORES PERSONALES, ORGANIZACIONALES Y MOTIVACI\u00d3N<\/strong><\/p>\n<ul>\n<li>Tipos<\/li>\n<li>Niveles<\/li>\n<li>Motivaci\u00f3n al Logro<\/li>\n<\/ul>\n<p><strong>4. LIDERAZGO<\/strong><\/p>\n<ul>\n<li>Tipos de liderazgo<\/li>\n<li>Caracter\u00edsticas de un l\u00edder<\/li>\n<li>L\u00edder vs Jefe<\/li>\n<li>Formaci\u00f3n de Lideres emergentes<\/li>\n<li>Grill Supervisorio<\/li>\n<\/ul>\n<p><strong>5. EQUIPOS DE TRABAJO<\/strong><\/p>\n<ul>\n<li>Como conformarlos<\/li>\n<li>Participaci\u00f3n<\/li>\n<\/ul>\n<p><strong>6. ROLES EN UN EQUIPO DE TRABAJO<\/strong><\/p>\n<ul>\n<li>Roles de Belb\u00edn<\/li>\n<\/ul>\n<p><strong>7. PLANIFICACI\u00d3N<\/strong><\/p>\n<ul>\n<li>Niveles en la Planificaci\u00f3n<\/li>\n<li>Planteamiento de objetivos<\/li>\n<li>Organizar<\/li>\n<\/ul>\n<p><strong>8. ADMINISTRACI\u00d3N EFECTIVA DEL TIEMPO LO URGENTE Y LO IMPORTANTE<\/strong><\/p>\n<ul>\n<li>Matriz de la Urgencia<\/li>\n<\/ul>\n<p><strong>9. T\u00c9CNICAS OPERATIVAS PARA REFORZAR EL LIDERAZGO MAXIMIZANDO LA PRODUCTIVIDAD<\/strong><\/p>\n<ul>\n<li>Reuniones diarias de planificaci\u00f3n<\/li>\n<li>Reuniones semanales de seguimiento<\/li>\n<li>Uso de carteleras<\/li>\n<li>Retroalimentaci\u00f3n<\/li>\n<li>Buz\u00f3n de sugerencias<\/li>\n<li>Cumplea\u00f1eros del mes<\/li>\n<li>Reconocimientos al logro y desempe\u00f1o<\/li>\n<li>Cronograma de Capacitaci\u00f3n del personal<\/li>\n<li>Buena comunicaci\u00f3n con l\u00edderes sindicales<\/li>\n<\/ul>\n","protected":false},"excerpt":{"rendered":"<p>OBJETIVO Interiorizar elementos que caracterizan un liderazgo positivo y badquirir herramientas que potencien la relaci\u00f3n laboral con sus pares y colaboradores para mejorar la comunicaci\u00f3n, el ambiente de trabajo y aumentar la productividad. CONTENIDOS 1. AUTOESTIMA Definiciones Elementos formadores de una alta autoestima 2. PERCEPCI\u00d3N &#8211; INTELIGENCIA EMOCIONAL &#8211; COMUNICACI\u00d3N Comunicaci\u00f3n asertiva Escucha activa Lenguaje&#8230;<\/p>\n","protected":false},"featured_media":10415,"template":"","meta":{"_acf_changed":false},"product_brand":[],"product_cat":[127],"product_tag":[],"class_list":{"0":"post-9749","1":"product","2":"type-product","3":"status-publish","4":"has-post-thumbnail","6":"product_cat-area-administracion","8":"first","9":"instock","10":"shipping-taxable","11":"product-type-simple"},"acf":[],"yoast_head":"<!-- This site is optimized with the Yoast SEO plugin v24.8.1 - https:\/\/yoast.com\/wordpress\/plugins\/seo\/ -->\n<title>Liderazgo - Play Comp<\/title>\n<meta name=\"robots\" content=\"index, follow, max-snippet:-1, max-image-preview:large, max-video-preview:-1\" \/>\n<link rel=\"canonical\" href=\"https:\/\/playcomp.cl\/index.php\/producto\/liderazgo\/\" \/>\n<meta property=\"og:locale\" content=\"es_ES\" \/>\n<meta property=\"og:type\" content=\"article\" \/>\n<meta property=\"og:title\" content=\"Liderazgo - Play Comp\" \/>\n<meta property=\"og:description\" content=\"OBJETIVO Interiorizar elementos que caracterizan un liderazgo positivo y badquirir herramientas que potencien la relaci\u00f3n laboral con sus pares y colaboradores para mejorar la comunicaci\u00f3n, el ambiente de trabajo y aumentar la productividad. CONTENIDOS 1. AUTOESTIMA Definiciones Elementos formadores de una alta autoestima 2. PERCEPCI\u00d3N &#8211; INTELIGENCIA EMOCIONAL &#8211; COMUNICACI\u00d3N Comunicaci\u00f3n asertiva Escucha activa Lenguaje...\" \/>\n<meta property=\"og:url\" content=\"https:\/\/playcomp.cl\/index.php\/producto\/liderazgo\/\" \/>\n<meta property=\"og:site_name\" content=\"Play Comp\" \/>\n<meta property=\"article:publisher\" content=\"https:\/\/www.facebook.com\/playcompchile\/\" \/>\n<meta property=\"article:modified_time\" content=\"2024-10-24T20:50:07+00:00\" \/>\n<meta property=\"og:image\" content=\"https:\/\/playcomp.cl\/wp-content\/uploads\/2024\/05\/Sin-titulo-4.png\" \/>\n\t<meta property=\"og:image:width\" content=\"772\" \/>\n\t<meta property=\"og:image:height\" content=\"772\" \/>\n\t<meta property=\"og:image:type\" content=\"image\/png\" \/>\n<meta name=\"twitter:card\" content=\"summary_large_image\" \/>\n<meta name=\"twitter:label1\" content=\"Tiempo de lectura\" \/>\n\t<meta name=\"twitter:data1\" content=\"1 minuto\" \/>\n<script type=\"application\/ld+json\" class=\"yoast-schema-graph\">{\"@context\":\"https:\/\/schema.org\",\"@graph\":[{\"@type\":\"WebPage\",\"@id\":\"https:\/\/playcomp.cl\/index.php\/producto\/liderazgo\/\",\"url\":\"https:\/\/playcomp.cl\/index.php\/producto\/liderazgo\/\",\"name\":\"Liderazgo - Play Comp\",\"isPartOf\":{\"@id\":\"https:\/\/playcomp.cl\/#website\"},\"primaryImageOfPage\":{\"@id\":\"https:\/\/playcomp.cl\/index.php\/producto\/liderazgo\/#primaryimage\"},\"image\":{\"@id\":\"https:\/\/playcomp.cl\/index.php\/producto\/liderazgo\/#primaryimage\"},\"thumbnailUrl\":\"https:\/\/playcomp.cl\/wp-content\/uploads\/2024\/05\/Sin-titulo-4.png\",\"datePublished\":\"2024-05-22T19:37:47+00:00\",\"dateModified\":\"2024-10-24T20:50:07+00:00\",\"breadcrumb\":{\"@id\":\"https:\/\/playcomp.cl\/index.php\/producto\/liderazgo\/#breadcrumb\"},\"inLanguage\":\"es\",\"potentialAction\":[{\"@type\":\"ReadAction\",\"target\":[\"https:\/\/playcomp.cl\/index.php\/producto\/liderazgo\/\"]}]},{\"@type\":\"ImageObject\",\"inLanguage\":\"es\",\"@id\":\"https:\/\/playcomp.cl\/index.php\/producto\/liderazgo\/#primaryimage\",\"url\":\"https:\/\/playcomp.cl\/wp-content\/uploads\/2024\/05\/Sin-titulo-4.png\",\"contentUrl\":\"https:\/\/playcomp.cl\/wp-content\/uploads\/2024\/05\/Sin-titulo-4.png\",\"width\":772,\"height\":772},{\"@type\":\"BreadcrumbList\",\"@id\":\"https:\/\/playcomp.cl\/index.php\/producto\/liderazgo\/#breadcrumb\",\"itemListElement\":[{\"@type\":\"ListItem\",\"position\":1,\"name\":\"Portada\",\"item\":\"https:\/\/playcomp.cl\/\"},{\"@type\":\"ListItem\",\"position\":2,\"name\":\"Tienda\",\"item\":\"https:\/\/playcomp.cl\/index.php\/tienda\/\"},{\"@type\":\"ListItem\",\"position\":3,\"name\":\"Liderazgo\"}]},{\"@type\":\"WebSite\",\"@id\":\"https:\/\/playcomp.cl\/#website\",\"url\":\"https:\/\/playcomp.cl\/\",\"name\":\"Play Comp\",\"description\":\"Organismo T\u00e9cnico de Capacitaci\u00f3n\",\"publisher\":{\"@id\":\"https:\/\/playcomp.cl\/#organization\"},\"potentialAction\":[{\"@type\":\"SearchAction\",\"target\":{\"@type\":\"EntryPoint\",\"urlTemplate\":\"https:\/\/playcomp.cl\/?s={search_term_string}\"},\"query-input\":{\"@type\":\"PropertyValueSpecification\",\"valueRequired\":true,\"valueName\":\"search_term_string\"}}],\"inLanguage\":\"es\"},{\"@type\":\"Organization\",\"@id\":\"https:\/\/playcomp.cl\/#organization\",\"name\":\"Play Comp\",\"url\":\"https:\/\/playcomp.cl\/\",\"logo\":{\"@type\":\"ImageObject\",\"inLanguage\":\"es\",\"@id\":\"https:\/\/playcomp.cl\/#\/schema\/logo\/image\/\",\"url\":\"https:\/\/playcomp.cl\/wp-content\/uploads\/2017\/07\/Artboard-36.png\",\"contentUrl\":\"https:\/\/playcomp.cl\/wp-content\/uploads\/2017\/07\/Artboard-36.png\",\"width\":423,\"height\":112,\"caption\":\"Play Comp\"},\"image\":{\"@id\":\"https:\/\/playcomp.cl\/#\/schema\/logo\/image\/\"},\"sameAs\":[\"https:\/\/www.facebook.com\/playcompchile\/\",\"https:\/\/www.instagram.com\/playcomp_capacitacion?igsh=OGtwZzBsYW5qbTF5\"]}]}<\/script>\n<!-- \/ Yoast SEO plugin. -->","yoast_head_json":{"title":"Liderazgo - Play Comp","robots":{"index":"index","follow":"follow","max-snippet":"max-snippet:-1","max-image-preview":"max-image-preview:large","max-video-preview":"max-video-preview:-1"},"canonical":"https:\/\/playcomp.cl\/index.php\/producto\/liderazgo\/","og_locale":"es_ES","og_type":"article","og_title":"Liderazgo - Play Comp","og_description":"OBJETIVO Interiorizar elementos que caracterizan un liderazgo positivo y badquirir herramientas que potencien la relaci\u00f3n laboral con sus pares y colaboradores para mejorar la comunicaci\u00f3n, el ambiente de trabajo y aumentar la productividad. CONTENIDOS 1. AUTOESTIMA Definiciones Elementos formadores de una alta autoestima 2. PERCEPCI\u00d3N &#8211; INTELIGENCIA EMOCIONAL &#8211; COMUNICACI\u00d3N Comunicaci\u00f3n asertiva Escucha activa Lenguaje...","og_url":"https:\/\/playcomp.cl\/index.php\/producto\/liderazgo\/","og_site_name":"Play Comp","article_publisher":"https:\/\/www.facebook.com\/playcompchile\/","article_modified_time":"2024-10-24T20:50:07+00:00","og_image":[{"width":772,"height":772,"url":"https:\/\/playcomp.cl\/wp-content\/uploads\/2024\/05\/Sin-titulo-4.png","type":"image\/png"}],"twitter_card":"summary_large_image","twitter_misc":{"Tiempo de lectura":"1 minuto"},"schema":{"@context":"https:\/\/schema.org","@graph":[{"@type":"WebPage","@id":"https:\/\/playcomp.cl\/index.php\/producto\/liderazgo\/","url":"https:\/\/playcomp.cl\/index.php\/producto\/liderazgo\/","name":"Liderazgo - Play Comp","isPartOf":{"@id":"https:\/\/playcomp.cl\/#website"},"primaryImageOfPage":{"@id":"https:\/\/playcomp.cl\/index.php\/producto\/liderazgo\/#primaryimage"},"image":{"@id":"https:\/\/playcomp.cl\/index.php\/producto\/liderazgo\/#primaryimage"},"thumbnailUrl":"https:\/\/playcomp.cl\/wp-content\/uploads\/2024\/05\/Sin-titulo-4.png","datePublished":"2024-05-22T19:37:47+00:00","dateModified":"2024-10-24T20:50:07+00:00","breadcrumb":{"@id":"https:\/\/playcomp.cl\/index.php\/producto\/liderazgo\/#breadcrumb"},"inLanguage":"es","potentialAction":[{"@type":"ReadAction","target":["https:\/\/playcomp.cl\/index.php\/producto\/liderazgo\/"]}]},{"@type":"ImageObject","inLanguage":"es","@id":"https:\/\/playcomp.cl\/index.php\/producto\/liderazgo\/#primaryimage","url":"https:\/\/playcomp.cl\/wp-content\/uploads\/2024\/05\/Sin-titulo-4.png","contentUrl":"https:\/\/playcomp.cl\/wp-content\/uploads\/2024\/05\/Sin-titulo-4.png","width":772,"height":772},{"@type":"BreadcrumbList","@id":"https:\/\/playcomp.cl\/index.php\/producto\/liderazgo\/#breadcrumb","itemListElement":[{"@type":"ListItem","position":1,"name":"Portada","item":"https:\/\/playcomp.cl\/"},{"@type":"ListItem","position":2,"name":"Tienda","item":"https:\/\/playcomp.cl\/index.php\/tienda\/"},{"@type":"ListItem","position":3,"name":"Liderazgo"}]},{"@type":"WebSite","@id":"https:\/\/playcomp.cl\/#website","url":"https:\/\/playcomp.cl\/","name":"Play Comp","description":"Organismo T\u00e9cnico de Capacitaci\u00f3n","publisher":{"@id":"https:\/\/playcomp.cl\/#organization"},"potentialAction":[{"@type":"SearchAction","target":{"@type":"EntryPoint","urlTemplate":"https:\/\/playcomp.cl\/?s={search_term_string}"},"query-input":{"@type":"PropertyValueSpecification","valueRequired":true,"valueName":"search_term_string"}}],"inLanguage":"es"},{"@type":"Organization","@id":"https:\/\/playcomp.cl\/#organization","name":"Play Comp","url":"https:\/\/playcomp.cl\/","logo":{"@type":"ImageObject","inLanguage":"es","@id":"https:\/\/playcomp.cl\/#\/schema\/logo\/image\/","url":"https:\/\/playcomp.cl\/wp-content\/uploads\/2017\/07\/Artboard-36.png","contentUrl":"https:\/\/playcomp.cl\/wp-content\/uploads\/2017\/07\/Artboard-36.png","width":423,"height":112,"caption":"Play Comp"},"image":{"@id":"https:\/\/playcomp.cl\/#\/schema\/logo\/image\/"},"sameAs":["https:\/\/www.facebook.com\/playcompchile\/","https:\/\/www.instagram.com\/playcomp_capacitacion?igsh=OGtwZzBsYW5qbTF5"]}]}},"_links":{"self":[{"href":"https:\/\/playcomp.cl\/index.php\/wp-json\/wp\/v2\/product\/9749","targetHints":{"allow":["GET"]}}],"collection":[{"href":"https:\/\/playcomp.cl\/index.php\/wp-json\/wp\/v2\/product"}],"about":[{"href":"https:\/\/playcomp.cl\/index.php\/wp-json\/wp\/v2\/types\/product"}],"wp:featuredmedia":[{"embeddable":true,"href":"https:\/\/playcomp.cl\/index.php\/wp-json\/wp\/v2\/media\/10415"}],"wp:attachment":[{"href":"https:\/\/playcomp.cl\/index.php\/wp-json\/wp\/v2\/media?parent=9749"}],"wp:term":[{"taxonomy":"product_brand","embeddable":true,"href":"https:\/\/playcomp.cl\/index.php\/wp-json\/wp\/v2\/product_brand?post=9749"},{"taxonomy":"product_cat","embeddable":true,"href":"https:\/\/playcomp.cl\/index.php\/wp-json\/wp\/v2\/product_cat?post=9749"},{"taxonomy":"product_tag","embeddable":true,"href":"https:\/\/playcomp.cl\/index.php\/wp-json\/wp\/v2\/product_tag?post=9749"}],"curies":[{"name":"wp","href":"https:\/\/api.w.org\/{rel}","templated":true}]}}