{"id":9747,"date":"2024-05-22T16:36:23","date_gmt":"2024-05-22T19:36:23","guid":{"rendered":"https:\/\/playcomp.cl\/?post_type=product&#038;p=9747"},"modified":"2024-10-24T15:56:02","modified_gmt":"2024-10-24T18:56:02","slug":"legislacion-laboral-y-remuneraciones","status":"publish","type":"product","link":"https:\/\/playcomp.cl\/index.php\/producto\/legislacion-laboral-y-remuneraciones\/","title":{"rendered":"Legislaci\u00f3n Laboral y Remuneraciones"},"content":{"rendered":"<p><strong>DESCRIPCI\u00d3N<\/strong><\/p>\n<p>Al finalizar el curso la meta fundamental es que los participantes logren establecer un proceso de acercamiento con el marco jur\u00eddico enfocado al sector laboral, espec\u00edficamente lo que concierne a la relaci\u00f3n entre trabajadores y empleadores, identificando los distintos puntos de conflicto que surgen de la relaci\u00f3n contractual, como enfrentarlos y darles una soluci\u00f3n adecuada, actualizando conocimientos sobre las nuevas normativas tales como seguro de desempleo, ley sobre acoso sexual, trabajo infantil, entre otros.<\/p>\n<p><strong>OBJETIVOS<\/strong><\/p>\n<ul>\n<li>Entregar los conocimientos y conceptos b\u00e1sicos de Legislaci\u00f3n Laboral.<\/li>\n<li>Resaltar y dar a conocer las nuevas normativas tales como seguro de desempleo, ley sobre acoso sexual, trabajo infantil, etc.<\/li>\n<li>Entregar los conocimientos y comprensi\u00f3n del marco jur\u00eddico que regula la relaci\u00f3n laboral entre trabajadores y empleadores<\/li>\n<li>identificar los distintos puntos de conflicto que surgen de la relaci\u00f3n contractual, como enfrentarlos y darles una soluci\u00f3n adecuada.<\/li>\n<\/ul>\n<p><strong>CONTENIDO<\/strong><\/p>\n<p><strong>1. INTRODUCCI\u00d3N<\/strong><\/p>\n<ul>\n<li>Presentaci\u00f3n del curso<\/li>\n<li>Visi\u00f3n general de legislaci\u00f3n laboral<\/li>\n<\/ul>\n<p><strong>2. CONTRATO INDIVIDUAL DE TRABAJO<\/strong><\/p>\n<ul>\n<li>Concepto y elementos del contrato<\/li>\n<li>Tipos de contrato<\/li>\n<li>Escrituraci\u00f3n y cl\u00e1usulas m\u00ednimas<\/li>\n<li>Modificaciones<\/li>\n<li>Ius Variandi<\/li>\n<\/ul>\n<p><strong>3. JORNADA DE TRABAJO Y DESCANSOS<\/strong><\/p>\n<ul>\n<li>Jornada ordinaria y extraordinaria<\/li>\n<li>Registros de control<\/li>\n<li>Sistemas especiales<\/li>\n<li>Descansos<\/li>\n<li>Sanciones<\/li>\n<\/ul>\n<p><strong>4. REMUNERACIONES<\/strong><\/p>\n<ul>\n<li>Concepto<\/li>\n<li>Tipos de remuneraci\u00f3n<\/li>\n<li>Normas de protecci\u00f3n de las remuneraciones<\/li>\n<\/ul>\n<p><strong>5. FERIADO LEGAL<\/strong><\/p>\n<ul>\n<li>Feriado normal<\/li>\n<li>Feriado progresivo<\/li>\n<li>Formalidades<\/li>\n<li>Periodos m\u00e1ximos a acumular<\/li>\n<li>Oportunidad en que deben otorgarse<\/li>\n<\/ul>\n<p><strong>6. PROTECCION A LA MATERNIDAD<\/strong><\/p>\n<ul>\n<li>Derechos<\/li>\n<li>Pre-natal<\/li>\n<li>Post-natal<\/li>\n<li>Fiscalizaci\u00f3n<\/li>\n<li>Fuero<\/li>\n<\/ul>\n<p><strong>7. CAUSALES DE TERMINACION DE CONTRATO<\/strong><\/p>\n<ul>\n<li>Invocadas por el trabajador<\/li>\n<li>Invocadas por empleador<\/li>\n<li>Contenido de las normas<\/li>\n<li>Formalidades<\/li>\n<\/ul>\n<p><strong>8. SEGURO DE DESEMPLEO<\/strong><\/p>\n<ul>\n<li>Efecto sobre los contratos vigentes<\/li>\n<li>Efecto sobre los nuevos contratos<\/li>\n<li>Financiamiento<\/li>\n<\/ul>\n<p><strong>9. SOBRE EL ACOSO SEXUAL<\/strong><\/p>\n<ul>\n<li>Alcances de La ley<\/li>\n<li>Conceptos<\/li>\n<li>Sanciones<\/li>\n<\/ul>\n<p><strong>10. MULTAS ADMINISTRATIVAS<\/strong><\/p>\n<ul>\n<li>Concepto<\/li>\n<li>Formalidades<\/li>\n<li>Reclamaci\u00f3n<\/li>\n<\/ul>\n","protected":false},"excerpt":{"rendered":"<p>DESCRIPCI\u00d3N Al finalizar el curso la meta fundamental es que los participantes logren establecer un proceso de acercamiento con el marco jur\u00eddico enfocado al sector laboral, espec\u00edficamente lo que concierne a la relaci\u00f3n entre trabajadores y empleadores, identificando los distintos puntos de conflicto que surgen de la relaci\u00f3n contractual, como enfrentarlos y darles una soluci\u00f3n&#8230;<\/p>\n","protected":false},"featured_media":10376,"template":"","meta":{"_acf_changed":false},"product_brand":[],"product_cat":[127],"product_tag":[],"class_list":{"0":"post-9747","1":"product","2":"type-product","3":"status-publish","4":"has-post-thumbnail","6":"product_cat-area-administracion","8":"first","9":"instock","10":"shipping-taxable","11":"product-type-simple"},"acf":[],"yoast_head":"<!-- This site is optimized with the Yoast SEO plugin v24.8.1 - https:\/\/yoast.com\/wordpress\/plugins\/seo\/ -->\n<title>Legislaci\u00f3n Laboral y Remuneraciones - Play Comp<\/title>\n<meta name=\"robots\" content=\"index, follow, max-snippet:-1, max-image-preview:large, max-video-preview:-1\" \/>\n<link rel=\"canonical\" href=\"https:\/\/playcomp.cl\/index.php\/producto\/legislacion-laboral-y-remuneraciones\/\" \/>\n<meta property=\"og:locale\" content=\"es_ES\" \/>\n<meta property=\"og:type\" content=\"article\" \/>\n<meta property=\"og:title\" content=\"Legislaci\u00f3n Laboral y Remuneraciones - Play Comp\" \/>\n<meta property=\"og:description\" content=\"DESCRIPCI\u00d3N Al finalizar el curso la meta fundamental es que los participantes logren establecer un proceso de acercamiento con el marco jur\u00eddico enfocado al sector laboral, espec\u00edficamente lo que concierne a la relaci\u00f3n entre trabajadores y empleadores, identificando los distintos puntos de conflicto que surgen de la relaci\u00f3n contractual, como enfrentarlos y darles una soluci\u00f3n...\" \/>\n<meta property=\"og:url\" content=\"https:\/\/playcomp.cl\/index.php\/producto\/legislacion-laboral-y-remuneraciones\/\" \/>\n<meta property=\"og:site_name\" content=\"Play Comp\" \/>\n<meta property=\"article:publisher\" content=\"https:\/\/www.facebook.com\/playcompchile\/\" \/>\n<meta property=\"article:modified_time\" content=\"2024-10-24T18:56:02+00:00\" \/>\n<meta property=\"og:image\" content=\"https:\/\/playcomp.cl\/wp-content\/uploads\/2024\/05\/6D6LMBHEQFFIZB3RGUHFI2ZAJ3.jpg\" \/>\n\t<meta property=\"og:image:width\" content=\"690\" \/>\n\t<meta property=\"og:image:height\" content=\"600\" \/>\n\t<meta property=\"og:image:type\" content=\"image\/jpeg\" \/>\n<meta name=\"twitter:card\" content=\"summary_large_image\" \/>\n<meta name=\"twitter:label1\" content=\"Tiempo de lectura\" \/>\n\t<meta name=\"twitter:data1\" content=\"1 minuto\" \/>\n<script type=\"application\/ld+json\" class=\"yoast-schema-graph\">{\"@context\":\"https:\/\/schema.org\",\"@graph\":[{\"@type\":\"WebPage\",\"@id\":\"https:\/\/playcomp.cl\/index.php\/producto\/legislacion-laboral-y-remuneraciones\/\",\"url\":\"https:\/\/playcomp.cl\/index.php\/producto\/legislacion-laboral-y-remuneraciones\/\",\"name\":\"Legislaci\u00f3n Laboral y Remuneraciones - Play Comp\",\"isPartOf\":{\"@id\":\"https:\/\/playcomp.cl\/#website\"},\"primaryImageOfPage\":{\"@id\":\"https:\/\/playcomp.cl\/index.php\/producto\/legislacion-laboral-y-remuneraciones\/#primaryimage\"},\"image\":{\"@id\":\"https:\/\/playcomp.cl\/index.php\/producto\/legislacion-laboral-y-remuneraciones\/#primaryimage\"},\"thumbnailUrl\":\"https:\/\/playcomp.cl\/wp-content\/uploads\/2024\/05\/6D6LMBHEQFFIZB3RGUHFI2ZAJ3.jpg\",\"datePublished\":\"2024-05-22T19:36:23+00:00\",\"dateModified\":\"2024-10-24T18:56:02+00:00\",\"breadcrumb\":{\"@id\":\"https:\/\/playcomp.cl\/index.php\/producto\/legislacion-laboral-y-remuneraciones\/#breadcrumb\"},\"inLanguage\":\"es\",\"potentialAction\":[{\"@type\":\"ReadAction\",\"target\":[\"https:\/\/playcomp.cl\/index.php\/producto\/legislacion-laboral-y-remuneraciones\/\"]}]},{\"@type\":\"ImageObject\",\"inLanguage\":\"es\",\"@id\":\"https:\/\/playcomp.cl\/index.php\/producto\/legislacion-laboral-y-remuneraciones\/#primaryimage\",\"url\":\"https:\/\/playcomp.cl\/wp-content\/uploads\/2024\/05\/6D6LMBHEQFFIZB3RGUHFI2ZAJ3.jpg\",\"contentUrl\":\"https:\/\/playcomp.cl\/wp-content\/uploads\/2024\/05\/6D6LMBHEQFFIZB3RGUHFI2ZAJ3.jpg\",\"width\":690,\"height\":600},{\"@type\":\"BreadcrumbList\",\"@id\":\"https:\/\/playcomp.cl\/index.php\/producto\/legislacion-laboral-y-remuneraciones\/#breadcrumb\",\"itemListElement\":[{\"@type\":\"ListItem\",\"position\":1,\"name\":\"Portada\",\"item\":\"https:\/\/playcomp.cl\/\"},{\"@type\":\"ListItem\",\"position\":2,\"name\":\"Tienda\",\"item\":\"https:\/\/playcomp.cl\/index.php\/tienda\/\"},{\"@type\":\"ListItem\",\"position\":3,\"name\":\"Legislaci\u00f3n Laboral y Remuneraciones\"}]},{\"@type\":\"WebSite\",\"@id\":\"https:\/\/playcomp.cl\/#website\",\"url\":\"https:\/\/playcomp.cl\/\",\"name\":\"Play Comp\",\"description\":\"Organismo T\u00e9cnico de Capacitaci\u00f3n\",\"publisher\":{\"@id\":\"https:\/\/playcomp.cl\/#organization\"},\"potentialAction\":[{\"@type\":\"SearchAction\",\"target\":{\"@type\":\"EntryPoint\",\"urlTemplate\":\"https:\/\/playcomp.cl\/?s={search_term_string}\"},\"query-input\":{\"@type\":\"PropertyValueSpecification\",\"valueRequired\":true,\"valueName\":\"search_term_string\"}}],\"inLanguage\":\"es\"},{\"@type\":\"Organization\",\"@id\":\"https:\/\/playcomp.cl\/#organization\",\"name\":\"Play Comp\",\"url\":\"https:\/\/playcomp.cl\/\",\"logo\":{\"@type\":\"ImageObject\",\"inLanguage\":\"es\",\"@id\":\"https:\/\/playcomp.cl\/#\/schema\/logo\/image\/\",\"url\":\"https:\/\/playcomp.cl\/wp-content\/uploads\/2017\/07\/Artboard-36.png\",\"contentUrl\":\"https:\/\/playcomp.cl\/wp-content\/uploads\/2017\/07\/Artboard-36.png\",\"width\":423,\"height\":112,\"caption\":\"Play Comp\"},\"image\":{\"@id\":\"https:\/\/playcomp.cl\/#\/schema\/logo\/image\/\"},\"sameAs\":[\"https:\/\/www.facebook.com\/playcompchile\/\",\"https:\/\/www.instagram.com\/playcomp_capacitacion?igsh=OGtwZzBsYW5qbTF5\"]}]}<\/script>\n<!-- \/ Yoast SEO plugin. -->","yoast_head_json":{"title":"Legislaci\u00f3n Laboral y Remuneraciones - Play Comp","robots":{"index":"index","follow":"follow","max-snippet":"max-snippet:-1","max-image-preview":"max-image-preview:large","max-video-preview":"max-video-preview:-1"},"canonical":"https:\/\/playcomp.cl\/index.php\/producto\/legislacion-laboral-y-remuneraciones\/","og_locale":"es_ES","og_type":"article","og_title":"Legislaci\u00f3n Laboral y Remuneraciones - Play Comp","og_description":"DESCRIPCI\u00d3N Al finalizar el curso la meta fundamental es que los participantes logren establecer un proceso de acercamiento con el marco jur\u00eddico enfocado al sector laboral, espec\u00edficamente lo que concierne a la relaci\u00f3n entre trabajadores y empleadores, identificando los distintos puntos de conflicto que surgen de la relaci\u00f3n contractual, como enfrentarlos y darles una soluci\u00f3n...","og_url":"https:\/\/playcomp.cl\/index.php\/producto\/legislacion-laboral-y-remuneraciones\/","og_site_name":"Play Comp","article_publisher":"https:\/\/www.facebook.com\/playcompchile\/","article_modified_time":"2024-10-24T18:56:02+00:00","og_image":[{"width":690,"height":600,"url":"https:\/\/playcomp.cl\/wp-content\/uploads\/2024\/05\/6D6LMBHEQFFIZB3RGUHFI2ZAJ3.jpg","type":"image\/jpeg"}],"twitter_card":"summary_large_image","twitter_misc":{"Tiempo de lectura":"1 minuto"},"schema":{"@context":"https:\/\/schema.org","@graph":[{"@type":"WebPage","@id":"https:\/\/playcomp.cl\/index.php\/producto\/legislacion-laboral-y-remuneraciones\/","url":"https:\/\/playcomp.cl\/index.php\/producto\/legislacion-laboral-y-remuneraciones\/","name":"Legislaci\u00f3n Laboral y Remuneraciones - Play Comp","isPartOf":{"@id":"https:\/\/playcomp.cl\/#website"},"primaryImageOfPage":{"@id":"https:\/\/playcomp.cl\/index.php\/producto\/legislacion-laboral-y-remuneraciones\/#primaryimage"},"image":{"@id":"https:\/\/playcomp.cl\/index.php\/producto\/legislacion-laboral-y-remuneraciones\/#primaryimage"},"thumbnailUrl":"https:\/\/playcomp.cl\/wp-content\/uploads\/2024\/05\/6D6LMBHEQFFIZB3RGUHFI2ZAJ3.jpg","datePublished":"2024-05-22T19:36:23+00:00","dateModified":"2024-10-24T18:56:02+00:00","breadcrumb":{"@id":"https:\/\/playcomp.cl\/index.php\/producto\/legislacion-laboral-y-remuneraciones\/#breadcrumb"},"inLanguage":"es","potentialAction":[{"@type":"ReadAction","target":["https:\/\/playcomp.cl\/index.php\/producto\/legislacion-laboral-y-remuneraciones\/"]}]},{"@type":"ImageObject","inLanguage":"es","@id":"https:\/\/playcomp.cl\/index.php\/producto\/legislacion-laboral-y-remuneraciones\/#primaryimage","url":"https:\/\/playcomp.cl\/wp-content\/uploads\/2024\/05\/6D6LMBHEQFFIZB3RGUHFI2ZAJ3.jpg","contentUrl":"https:\/\/playcomp.cl\/wp-content\/uploads\/2024\/05\/6D6LMBHEQFFIZB3RGUHFI2ZAJ3.jpg","width":690,"height":600},{"@type":"BreadcrumbList","@id":"https:\/\/playcomp.cl\/index.php\/producto\/legislacion-laboral-y-remuneraciones\/#breadcrumb","itemListElement":[{"@type":"ListItem","position":1,"name":"Portada","item":"https:\/\/playcomp.cl\/"},{"@type":"ListItem","position":2,"name":"Tienda","item":"https:\/\/playcomp.cl\/index.php\/tienda\/"},{"@type":"ListItem","position":3,"name":"Legislaci\u00f3n Laboral y Remuneraciones"}]},{"@type":"WebSite","@id":"https:\/\/playcomp.cl\/#website","url":"https:\/\/playcomp.cl\/","name":"Play Comp","description":"Organismo T\u00e9cnico de Capacitaci\u00f3n","publisher":{"@id":"https:\/\/playcomp.cl\/#organization"},"potentialAction":[{"@type":"SearchAction","target":{"@type":"EntryPoint","urlTemplate":"https:\/\/playcomp.cl\/?s={search_term_string}"},"query-input":{"@type":"PropertyValueSpecification","valueRequired":true,"valueName":"search_term_string"}}],"inLanguage":"es"},{"@type":"Organization","@id":"https:\/\/playcomp.cl\/#organization","name":"Play Comp","url":"https:\/\/playcomp.cl\/","logo":{"@type":"ImageObject","inLanguage":"es","@id":"https:\/\/playcomp.cl\/#\/schema\/logo\/image\/","url":"https:\/\/playcomp.cl\/wp-content\/uploads\/2017\/07\/Artboard-36.png","contentUrl":"https:\/\/playcomp.cl\/wp-content\/uploads\/2017\/07\/Artboard-36.png","width":423,"height":112,"caption":"Play Comp"},"image":{"@id":"https:\/\/playcomp.cl\/#\/schema\/logo\/image\/"},"sameAs":["https:\/\/www.facebook.com\/playcompchile\/","https:\/\/www.instagram.com\/playcomp_capacitacion?igsh=OGtwZzBsYW5qbTF5"]}]}},"_links":{"self":[{"href":"https:\/\/playcomp.cl\/index.php\/wp-json\/wp\/v2\/product\/9747","targetHints":{"allow":["GET"]}}],"collection":[{"href":"https:\/\/playcomp.cl\/index.php\/wp-json\/wp\/v2\/product"}],"about":[{"href":"https:\/\/playcomp.cl\/index.php\/wp-json\/wp\/v2\/types\/product"}],"wp:featuredmedia":[{"embeddable":true,"href":"https:\/\/playcomp.cl\/index.php\/wp-json\/wp\/v2\/media\/10376"}],"wp:attachment":[{"href":"https:\/\/playcomp.cl\/index.php\/wp-json\/wp\/v2\/media?parent=9747"}],"wp:term":[{"taxonomy":"product_brand","embeddable":true,"href":"https:\/\/playcomp.cl\/index.php\/wp-json\/wp\/v2\/product_brand?post=9747"},{"taxonomy":"product_cat","embeddable":true,"href":"https:\/\/playcomp.cl\/index.php\/wp-json\/wp\/v2\/product_cat?post=9747"},{"taxonomy":"product_tag","embeddable":true,"href":"https:\/\/playcomp.cl\/index.php\/wp-json\/wp\/v2\/product_tag?post=9747"}],"curies":[{"name":"wp","href":"https:\/\/api.w.org\/{rel}","templated":true}]}}