{"id":9739,"date":"2024-05-22T16:30:12","date_gmt":"2024-05-22T19:30:12","guid":{"rendered":"https:\/\/playcomp.cl\/?post_type=product&#038;p=9739"},"modified":"2024-10-24T22:29:27","modified_gmt":"2024-10-25T01:29:27","slug":"gestion-de-proyectos","status":"publish","type":"product","link":"https:\/\/playcomp.cl\/index.php\/producto\/gestion-de-proyectos\/","title":{"rendered":"Gesti\u00f3n De Proyectos"},"content":{"rendered":"<div class=\"w-post-elm post_content us_custom_7dfdecf8 without_sections\">\n<p><strong>Descripci\u00f3n<\/strong><\/p>\n<p>Esta actividad estrega las herramientas necesarias a los participantes formular e implementar de manera estrat\u00e9gica, nuevos proyectos que permitan realizar cambios positivos en la compa\u00f1\u00eda, siendo un aporte exitoso para llevar a cabo la gesti\u00f3n interna y externa.<\/p>\n<p><strong>Objetivo<\/strong><\/p>\n<p>Aplicar herramientas modernas de dise\u00f1o y gesti\u00f3n que permitan desarrollar y formular proyectos de manera ordenada y efectiva logrando resultados eficientes, acotados a la estructura de su empresa.<\/p>\n<p><strong>Plan de Estudios<\/strong><\/p>\n<p><strong>Etapas y elementos centrales en el dise\u00f1o y gesti\u00f3n de un proyecto.<\/strong><\/p>\n<ul>\n<li>Definiciones Fases para la gesti\u00f3n de un Proyecto<\/li>\n<li>Definici\u00f3n y orientaci\u00f3n del Proyecto.<\/li>\n<li>Los proyectos y sus Factores Cr\u00edticos.<\/li>\n<li>Gesti\u00f3n y administraci\u00f3n de un proyecto de manera efectiva<\/li>\n<\/ul>\n<p><strong>Planificaci\u00f3n de Proyectos<\/strong><\/p>\n<ul>\n<li>Identificar las necesidades y definir objetivos de un proyecto.<\/li>\n<li>Dise\u00f1o de proyectos: necesidad sist\u00e9mica \u2013 objetivos.<\/li>\n<li>C\u00f3mo iniciar un proyecto.<\/li>\n<li>Visi\u00f3n general de los procesos de planificaci\u00f3n.<\/li>\n<li>Organizaci\u00f3n de equipos de trabajo y matriz de responsabilidades.<\/li>\n<li>Planificaci\u00f3n de la gesti\u00f3n de riesgos.<\/li>\n<li>Pr\u00e1ctica en el uso de software de planificaci\u00f3n de proyectos.<\/li>\n<li>Definici\u00f3n de actividades y determinaci\u00f3n de duraciones y dependencias.<\/li>\n<li>Programaci\u00f3n usando Cartas Gantt.<\/li>\n<\/ul>\n<p><strong>Planificaci\u00f3n presupuestaria y estimaci\u00f3n de costos directos e indirectos de un proyecto.<\/strong><\/p>\n<ul>\n<li>Analizar cualitativamente los proyectos durante su formulaci\u00f3n.<\/li>\n<li>Presentaci\u00f3n b\u00e1sica de la evaluaci\u00f3n econ\u00f3mica y su importancia.<\/li>\n<li>M\u00e9todo de flujos simples.<\/li>\n<li>M\u00e9todo del Valor Presente Neto.<\/li>\n<li>Tri\u00e1ngulo de NOGE (coherencia entre necesidad, objetivos generales y espec\u00edficos) la clave para dise\u00f1ar proyectos.<\/li>\n<li>Definici\u00f3n de actividades y determinaci\u00f3n de duraciones y dependencias.<\/li>\n<\/ul>\n<p><strong>Ejecuci\u00f3n de Proyectos: Organizaci\u00f3n de Equipos de Trabajo<\/strong><\/p>\n<ul>\n<li>Rol y responsabilidades del Director de Proyectos.<\/li>\n<li>Liderazgo y desarrollo de equipos de trabajo efectivos. Delegaci\u00f3n<\/li>\n<li>Modelo de comunicaci\u00f3n- elementos del proceso: emisor-mensaje-receptor.<\/li>\n<li>Comportamiento \u00e9tico, comunicaci\u00f3n, motivaci\u00f3n, y negociaci\u00f3n.<\/li>\n<li>Administraci\u00f3n del tiempo en equipos de trabajo.<\/li>\n<li>Gesti\u00f3n de conflictos y soluci\u00f3n de problemas en equipos de trabajo.<\/li>\n<li>Comunicaci\u00f3n y documentaci\u00f3n para la presentaci\u00f3n de proyectos.<\/li>\n<\/ul>\n<p><strong>Ejecuci\u00f3n de Proyectos:<\/strong><\/p>\n<ul>\n<li>Gesti\u00f3n de proyectos: definici\u00f3n de plazos y actividades.<\/li>\n<li>An\u00e1lisis de riesgos y contingencias del proyecto<\/li>\n<li>Creaci\u00f3n de planes de contingencia<\/li>\n<\/ul>\n<p><strong>Presentaci\u00f3n del Proyecto<\/strong><\/p>\n<ul>\n<li>Estilos y objetivos en los mensajes que conforman las presentaciones de proyectos.<\/li>\n<li>Definici\u00f3n de objetivo comunicacional y estilo de la presentaci\u00f3n<\/li>\n<li>Comunicaci\u00f3n efectiva ante audiencias.<\/li>\n<li>Los tiempos en una presentaci\u00f3n.<\/li>\n<li>Usar elementos clave para la presentaci\u00f3n de proyectos.<\/li>\n<li>Variables sicol\u00f3gicas y emocionales: empat\u00eda y ansiedad.<\/li>\n<li>Entendiendo la empat\u00eda del emisor.<\/li>\n<\/ul>\n<p><strong>Control y Seguimiento de Proyectos<\/strong><\/p>\n<ul>\n<li>Procesos en el control de proyectos.<\/li>\n<li>L\u00ednea de base control y principales componentes.<\/li>\n<li>M\u00e9todos de registro de avance f\u00edsico.<\/li>\n<li>Costos reales devengados y costos comprometidos.<\/li>\n<li>Indicadores de performance actual en costos y programaci\u00f3n. An\u00e1lisis de varianzas.<\/li>\n<li>An\u00e1lisis de tendencias y proyecciones a t\u00e9rmino.<\/li>\n<li>Interpretaci\u00f3n de indicadores y alertas tempranas.<\/li>\n<li>Sistemas de seguimiento y reportes peri\u00f3dicos de control.<\/li>\n<li>Tipos y aplicaci\u00f3n de decisiones correctivas.<\/li>\n<li>Gesti\u00f3n de riesgos durante la ejecuci\u00f3n.<\/li>\n<li>Autorizaci\u00f3n y gesti\u00f3n de cambios.<\/li>\n<\/ul>\n<p><strong>Cierre y Conclusi\u00f3n Satisfactoria<\/strong><\/p>\n<ul>\n<li>Desaf\u00edos t\u00e9cnicos, del equipo de trabajo y del cliente para concluir proyectos.<\/li>\n<li>Elementos esenciales para la conclusi\u00f3n satisfactoria.<\/li>\n<li>Procesos administrativos y cierre de contratos.<\/li>\n<li>Cierre contable y financiero de proyectos.<\/li>\n<li>Resoluci\u00f3n de actividades pendientes usando \u201cpunch lists\u201d.<\/li>\n<li>Aceptaci\u00f3n final y feedback del cliente.<\/li>\n<li>Reportes finales de gesti\u00f3n del proyecto.<\/li>\n<li>Captura, distribuci\u00f3n y aplicaci\u00f3n de lecciones aprendidas.<\/li>\n<li>T\u00e9rmino a de proyectos.<\/li>\n<\/ul>\n<p><strong>Control y Seguimiento de Proyectos.<\/strong><\/p>\n<ul>\n<li>Principales procesos en el control de proyectos.<\/li>\n<li>Control de proyectos integrado mediante Valor Ganado.<\/li>\n<li>L\u00ednea de base control y principales componentes.<\/li>\n<li>M\u00e9todos de registro de avance f\u00edsico.<\/li>\n<li>Costos reales devengados y costos comprometidos.<\/li>\n<li>Indicadores de performance actual en costos y programaci\u00f3n. An\u00e1lisis de varianzas.<\/li>\n<li>An\u00e1lisis de tendencias y proyecciones a t\u00e9rmino.<\/li>\n<li>Interpretaci\u00f3n de indicadores y alertas tempranas.<\/li>\n<li>Sistemas de seguimiento y reportes peri\u00f3dicos de control.<\/li>\n<li>Tipos y aplicaci\u00f3n de decisiones correctivas.<\/li>\n<li>Gesti\u00f3n de riesgos durante la ejecuci\u00f3n.<\/li>\n<li>Autorizaci\u00f3n y gesti\u00f3n de cambios.<\/li>\n<\/ul>\n<p><strong>Metodolog\u00eda<\/strong><\/p>\n<p><strong>Clases pr\u00e1cticas, utilizando din\u00e1micas, buscando la mayor participaci\u00f3n y desarrollo de los alumnos<\/strong>, que permitan hacer m\u00e1s significativo el aprendizaje.<\/p>\n<p>Para esta actividad se desarrollaran tipo de ejercicios de acuerdo a las realidades de mercado de la empresa, exponiendo ejemplos habituales buscando ventajas y desventajas, el mejorar cada actitud y potenciar las aptitudes de cada participante.<\/p>\n<p>Todas estas did\u00e1cticas contribuyen no s\u00f3lo a desarrollar los conocimientos t\u00e9cnicos requeridos para el objetivo del curso, sino que adem\u00e1s, <strong>refuerzan aspectos como: \u201cel trabajo en equipo, Integraci\u00f3n, la capacidad de iniciativa personal y de resoluci\u00f3n de problemas\u201d.<\/strong><\/p>\n<\/div>\n","protected":false},"excerpt":{"rendered":"<p>Descripci\u00f3n Esta actividad estrega las herramientas necesarias a los participantes formular e implementar de manera estrat\u00e9gica, nuevos proyectos que permitan realizar cambios positivos en la compa\u00f1\u00eda, siendo un aporte exitoso para llevar a cabo la gesti\u00f3n interna y externa. Objetivo Aplicar herramientas modernas de dise\u00f1o y gesti\u00f3n que permitan desarrollar y formular proyectos de manera&#8230;<\/p>\n","protected":false},"featured_media":10421,"template":"","meta":{"_acf_changed":false},"product_brand":[],"product_cat":[127],"product_tag":[],"class_list":{"0":"post-9739","1":"product","2":"type-product","3":"status-publish","4":"has-post-thumbnail","6":"product_cat-area-administracion","8":"first","9":"instock","10":"shipping-taxable","11":"product-type-simple"},"acf":[],"yoast_head":"<!-- This site is optimized with the Yoast SEO plugin v24.8.1 - https:\/\/yoast.com\/wordpress\/plugins\/seo\/ -->\n<title>Gesti\u00f3n De Proyectos - Play Comp<\/title>\n<meta name=\"robots\" content=\"index, follow, max-snippet:-1, max-image-preview:large, max-video-preview:-1\" \/>\n<link rel=\"canonical\" href=\"https:\/\/playcomp.cl\/index.php\/producto\/gestion-de-proyectos\/\" \/>\n<meta property=\"og:locale\" content=\"es_ES\" \/>\n<meta property=\"og:type\" content=\"article\" \/>\n<meta property=\"og:title\" content=\"Gesti\u00f3n De Proyectos - Play Comp\" \/>\n<meta property=\"og:description\" content=\"Descripci\u00f3n Esta actividad estrega las herramientas necesarias a los participantes formular e implementar de manera estrat\u00e9gica, nuevos proyectos que permitan realizar cambios positivos en la compa\u00f1\u00eda, siendo un aporte exitoso para llevar a cabo la gesti\u00f3n interna y externa. Objetivo Aplicar herramientas modernas de dise\u00f1o y gesti\u00f3n que permitan desarrollar y formular proyectos de manera...\" \/>\n<meta property=\"og:url\" content=\"https:\/\/playcomp.cl\/index.php\/producto\/gestion-de-proyectos\/\" \/>\n<meta property=\"og:site_name\" content=\"Play Comp\" \/>\n<meta property=\"article:publisher\" content=\"https:\/\/www.facebook.com\/playcompchile\/\" \/>\n<meta property=\"article:modified_time\" content=\"2024-10-25T01:29:27+00:00\" \/>\n<meta property=\"og:image\" content=\"https:\/\/playcomp.cl\/wp-content\/uploads\/2024\/05\/Sin-titulo-6.png\" \/>\n\t<meta property=\"og:image:width\" content=\"662\" \/>\n\t<meta property=\"og:image:height\" content=\"662\" \/>\n\t<meta property=\"og:image:type\" content=\"image\/png\" \/>\n<meta name=\"twitter:card\" content=\"summary_large_image\" \/>\n<meta name=\"twitter:label1\" content=\"Tiempo de lectura\" \/>\n\t<meta name=\"twitter:data1\" content=\"4 minutos\" \/>\n<script type=\"application\/ld+json\" class=\"yoast-schema-graph\">{\"@context\":\"https:\/\/schema.org\",\"@graph\":[{\"@type\":\"WebPage\",\"@id\":\"https:\/\/playcomp.cl\/index.php\/producto\/gestion-de-proyectos\/\",\"url\":\"https:\/\/playcomp.cl\/index.php\/producto\/gestion-de-proyectos\/\",\"name\":\"Gesti\u00f3n De Proyectos - Play Comp\",\"isPartOf\":{\"@id\":\"https:\/\/playcomp.cl\/#website\"},\"primaryImageOfPage\":{\"@id\":\"https:\/\/playcomp.cl\/index.php\/producto\/gestion-de-proyectos\/#primaryimage\"},\"image\":{\"@id\":\"https:\/\/playcomp.cl\/index.php\/producto\/gestion-de-proyectos\/#primaryimage\"},\"thumbnailUrl\":\"https:\/\/playcomp.cl\/wp-content\/uploads\/2024\/05\/Sin-titulo-6.png\",\"datePublished\":\"2024-05-22T19:30:12+00:00\",\"dateModified\":\"2024-10-25T01:29:27+00:00\",\"breadcrumb\":{\"@id\":\"https:\/\/playcomp.cl\/index.php\/producto\/gestion-de-proyectos\/#breadcrumb\"},\"inLanguage\":\"es\",\"potentialAction\":[{\"@type\":\"ReadAction\",\"target\":[\"https:\/\/playcomp.cl\/index.php\/producto\/gestion-de-proyectos\/\"]}]},{\"@type\":\"ImageObject\",\"inLanguage\":\"es\",\"@id\":\"https:\/\/playcomp.cl\/index.php\/producto\/gestion-de-proyectos\/#primaryimage\",\"url\":\"https:\/\/playcomp.cl\/wp-content\/uploads\/2024\/05\/Sin-titulo-6.png\",\"contentUrl\":\"https:\/\/playcomp.cl\/wp-content\/uploads\/2024\/05\/Sin-titulo-6.png\",\"width\":662,\"height\":662},{\"@type\":\"BreadcrumbList\",\"@id\":\"https:\/\/playcomp.cl\/index.php\/producto\/gestion-de-proyectos\/#breadcrumb\",\"itemListElement\":[{\"@type\":\"ListItem\",\"position\":1,\"name\":\"Portada\",\"item\":\"https:\/\/playcomp.cl\/\"},{\"@type\":\"ListItem\",\"position\":2,\"name\":\"Tienda\",\"item\":\"https:\/\/playcomp.cl\/index.php\/tienda\/\"},{\"@type\":\"ListItem\",\"position\":3,\"name\":\"Gesti\u00f3n De Proyectos\"}]},{\"@type\":\"WebSite\",\"@id\":\"https:\/\/playcomp.cl\/#website\",\"url\":\"https:\/\/playcomp.cl\/\",\"name\":\"Play Comp\",\"description\":\"Organismo T\u00e9cnico de Capacitaci\u00f3n\",\"publisher\":{\"@id\":\"https:\/\/playcomp.cl\/#organization\"},\"potentialAction\":[{\"@type\":\"SearchAction\",\"target\":{\"@type\":\"EntryPoint\",\"urlTemplate\":\"https:\/\/playcomp.cl\/?s={search_term_string}\"},\"query-input\":{\"@type\":\"PropertyValueSpecification\",\"valueRequired\":true,\"valueName\":\"search_term_string\"}}],\"inLanguage\":\"es\"},{\"@type\":\"Organization\",\"@id\":\"https:\/\/playcomp.cl\/#organization\",\"name\":\"Play Comp\",\"url\":\"https:\/\/playcomp.cl\/\",\"logo\":{\"@type\":\"ImageObject\",\"inLanguage\":\"es\",\"@id\":\"https:\/\/playcomp.cl\/#\/schema\/logo\/image\/\",\"url\":\"https:\/\/playcomp.cl\/wp-content\/uploads\/2017\/07\/Artboard-36.png\",\"contentUrl\":\"https:\/\/playcomp.cl\/wp-content\/uploads\/2017\/07\/Artboard-36.png\",\"width\":423,\"height\":112,\"caption\":\"Play Comp\"},\"image\":{\"@id\":\"https:\/\/playcomp.cl\/#\/schema\/logo\/image\/\"},\"sameAs\":[\"https:\/\/www.facebook.com\/playcompchile\/\",\"https:\/\/www.instagram.com\/playcomp_capacitacion?igsh=OGtwZzBsYW5qbTF5\"]}]}<\/script>\n<!-- \/ Yoast SEO plugin. -->","yoast_head_json":{"title":"Gesti\u00f3n De Proyectos - Play Comp","robots":{"index":"index","follow":"follow","max-snippet":"max-snippet:-1","max-image-preview":"max-image-preview:large","max-video-preview":"max-video-preview:-1"},"canonical":"https:\/\/playcomp.cl\/index.php\/producto\/gestion-de-proyectos\/","og_locale":"es_ES","og_type":"article","og_title":"Gesti\u00f3n De Proyectos - Play Comp","og_description":"Descripci\u00f3n Esta actividad estrega las herramientas necesarias a los participantes formular e implementar de manera estrat\u00e9gica, nuevos proyectos que permitan realizar cambios positivos en la compa\u00f1\u00eda, siendo un aporte exitoso para llevar a cabo la gesti\u00f3n interna y externa. Objetivo Aplicar herramientas modernas de dise\u00f1o y gesti\u00f3n que permitan desarrollar y formular proyectos de manera...","og_url":"https:\/\/playcomp.cl\/index.php\/producto\/gestion-de-proyectos\/","og_site_name":"Play Comp","article_publisher":"https:\/\/www.facebook.com\/playcompchile\/","article_modified_time":"2024-10-25T01:29:27+00:00","og_image":[{"width":662,"height":662,"url":"https:\/\/playcomp.cl\/wp-content\/uploads\/2024\/05\/Sin-titulo-6.png","type":"image\/png"}],"twitter_card":"summary_large_image","twitter_misc":{"Tiempo de lectura":"4 minutos"},"schema":{"@context":"https:\/\/schema.org","@graph":[{"@type":"WebPage","@id":"https:\/\/playcomp.cl\/index.php\/producto\/gestion-de-proyectos\/","url":"https:\/\/playcomp.cl\/index.php\/producto\/gestion-de-proyectos\/","name":"Gesti\u00f3n De Proyectos - Play Comp","isPartOf":{"@id":"https:\/\/playcomp.cl\/#website"},"primaryImageOfPage":{"@id":"https:\/\/playcomp.cl\/index.php\/producto\/gestion-de-proyectos\/#primaryimage"},"image":{"@id":"https:\/\/playcomp.cl\/index.php\/producto\/gestion-de-proyectos\/#primaryimage"},"thumbnailUrl":"https:\/\/playcomp.cl\/wp-content\/uploads\/2024\/05\/Sin-titulo-6.png","datePublished":"2024-05-22T19:30:12+00:00","dateModified":"2024-10-25T01:29:27+00:00","breadcrumb":{"@id":"https:\/\/playcomp.cl\/index.php\/producto\/gestion-de-proyectos\/#breadcrumb"},"inLanguage":"es","potentialAction":[{"@type":"ReadAction","target":["https:\/\/playcomp.cl\/index.php\/producto\/gestion-de-proyectos\/"]}]},{"@type":"ImageObject","inLanguage":"es","@id":"https:\/\/playcomp.cl\/index.php\/producto\/gestion-de-proyectos\/#primaryimage","url":"https:\/\/playcomp.cl\/wp-content\/uploads\/2024\/05\/Sin-titulo-6.png","contentUrl":"https:\/\/playcomp.cl\/wp-content\/uploads\/2024\/05\/Sin-titulo-6.png","width":662,"height":662},{"@type":"BreadcrumbList","@id":"https:\/\/playcomp.cl\/index.php\/producto\/gestion-de-proyectos\/#breadcrumb","itemListElement":[{"@type":"ListItem","position":1,"name":"Portada","item":"https:\/\/playcomp.cl\/"},{"@type":"ListItem","position":2,"name":"Tienda","item":"https:\/\/playcomp.cl\/index.php\/tienda\/"},{"@type":"ListItem","position":3,"name":"Gesti\u00f3n De Proyectos"}]},{"@type":"WebSite","@id":"https:\/\/playcomp.cl\/#website","url":"https:\/\/playcomp.cl\/","name":"Play Comp","description":"Organismo T\u00e9cnico de Capacitaci\u00f3n","publisher":{"@id":"https:\/\/playcomp.cl\/#organization"},"potentialAction":[{"@type":"SearchAction","target":{"@type":"EntryPoint","urlTemplate":"https:\/\/playcomp.cl\/?s={search_term_string}"},"query-input":{"@type":"PropertyValueSpecification","valueRequired":true,"valueName":"search_term_string"}}],"inLanguage":"es"},{"@type":"Organization","@id":"https:\/\/playcomp.cl\/#organization","name":"Play Comp","url":"https:\/\/playcomp.cl\/","logo":{"@type":"ImageObject","inLanguage":"es","@id":"https:\/\/playcomp.cl\/#\/schema\/logo\/image\/","url":"https:\/\/playcomp.cl\/wp-content\/uploads\/2017\/07\/Artboard-36.png","contentUrl":"https:\/\/playcomp.cl\/wp-content\/uploads\/2017\/07\/Artboard-36.png","width":423,"height":112,"caption":"Play Comp"},"image":{"@id":"https:\/\/playcomp.cl\/#\/schema\/logo\/image\/"},"sameAs":["https:\/\/www.facebook.com\/playcompchile\/","https:\/\/www.instagram.com\/playcomp_capacitacion?igsh=OGtwZzBsYW5qbTF5"]}]}},"_links":{"self":[{"href":"https:\/\/playcomp.cl\/index.php\/wp-json\/wp\/v2\/product\/9739","targetHints":{"allow":["GET"]}}],"collection":[{"href":"https:\/\/playcomp.cl\/index.php\/wp-json\/wp\/v2\/product"}],"about":[{"href":"https:\/\/playcomp.cl\/index.php\/wp-json\/wp\/v2\/types\/product"}],"wp:featuredmedia":[{"embeddable":true,"href":"https:\/\/playcomp.cl\/index.php\/wp-json\/wp\/v2\/media\/10421"}],"wp:attachment":[{"href":"https:\/\/playcomp.cl\/index.php\/wp-json\/wp\/v2\/media?parent=9739"}],"wp:term":[{"taxonomy":"product_brand","embeddable":true,"href":"https:\/\/playcomp.cl\/index.php\/wp-json\/wp\/v2\/product_brand?post=9739"},{"taxonomy":"product_cat","embeddable":true,"href":"https:\/\/playcomp.cl\/index.php\/wp-json\/wp\/v2\/product_cat?post=9739"},{"taxonomy":"product_tag","embeddable":true,"href":"https:\/\/playcomp.cl\/index.php\/wp-json\/wp\/v2\/product_tag?post=9739"}],"curies":[{"name":"wp","href":"https:\/\/api.w.org\/{rel}","templated":true}]}}