{"id":9732,"date":"2024-05-22T16:24:13","date_gmt":"2024-05-22T19:24:13","guid":{"rendered":"https:\/\/playcomp.cl\/?post_type=product&#038;p=9732"},"modified":"2024-10-24T15:15:16","modified_gmt":"2024-10-24T18:15:16","slug":"formacion-de-equipos-eficaces","status":"publish","type":"product","link":"https:\/\/playcomp.cl\/index.php\/producto\/formacion-de-equipos-eficaces\/","title":{"rendered":"Formaci\u00f3n de Equipos Eficaces"},"content":{"rendered":"<p><strong>OBJETIVO<\/strong><br \/>\nFinalizado el curso de formaci\u00f3n de equipos de eficaces, el participante descubrir\u00e1 los procesos grupales, la variedad de opiniones y las diversas posiciones como fuerzas que impulsan la soluci\u00f3n de los problemas, mediante la resoluci\u00f3n de casos pr\u00e1cticos.<\/p>\n<p><strong>CONTENIDO PROGRAM\u00c1TICO<\/strong><\/p>\n<p><strong>LA NUEVA ORGANIZACI\u00d3N<\/strong><\/p>\n<p><strong>C\u00d3MO SE INTEGRA EL EQUIPO<\/strong><\/p>\n<ul>\n<li>Concepto y fines del Trabajo en Equipo<\/li>\n<li>\u00bfPor qu\u00e9 formar equipos?<\/li>\n<li>C\u00f3mo Trabajar en Equipo. Ventajas y desventajas de los equipos<\/li>\n<li>Tipos de equipos de trabajo<\/li>\n<li>Proceso y tarea.<\/li>\n<li>Identificaci\u00f3n del estilo de trabajo del equipo de mejora<\/li>\n<li>Etapas en la formaci\u00f3n de los equipos<\/li>\n<li>Caracter\u00edsticas de los equipos efectivos de mejora.<\/li>\n<\/ul>\n<p><strong>EL PROCESO DE COMUNICACI\u00d3N EN LOS EQUIPOS DE MEJORA<\/strong><\/p>\n<ul>\n<li>Habilidades de participaci\u00f3n<\/li>\n<li>Habilidades interpersonales.<\/li>\n<li>Comunicaci\u00f3n<\/li>\n<li>Manejo de conflictos: \u00bfQu\u00e9 es el conflicto?<\/li>\n<li>M\u00e9todos para el manejo del conflicto<\/li>\n<li>Retroalimentaci\u00f3n.<\/li>\n<\/ul>\n<p><strong>LA TAREA DEL EQUIPO DE TRABAJO<\/strong><\/p>\n<ul>\n<li>Proceso de toma de decisiones en equipo.<\/li>\n<li>Definici\u00f3n de problemas<\/li>\n<li>An\u00e1lisis de las causas<\/li>\n<li>Planteamiento de hip\u00f3tesis y pruebas de contraste<\/li>\n<li>Recopilaci\u00f3n e interpretaci\u00f3n de datos. Acciones correctivas<\/li>\n<li>Prueba piloto y acciones contingentes. Acciones preventivas.<\/li>\n<\/ul>\n","protected":false},"excerpt":{"rendered":"<p>OBJETIVO Finalizado el curso de formaci\u00f3n de equipos de eficaces, el participante descubrir\u00e1 los procesos grupales, la variedad de opiniones y las diversas posiciones como fuerzas que impulsan la soluci\u00f3n de los problemas, mediante la resoluci\u00f3n de casos pr\u00e1cticos. CONTENIDO PROGRAM\u00c1TICO LA NUEVA ORGANIZACI\u00d3N C\u00d3MO SE INTEGRA EL EQUIPO Concepto y fines del Trabajo en&#8230;<\/p>\n","protected":false},"featured_media":10359,"template":"","meta":{"_acf_changed":false},"product_brand":[],"product_cat":[127],"product_tag":[],"class_list":{"0":"post-9732","1":"product","2":"type-product","3":"status-publish","4":"has-post-thumbnail","6":"product_cat-area-administracion","8":"first","9":"instock","10":"shipping-taxable","11":"product-type-simple"},"acf":[],"yoast_head":"<!-- This site is optimized with the Yoast SEO plugin v24.8.1 - https:\/\/yoast.com\/wordpress\/plugins\/seo\/ -->\n<title>Formaci\u00f3n de Equipos Eficaces - Play Comp<\/title>\n<meta name=\"robots\" content=\"index, follow, max-snippet:-1, max-image-preview:large, max-video-preview:-1\" \/>\n<link rel=\"canonical\" href=\"https:\/\/playcomp.cl\/index.php\/producto\/formacion-de-equipos-eficaces\/\" \/>\n<meta property=\"og:locale\" content=\"es_ES\" \/>\n<meta property=\"og:type\" content=\"article\" \/>\n<meta property=\"og:title\" content=\"Formaci\u00f3n de Equipos Eficaces - Play Comp\" \/>\n<meta property=\"og:description\" content=\"OBJETIVO Finalizado el curso de formaci\u00f3n de equipos de eficaces, el participante descubrir\u00e1 los procesos grupales, la variedad de opiniones y las diversas posiciones como fuerzas que impulsan la soluci\u00f3n de los problemas, mediante la resoluci\u00f3n de casos pr\u00e1cticos. CONTENIDO PROGRAM\u00c1TICO LA NUEVA ORGANIZACI\u00d3N C\u00d3MO SE INTEGRA EL EQUIPO Concepto y fines del Trabajo en...\" \/>\n<meta property=\"og:url\" content=\"https:\/\/playcomp.cl\/index.php\/producto\/formacion-de-equipos-eficaces\/\" \/>\n<meta property=\"og:site_name\" content=\"Play Comp\" \/>\n<meta property=\"article:publisher\" content=\"https:\/\/www.facebook.com\/playcompchile\/\" \/>\n<meta property=\"article:modified_time\" content=\"2024-10-24T18:15:16+00:00\" \/>\n<meta property=\"og:image\" content=\"https:\/\/playcomp.cl\/wp-content\/uploads\/2024\/05\/Imagen1-3-2.jpg\" \/>\n\t<meta property=\"og:image:width\" content=\"600\" \/>\n\t<meta property=\"og:image:height\" content=\"600\" \/>\n\t<meta property=\"og:image:type\" content=\"image\/jpeg\" \/>\n<meta name=\"twitter:card\" content=\"summary_large_image\" \/>\n<meta name=\"twitter:label1\" content=\"Tiempo de lectura\" \/>\n\t<meta name=\"twitter:data1\" content=\"1 minuto\" \/>\n<script type=\"application\/ld+json\" class=\"yoast-schema-graph\">{\"@context\":\"https:\/\/schema.org\",\"@graph\":[{\"@type\":\"WebPage\",\"@id\":\"https:\/\/playcomp.cl\/index.php\/producto\/formacion-de-equipos-eficaces\/\",\"url\":\"https:\/\/playcomp.cl\/index.php\/producto\/formacion-de-equipos-eficaces\/\",\"name\":\"Formaci\u00f3n de Equipos Eficaces - Play Comp\",\"isPartOf\":{\"@id\":\"https:\/\/playcomp.cl\/#website\"},\"primaryImageOfPage\":{\"@id\":\"https:\/\/playcomp.cl\/index.php\/producto\/formacion-de-equipos-eficaces\/#primaryimage\"},\"image\":{\"@id\":\"https:\/\/playcomp.cl\/index.php\/producto\/formacion-de-equipos-eficaces\/#primaryimage\"},\"thumbnailUrl\":\"https:\/\/playcomp.cl\/wp-content\/uploads\/2024\/05\/Imagen1-3-2.jpg\",\"datePublished\":\"2024-05-22T19:24:13+00:00\",\"dateModified\":\"2024-10-24T18:15:16+00:00\",\"breadcrumb\":{\"@id\":\"https:\/\/playcomp.cl\/index.php\/producto\/formacion-de-equipos-eficaces\/#breadcrumb\"},\"inLanguage\":\"es\",\"potentialAction\":[{\"@type\":\"ReadAction\",\"target\":[\"https:\/\/playcomp.cl\/index.php\/producto\/formacion-de-equipos-eficaces\/\"]}]},{\"@type\":\"ImageObject\",\"inLanguage\":\"es\",\"@id\":\"https:\/\/playcomp.cl\/index.php\/producto\/formacion-de-equipos-eficaces\/#primaryimage\",\"url\":\"https:\/\/playcomp.cl\/wp-content\/uploads\/2024\/05\/Imagen1-3-2.jpg\",\"contentUrl\":\"https:\/\/playcomp.cl\/wp-content\/uploads\/2024\/05\/Imagen1-3-2.jpg\",\"width\":600,\"height\":600},{\"@type\":\"BreadcrumbList\",\"@id\":\"https:\/\/playcomp.cl\/index.php\/producto\/formacion-de-equipos-eficaces\/#breadcrumb\",\"itemListElement\":[{\"@type\":\"ListItem\",\"position\":1,\"name\":\"Portada\",\"item\":\"https:\/\/playcomp.cl\/\"},{\"@type\":\"ListItem\",\"position\":2,\"name\":\"Tienda\",\"item\":\"https:\/\/playcomp.cl\/index.php\/tienda\/\"},{\"@type\":\"ListItem\",\"position\":3,\"name\":\"Formaci\u00f3n de Equipos Eficaces\"}]},{\"@type\":\"WebSite\",\"@id\":\"https:\/\/playcomp.cl\/#website\",\"url\":\"https:\/\/playcomp.cl\/\",\"name\":\"Play Comp\",\"description\":\"Organismo T\u00e9cnico de Capacitaci\u00f3n\",\"publisher\":{\"@id\":\"https:\/\/playcomp.cl\/#organization\"},\"potentialAction\":[{\"@type\":\"SearchAction\",\"target\":{\"@type\":\"EntryPoint\",\"urlTemplate\":\"https:\/\/playcomp.cl\/?s={search_term_string}\"},\"query-input\":{\"@type\":\"PropertyValueSpecification\",\"valueRequired\":true,\"valueName\":\"search_term_string\"}}],\"inLanguage\":\"es\"},{\"@type\":\"Organization\",\"@id\":\"https:\/\/playcomp.cl\/#organization\",\"name\":\"Play Comp\",\"url\":\"https:\/\/playcomp.cl\/\",\"logo\":{\"@type\":\"ImageObject\",\"inLanguage\":\"es\",\"@id\":\"https:\/\/playcomp.cl\/#\/schema\/logo\/image\/\",\"url\":\"https:\/\/playcomp.cl\/wp-content\/uploads\/2017\/07\/Artboard-36.png\",\"contentUrl\":\"https:\/\/playcomp.cl\/wp-content\/uploads\/2017\/07\/Artboard-36.png\",\"width\":423,\"height\":112,\"caption\":\"Play Comp\"},\"image\":{\"@id\":\"https:\/\/playcomp.cl\/#\/schema\/logo\/image\/\"},\"sameAs\":[\"https:\/\/www.facebook.com\/playcompchile\/\",\"https:\/\/www.instagram.com\/playcomp_capacitacion?igsh=OGtwZzBsYW5qbTF5\"]}]}<\/script>\n<!-- \/ Yoast SEO plugin. -->","yoast_head_json":{"title":"Formaci\u00f3n de Equipos Eficaces - Play Comp","robots":{"index":"index","follow":"follow","max-snippet":"max-snippet:-1","max-image-preview":"max-image-preview:large","max-video-preview":"max-video-preview:-1"},"canonical":"https:\/\/playcomp.cl\/index.php\/producto\/formacion-de-equipos-eficaces\/","og_locale":"es_ES","og_type":"article","og_title":"Formaci\u00f3n de Equipos Eficaces - Play Comp","og_description":"OBJETIVO Finalizado el curso de formaci\u00f3n de equipos de eficaces, el participante descubrir\u00e1 los procesos grupales, la variedad de opiniones y las diversas posiciones como fuerzas que impulsan la soluci\u00f3n de los problemas, mediante la resoluci\u00f3n de casos pr\u00e1cticos. CONTENIDO PROGRAM\u00c1TICO LA NUEVA ORGANIZACI\u00d3N C\u00d3MO SE INTEGRA EL EQUIPO Concepto y fines del Trabajo en...","og_url":"https:\/\/playcomp.cl\/index.php\/producto\/formacion-de-equipos-eficaces\/","og_site_name":"Play Comp","article_publisher":"https:\/\/www.facebook.com\/playcompchile\/","article_modified_time":"2024-10-24T18:15:16+00:00","og_image":[{"width":600,"height":600,"url":"https:\/\/playcomp.cl\/wp-content\/uploads\/2024\/05\/Imagen1-3-2.jpg","type":"image\/jpeg"}],"twitter_card":"summary_large_image","twitter_misc":{"Tiempo de lectura":"1 minuto"},"schema":{"@context":"https:\/\/schema.org","@graph":[{"@type":"WebPage","@id":"https:\/\/playcomp.cl\/index.php\/producto\/formacion-de-equipos-eficaces\/","url":"https:\/\/playcomp.cl\/index.php\/producto\/formacion-de-equipos-eficaces\/","name":"Formaci\u00f3n de Equipos Eficaces - Play Comp","isPartOf":{"@id":"https:\/\/playcomp.cl\/#website"},"primaryImageOfPage":{"@id":"https:\/\/playcomp.cl\/index.php\/producto\/formacion-de-equipos-eficaces\/#primaryimage"},"image":{"@id":"https:\/\/playcomp.cl\/index.php\/producto\/formacion-de-equipos-eficaces\/#primaryimage"},"thumbnailUrl":"https:\/\/playcomp.cl\/wp-content\/uploads\/2024\/05\/Imagen1-3-2.jpg","datePublished":"2024-05-22T19:24:13+00:00","dateModified":"2024-10-24T18:15:16+00:00","breadcrumb":{"@id":"https:\/\/playcomp.cl\/index.php\/producto\/formacion-de-equipos-eficaces\/#breadcrumb"},"inLanguage":"es","potentialAction":[{"@type":"ReadAction","target":["https:\/\/playcomp.cl\/index.php\/producto\/formacion-de-equipos-eficaces\/"]}]},{"@type":"ImageObject","inLanguage":"es","@id":"https:\/\/playcomp.cl\/index.php\/producto\/formacion-de-equipos-eficaces\/#primaryimage","url":"https:\/\/playcomp.cl\/wp-content\/uploads\/2024\/05\/Imagen1-3-2.jpg","contentUrl":"https:\/\/playcomp.cl\/wp-content\/uploads\/2024\/05\/Imagen1-3-2.jpg","width":600,"height":600},{"@type":"BreadcrumbList","@id":"https:\/\/playcomp.cl\/index.php\/producto\/formacion-de-equipos-eficaces\/#breadcrumb","itemListElement":[{"@type":"ListItem","position":1,"name":"Portada","item":"https:\/\/playcomp.cl\/"},{"@type":"ListItem","position":2,"name":"Tienda","item":"https:\/\/playcomp.cl\/index.php\/tienda\/"},{"@type":"ListItem","position":3,"name":"Formaci\u00f3n de Equipos Eficaces"}]},{"@type":"WebSite","@id":"https:\/\/playcomp.cl\/#website","url":"https:\/\/playcomp.cl\/","name":"Play Comp","description":"Organismo T\u00e9cnico de Capacitaci\u00f3n","publisher":{"@id":"https:\/\/playcomp.cl\/#organization"},"potentialAction":[{"@type":"SearchAction","target":{"@type":"EntryPoint","urlTemplate":"https:\/\/playcomp.cl\/?s={search_term_string}"},"query-input":{"@type":"PropertyValueSpecification","valueRequired":true,"valueName":"search_term_string"}}],"inLanguage":"es"},{"@type":"Organization","@id":"https:\/\/playcomp.cl\/#organization","name":"Play Comp","url":"https:\/\/playcomp.cl\/","logo":{"@type":"ImageObject","inLanguage":"es","@id":"https:\/\/playcomp.cl\/#\/schema\/logo\/image\/","url":"https:\/\/playcomp.cl\/wp-content\/uploads\/2017\/07\/Artboard-36.png","contentUrl":"https:\/\/playcomp.cl\/wp-content\/uploads\/2017\/07\/Artboard-36.png","width":423,"height":112,"caption":"Play Comp"},"image":{"@id":"https:\/\/playcomp.cl\/#\/schema\/logo\/image\/"},"sameAs":["https:\/\/www.facebook.com\/playcompchile\/","https:\/\/www.instagram.com\/playcomp_capacitacion?igsh=OGtwZzBsYW5qbTF5"]}]}},"_links":{"self":[{"href":"https:\/\/playcomp.cl\/index.php\/wp-json\/wp\/v2\/product\/9732","targetHints":{"allow":["GET"]}}],"collection":[{"href":"https:\/\/playcomp.cl\/index.php\/wp-json\/wp\/v2\/product"}],"about":[{"href":"https:\/\/playcomp.cl\/index.php\/wp-json\/wp\/v2\/types\/product"}],"wp:featuredmedia":[{"embeddable":true,"href":"https:\/\/playcomp.cl\/index.php\/wp-json\/wp\/v2\/media\/10359"}],"wp:attachment":[{"href":"https:\/\/playcomp.cl\/index.php\/wp-json\/wp\/v2\/media?parent=9732"}],"wp:term":[{"taxonomy":"product_brand","embeddable":true,"href":"https:\/\/playcomp.cl\/index.php\/wp-json\/wp\/v2\/product_brand?post=9732"},{"taxonomy":"product_cat","embeddable":true,"href":"https:\/\/playcomp.cl\/index.php\/wp-json\/wp\/v2\/product_cat?post=9732"},{"taxonomy":"product_tag","embeddable":true,"href":"https:\/\/playcomp.cl\/index.php\/wp-json\/wp\/v2\/product_tag?post=9732"}],"curies":[{"name":"wp","href":"https:\/\/api.w.org\/{rel}","templated":true}]}}