{"id":9711,"date":"2024-05-22T16:07:52","date_gmt":"2024-05-22T19:07:52","guid":{"rendered":"https:\/\/playcomp.cl\/?post_type=product&#038;p=9711"},"modified":"2024-10-24T22:32:57","modified_gmt":"2024-10-25T01:32:57","slug":"comunicacion-efectiva","status":"publish","type":"product","link":"https:\/\/playcomp.cl\/index.php\/producto\/comunicacion-efectiva\/","title":{"rendered":"Comunicaci\u00f3n Efectiva"},"content":{"rendered":"<div class=\"w-post-elm post_content us_custom_7dfdecf8 without_sections\">\n<p><strong>FUNDAMENTACI\u00d3N T\u00c9CNICA<\/strong><\/p>\n<p>Actualmente, las organizaciones enfrentan constantes cambios, debido a esto, la Comunicaci\u00f3n Efectiva y las buenas relaciones interpersonales, se consideran temas cr\u00edticos y de mucha importancia en el \u00e1mbito laboral, por lo que se buscan espacios para desarrollar un ambiente que facilite la fluidez y comprensi\u00f3n entre las personas.<\/p>\n<p>Es importante destacar que un aporte individual y un esfuerzo de grupo requieren la coordinaci\u00f3n de esfuerzos orientados a conseguir los resultados esperados. Se han desarrollado estudios cuyos resultados nos permiten utilizar t\u00e9cnicas o herramientas para lograr el procesamiento m\u00e1ximo de la informaci\u00f3n.<\/p>\n<p>En este contexto planteamos una actividad de capacitaci\u00f3n destinada a entregar aquellas habilidades de Comunicaci\u00f3n y Escucha Activa que nos permitan mejorar las relaciones en el trabajo.<\/p>\n<p><strong>OBJETIVO<\/strong><\/p>\n<p>Clarificar conceptos relacionados con las relaciones Interpersonales y la Comunicaci\u00f3n Asertiva, entregando a los participantes las herramientas para comunicarse efectivamente en sus actividades personales y laborales.<\/p>\n<p><strong>CONTENIDO<\/strong><\/p>\n<ul>\n<li>Autoestima<\/li>\n<li>Percepci\u00f3n<\/li>\n<li>Valores Personales<\/li>\n<li>Valores Organizacionales<\/li>\n<li>Principios b\u00e1sicos de la comunicaci\u00f3n (Proceso Comunicacional)<\/li>\n<li>Comunicaci\u00f3n Asertiva<\/li>\n<li>Las 7 C de la Comunicaci\u00f3n Efectiva<\/li>\n<li>Escucha Activa<\/li>\n<li>Habilidades para escuchar activamente<\/li>\n<li>Tipos de Comunicaci\u00f3n (verbal y no verbal)<\/li>\n<li>Lenguaje Corporal<\/li>\n<li>Canales de Comunicaci\u00f3n<\/li>\n<li>Manejo de la Emocionalidad en la Comunicaci\u00f3n<\/li>\n<li>Inteligencia Emocional<\/li>\n<li>Herramientas para comunicarnos efectivamente en el trabajo<\/li>\n<li>Comunicaci\u00f3n Formal y Comunicaci\u00f3n Informal<\/li>\n<li>Comunicaci\u00f3n escrita<\/li>\n<\/ul>\n<\/div>\n","protected":false},"excerpt":{"rendered":"<p>FUNDAMENTACI\u00d3N T\u00c9CNICA Actualmente, las organizaciones enfrentan constantes cambios, debido a esto, la Comunicaci\u00f3n Efectiva y las buenas relaciones interpersonales, se consideran temas cr\u00edticos y de mucha importancia en el \u00e1mbito laboral, por lo que se buscan espacios para desarrollar un ambiente que facilite la fluidez y comprensi\u00f3n entre las personas. Es importante destacar que un&#8230;<\/p>\n","protected":false},"featured_media":10422,"template":"","meta":{"_acf_changed":false},"product_brand":[],"product_cat":[127],"product_tag":[],"class_list":{"0":"post-9711","1":"product","2":"type-product","3":"status-publish","4":"has-post-thumbnail","6":"product_cat-area-administracion","8":"first","9":"instock","10":"shipping-taxable","11":"product-type-simple"},"acf":[],"yoast_head":"<!-- This site is optimized with the Yoast SEO plugin v24.8.1 - https:\/\/yoast.com\/wordpress\/plugins\/seo\/ -->\n<title>Comunicaci\u00f3n Efectiva - Play Comp<\/title>\n<meta name=\"robots\" content=\"index, follow, max-snippet:-1, max-image-preview:large, max-video-preview:-1\" \/>\n<link rel=\"canonical\" href=\"https:\/\/playcomp.cl\/index.php\/producto\/comunicacion-efectiva\/\" \/>\n<meta property=\"og:locale\" content=\"es_ES\" \/>\n<meta property=\"og:type\" content=\"article\" \/>\n<meta property=\"og:title\" content=\"Comunicaci\u00f3n Efectiva - Play Comp\" \/>\n<meta property=\"og:description\" content=\"FUNDAMENTACI\u00d3N T\u00c9CNICA Actualmente, las organizaciones enfrentan constantes cambios, debido a esto, la Comunicaci\u00f3n Efectiva y las buenas relaciones interpersonales, se consideran temas cr\u00edticos y de mucha importancia en el \u00e1mbito laboral, por lo que se buscan espacios para desarrollar un ambiente que facilite la fluidez y comprensi\u00f3n entre las personas. Es importante destacar que un...\" \/>\n<meta property=\"og:url\" content=\"https:\/\/playcomp.cl\/index.php\/producto\/comunicacion-efectiva\/\" \/>\n<meta property=\"og:site_name\" content=\"Play Comp\" \/>\n<meta property=\"article:publisher\" content=\"https:\/\/www.facebook.com\/playcompchile\/\" \/>\n<meta property=\"article:modified_time\" content=\"2024-10-25T01:32:57+00:00\" \/>\n<meta property=\"og:image\" content=\"https:\/\/playcomp.cl\/wp-content\/uploads\/2024\/05\/img-2.png\" \/>\n\t<meta property=\"og:image:width\" content=\"420\" \/>\n\t<meta property=\"og:image:height\" content=\"420\" \/>\n\t<meta property=\"og:image:type\" content=\"image\/png\" \/>\n<meta name=\"twitter:card\" content=\"summary_large_image\" \/>\n<meta name=\"twitter:label1\" content=\"Tiempo de lectura\" \/>\n\t<meta name=\"twitter:data1\" content=\"1 minuto\" \/>\n<script type=\"application\/ld+json\" class=\"yoast-schema-graph\">{\"@context\":\"https:\/\/schema.org\",\"@graph\":[{\"@type\":\"WebPage\",\"@id\":\"https:\/\/playcomp.cl\/index.php\/producto\/comunicacion-efectiva\/\",\"url\":\"https:\/\/playcomp.cl\/index.php\/producto\/comunicacion-efectiva\/\",\"name\":\"Comunicaci\u00f3n Efectiva - Play Comp\",\"isPartOf\":{\"@id\":\"https:\/\/playcomp.cl\/#website\"},\"primaryImageOfPage\":{\"@id\":\"https:\/\/playcomp.cl\/index.php\/producto\/comunicacion-efectiva\/#primaryimage\"},\"image\":{\"@id\":\"https:\/\/playcomp.cl\/index.php\/producto\/comunicacion-efectiva\/#primaryimage\"},\"thumbnailUrl\":\"https:\/\/playcomp.cl\/wp-content\/uploads\/2024\/05\/img-2.png\",\"datePublished\":\"2024-05-22T19:07:52+00:00\",\"dateModified\":\"2024-10-25T01:32:57+00:00\",\"breadcrumb\":{\"@id\":\"https:\/\/playcomp.cl\/index.php\/producto\/comunicacion-efectiva\/#breadcrumb\"},\"inLanguage\":\"es\",\"potentialAction\":[{\"@type\":\"ReadAction\",\"target\":[\"https:\/\/playcomp.cl\/index.php\/producto\/comunicacion-efectiva\/\"]}]},{\"@type\":\"ImageObject\",\"inLanguage\":\"es\",\"@id\":\"https:\/\/playcomp.cl\/index.php\/producto\/comunicacion-efectiva\/#primaryimage\",\"url\":\"https:\/\/playcomp.cl\/wp-content\/uploads\/2024\/05\/img-2.png\",\"contentUrl\":\"https:\/\/playcomp.cl\/wp-content\/uploads\/2024\/05\/img-2.png\",\"width\":420,\"height\":420},{\"@type\":\"BreadcrumbList\",\"@id\":\"https:\/\/playcomp.cl\/index.php\/producto\/comunicacion-efectiva\/#breadcrumb\",\"itemListElement\":[{\"@type\":\"ListItem\",\"position\":1,\"name\":\"Portada\",\"item\":\"https:\/\/playcomp.cl\/\"},{\"@type\":\"ListItem\",\"position\":2,\"name\":\"Tienda\",\"item\":\"https:\/\/playcomp.cl\/index.php\/tienda\/\"},{\"@type\":\"ListItem\",\"position\":3,\"name\":\"Comunicaci\u00f3n Efectiva\"}]},{\"@type\":\"WebSite\",\"@id\":\"https:\/\/playcomp.cl\/#website\",\"url\":\"https:\/\/playcomp.cl\/\",\"name\":\"Play Comp\",\"description\":\"Organismo T\u00e9cnico de Capacitaci\u00f3n\",\"publisher\":{\"@id\":\"https:\/\/playcomp.cl\/#organization\"},\"potentialAction\":[{\"@type\":\"SearchAction\",\"target\":{\"@type\":\"EntryPoint\",\"urlTemplate\":\"https:\/\/playcomp.cl\/?s={search_term_string}\"},\"query-input\":{\"@type\":\"PropertyValueSpecification\",\"valueRequired\":true,\"valueName\":\"search_term_string\"}}],\"inLanguage\":\"es\"},{\"@type\":\"Organization\",\"@id\":\"https:\/\/playcomp.cl\/#organization\",\"name\":\"Play Comp\",\"url\":\"https:\/\/playcomp.cl\/\",\"logo\":{\"@type\":\"ImageObject\",\"inLanguage\":\"es\",\"@id\":\"https:\/\/playcomp.cl\/#\/schema\/logo\/image\/\",\"url\":\"https:\/\/playcomp.cl\/wp-content\/uploads\/2017\/07\/Artboard-36.png\",\"contentUrl\":\"https:\/\/playcomp.cl\/wp-content\/uploads\/2017\/07\/Artboard-36.png\",\"width\":423,\"height\":112,\"caption\":\"Play Comp\"},\"image\":{\"@id\":\"https:\/\/playcomp.cl\/#\/schema\/logo\/image\/\"},\"sameAs\":[\"https:\/\/www.facebook.com\/playcompchile\/\",\"https:\/\/www.instagram.com\/playcomp_capacitacion?igsh=OGtwZzBsYW5qbTF5\"]}]}<\/script>\n<!-- \/ Yoast SEO plugin. -->","yoast_head_json":{"title":"Comunicaci\u00f3n Efectiva - Play Comp","robots":{"index":"index","follow":"follow","max-snippet":"max-snippet:-1","max-image-preview":"max-image-preview:large","max-video-preview":"max-video-preview:-1"},"canonical":"https:\/\/playcomp.cl\/index.php\/producto\/comunicacion-efectiva\/","og_locale":"es_ES","og_type":"article","og_title":"Comunicaci\u00f3n Efectiva - Play Comp","og_description":"FUNDAMENTACI\u00d3N T\u00c9CNICA Actualmente, las organizaciones enfrentan constantes cambios, debido a esto, la Comunicaci\u00f3n Efectiva y las buenas relaciones interpersonales, se consideran temas cr\u00edticos y de mucha importancia en el \u00e1mbito laboral, por lo que se buscan espacios para desarrollar un ambiente que facilite la fluidez y comprensi\u00f3n entre las personas. Es importante destacar que un...","og_url":"https:\/\/playcomp.cl\/index.php\/producto\/comunicacion-efectiva\/","og_site_name":"Play Comp","article_publisher":"https:\/\/www.facebook.com\/playcompchile\/","article_modified_time":"2024-10-25T01:32:57+00:00","og_image":[{"width":420,"height":420,"url":"https:\/\/playcomp.cl\/wp-content\/uploads\/2024\/05\/img-2.png","type":"image\/png"}],"twitter_card":"summary_large_image","twitter_misc":{"Tiempo de lectura":"1 minuto"},"schema":{"@context":"https:\/\/schema.org","@graph":[{"@type":"WebPage","@id":"https:\/\/playcomp.cl\/index.php\/producto\/comunicacion-efectiva\/","url":"https:\/\/playcomp.cl\/index.php\/producto\/comunicacion-efectiva\/","name":"Comunicaci\u00f3n Efectiva - Play Comp","isPartOf":{"@id":"https:\/\/playcomp.cl\/#website"},"primaryImageOfPage":{"@id":"https:\/\/playcomp.cl\/index.php\/producto\/comunicacion-efectiva\/#primaryimage"},"image":{"@id":"https:\/\/playcomp.cl\/index.php\/producto\/comunicacion-efectiva\/#primaryimage"},"thumbnailUrl":"https:\/\/playcomp.cl\/wp-content\/uploads\/2024\/05\/img-2.png","datePublished":"2024-05-22T19:07:52+00:00","dateModified":"2024-10-25T01:32:57+00:00","breadcrumb":{"@id":"https:\/\/playcomp.cl\/index.php\/producto\/comunicacion-efectiva\/#breadcrumb"},"inLanguage":"es","potentialAction":[{"@type":"ReadAction","target":["https:\/\/playcomp.cl\/index.php\/producto\/comunicacion-efectiva\/"]}]},{"@type":"ImageObject","inLanguage":"es","@id":"https:\/\/playcomp.cl\/index.php\/producto\/comunicacion-efectiva\/#primaryimage","url":"https:\/\/playcomp.cl\/wp-content\/uploads\/2024\/05\/img-2.png","contentUrl":"https:\/\/playcomp.cl\/wp-content\/uploads\/2024\/05\/img-2.png","width":420,"height":420},{"@type":"BreadcrumbList","@id":"https:\/\/playcomp.cl\/index.php\/producto\/comunicacion-efectiva\/#breadcrumb","itemListElement":[{"@type":"ListItem","position":1,"name":"Portada","item":"https:\/\/playcomp.cl\/"},{"@type":"ListItem","position":2,"name":"Tienda","item":"https:\/\/playcomp.cl\/index.php\/tienda\/"},{"@type":"ListItem","position":3,"name":"Comunicaci\u00f3n Efectiva"}]},{"@type":"WebSite","@id":"https:\/\/playcomp.cl\/#website","url":"https:\/\/playcomp.cl\/","name":"Play Comp","description":"Organismo T\u00e9cnico de Capacitaci\u00f3n","publisher":{"@id":"https:\/\/playcomp.cl\/#organization"},"potentialAction":[{"@type":"SearchAction","target":{"@type":"EntryPoint","urlTemplate":"https:\/\/playcomp.cl\/?s={search_term_string}"},"query-input":{"@type":"PropertyValueSpecification","valueRequired":true,"valueName":"search_term_string"}}],"inLanguage":"es"},{"@type":"Organization","@id":"https:\/\/playcomp.cl\/#organization","name":"Play Comp","url":"https:\/\/playcomp.cl\/","logo":{"@type":"ImageObject","inLanguage":"es","@id":"https:\/\/playcomp.cl\/#\/schema\/logo\/image\/","url":"https:\/\/playcomp.cl\/wp-content\/uploads\/2017\/07\/Artboard-36.png","contentUrl":"https:\/\/playcomp.cl\/wp-content\/uploads\/2017\/07\/Artboard-36.png","width":423,"height":112,"caption":"Play Comp"},"image":{"@id":"https:\/\/playcomp.cl\/#\/schema\/logo\/image\/"},"sameAs":["https:\/\/www.facebook.com\/playcompchile\/","https:\/\/www.instagram.com\/playcomp_capacitacion?igsh=OGtwZzBsYW5qbTF5"]}]}},"_links":{"self":[{"href":"https:\/\/playcomp.cl\/index.php\/wp-json\/wp\/v2\/product\/9711","targetHints":{"allow":["GET"]}}],"collection":[{"href":"https:\/\/playcomp.cl\/index.php\/wp-json\/wp\/v2\/product"}],"about":[{"href":"https:\/\/playcomp.cl\/index.php\/wp-json\/wp\/v2\/types\/product"}],"wp:featuredmedia":[{"embeddable":true,"href":"https:\/\/playcomp.cl\/index.php\/wp-json\/wp\/v2\/media\/10422"}],"wp:attachment":[{"href":"https:\/\/playcomp.cl\/index.php\/wp-json\/wp\/v2\/media?parent=9711"}],"wp:term":[{"taxonomy":"product_brand","embeddable":true,"href":"https:\/\/playcomp.cl\/index.php\/wp-json\/wp\/v2\/product_brand?post=9711"},{"taxonomy":"product_cat","embeddable":true,"href":"https:\/\/playcomp.cl\/index.php\/wp-json\/wp\/v2\/product_cat?post=9711"},{"taxonomy":"product_tag","embeddable":true,"href":"https:\/\/playcomp.cl\/index.php\/wp-json\/wp\/v2\/product_tag?post=9711"}],"curies":[{"name":"wp","href":"https:\/\/api.w.org\/{rel}","templated":true}]}}