{"id":9691,"date":"2024-05-22T15:47:43","date_gmt":"2024-05-22T18:47:43","guid":{"rendered":"https:\/\/playcomp.cl\/?post_type=product&#038;p=9691"},"modified":"2024-10-24T17:19:13","modified_gmt":"2024-10-24T20:19:13","slug":"ingles-avanzado","status":"publish","type":"product","link":"https:\/\/playcomp.cl\/index.php\/producto\/ingles-avanzado\/","title":{"rendered":"Ingl\u00e9s Avanzado"},"content":{"rendered":"<p>El curso de ingl\u00e9s avanzado el alumno ser\u00e1 capaz de manejar las estructuras gramaticales dentro del nivel de ingl\u00e9s adquirido y dominar el vocabulario necesario que le permita aplicarlo en situaciones reales, tales como una conversaci\u00f3n con un hablante nativo, entender lo que dicen, ya que su capacidad auditiva estar\u00e1 mucho m\u00e1s desarrollada, podr\u00e1n redactar un correo electr\u00f3nico, escuchar la radio o ver un programa de televisi\u00f3n en el idioma ingl\u00e9s, comprendiendo su significado.<\/p>\n<p><strong>Objetivos<\/strong><\/p>\n<ul>\n<li>Enfatizar las estructuras gramaticales del idioma ingl\u00e9s, y desarrollando las cuatro habilidades ling\u00fc\u00edsticas (leer, escribir, hablar y escuchar), mejorar las habilidades comunicativas, tales como la expresi\u00f3n verbal del idioma, a trav\u00e9s de exposici\u00f3n de t\u00f3picos, charlas y conferencias.<\/li>\n<li>Perfeccionar las facultades auditivas, afinamiento de la capacidad para comprender al hablante nativo, comprensi\u00f3n de frases, y palabras.<\/li>\n<li>Desarrollar las habilidades del lenguaje, siendo capaz de comprender y expresar de forma verbal y escrita un mensaje de orden complejo, manteniendo una comunicaci\u00f3n fluida demostrando un amplio manejo de vocabulario.<\/li>\n<\/ul>\n<p><strong>M\u00f3dulo I<\/strong>: Presentarse en el mundo laboral y Describir hechos habituales.<\/p>\n<ul>\n<li>Usar verbos regulares e irregulares en presente y pasado, n\u00fameros cardinales y ordinales dando n\u00fameros de tel\u00e9fono, datos personales, correo electr\u00f3nico, verbo to be en presente simple, wh &#8211; questions usando el verbo to be, (What, Where, When, Who, Which), verbo to be en pasado(was \/ were \/ wasn\u00b4t \/ weren\u00b4t) Emplear pasado simple usando el auxiliar de pasado Did\/didn\u00b4t en uso afirmativo, negativo e interrogativo, en respuestas cortas y largas. Uso del verbo modal Could\/couldn\u00b4t, en respuestas cortas y largas<\/li>\n<li>Explicar su rutina y actividades diarias usando el presente simple (Do \/ don\u00b4t, Does \/ doesn\u00b4t),verbos regulares e irregulares en presente, expresiones de tiempo en presente (every day, twice a week), adverbios de frecuencia utilizados en presente tales como (always, never, sometimes, seldom, hardly ever).<\/li>\n<li>Comparativos y Superlativos, than \u2026\u2026more than, the best\u2026\u2026..Usar verbos regulares e irregulares en presente y pasado, wh-questions usando el verbo to be,( What,Where, When, How) y adjetivos<\/li>\n<\/ul>\n<p><strong>M\u00f3dulo II:<\/strong> Conversar y\/o atender a los clientes por tel\u00e9fono e E-Mail<\/p>\n<ul>\n<li>Contestar el tel\u00e9fono y recibir una llamada, usando las wh-questions (What, Where, When, Who, Which) usando el verbo to be en presente y pasado, el uso del Can \/ Can\u00b4t y Could\/Couldn\u00b4t para expresar habilidad, pedir permiso y expresar posibilidad. Uso de verbos regulares e irregulares en presente y pasado simple<\/li>\n<li>Usar los verbos modales Can\/Can\u00b4t\/ Could\/Couldn\u00b4t, have to\/ don\u00b4t have to\/ must\/musn\u00b4t\/ should\/ shouldn\u00b4t\/ shall\/ will y los verbos regulares e irregulares en presente y en pasado. N\u00fameros cardinales, wh-questions usando el verbo to be, What, Who,When,Where,Which, How.<\/li>\n<li>Escribir un correo y\/o contestar llamadas, mensajes y dar recados telef\u00f3nicos, usando la gram\u00e1tica adecuada, verbos regulares e irregulares en presente y pasado, wh-questions (What,Where, When\/Who) usando el verbo to be en presente,uso de verbos modales will \/ going to \/can \/can\u00b4t \/could \/couldn\u00b4t \/may\/ may not\/ should\/shouldn\u00b4t.<\/li>\n<\/ul>\n<p><strong>M\u00f3dulo III:<\/strong> Sugerir, pedir permiso y expresar posibilidad<\/p>\n<ul>\n<li>Usar Could\/might para pedir permiso en situaciones de la vida cotidiana, en oraciones afirmativas, negativas y preguntas, Could I go to the restroom\u2026.?, Where is Paul ? He might be at the restaurant today. Respuestas cortas y largas. Yes\/No questions<\/li>\n<\/ul>\n<p><strong>M\u00f3dulo IV:<\/strong> Se\u00f1alar y reconocer acciones o hechos pasados.<\/p>\n<ul>\n<li>Pasado Simple y Pasado Continuo con expresiones de pasado. (ago, last) aplicado situaciones reales del pasado que finalizaron y algunas que continuan sucediendo en el pasado.(Was he reading a book when you called him \u2026..?)<\/li>\n<li>Uso del Pasado Perfecto en afirmativo, negativo e interrogativo para indicar o se\u00f1alar una acci\u00f3n o hecho que tuvo lugar antes que otro hecho, ejemplo, \u00bfWhat had you done?<\/li>\n<\/ul>\n<p><strong>M\u00f3dulo V:<\/strong> Usar la voz pasiva en el pasado para se\u00f1alar acciones que fueron realizadas por otros.<\/p>\n<ul>\n<li>Uso de la voz pasiva en el pasado, para indicar una acci\u00f3n que fue realizada por otros,(The house was built in 1989) , verbo to be en pasado, verbos regulares e irregulares en presente y en pasado dentro de un contexto dado por un texto escrito.<\/li>\n<\/ul>\n<p><strong>M\u00f3dulo VI:<\/strong> Leer, identificar y distinguir ideas principales en un texto<\/p>\n<ul>\n<li>Will \/ going to para indicar hechos que se realizar\u00e1n en un futuro, hacer una promesa o un ofrecimiento que se llevar\u00e1 a cabo en un futuro cercano, utilizando expresiones de futuro (next, tomorrow)<\/li>\n<li>Usar Could\/might para pedir permiso en situaciones de la vida diaria, en oraciones afirmativas, negativas y preguntas, Could I go to the toliet\u2026?, Where is Jim? He might be at home today. Respuestas cortas y largas. Yes\/No questions.<\/li>\n<\/ul>\n<p>&nbsp;<\/p>\n<ul>\n<li><strong>Evaluaci\u00f3n Final<\/strong><br \/>\nSe realizar\u00e1 una evaluaci\u00f3n te\u00f3rica pr\u00e1ctica.<\/li>\n<\/ul>\n","protected":false},"excerpt":{"rendered":"<p>El curso de ingl\u00e9s avanzado el alumno ser\u00e1 capaz de manejar las estructuras gramaticales dentro del nivel de ingl\u00e9s adquirido y dominar el vocabulario necesario que le permita aplicarlo en situaciones reales, tales como una conversaci\u00f3n con un hablante nativo, entender lo que dicen, ya que su capacidad auditiva estar\u00e1 mucho m\u00e1s desarrollada, podr\u00e1n redactar&#8230;<\/p>\n","protected":false},"featured_media":10411,"template":"","meta":{"_acf_changed":false},"product_brand":[],"product_cat":[126],"product_tag":[],"class_list":{"0":"post-9691","1":"product","2":"type-product","3":"status-publish","4":"has-post-thumbnail","6":"product_cat-area-de-idiomas","8":"first","9":"instock","10":"shipping-taxable","11":"product-type-simple"},"acf":[],"yoast_head":"<!-- This site is optimized with the Yoast SEO plugin v24.8.1 - https:\/\/yoast.com\/wordpress\/plugins\/seo\/ -->\n<title>Ingl\u00e9s Avanzado - Play Comp<\/title>\n<meta name=\"robots\" content=\"index, follow, max-snippet:-1, max-image-preview:large, max-video-preview:-1\" \/>\n<link rel=\"canonical\" href=\"https:\/\/playcomp.cl\/index.php\/producto\/ingles-avanzado\/\" \/>\n<meta property=\"og:locale\" content=\"es_ES\" \/>\n<meta property=\"og:type\" content=\"article\" \/>\n<meta property=\"og:title\" content=\"Ingl\u00e9s Avanzado - Play Comp\" \/>\n<meta property=\"og:description\" content=\"El curso de ingl\u00e9s avanzado el alumno ser\u00e1 capaz de manejar las estructuras gramaticales dentro del nivel de ingl\u00e9s adquirido y dominar el vocabulario necesario que le permita aplicarlo en situaciones reales, tales como una conversaci\u00f3n con un hablante nativo, entender lo que dicen, ya que su capacidad auditiva estar\u00e1 mucho m\u00e1s desarrollada, podr\u00e1n redactar...\" \/>\n<meta property=\"og:url\" content=\"https:\/\/playcomp.cl\/index.php\/producto\/ingles-avanzado\/\" \/>\n<meta property=\"og:site_name\" content=\"Play Comp\" \/>\n<meta property=\"article:publisher\" content=\"https:\/\/www.facebook.com\/playcompchile\/\" \/>\n<meta property=\"article:modified_time\" content=\"2024-10-24T20:19:13+00:00\" \/>\n<meta property=\"og:image\" content=\"https:\/\/playcomp.cl\/wp-content\/uploads\/2024\/05\/Imagen1-1-2-1.jpg\" \/>\n\t<meta property=\"og:image:width\" content=\"505\" \/>\n\t<meta property=\"og:image:height\" content=\"505\" \/>\n\t<meta property=\"og:image:type\" content=\"image\/jpeg\" \/>\n<meta name=\"twitter:card\" content=\"summary_large_image\" \/>\n<meta name=\"twitter:label1\" content=\"Tiempo de lectura\" \/>\n\t<meta name=\"twitter:data1\" content=\"4 minutos\" \/>\n<script type=\"application\/ld+json\" class=\"yoast-schema-graph\">{\"@context\":\"https:\/\/schema.org\",\"@graph\":[{\"@type\":\"WebPage\",\"@id\":\"https:\/\/playcomp.cl\/index.php\/producto\/ingles-avanzado\/\",\"url\":\"https:\/\/playcomp.cl\/index.php\/producto\/ingles-avanzado\/\",\"name\":\"Ingl\u00e9s Avanzado - Play Comp\",\"isPartOf\":{\"@id\":\"https:\/\/playcomp.cl\/#website\"},\"primaryImageOfPage\":{\"@id\":\"https:\/\/playcomp.cl\/index.php\/producto\/ingles-avanzado\/#primaryimage\"},\"image\":{\"@id\":\"https:\/\/playcomp.cl\/index.php\/producto\/ingles-avanzado\/#primaryimage\"},\"thumbnailUrl\":\"https:\/\/playcomp.cl\/wp-content\/uploads\/2024\/05\/Imagen1-1-2-1.jpg\",\"datePublished\":\"2024-05-22T18:47:43+00:00\",\"dateModified\":\"2024-10-24T20:19:13+00:00\",\"breadcrumb\":{\"@id\":\"https:\/\/playcomp.cl\/index.php\/producto\/ingles-avanzado\/#breadcrumb\"},\"inLanguage\":\"es\",\"potentialAction\":[{\"@type\":\"ReadAction\",\"target\":[\"https:\/\/playcomp.cl\/index.php\/producto\/ingles-avanzado\/\"]}]},{\"@type\":\"ImageObject\",\"inLanguage\":\"es\",\"@id\":\"https:\/\/playcomp.cl\/index.php\/producto\/ingles-avanzado\/#primaryimage\",\"url\":\"https:\/\/playcomp.cl\/wp-content\/uploads\/2024\/05\/Imagen1-1-2-1.jpg\",\"contentUrl\":\"https:\/\/playcomp.cl\/wp-content\/uploads\/2024\/05\/Imagen1-1-2-1.jpg\",\"width\":505,\"height\":505},{\"@type\":\"BreadcrumbList\",\"@id\":\"https:\/\/playcomp.cl\/index.php\/producto\/ingles-avanzado\/#breadcrumb\",\"itemListElement\":[{\"@type\":\"ListItem\",\"position\":1,\"name\":\"Portada\",\"item\":\"https:\/\/playcomp.cl\/\"},{\"@type\":\"ListItem\",\"position\":2,\"name\":\"Tienda\",\"item\":\"https:\/\/playcomp.cl\/index.php\/tienda\/\"},{\"@type\":\"ListItem\",\"position\":3,\"name\":\"Ingl\u00e9s Avanzado\"}]},{\"@type\":\"WebSite\",\"@id\":\"https:\/\/playcomp.cl\/#website\",\"url\":\"https:\/\/playcomp.cl\/\",\"name\":\"Play Comp\",\"description\":\"Organismo T\u00e9cnico de Capacitaci\u00f3n\",\"publisher\":{\"@id\":\"https:\/\/playcomp.cl\/#organization\"},\"potentialAction\":[{\"@type\":\"SearchAction\",\"target\":{\"@type\":\"EntryPoint\",\"urlTemplate\":\"https:\/\/playcomp.cl\/?s={search_term_string}\"},\"query-input\":{\"@type\":\"PropertyValueSpecification\",\"valueRequired\":true,\"valueName\":\"search_term_string\"}}],\"inLanguage\":\"es\"},{\"@type\":\"Organization\",\"@id\":\"https:\/\/playcomp.cl\/#organization\",\"name\":\"Play Comp\",\"url\":\"https:\/\/playcomp.cl\/\",\"logo\":{\"@type\":\"ImageObject\",\"inLanguage\":\"es\",\"@id\":\"https:\/\/playcomp.cl\/#\/schema\/logo\/image\/\",\"url\":\"https:\/\/playcomp.cl\/wp-content\/uploads\/2017\/07\/Artboard-36.png\",\"contentUrl\":\"https:\/\/playcomp.cl\/wp-content\/uploads\/2017\/07\/Artboard-36.png\",\"width\":423,\"height\":112,\"caption\":\"Play Comp\"},\"image\":{\"@id\":\"https:\/\/playcomp.cl\/#\/schema\/logo\/image\/\"},\"sameAs\":[\"https:\/\/www.facebook.com\/playcompchile\/\",\"https:\/\/www.instagram.com\/playcomp_capacitacion?igsh=OGtwZzBsYW5qbTF5\"]}]}<\/script>\n<!-- \/ Yoast SEO plugin. -->","yoast_head_json":{"title":"Ingl\u00e9s Avanzado - Play Comp","robots":{"index":"index","follow":"follow","max-snippet":"max-snippet:-1","max-image-preview":"max-image-preview:large","max-video-preview":"max-video-preview:-1"},"canonical":"https:\/\/playcomp.cl\/index.php\/producto\/ingles-avanzado\/","og_locale":"es_ES","og_type":"article","og_title":"Ingl\u00e9s Avanzado - Play Comp","og_description":"El curso de ingl\u00e9s avanzado el alumno ser\u00e1 capaz de manejar las estructuras gramaticales dentro del nivel de ingl\u00e9s adquirido y dominar el vocabulario necesario que le permita aplicarlo en situaciones reales, tales como una conversaci\u00f3n con un hablante nativo, entender lo que dicen, ya que su capacidad auditiva estar\u00e1 mucho m\u00e1s desarrollada, podr\u00e1n redactar...","og_url":"https:\/\/playcomp.cl\/index.php\/producto\/ingles-avanzado\/","og_site_name":"Play Comp","article_publisher":"https:\/\/www.facebook.com\/playcompchile\/","article_modified_time":"2024-10-24T20:19:13+00:00","og_image":[{"width":505,"height":505,"url":"https:\/\/playcomp.cl\/wp-content\/uploads\/2024\/05\/Imagen1-1-2-1.jpg","type":"image\/jpeg"}],"twitter_card":"summary_large_image","twitter_misc":{"Tiempo de lectura":"4 minutos"},"schema":{"@context":"https:\/\/schema.org","@graph":[{"@type":"WebPage","@id":"https:\/\/playcomp.cl\/index.php\/producto\/ingles-avanzado\/","url":"https:\/\/playcomp.cl\/index.php\/producto\/ingles-avanzado\/","name":"Ingl\u00e9s Avanzado - Play Comp","isPartOf":{"@id":"https:\/\/playcomp.cl\/#website"},"primaryImageOfPage":{"@id":"https:\/\/playcomp.cl\/index.php\/producto\/ingles-avanzado\/#primaryimage"},"image":{"@id":"https:\/\/playcomp.cl\/index.php\/producto\/ingles-avanzado\/#primaryimage"},"thumbnailUrl":"https:\/\/playcomp.cl\/wp-content\/uploads\/2024\/05\/Imagen1-1-2-1.jpg","datePublished":"2024-05-22T18:47:43+00:00","dateModified":"2024-10-24T20:19:13+00:00","breadcrumb":{"@id":"https:\/\/playcomp.cl\/index.php\/producto\/ingles-avanzado\/#breadcrumb"},"inLanguage":"es","potentialAction":[{"@type":"ReadAction","target":["https:\/\/playcomp.cl\/index.php\/producto\/ingles-avanzado\/"]}]},{"@type":"ImageObject","inLanguage":"es","@id":"https:\/\/playcomp.cl\/index.php\/producto\/ingles-avanzado\/#primaryimage","url":"https:\/\/playcomp.cl\/wp-content\/uploads\/2024\/05\/Imagen1-1-2-1.jpg","contentUrl":"https:\/\/playcomp.cl\/wp-content\/uploads\/2024\/05\/Imagen1-1-2-1.jpg","width":505,"height":505},{"@type":"BreadcrumbList","@id":"https:\/\/playcomp.cl\/index.php\/producto\/ingles-avanzado\/#breadcrumb","itemListElement":[{"@type":"ListItem","position":1,"name":"Portada","item":"https:\/\/playcomp.cl\/"},{"@type":"ListItem","position":2,"name":"Tienda","item":"https:\/\/playcomp.cl\/index.php\/tienda\/"},{"@type":"ListItem","position":3,"name":"Ingl\u00e9s Avanzado"}]},{"@type":"WebSite","@id":"https:\/\/playcomp.cl\/#website","url":"https:\/\/playcomp.cl\/","name":"Play Comp","description":"Organismo T\u00e9cnico de Capacitaci\u00f3n","publisher":{"@id":"https:\/\/playcomp.cl\/#organization"},"potentialAction":[{"@type":"SearchAction","target":{"@type":"EntryPoint","urlTemplate":"https:\/\/playcomp.cl\/?s={search_term_string}"},"query-input":{"@type":"PropertyValueSpecification","valueRequired":true,"valueName":"search_term_string"}}],"inLanguage":"es"},{"@type":"Organization","@id":"https:\/\/playcomp.cl\/#organization","name":"Play Comp","url":"https:\/\/playcomp.cl\/","logo":{"@type":"ImageObject","inLanguage":"es","@id":"https:\/\/playcomp.cl\/#\/schema\/logo\/image\/","url":"https:\/\/playcomp.cl\/wp-content\/uploads\/2017\/07\/Artboard-36.png","contentUrl":"https:\/\/playcomp.cl\/wp-content\/uploads\/2017\/07\/Artboard-36.png","width":423,"height":112,"caption":"Play Comp"},"image":{"@id":"https:\/\/playcomp.cl\/#\/schema\/logo\/image\/"},"sameAs":["https:\/\/www.facebook.com\/playcompchile\/","https:\/\/www.instagram.com\/playcomp_capacitacion?igsh=OGtwZzBsYW5qbTF5"]}]}},"_links":{"self":[{"href":"https:\/\/playcomp.cl\/index.php\/wp-json\/wp\/v2\/product\/9691","targetHints":{"allow":["GET"]}}],"collection":[{"href":"https:\/\/playcomp.cl\/index.php\/wp-json\/wp\/v2\/product"}],"about":[{"href":"https:\/\/playcomp.cl\/index.php\/wp-json\/wp\/v2\/types\/product"}],"wp:featuredmedia":[{"embeddable":true,"href":"https:\/\/playcomp.cl\/index.php\/wp-json\/wp\/v2\/media\/10411"}],"wp:attachment":[{"href":"https:\/\/playcomp.cl\/index.php\/wp-json\/wp\/v2\/media?parent=9691"}],"wp:term":[{"taxonomy":"product_brand","embeddable":true,"href":"https:\/\/playcomp.cl\/index.php\/wp-json\/wp\/v2\/product_brand?post=9691"},{"taxonomy":"product_cat","embeddable":true,"href":"https:\/\/playcomp.cl\/index.php\/wp-json\/wp\/v2\/product_cat?post=9691"},{"taxonomy":"product_tag","embeddable":true,"href":"https:\/\/playcomp.cl\/index.php\/wp-json\/wp\/v2\/product_tag?post=9691"}],"curies":[{"name":"wp","href":"https:\/\/api.w.org\/{rel}","templated":true}]}}