{"id":9689,"date":"2024-05-22T15:46:40","date_gmt":"2024-05-22T18:46:40","guid":{"rendered":"https:\/\/playcomp.cl\/?post_type=product&#038;p=9689"},"modified":"2024-10-24T14:21:59","modified_gmt":"2024-10-24T17:21:59","slug":"ingles-intermedio","status":"publish","type":"product","link":"https:\/\/playcomp.cl\/index.php\/producto\/ingles-intermedio\/","title":{"rendered":"Ingl\u00e9s Intermedio"},"content":{"rendered":"<p>Este curso de Ingl\u00e9s intermedio tiene como objetivo general que los alumnos apliquen todo lo aprendido en el curso de ingl\u00e9s b\u00e1sico y adem\u00e1s desarrollen sus capacidades para que adquieran un mayor conocimiento y manejo de las estructuras gramaticales del idioma ingl\u00e9s dentro del nivel intermedio, para que sean capaces de mantener una conversaci\u00f3n telef\u00f3nica con personas de habla inglesa, dominar un vocabulario que les permita desarrollarse en el \u00e1mbito laboral y personal, as\u00ed como tambi\u00e9n, escribir y contestar cartas y correos electr\u00f3nicos.<\/p>\n<p><strong>Objetivos<\/strong><br \/>\nAl finalizar el curso de ingl\u00e9s b\u00e1sico el alumno ser\u00e1 capaz de reconocer, distinguir, entender y aplicar los conocimientos adquiridos durante este programa utilizando las cuatro habilidades ling\u00fc\u00edsticas (hablar, escribir, leer y escuchar) y as\u00ed como tambi\u00e9n emplear los conocimientos en diversos contextos, ya sea en el \u00e1mbito laboral como personal. Aplicando los conocimientos adquiridos para continuar con este proceso de aprendizaje en los siguientes niveles de ingl\u00e9s.<\/p>\n<p><strong>M\u00f3dulo I:<\/strong> Describir hechos habituales y situaciones de la rutina y vida diaria.<\/p>\n<ul>\n<li>Usar wh-questions usando el verbo to be en presente ( What, Where, When, Who..) y el uso del presente simple, uso del Do\/don\u00b4t y Does\/doesn\u00b4t , en oraciones afirmativas, negativas y preguntas, adverbios de frecuencia tales como, (always ,never, sometimes, etc) y expresiones de tiempo (every day, twice a month,etc.).<\/li>\n<li>Usar el verbo to be en pasado ( was\/wasn\u00b4t\/were\/weren\u00b4t y el uso del auxiliar de pasado Did\/didn\u00b4t , en preguntas, oraciones afirmativas y negativas, emplear expresiones de tiempo relacionadas al pasado tales como (ago, last).<\/li>\n<\/ul>\n<p><strong>M\u00f3dulo II:<\/strong> Recibir y atender una llamada telef\u00f3nica y a clientes<\/p>\n<ul>\n<li>Usar los verbos modales Can\/Can\u00b4t\/ Could\/Couldn\u00b4t, have to\/ don\u00b4t have to\/ must\/musn\u00b4t\/ should\/ shouldn\u00b4t\/ shall\/ will y los verbos regulares e irregulares en presente y en pasado. N\u00fameros cardinales, wh-questions usando el verbo to be, What, Who,When,Where,Which, How.<\/li>\n<li>Usar el verbo to be en presente simple, en afirmativo, negativo e interrogativo, wh-questions usando el verbo to be (What, Where; When,Who,Which<\/li>\n<li>Uso del Can \/ Can\u00b4t y Could\/ Couldn\u00b4t para expresar habilidad, posibilidad y pedir permiso, en preguntas, Respuestas afirmativas y negativas, (Respuestas cortas y largas)., Could I go,\u2026.? Can I use the phone\u2026.? Uso del some y any. Uso del want to.<\/li>\n<\/ul>\n<p><strong>M\u00f3dulo III:<\/strong> Comparar situaciones y hechos de la vida diaria que est\u00e1n ocurriendo en el instante&#8230;<\/p>\n<ul>\n<li>Comparativos y Superlativos, than \u2026\u2026more than, the best\u2026\u2026..Usar verbos regulares e irregulares en presente y pasado, wh-questions usando el verbo to be,( What,Where, When, How) y adjetivos.<\/li>\n<li>Presente Continuo, en oraciones afirmativas, negativas y preguntas, aplicado a situaciones reales, en el lugar de trabajo, tales como conversaciones de hechos que suceden en el instante, ejemplo, Is he speaking on the phone in this moment? y uso correcto de preposiciones (in,on,at).<\/li>\n<\/ul>\n<p><strong>M\u00f3dulo IV:<\/strong> Distinguir y reconocer acciones o hechos pasados o que a\u00fan no ha finalizado.<\/p>\n<ul>\n<li>Pasado Simple y Pasado Continuo con expresiones de pasado. (ago,last) aplicado situaciones reales del pasado que finalizaron y algunas que continuan sucediendo en el pasado.(Was he studying when you called him \u2026..?)<\/li>\n<li>Presente Perfecto usando verbos regulares e irregulares en pasado participio y el uso de already, yet, para hablar de hechos recientes en la rutina diaria o trabajo y que a\u00fan no han terminado, What Have you done,\u2026.? \/ Have you already eaten?<\/li>\n<li>Vocabulario<\/li>\n<\/ul>\n<p><strong>M\u00f3dulo V:<\/strong> Predecir, indicar una promesa u ofrecer algo en el \u00e1mbito laboral y personal<\/p>\n<ul>\n<li>Will \/ going to para indicar hechos que se realizar\u00e1n en un futuro, hacer una promesa o un ofrecimiento que se llevar\u00e1 a cabo en un futuro pr\u00f3ximo, utilizando expresiones de futuro (next, tomorrow).<\/li>\n<li>Usar Could\/might para pedir permiso en situaciones de la vida diaria, en oraciones afirmativas ,negativas y preguntas, Could I go to the toliet\u2026.?, Where is Jim? He might be at home today. Respuestas cortas y largas. Yes\/No questions.<\/li>\n<\/ul>\n<p>&nbsp;<\/p>\n<ul>\n<li><strong>Evaluaci\u00f3n Final<\/strong><br \/>\nSe realizar\u00e1 una evaluaci\u00f3n te\u00f3rica pr\u00e1ctica<\/li>\n<\/ul>\n","protected":false},"excerpt":{"rendered":"<p>Este curso de Ingl\u00e9s intermedio tiene como objetivo general que los alumnos apliquen todo lo aprendido en el curso de ingl\u00e9s b\u00e1sico y adem\u00e1s desarrollen sus capacidades para que adquieran un mayor conocimiento y manejo de las estructuras gramaticales del idioma ingl\u00e9s dentro del nivel intermedio, para que sean capaces de mantener una conversaci\u00f3n telef\u00f3nica&#8230;<\/p>\n","protected":false},"featured_media":10346,"template":"","meta":{"_acf_changed":false},"product_brand":[],"product_cat":[126],"product_tag":[],"class_list":{"0":"post-9689","1":"product","2":"type-product","3":"status-publish","4":"has-post-thumbnail","6":"product_cat-area-de-idiomas","8":"first","9":"instock","10":"shipping-taxable","11":"product-type-simple"},"acf":[],"yoast_head":"<!-- This site is optimized with the Yoast SEO plugin v24.8.1 - https:\/\/yoast.com\/wordpress\/plugins\/seo\/ -->\n<title>Ingl\u00e9s Intermedio - Play Comp<\/title>\n<meta name=\"robots\" content=\"index, follow, max-snippet:-1, max-image-preview:large, max-video-preview:-1\" \/>\n<link rel=\"canonical\" href=\"https:\/\/playcomp.cl\/index.php\/producto\/ingles-intermedio\/\" \/>\n<meta property=\"og:locale\" content=\"es_ES\" \/>\n<meta property=\"og:type\" content=\"article\" \/>\n<meta property=\"og:title\" content=\"Ingl\u00e9s Intermedio - Play Comp\" \/>\n<meta property=\"og:description\" content=\"Este curso de Ingl\u00e9s intermedio tiene como objetivo general que los alumnos apliquen todo lo aprendido en el curso de ingl\u00e9s b\u00e1sico y adem\u00e1s desarrollen sus capacidades para que adquieran un mayor conocimiento y manejo de las estructuras gramaticales del idioma ingl\u00e9s dentro del nivel intermedio, para que sean capaces de mantener una conversaci\u00f3n telef\u00f3nica...\" \/>\n<meta property=\"og:url\" content=\"https:\/\/playcomp.cl\/index.php\/producto\/ingles-intermedio\/\" \/>\n<meta property=\"og:site_name\" content=\"Play Comp\" \/>\n<meta property=\"article:publisher\" content=\"https:\/\/www.facebook.com\/playcompchile\/\" \/>\n<meta property=\"article:modified_time\" content=\"2024-10-24T17:21:59+00:00\" \/>\n<meta property=\"og:image\" content=\"https:\/\/playcomp.cl\/wp-content\/uploads\/2024\/05\/Imagen1-2-1.png\" \/>\n\t<meta property=\"og:image:width\" content=\"504\" \/>\n\t<meta property=\"og:image:height\" content=\"504\" \/>\n\t<meta property=\"og:image:type\" content=\"image\/png\" \/>\n<meta name=\"twitter:card\" content=\"summary_large_image\" \/>\n<meta name=\"twitter:label1\" content=\"Tiempo de lectura\" \/>\n\t<meta name=\"twitter:data1\" content=\"3 minutos\" \/>\n<script type=\"application\/ld+json\" class=\"yoast-schema-graph\">{\"@context\":\"https:\/\/schema.org\",\"@graph\":[{\"@type\":\"WebPage\",\"@id\":\"https:\/\/playcomp.cl\/index.php\/producto\/ingles-intermedio\/\",\"url\":\"https:\/\/playcomp.cl\/index.php\/producto\/ingles-intermedio\/\",\"name\":\"Ingl\u00e9s Intermedio - Play Comp\",\"isPartOf\":{\"@id\":\"https:\/\/playcomp.cl\/#website\"},\"primaryImageOfPage\":{\"@id\":\"https:\/\/playcomp.cl\/index.php\/producto\/ingles-intermedio\/#primaryimage\"},\"image\":{\"@id\":\"https:\/\/playcomp.cl\/index.php\/producto\/ingles-intermedio\/#primaryimage\"},\"thumbnailUrl\":\"https:\/\/playcomp.cl\/wp-content\/uploads\/2024\/05\/Imagen1-2-1.png\",\"datePublished\":\"2024-05-22T18:46:40+00:00\",\"dateModified\":\"2024-10-24T17:21:59+00:00\",\"breadcrumb\":{\"@id\":\"https:\/\/playcomp.cl\/index.php\/producto\/ingles-intermedio\/#breadcrumb\"},\"inLanguage\":\"es\",\"potentialAction\":[{\"@type\":\"ReadAction\",\"target\":[\"https:\/\/playcomp.cl\/index.php\/producto\/ingles-intermedio\/\"]}]},{\"@type\":\"ImageObject\",\"inLanguage\":\"es\",\"@id\":\"https:\/\/playcomp.cl\/index.php\/producto\/ingles-intermedio\/#primaryimage\",\"url\":\"https:\/\/playcomp.cl\/wp-content\/uploads\/2024\/05\/Imagen1-2-1.png\",\"contentUrl\":\"https:\/\/playcomp.cl\/wp-content\/uploads\/2024\/05\/Imagen1-2-1.png\",\"width\":504,\"height\":504},{\"@type\":\"BreadcrumbList\",\"@id\":\"https:\/\/playcomp.cl\/index.php\/producto\/ingles-intermedio\/#breadcrumb\",\"itemListElement\":[{\"@type\":\"ListItem\",\"position\":1,\"name\":\"Portada\",\"item\":\"https:\/\/playcomp.cl\/\"},{\"@type\":\"ListItem\",\"position\":2,\"name\":\"Tienda\",\"item\":\"https:\/\/playcomp.cl\/index.php\/tienda\/\"},{\"@type\":\"ListItem\",\"position\":3,\"name\":\"Ingl\u00e9s Intermedio\"}]},{\"@type\":\"WebSite\",\"@id\":\"https:\/\/playcomp.cl\/#website\",\"url\":\"https:\/\/playcomp.cl\/\",\"name\":\"Play Comp\",\"description\":\"Organismo T\u00e9cnico de Capacitaci\u00f3n\",\"publisher\":{\"@id\":\"https:\/\/playcomp.cl\/#organization\"},\"potentialAction\":[{\"@type\":\"SearchAction\",\"target\":{\"@type\":\"EntryPoint\",\"urlTemplate\":\"https:\/\/playcomp.cl\/?s={search_term_string}\"},\"query-input\":{\"@type\":\"PropertyValueSpecification\",\"valueRequired\":true,\"valueName\":\"search_term_string\"}}],\"inLanguage\":\"es\"},{\"@type\":\"Organization\",\"@id\":\"https:\/\/playcomp.cl\/#organization\",\"name\":\"Play Comp\",\"url\":\"https:\/\/playcomp.cl\/\",\"logo\":{\"@type\":\"ImageObject\",\"inLanguage\":\"es\",\"@id\":\"https:\/\/playcomp.cl\/#\/schema\/logo\/image\/\",\"url\":\"https:\/\/playcomp.cl\/wp-content\/uploads\/2017\/07\/Artboard-36.png\",\"contentUrl\":\"https:\/\/playcomp.cl\/wp-content\/uploads\/2017\/07\/Artboard-36.png\",\"width\":423,\"height\":112,\"caption\":\"Play Comp\"},\"image\":{\"@id\":\"https:\/\/playcomp.cl\/#\/schema\/logo\/image\/\"},\"sameAs\":[\"https:\/\/www.facebook.com\/playcompchile\/\",\"https:\/\/www.instagram.com\/playcomp_capacitacion?igsh=OGtwZzBsYW5qbTF5\"]}]}<\/script>\n<!-- \/ Yoast SEO plugin. -->","yoast_head_json":{"title":"Ingl\u00e9s Intermedio - Play Comp","robots":{"index":"index","follow":"follow","max-snippet":"max-snippet:-1","max-image-preview":"max-image-preview:large","max-video-preview":"max-video-preview:-1"},"canonical":"https:\/\/playcomp.cl\/index.php\/producto\/ingles-intermedio\/","og_locale":"es_ES","og_type":"article","og_title":"Ingl\u00e9s Intermedio - Play Comp","og_description":"Este curso de Ingl\u00e9s intermedio tiene como objetivo general que los alumnos apliquen todo lo aprendido en el curso de ingl\u00e9s b\u00e1sico y adem\u00e1s desarrollen sus capacidades para que adquieran un mayor conocimiento y manejo de las estructuras gramaticales del idioma ingl\u00e9s dentro del nivel intermedio, para que sean capaces de mantener una conversaci\u00f3n telef\u00f3nica...","og_url":"https:\/\/playcomp.cl\/index.php\/producto\/ingles-intermedio\/","og_site_name":"Play Comp","article_publisher":"https:\/\/www.facebook.com\/playcompchile\/","article_modified_time":"2024-10-24T17:21:59+00:00","og_image":[{"width":504,"height":504,"url":"https:\/\/playcomp.cl\/wp-content\/uploads\/2024\/05\/Imagen1-2-1.png","type":"image\/png"}],"twitter_card":"summary_large_image","twitter_misc":{"Tiempo de lectura":"3 minutos"},"schema":{"@context":"https:\/\/schema.org","@graph":[{"@type":"WebPage","@id":"https:\/\/playcomp.cl\/index.php\/producto\/ingles-intermedio\/","url":"https:\/\/playcomp.cl\/index.php\/producto\/ingles-intermedio\/","name":"Ingl\u00e9s Intermedio - Play Comp","isPartOf":{"@id":"https:\/\/playcomp.cl\/#website"},"primaryImageOfPage":{"@id":"https:\/\/playcomp.cl\/index.php\/producto\/ingles-intermedio\/#primaryimage"},"image":{"@id":"https:\/\/playcomp.cl\/index.php\/producto\/ingles-intermedio\/#primaryimage"},"thumbnailUrl":"https:\/\/playcomp.cl\/wp-content\/uploads\/2024\/05\/Imagen1-2-1.png","datePublished":"2024-05-22T18:46:40+00:00","dateModified":"2024-10-24T17:21:59+00:00","breadcrumb":{"@id":"https:\/\/playcomp.cl\/index.php\/producto\/ingles-intermedio\/#breadcrumb"},"inLanguage":"es","potentialAction":[{"@type":"ReadAction","target":["https:\/\/playcomp.cl\/index.php\/producto\/ingles-intermedio\/"]}]},{"@type":"ImageObject","inLanguage":"es","@id":"https:\/\/playcomp.cl\/index.php\/producto\/ingles-intermedio\/#primaryimage","url":"https:\/\/playcomp.cl\/wp-content\/uploads\/2024\/05\/Imagen1-2-1.png","contentUrl":"https:\/\/playcomp.cl\/wp-content\/uploads\/2024\/05\/Imagen1-2-1.png","width":504,"height":504},{"@type":"BreadcrumbList","@id":"https:\/\/playcomp.cl\/index.php\/producto\/ingles-intermedio\/#breadcrumb","itemListElement":[{"@type":"ListItem","position":1,"name":"Portada","item":"https:\/\/playcomp.cl\/"},{"@type":"ListItem","position":2,"name":"Tienda","item":"https:\/\/playcomp.cl\/index.php\/tienda\/"},{"@type":"ListItem","position":3,"name":"Ingl\u00e9s Intermedio"}]},{"@type":"WebSite","@id":"https:\/\/playcomp.cl\/#website","url":"https:\/\/playcomp.cl\/","name":"Play Comp","description":"Organismo T\u00e9cnico de Capacitaci\u00f3n","publisher":{"@id":"https:\/\/playcomp.cl\/#organization"},"potentialAction":[{"@type":"SearchAction","target":{"@type":"EntryPoint","urlTemplate":"https:\/\/playcomp.cl\/?s={search_term_string}"},"query-input":{"@type":"PropertyValueSpecification","valueRequired":true,"valueName":"search_term_string"}}],"inLanguage":"es"},{"@type":"Organization","@id":"https:\/\/playcomp.cl\/#organization","name":"Play Comp","url":"https:\/\/playcomp.cl\/","logo":{"@type":"ImageObject","inLanguage":"es","@id":"https:\/\/playcomp.cl\/#\/schema\/logo\/image\/","url":"https:\/\/playcomp.cl\/wp-content\/uploads\/2017\/07\/Artboard-36.png","contentUrl":"https:\/\/playcomp.cl\/wp-content\/uploads\/2017\/07\/Artboard-36.png","width":423,"height":112,"caption":"Play Comp"},"image":{"@id":"https:\/\/playcomp.cl\/#\/schema\/logo\/image\/"},"sameAs":["https:\/\/www.facebook.com\/playcompchile\/","https:\/\/www.instagram.com\/playcomp_capacitacion?igsh=OGtwZzBsYW5qbTF5"]}]}},"_links":{"self":[{"href":"https:\/\/playcomp.cl\/index.php\/wp-json\/wp\/v2\/product\/9689","targetHints":{"allow":["GET"]}}],"collection":[{"href":"https:\/\/playcomp.cl\/index.php\/wp-json\/wp\/v2\/product"}],"about":[{"href":"https:\/\/playcomp.cl\/index.php\/wp-json\/wp\/v2\/types\/product"}],"wp:featuredmedia":[{"embeddable":true,"href":"https:\/\/playcomp.cl\/index.php\/wp-json\/wp\/v2\/media\/10346"}],"wp:attachment":[{"href":"https:\/\/playcomp.cl\/index.php\/wp-json\/wp\/v2\/media?parent=9689"}],"wp:term":[{"taxonomy":"product_brand","embeddable":true,"href":"https:\/\/playcomp.cl\/index.php\/wp-json\/wp\/v2\/product_brand?post=9689"},{"taxonomy":"product_cat","embeddable":true,"href":"https:\/\/playcomp.cl\/index.php\/wp-json\/wp\/v2\/product_cat?post=9689"},{"taxonomy":"product_tag","embeddable":true,"href":"https:\/\/playcomp.cl\/index.php\/wp-json\/wp\/v2\/product_tag?post=9689"}],"curies":[{"name":"wp","href":"https:\/\/api.w.org\/{rel}","templated":true}]}}