{"id":9687,"date":"2024-05-22T15:45:04","date_gmt":"2024-05-22T18:45:04","guid":{"rendered":"https:\/\/playcomp.cl\/?post_type=product&#038;p=9687"},"modified":"2024-10-24T14:43:48","modified_gmt":"2024-10-24T17:43:48","slug":"ingles-basico-para-el-mundo-laboral","status":"publish","type":"product","link":"https:\/\/playcomp.cl\/index.php\/producto\/ingles-basico-para-el-mundo-laboral\/","title":{"rendered":"Ingl\u00e9s B\u00e1sico para el mundo laboral"},"content":{"rendered":"<p>Este curso est\u00e1 basado en un m\u00e9todo de aprendizaje din\u00e1mico y tiene como objetivo general capacitar en un programa de aplicaci\u00f3n pr\u00e1ctica, para que los alumnos obtengan los conocimientos b\u00e1sicos del idioma ingl\u00e9s y as\u00ed como tambi\u00e9n otorgar las herramientas necesarias para que al t\u00e9rmino de este, manejen vocabulario b\u00e1sico, un conocimiento general de la gram\u00e1tica inglesa, desarrollen los conocimientos fon\u00e9ticos b\u00e1sicos para introducirse en la pronunciaci\u00f3n correcta del idioma y as\u00ed iniciarse en la pr\u00e1ctica verbal del idioma..<\/p>\n<p><strong>Objetivos<\/strong><br \/>\nAl finalizar el curso de ingl\u00e9s b\u00e1sico el alumno ser\u00e1 capaz de reconocer, distinguir, entender y aplicar los conocimientos adquiridos durante este programa utilizando las cuatro habilidades ling\u00fc\u00edsticas (hablar, escribir, leer y escuchar) y as\u00ed como tambi\u00e9n emplear los conocimientos en diversos contextos, ya sea en el \u00e1mbito laboral como personal. Aplicando los conocimientos adquiridos para continuar con este proceso de aprendizaje en los siguientes niveles de ingl\u00e9s.<\/p>\n<p><strong>M\u00f3dulo I:<\/strong> Comprender y aplicar estructuras b\u00e1sicas del idioma<\/p>\n<ul>\n<li>N\u00fameros cardinales y ordinales<\/li>\n<li>Abecedario<\/li>\n<li>Uso del verbo to be en presente simple, en afirmativo, negativo e interrogativo del verbo to be, WH- Questions, Yes\/ No questions. (What, Who,When, Where \u2026.)<\/li>\n<li>Uso del verbo to be en presente en oraciones afirmativas, negativas y preguntas, wh questions usando el verbo to be (Who,Where,When,What).<\/li>\n<li>Vocabulario.<\/li>\n<\/ul>\n<p><strong>M\u00f3dulo II:<\/strong> Formas de Saludos Formales e Informales<\/p>\n<ul>\n<li>Vocabulario b\u00e1sico que se utiliza para saludar y despedirse en ingl\u00e9s, reforzando el tiempo presente y verbos en presente simple.<\/li>\n<li>Usar el verbo to be en presente simple, en afirmativo, negativo e interrogativo, wh-questions usando el verbo to be (What, Where; When,Who,Which<\/li>\n<li>Conocer el calendario<\/li>\n<\/ul>\n<p><strong>M\u00f3dulo III:<\/strong> Recibir y atender formalmente a los clientes.<\/p>\n<ul>\n<li>Uso del Can \/ Can\u00b4t y Could\/ Couldn\u00b4t para expresar habilidad, posibilidad y pedir permiso, en preguntas,<\/li>\n<li>Respuestas afirmativas y negativas, (Respuestas cortas y largas)., Could I go\u2026? \u00bfCan I use the phone\u2026? Uso del some y any. Uso del want to.Crear un Equipo y Espacios de trabajo<\/li>\n<li>Usar las estructuras gramaticales para contestar correctamente los usos horarios, usando el verbo to be en presente y wh questions usando el verbo to be ( what) y los n\u00fameros cardinales.<\/li>\n<\/ul>\n<p><strong>M\u00f3dulo IV:<\/strong> Indicar el pron\u00f3stico del tiempo, incluyendo las estaciones del a\u00f1o.<\/p>\n<ul>\n<li>Usar los verbos en pasado (Regulares e Irregulares), verbo to be en pasado, el auxiliar de pasado Did\/didn\u00b4t , en oraciones afirmativas, negativas y preguntas.<\/li>\n<li>Utilizar el uso del Could\/couldn\u00b4t para referirse a acciones o hechos pasados y expresiones de tiempo relacionadas al pasado (ago, last )<\/li>\n<\/ul>\n<p><strong>M\u00f3dulo V:<\/strong> Explicar su ocupaci\u00f3n y funci\u00f3n laboral. Dar instrucciones<\/p>\n<ul>\n<li>Dar informaci\u00f3n sobre su ocupaci\u00f3n usando los verbos en presente y pasado, expresiones de tiempo de presente y pasado y los auxiliares de presente ( Do \/ don\u00b4t y Does \/ doesn\u00b4t), verbo to be en presente, wh-questions (What, Where, Who, When, Which\u2026)<\/li>\n<li>Auxiliar de pasado Did \/ didn\u00b4t y verbo to be en pasado (was \/ wasn\u00b4t \/ were \/ weren\u00b4t), en oraciones afirmativas, negativas y preguntas.<\/li>\n<li>Usar comandos en ingl\u00e9s y aplicar los comandos con ejemplos claros y cortos, tales como, close the door, stand up, etc. Uso de adverbios.<\/li>\n<\/ul>\n<p><strong>M\u00f3dulo VI:<\/strong> Se\u00f1alar y explicar c\u00f3mo llegar a un lugar espec\u00edfico.<\/p>\n<ul>\n<li>Usar verbos que indican direcci\u00f3n en ingl\u00e9s go to, arrive, go along, go straight y emplear las preposiciones de lugar respectivas. (in, at, to, in front of, near, etc) y expresiones de lugar Where \u2026\u2026.?, wh-questions usando el verbo to be.( Where, What, How).<\/li>\n<\/ul>\n<p><strong>M\u00f3dulo VI:<\/strong> Explicar formas de pago<\/p>\n<ul>\n<li>Explicar formas de pago con el uso correcto de los n\u00fameros, y preguntas usando los verbos en presente y el uso correcto del How much\u2014How many, wh- questions usando el verbo to be.( What\/ How\/ )<\/li>\n<\/ul>\n<p>&nbsp;<\/p>\n<ul>\n<li><strong>Evaluaci\u00f3n Final<\/strong><br \/>\nSe realizar\u00e1 una evaluaci\u00f3n te\u00f3rica pr\u00e1ctica.<\/li>\n<\/ul>\n","protected":false},"excerpt":{"rendered":"<p>Este curso est\u00e1 basado en un m\u00e9todo de aprendizaje din\u00e1mico y tiene como objetivo general capacitar en un programa de aplicaci\u00f3n pr\u00e1ctica, para que los alumnos obtengan los conocimientos b\u00e1sicos del idioma ingl\u00e9s y as\u00ed como tambi\u00e9n otorgar las herramientas necesarias para que al t\u00e9rmino de este, manejen vocabulario b\u00e1sico, un conocimiento general de la&#8230;<\/p>\n","protected":false},"featured_media":10348,"template":"","meta":{"_acf_changed":false},"product_brand":[],"product_cat":[126],"product_tag":[],"class_list":{"0":"post-9687","1":"product","2":"type-product","3":"status-publish","4":"has-post-thumbnail","6":"product_cat-area-de-idiomas","8":"first","9":"instock","10":"shipping-taxable","11":"product-type-simple"},"acf":[],"yoast_head":"<!-- This site is optimized with the Yoast SEO plugin v24.8.1 - https:\/\/yoast.com\/wordpress\/plugins\/seo\/ -->\n<title>Ingl\u00e9s B\u00e1sico para el mundo laboral - Play Comp<\/title>\n<meta name=\"robots\" content=\"index, follow, max-snippet:-1, max-image-preview:large, max-video-preview:-1\" \/>\n<link rel=\"canonical\" href=\"https:\/\/playcomp.cl\/index.php\/producto\/ingles-basico-para-el-mundo-laboral\/\" \/>\n<meta property=\"og:locale\" content=\"es_ES\" \/>\n<meta property=\"og:type\" content=\"article\" \/>\n<meta property=\"og:title\" content=\"Ingl\u00e9s B\u00e1sico para el mundo laboral - Play Comp\" \/>\n<meta property=\"og:description\" content=\"Este curso est\u00e1 basado en un m\u00e9todo de aprendizaje din\u00e1mico y tiene como objetivo general capacitar en un programa de aplicaci\u00f3n pr\u00e1ctica, para que los alumnos obtengan los conocimientos b\u00e1sicos del idioma ingl\u00e9s y as\u00ed como tambi\u00e9n otorgar las herramientas necesarias para que al t\u00e9rmino de este, manejen vocabulario b\u00e1sico, un conocimiento general de la...\" \/>\n<meta property=\"og:url\" content=\"https:\/\/playcomp.cl\/index.php\/producto\/ingles-basico-para-el-mundo-laboral\/\" \/>\n<meta property=\"og:site_name\" content=\"Play Comp\" \/>\n<meta property=\"article:publisher\" content=\"https:\/\/www.facebook.com\/playcompchile\/\" \/>\n<meta property=\"article:modified_time\" content=\"2024-10-24T17:43:48+00:00\" \/>\n<meta property=\"og:image\" content=\"https:\/\/playcomp.cl\/wp-content\/uploads\/2024\/05\/Imagen1-3-1.png\" \/>\n\t<meta property=\"og:image:width\" content=\"535\" \/>\n\t<meta property=\"og:image:height\" content=\"535\" \/>\n\t<meta property=\"og:image:type\" content=\"image\/png\" \/>\n<meta name=\"twitter:card\" content=\"summary_large_image\" \/>\n<meta name=\"twitter:label1\" content=\"Tiempo de lectura\" \/>\n\t<meta name=\"twitter:data1\" content=\"3 minutos\" \/>\n<script type=\"application\/ld+json\" class=\"yoast-schema-graph\">{\"@context\":\"https:\/\/schema.org\",\"@graph\":[{\"@type\":\"WebPage\",\"@id\":\"https:\/\/playcomp.cl\/index.php\/producto\/ingles-basico-para-el-mundo-laboral\/\",\"url\":\"https:\/\/playcomp.cl\/index.php\/producto\/ingles-basico-para-el-mundo-laboral\/\",\"name\":\"Ingl\u00e9s B\u00e1sico para el mundo laboral - Play Comp\",\"isPartOf\":{\"@id\":\"https:\/\/playcomp.cl\/#website\"},\"primaryImageOfPage\":{\"@id\":\"https:\/\/playcomp.cl\/index.php\/producto\/ingles-basico-para-el-mundo-laboral\/#primaryimage\"},\"image\":{\"@id\":\"https:\/\/playcomp.cl\/index.php\/producto\/ingles-basico-para-el-mundo-laboral\/#primaryimage\"},\"thumbnailUrl\":\"https:\/\/playcomp.cl\/wp-content\/uploads\/2024\/05\/Imagen1-3-1.png\",\"datePublished\":\"2024-05-22T18:45:04+00:00\",\"dateModified\":\"2024-10-24T17:43:48+00:00\",\"breadcrumb\":{\"@id\":\"https:\/\/playcomp.cl\/index.php\/producto\/ingles-basico-para-el-mundo-laboral\/#breadcrumb\"},\"inLanguage\":\"es\",\"potentialAction\":[{\"@type\":\"ReadAction\",\"target\":[\"https:\/\/playcomp.cl\/index.php\/producto\/ingles-basico-para-el-mundo-laboral\/\"]}]},{\"@type\":\"ImageObject\",\"inLanguage\":\"es\",\"@id\":\"https:\/\/playcomp.cl\/index.php\/producto\/ingles-basico-para-el-mundo-laboral\/#primaryimage\",\"url\":\"https:\/\/playcomp.cl\/wp-content\/uploads\/2024\/05\/Imagen1-3-1.png\",\"contentUrl\":\"https:\/\/playcomp.cl\/wp-content\/uploads\/2024\/05\/Imagen1-3-1.png\",\"width\":535,\"height\":535},{\"@type\":\"BreadcrumbList\",\"@id\":\"https:\/\/playcomp.cl\/index.php\/producto\/ingles-basico-para-el-mundo-laboral\/#breadcrumb\",\"itemListElement\":[{\"@type\":\"ListItem\",\"position\":1,\"name\":\"Portada\",\"item\":\"https:\/\/playcomp.cl\/\"},{\"@type\":\"ListItem\",\"position\":2,\"name\":\"Tienda\",\"item\":\"https:\/\/playcomp.cl\/index.php\/tienda\/\"},{\"@type\":\"ListItem\",\"position\":3,\"name\":\"Ingl\u00e9s B\u00e1sico para el mundo laboral\"}]},{\"@type\":\"WebSite\",\"@id\":\"https:\/\/playcomp.cl\/#website\",\"url\":\"https:\/\/playcomp.cl\/\",\"name\":\"Play Comp\",\"description\":\"Organismo T\u00e9cnico de Capacitaci\u00f3n\",\"publisher\":{\"@id\":\"https:\/\/playcomp.cl\/#organization\"},\"potentialAction\":[{\"@type\":\"SearchAction\",\"target\":{\"@type\":\"EntryPoint\",\"urlTemplate\":\"https:\/\/playcomp.cl\/?s={search_term_string}\"},\"query-input\":{\"@type\":\"PropertyValueSpecification\",\"valueRequired\":true,\"valueName\":\"search_term_string\"}}],\"inLanguage\":\"es\"},{\"@type\":\"Organization\",\"@id\":\"https:\/\/playcomp.cl\/#organization\",\"name\":\"Play Comp\",\"url\":\"https:\/\/playcomp.cl\/\",\"logo\":{\"@type\":\"ImageObject\",\"inLanguage\":\"es\",\"@id\":\"https:\/\/playcomp.cl\/#\/schema\/logo\/image\/\",\"url\":\"https:\/\/playcomp.cl\/wp-content\/uploads\/2017\/07\/Artboard-36.png\",\"contentUrl\":\"https:\/\/playcomp.cl\/wp-content\/uploads\/2017\/07\/Artboard-36.png\",\"width\":423,\"height\":112,\"caption\":\"Play Comp\"},\"image\":{\"@id\":\"https:\/\/playcomp.cl\/#\/schema\/logo\/image\/\"},\"sameAs\":[\"https:\/\/www.facebook.com\/playcompchile\/\",\"https:\/\/www.instagram.com\/playcomp_capacitacion?igsh=OGtwZzBsYW5qbTF5\"]}]}<\/script>\n<!-- \/ Yoast SEO plugin. -->","yoast_head_json":{"title":"Ingl\u00e9s B\u00e1sico para el mundo laboral - Play Comp","robots":{"index":"index","follow":"follow","max-snippet":"max-snippet:-1","max-image-preview":"max-image-preview:large","max-video-preview":"max-video-preview:-1"},"canonical":"https:\/\/playcomp.cl\/index.php\/producto\/ingles-basico-para-el-mundo-laboral\/","og_locale":"es_ES","og_type":"article","og_title":"Ingl\u00e9s B\u00e1sico para el mundo laboral - Play Comp","og_description":"Este curso est\u00e1 basado en un m\u00e9todo de aprendizaje din\u00e1mico y tiene como objetivo general capacitar en un programa de aplicaci\u00f3n pr\u00e1ctica, para que los alumnos obtengan los conocimientos b\u00e1sicos del idioma ingl\u00e9s y as\u00ed como tambi\u00e9n otorgar las herramientas necesarias para que al t\u00e9rmino de este, manejen vocabulario b\u00e1sico, un conocimiento general de la...","og_url":"https:\/\/playcomp.cl\/index.php\/producto\/ingles-basico-para-el-mundo-laboral\/","og_site_name":"Play Comp","article_publisher":"https:\/\/www.facebook.com\/playcompchile\/","article_modified_time":"2024-10-24T17:43:48+00:00","og_image":[{"width":535,"height":535,"url":"https:\/\/playcomp.cl\/wp-content\/uploads\/2024\/05\/Imagen1-3-1.png","type":"image\/png"}],"twitter_card":"summary_large_image","twitter_misc":{"Tiempo de lectura":"3 minutos"},"schema":{"@context":"https:\/\/schema.org","@graph":[{"@type":"WebPage","@id":"https:\/\/playcomp.cl\/index.php\/producto\/ingles-basico-para-el-mundo-laboral\/","url":"https:\/\/playcomp.cl\/index.php\/producto\/ingles-basico-para-el-mundo-laboral\/","name":"Ingl\u00e9s B\u00e1sico para el mundo laboral - Play Comp","isPartOf":{"@id":"https:\/\/playcomp.cl\/#website"},"primaryImageOfPage":{"@id":"https:\/\/playcomp.cl\/index.php\/producto\/ingles-basico-para-el-mundo-laboral\/#primaryimage"},"image":{"@id":"https:\/\/playcomp.cl\/index.php\/producto\/ingles-basico-para-el-mundo-laboral\/#primaryimage"},"thumbnailUrl":"https:\/\/playcomp.cl\/wp-content\/uploads\/2024\/05\/Imagen1-3-1.png","datePublished":"2024-05-22T18:45:04+00:00","dateModified":"2024-10-24T17:43:48+00:00","breadcrumb":{"@id":"https:\/\/playcomp.cl\/index.php\/producto\/ingles-basico-para-el-mundo-laboral\/#breadcrumb"},"inLanguage":"es","potentialAction":[{"@type":"ReadAction","target":["https:\/\/playcomp.cl\/index.php\/producto\/ingles-basico-para-el-mundo-laboral\/"]}]},{"@type":"ImageObject","inLanguage":"es","@id":"https:\/\/playcomp.cl\/index.php\/producto\/ingles-basico-para-el-mundo-laboral\/#primaryimage","url":"https:\/\/playcomp.cl\/wp-content\/uploads\/2024\/05\/Imagen1-3-1.png","contentUrl":"https:\/\/playcomp.cl\/wp-content\/uploads\/2024\/05\/Imagen1-3-1.png","width":535,"height":535},{"@type":"BreadcrumbList","@id":"https:\/\/playcomp.cl\/index.php\/producto\/ingles-basico-para-el-mundo-laboral\/#breadcrumb","itemListElement":[{"@type":"ListItem","position":1,"name":"Portada","item":"https:\/\/playcomp.cl\/"},{"@type":"ListItem","position":2,"name":"Tienda","item":"https:\/\/playcomp.cl\/index.php\/tienda\/"},{"@type":"ListItem","position":3,"name":"Ingl\u00e9s B\u00e1sico para el mundo laboral"}]},{"@type":"WebSite","@id":"https:\/\/playcomp.cl\/#website","url":"https:\/\/playcomp.cl\/","name":"Play Comp","description":"Organismo T\u00e9cnico de Capacitaci\u00f3n","publisher":{"@id":"https:\/\/playcomp.cl\/#organization"},"potentialAction":[{"@type":"SearchAction","target":{"@type":"EntryPoint","urlTemplate":"https:\/\/playcomp.cl\/?s={search_term_string}"},"query-input":{"@type":"PropertyValueSpecification","valueRequired":true,"valueName":"search_term_string"}}],"inLanguage":"es"},{"@type":"Organization","@id":"https:\/\/playcomp.cl\/#organization","name":"Play Comp","url":"https:\/\/playcomp.cl\/","logo":{"@type":"ImageObject","inLanguage":"es","@id":"https:\/\/playcomp.cl\/#\/schema\/logo\/image\/","url":"https:\/\/playcomp.cl\/wp-content\/uploads\/2017\/07\/Artboard-36.png","contentUrl":"https:\/\/playcomp.cl\/wp-content\/uploads\/2017\/07\/Artboard-36.png","width":423,"height":112,"caption":"Play Comp"},"image":{"@id":"https:\/\/playcomp.cl\/#\/schema\/logo\/image\/"},"sameAs":["https:\/\/www.facebook.com\/playcompchile\/","https:\/\/www.instagram.com\/playcomp_capacitacion?igsh=OGtwZzBsYW5qbTF5"]}]}},"_links":{"self":[{"href":"https:\/\/playcomp.cl\/index.php\/wp-json\/wp\/v2\/product\/9687","targetHints":{"allow":["GET"]}}],"collection":[{"href":"https:\/\/playcomp.cl\/index.php\/wp-json\/wp\/v2\/product"}],"about":[{"href":"https:\/\/playcomp.cl\/index.php\/wp-json\/wp\/v2\/types\/product"}],"wp:featuredmedia":[{"embeddable":true,"href":"https:\/\/playcomp.cl\/index.php\/wp-json\/wp\/v2\/media\/10348"}],"wp:attachment":[{"href":"https:\/\/playcomp.cl\/index.php\/wp-json\/wp\/v2\/media?parent=9687"}],"wp:term":[{"taxonomy":"product_brand","embeddable":true,"href":"https:\/\/playcomp.cl\/index.php\/wp-json\/wp\/v2\/product_brand?post=9687"},{"taxonomy":"product_cat","embeddable":true,"href":"https:\/\/playcomp.cl\/index.php\/wp-json\/wp\/v2\/product_cat?post=9687"},{"taxonomy":"product_tag","embeddable":true,"href":"https:\/\/playcomp.cl\/index.php\/wp-json\/wp\/v2\/product_tag?post=9687"}],"curies":[{"name":"wp","href":"https:\/\/api.w.org\/{rel}","templated":true}]}}