{"id":9679,"date":"2024-05-22T15:39:51","date_gmt":"2024-05-22T18:39:51","guid":{"rendered":"https:\/\/playcomp.cl\/?post_type=product&#038;p=9679"},"modified":"2024-10-24T16:18:56","modified_gmt":"2024-10-24T19:18:56","slug":"civil-3d-diseno-y-extraccion-de-planos","status":"publish","type":"product","link":"https:\/\/playcomp.cl\/index.php\/producto\/civil-3d-diseno-y-extraccion-de-planos\/","title":{"rendered":"Civil 3D, Dise\u00f1o y extracci\u00f3n de planos"},"content":{"rendered":"<p><strong>Objetivo:<\/strong><br \/>\nProveer al estudiante de las habilidades avanzadas y los conceptos necesarios para comenzar a usar AutoCAD Civil 3D para dise\u00f1ar proyectos de desarrollo y dise\u00f1os de Movimientos de tierras C\u00e1lculos de Vol\u00famenes, Generaci\u00f3n de Secciones.<br \/>\nLos conceptos incluyen los relacionados con Civil 3D, as\u00ed como los relacionados con la ingenier\u00eda civil y la topograf\u00eda en general.<\/p>\n<p><strong>Requisitos previos:<\/strong> Es recomendable tener conocimientos b\u00e1sicos de Autocad<\/p>\n<p><strong>M\u00f3dulo 1 Interfaz<\/strong><\/p>\n<ul>\n<li>Descripci\u00f3n y uso de interfaz<\/li>\n<li>Selecci\u00f3n de comandos<\/li>\n<li>Utilizaci\u00f3n de las opciones del men\u00fa<\/li>\n<li>Creaci\u00f3n de Pallete Especial de Comandos<\/li>\n<\/ul>\n<p><strong>M\u00f3dulo 2 Procesamiento de Superficie<\/strong><\/p>\n<ul>\n<li>Nubes de Puntos<\/li>\n<li>Creaci\u00f3n de Superficies desde txt cs excel<\/li>\n<li>Creaci\u00f3n de Curvas de Nivel<\/li>\n<li>\u00a0Extracci\u00f3n de Perfiles<\/li>\n<li>Extracci\u00f3n de Secciones<\/li>\n<\/ul>\n<p><strong>M\u00f3dulo 3 Superficies<\/strong><\/p>\n<ul>\n<li>Crear superficie de terreno natural<\/li>\n<li>Agregar breaklines o l\u00edneas de divisi\u00f3n<\/li>\n<li>Agregar limites a una superficie (boundaries)<\/li>\n<li>Eliminar l\u00edneas de superficie<\/li>\n<li>Editar puntos de una superficie<\/li>\n<li>An\u00e1lisis de elevaciones de una superficies<\/li>\n<li>An\u00e1lisis de pendientes en una superficie<\/li>\n<li>Anotaciones en superficies<\/li>\n<\/ul>\n<p><strong>M\u00f3dulo 4 Data Shortcuts \/ Manejo de XRef<\/strong><\/p>\n<ul>\n<li>Ejercicio Practico<\/li>\n<\/ul>\n<p><strong>M\u00f3dulo 5 Modelado en Civil 3D \/ Caso Miner\u00eda<\/strong><\/p>\n<ul>\n<li>Estanques de Relaves<\/li>\n<li>\u00a0Piscinas de Procesos<\/li>\n<li>Ejercicios pr\u00e1cticos<\/li>\n<\/ul>\n<p><strong>Modulo 6 Subassembly composer<\/strong><\/p>\n<ul>\n<li>Interface Subassembly Composer<\/li>\n<li>\u00a0Par\u00e1metros<\/li>\n<li>Target<\/li>\n<li>Generaci\u00f3n de secciones b\u00e1sicas<\/li>\n<li>Creaci\u00f3n de secciones transversales complejas<\/li>\n<li>Ejemplos pr\u00e1cticos(ejercicios)<\/li>\n<li>Grading (Dise\u00f1o de Plataformas compuestas)<\/li>\n<li>Creaci\u00f3n de Feature line<\/li>\n<li>Talud: creaci\u00f3n y edici\u00f3n de talud seg\u00fan distintos criterios<\/li>\n<li>Creaci\u00f3n de un grupo Grading<\/li>\n<li>Ejemplos de los casos m\u00e1s comunes para la realizaci\u00f3n de Grading<\/li>\n<li>Modificaci\u00f3n del talud a trav\u00e9s del kilometraje<\/li>\n<li>Plataformas compuestas<\/li>\n<li>Dise\u00f1o de piscinas y c\u00e1lculo de capacidad<\/li>\n<li>Dise\u00f1o de muros de tranques<\/li>\n<li>Dise\u00f1o de plataformas de Loteos.<\/li>\n<\/ul>\n<p><strong>M\u00f3dulo 7 Perfiles<\/strong><\/p>\n<ul>\n<li>Crear perfiles de superficie<\/li>\n<li>\u00a0Crear vista de perfil<\/li>\n<li>Crear perfiles con herramientas de dise\u00f1o (rasante de proyecto)<\/li>\n<li>\u00a0Editar perfiles de forma grafica<\/li>\n<li>Editar un perfil con las herramientas de dise\u00f1o<\/li>\n<li>Editar perfiles desde una tabla de valores<\/li>\n<li>\u00a0Editar perfiles con valores por entidad<\/li>\n<li>Revisi\u00f3n de dise\u00f1o de perfiles<\/li>\n<li>Aplicar un archivo de criterio de dise\u00f1o a perfiles<\/li>\n<\/ul>\n<p><strong>M\u00f3dulo 8 Herramientas de an\u00e1lisis<\/strong><\/p>\n<ul>\n<li>\u00a0Stage Storage<\/li>\n<li>Herramientas de Vol\u00famenes de Materiales, Cuantificaciones (QTO).<\/li>\n<li>\u00a0Exportaciones a Autocad \/ Planos y Datos.<\/li>\n<\/ul>\n<p><strong>M\u00f3dulo 9 Documentaci\u00f3n y Colaboraci\u00f3n<\/strong><\/p>\n<ul>\n<li>Crear Documentaci\u00f3n de modelos.<\/li>\n<li>Colaboraci\u00f3n en Civil 3D con BIM 360<\/li>\n<li>Exportaci\u00f3n IFC<\/li>\n<\/ul>\n<p><strong>M\u00f3dulo 10 Exportaci\u00f3n a Navisworks<\/strong><\/p>\n<ul>\n<li>Manejo de Modelos en Navisworks<\/li>\n<li>\u00a0Geoposicionamiento de modelos (Plant 3D, Revit, Civil 3D) Taludes \u2013 Modelado Especiales \u2013 Muros verticales \u2013 Transiciones<\/li>\n<li>Muro Contenci\u00f3n<\/li>\n<li>\u00a0Muro Sierra<\/li>\n<\/ul>\n","protected":false},"excerpt":{"rendered":"<p>Objetivo: Proveer al estudiante de las habilidades avanzadas y los conceptos necesarios para comenzar a usar AutoCAD Civil 3D para dise\u00f1ar proyectos de desarrollo y dise\u00f1os de Movimientos de tierras C\u00e1lculos de Vol\u00famenes, Generaci\u00f3n de Secciones. Los conceptos incluyen los relacionados con Civil 3D, as\u00ed como los relacionados con la ingenier\u00eda civil y la topograf\u00eda&#8230;<\/p>\n","protected":false},"featured_media":10386,"template":"","meta":{"_acf_changed":false},"product_brand":[],"product_cat":[125],"product_tag":[],"class_list":{"0":"post-9679","1":"product","2":"type-product","3":"status-publish","4":"has-post-thumbnail","6":"product_cat-disenos-y-area-grafica","8":"first","9":"instock","10":"shipping-taxable","11":"product-type-simple"},"acf":[],"yoast_head":"<!-- This site is optimized with the Yoast SEO plugin v24.8.1 - https:\/\/yoast.com\/wordpress\/plugins\/seo\/ -->\n<title>Civil 3D, Dise\u00f1o y extracci\u00f3n de planos - Play Comp<\/title>\n<meta name=\"robots\" content=\"index, follow, max-snippet:-1, max-image-preview:large, max-video-preview:-1\" \/>\n<link rel=\"canonical\" href=\"https:\/\/playcomp.cl\/index.php\/producto\/civil-3d-diseno-y-extraccion-de-planos\/\" \/>\n<meta property=\"og:locale\" content=\"es_ES\" \/>\n<meta property=\"og:type\" content=\"article\" \/>\n<meta property=\"og:title\" content=\"Civil 3D, Dise\u00f1o y extracci\u00f3n de planos - Play Comp\" \/>\n<meta property=\"og:description\" content=\"Objetivo: Proveer al estudiante de las habilidades avanzadas y los conceptos necesarios para comenzar a usar AutoCAD Civil 3D para dise\u00f1ar proyectos de desarrollo y dise\u00f1os de Movimientos de tierras C\u00e1lculos de Vol\u00famenes, Generaci\u00f3n de Secciones. Los conceptos incluyen los relacionados con Civil 3D, as\u00ed como los relacionados con la ingenier\u00eda civil y la topograf\u00eda...\" \/>\n<meta property=\"og:url\" content=\"https:\/\/playcomp.cl\/index.php\/producto\/civil-3d-diseno-y-extraccion-de-planos\/\" \/>\n<meta property=\"og:site_name\" content=\"Play Comp\" \/>\n<meta property=\"article:publisher\" content=\"https:\/\/www.facebook.com\/playcompchile\/\" \/>\n<meta property=\"article:modified_time\" content=\"2024-10-24T19:18:56+00:00\" \/>\n<meta property=\"og:image\" content=\"https:\/\/playcomp.cl\/wp-content\/uploads\/2024\/05\/Sin-titulo-2.png\" \/>\n\t<meta property=\"og:image:width\" content=\"451\" \/>\n\t<meta property=\"og:image:height\" content=\"451\" \/>\n\t<meta property=\"og:image:type\" content=\"image\/png\" \/>\n<meta name=\"twitter:card\" content=\"summary_large_image\" \/>\n<meta name=\"twitter:label1\" content=\"Tiempo de lectura\" \/>\n\t<meta name=\"twitter:data1\" content=\"2 minutos\" \/>\n<script type=\"application\/ld+json\" class=\"yoast-schema-graph\">{\"@context\":\"https:\/\/schema.org\",\"@graph\":[{\"@type\":\"WebPage\",\"@id\":\"https:\/\/playcomp.cl\/index.php\/producto\/civil-3d-diseno-y-extraccion-de-planos\/\",\"url\":\"https:\/\/playcomp.cl\/index.php\/producto\/civil-3d-diseno-y-extraccion-de-planos\/\",\"name\":\"Civil 3D, Dise\u00f1o y extracci\u00f3n de planos - Play Comp\",\"isPartOf\":{\"@id\":\"https:\/\/playcomp.cl\/#website\"},\"primaryImageOfPage\":{\"@id\":\"https:\/\/playcomp.cl\/index.php\/producto\/civil-3d-diseno-y-extraccion-de-planos\/#primaryimage\"},\"image\":{\"@id\":\"https:\/\/playcomp.cl\/index.php\/producto\/civil-3d-diseno-y-extraccion-de-planos\/#primaryimage\"},\"thumbnailUrl\":\"https:\/\/playcomp.cl\/wp-content\/uploads\/2024\/05\/Sin-titulo-2.png\",\"datePublished\":\"2024-05-22T18:39:51+00:00\",\"dateModified\":\"2024-10-24T19:18:56+00:00\",\"breadcrumb\":{\"@id\":\"https:\/\/playcomp.cl\/index.php\/producto\/civil-3d-diseno-y-extraccion-de-planos\/#breadcrumb\"},\"inLanguage\":\"es\",\"potentialAction\":[{\"@type\":\"ReadAction\",\"target\":[\"https:\/\/playcomp.cl\/index.php\/producto\/civil-3d-diseno-y-extraccion-de-planos\/\"]}]},{\"@type\":\"ImageObject\",\"inLanguage\":\"es\",\"@id\":\"https:\/\/playcomp.cl\/index.php\/producto\/civil-3d-diseno-y-extraccion-de-planos\/#primaryimage\",\"url\":\"https:\/\/playcomp.cl\/wp-content\/uploads\/2024\/05\/Sin-titulo-2.png\",\"contentUrl\":\"https:\/\/playcomp.cl\/wp-content\/uploads\/2024\/05\/Sin-titulo-2.png\",\"width\":451,\"height\":451},{\"@type\":\"BreadcrumbList\",\"@id\":\"https:\/\/playcomp.cl\/index.php\/producto\/civil-3d-diseno-y-extraccion-de-planos\/#breadcrumb\",\"itemListElement\":[{\"@type\":\"ListItem\",\"position\":1,\"name\":\"Portada\",\"item\":\"https:\/\/playcomp.cl\/\"},{\"@type\":\"ListItem\",\"position\":2,\"name\":\"Tienda\",\"item\":\"https:\/\/playcomp.cl\/index.php\/tienda\/\"},{\"@type\":\"ListItem\",\"position\":3,\"name\":\"Civil 3D, Dise\u00f1o y extracci\u00f3n de planos\"}]},{\"@type\":\"WebSite\",\"@id\":\"https:\/\/playcomp.cl\/#website\",\"url\":\"https:\/\/playcomp.cl\/\",\"name\":\"Play Comp\",\"description\":\"Organismo T\u00e9cnico de Capacitaci\u00f3n\",\"publisher\":{\"@id\":\"https:\/\/playcomp.cl\/#organization\"},\"potentialAction\":[{\"@type\":\"SearchAction\",\"target\":{\"@type\":\"EntryPoint\",\"urlTemplate\":\"https:\/\/playcomp.cl\/?s={search_term_string}\"},\"query-input\":{\"@type\":\"PropertyValueSpecification\",\"valueRequired\":true,\"valueName\":\"search_term_string\"}}],\"inLanguage\":\"es\"},{\"@type\":\"Organization\",\"@id\":\"https:\/\/playcomp.cl\/#organization\",\"name\":\"Play Comp\",\"url\":\"https:\/\/playcomp.cl\/\",\"logo\":{\"@type\":\"ImageObject\",\"inLanguage\":\"es\",\"@id\":\"https:\/\/playcomp.cl\/#\/schema\/logo\/image\/\",\"url\":\"https:\/\/playcomp.cl\/wp-content\/uploads\/2017\/07\/Artboard-36.png\",\"contentUrl\":\"https:\/\/playcomp.cl\/wp-content\/uploads\/2017\/07\/Artboard-36.png\",\"width\":423,\"height\":112,\"caption\":\"Play Comp\"},\"image\":{\"@id\":\"https:\/\/playcomp.cl\/#\/schema\/logo\/image\/\"},\"sameAs\":[\"https:\/\/www.facebook.com\/playcompchile\/\",\"https:\/\/www.instagram.com\/playcomp_capacitacion?igsh=OGtwZzBsYW5qbTF5\"]}]}<\/script>\n<!-- \/ Yoast SEO plugin. -->","yoast_head_json":{"title":"Civil 3D, Dise\u00f1o y extracci\u00f3n de planos - Play Comp","robots":{"index":"index","follow":"follow","max-snippet":"max-snippet:-1","max-image-preview":"max-image-preview:large","max-video-preview":"max-video-preview:-1"},"canonical":"https:\/\/playcomp.cl\/index.php\/producto\/civil-3d-diseno-y-extraccion-de-planos\/","og_locale":"es_ES","og_type":"article","og_title":"Civil 3D, Dise\u00f1o y extracci\u00f3n de planos - Play Comp","og_description":"Objetivo: Proveer al estudiante de las habilidades avanzadas y los conceptos necesarios para comenzar a usar AutoCAD Civil 3D para dise\u00f1ar proyectos de desarrollo y dise\u00f1os de Movimientos de tierras C\u00e1lculos de Vol\u00famenes, Generaci\u00f3n de Secciones. Los conceptos incluyen los relacionados con Civil 3D, as\u00ed como los relacionados con la ingenier\u00eda civil y la topograf\u00eda...","og_url":"https:\/\/playcomp.cl\/index.php\/producto\/civil-3d-diseno-y-extraccion-de-planos\/","og_site_name":"Play Comp","article_publisher":"https:\/\/www.facebook.com\/playcompchile\/","article_modified_time":"2024-10-24T19:18:56+00:00","og_image":[{"width":451,"height":451,"url":"https:\/\/playcomp.cl\/wp-content\/uploads\/2024\/05\/Sin-titulo-2.png","type":"image\/png"}],"twitter_card":"summary_large_image","twitter_misc":{"Tiempo de lectura":"2 minutos"},"schema":{"@context":"https:\/\/schema.org","@graph":[{"@type":"WebPage","@id":"https:\/\/playcomp.cl\/index.php\/producto\/civil-3d-diseno-y-extraccion-de-planos\/","url":"https:\/\/playcomp.cl\/index.php\/producto\/civil-3d-diseno-y-extraccion-de-planos\/","name":"Civil 3D, Dise\u00f1o y extracci\u00f3n de planos - Play Comp","isPartOf":{"@id":"https:\/\/playcomp.cl\/#website"},"primaryImageOfPage":{"@id":"https:\/\/playcomp.cl\/index.php\/producto\/civil-3d-diseno-y-extraccion-de-planos\/#primaryimage"},"image":{"@id":"https:\/\/playcomp.cl\/index.php\/producto\/civil-3d-diseno-y-extraccion-de-planos\/#primaryimage"},"thumbnailUrl":"https:\/\/playcomp.cl\/wp-content\/uploads\/2024\/05\/Sin-titulo-2.png","datePublished":"2024-05-22T18:39:51+00:00","dateModified":"2024-10-24T19:18:56+00:00","breadcrumb":{"@id":"https:\/\/playcomp.cl\/index.php\/producto\/civil-3d-diseno-y-extraccion-de-planos\/#breadcrumb"},"inLanguage":"es","potentialAction":[{"@type":"ReadAction","target":["https:\/\/playcomp.cl\/index.php\/producto\/civil-3d-diseno-y-extraccion-de-planos\/"]}]},{"@type":"ImageObject","inLanguage":"es","@id":"https:\/\/playcomp.cl\/index.php\/producto\/civil-3d-diseno-y-extraccion-de-planos\/#primaryimage","url":"https:\/\/playcomp.cl\/wp-content\/uploads\/2024\/05\/Sin-titulo-2.png","contentUrl":"https:\/\/playcomp.cl\/wp-content\/uploads\/2024\/05\/Sin-titulo-2.png","width":451,"height":451},{"@type":"BreadcrumbList","@id":"https:\/\/playcomp.cl\/index.php\/producto\/civil-3d-diseno-y-extraccion-de-planos\/#breadcrumb","itemListElement":[{"@type":"ListItem","position":1,"name":"Portada","item":"https:\/\/playcomp.cl\/"},{"@type":"ListItem","position":2,"name":"Tienda","item":"https:\/\/playcomp.cl\/index.php\/tienda\/"},{"@type":"ListItem","position":3,"name":"Civil 3D, Dise\u00f1o y extracci\u00f3n de planos"}]},{"@type":"WebSite","@id":"https:\/\/playcomp.cl\/#website","url":"https:\/\/playcomp.cl\/","name":"Play Comp","description":"Organismo T\u00e9cnico de Capacitaci\u00f3n","publisher":{"@id":"https:\/\/playcomp.cl\/#organization"},"potentialAction":[{"@type":"SearchAction","target":{"@type":"EntryPoint","urlTemplate":"https:\/\/playcomp.cl\/?s={search_term_string}"},"query-input":{"@type":"PropertyValueSpecification","valueRequired":true,"valueName":"search_term_string"}}],"inLanguage":"es"},{"@type":"Organization","@id":"https:\/\/playcomp.cl\/#organization","name":"Play Comp","url":"https:\/\/playcomp.cl\/","logo":{"@type":"ImageObject","inLanguage":"es","@id":"https:\/\/playcomp.cl\/#\/schema\/logo\/image\/","url":"https:\/\/playcomp.cl\/wp-content\/uploads\/2017\/07\/Artboard-36.png","contentUrl":"https:\/\/playcomp.cl\/wp-content\/uploads\/2017\/07\/Artboard-36.png","width":423,"height":112,"caption":"Play Comp"},"image":{"@id":"https:\/\/playcomp.cl\/#\/schema\/logo\/image\/"},"sameAs":["https:\/\/www.facebook.com\/playcompchile\/","https:\/\/www.instagram.com\/playcomp_capacitacion?igsh=OGtwZzBsYW5qbTF5"]}]}},"_links":{"self":[{"href":"https:\/\/playcomp.cl\/index.php\/wp-json\/wp\/v2\/product\/9679","targetHints":{"allow":["GET"]}}],"collection":[{"href":"https:\/\/playcomp.cl\/index.php\/wp-json\/wp\/v2\/product"}],"about":[{"href":"https:\/\/playcomp.cl\/index.php\/wp-json\/wp\/v2\/types\/product"}],"wp:featuredmedia":[{"embeddable":true,"href":"https:\/\/playcomp.cl\/index.php\/wp-json\/wp\/v2\/media\/10386"}],"wp:attachment":[{"href":"https:\/\/playcomp.cl\/index.php\/wp-json\/wp\/v2\/media?parent=9679"}],"wp:term":[{"taxonomy":"product_brand","embeddable":true,"href":"https:\/\/playcomp.cl\/index.php\/wp-json\/wp\/v2\/product_brand?post=9679"},{"taxonomy":"product_cat","embeddable":true,"href":"https:\/\/playcomp.cl\/index.php\/wp-json\/wp\/v2\/product_cat?post=9679"},{"taxonomy":"product_tag","embeddable":true,"href":"https:\/\/playcomp.cl\/index.php\/wp-json\/wp\/v2\/product_tag?post=9679"}],"curies":[{"name":"wp","href":"https:\/\/api.w.org\/{rel}","templated":true}]}}