{"id":9671,"date":"2024-05-22T15:32:31","date_gmt":"2024-05-22T18:32:31","guid":{"rendered":"https:\/\/playcomp.cl\/?post_type=product&#038;p=9671"},"modified":"2024-10-24T16:22:44","modified_gmt":"2024-10-24T19:22:44","slug":"diseno-grafico-asistido-por-autocad-3d","status":"publish","type":"product","link":"https:\/\/playcomp.cl\/index.php\/producto\/diseno-grafico-asistido-por-autocad-3d\/","title":{"rendered":"Dise\u00f1o Gr\u00e1fico asistido por AutoCAD, 3D"},"content":{"rendered":"<p><strong>OBJETIVO<\/strong><\/p>\n<p><strong>En el curso AutoCAD 3D, los alumnos cambiar\u00e1n su concepto de dise\u00f1o bidimensional introduci\u00e9ndose en las \u00faltimas tendencias del AutoCAD tridimensional, estar\u00e1n capacitados para crear archivos de comandos o Scripts, Creando modelos Tridimensionales (dibujar en 3 D), utilizando Comandos avanzados, de edici\u00f3n y manejo de dibujos en volumen, Manejando los sistemas de Coordenadas Especiales, Modelamiento e Iluminaci\u00f3n de las figuras Tridimensionales<\/strong><\/p>\n<p><strong>CONTENIDO<\/strong><\/p>\n<p><strong>REPASO Y NIVELACI\u00d3N AUTOCAD USUARIO<\/strong><\/p>\n<p><strong>1. Comandos de Dibujo Avanzados<\/strong><\/p>\n<ul>\n<li>Trace<\/li>\n<li>\u00a0Solid<\/li>\n<li>Sketch<\/li>\n<li>Ruled Surface.<\/li>\n<li>\u00a0Surface of Revolution<\/li>\n<li>Tabuled Surface<\/li>\n<li>3 D Face<\/li>\n<li>3 D Object<\/li>\n<\/ul>\n<p><strong>2. Comandos de Edici\u00f3n Avanzados<\/strong><\/p>\n<ul>\n<li>\u00a0Array 3D<\/li>\n<li>\u00a0Mirror 3D<\/li>\n<li>Edit Polyline<\/li>\n<li>Edit Dimensions<\/li>\n<li>Measure<\/li>\n<li>Unit Control<\/li>\n<li>Selection Setting<\/li>\n<\/ul>\n<p><strong>3. Modelamiento e Iluminaci\u00f3n de Figuras<\/strong><\/p>\n<ul>\n<li>\u00a0Render<\/li>\n<li>Shade<\/li>\n<li>Hide<\/li>\n<li>Light<\/li>\n<\/ul>\n<p><strong>4. Comandos de Visualizaci\u00f3n<\/strong><\/p>\n<ul>\n<li>Tilemode<\/li>\n<li>Set View<\/li>\n<li>Plan View<\/li>\n<li>Current UCS<\/li>\n<li>\u00a0Viewpoint<\/li>\n<li>Axes<\/li>\n<li>Present<\/li>\n<li>List View<\/li>\n<li>Delete View<\/li>\n<li>Restore View<\/li>\n<li>Save View<\/li>\n<li>Windows View<\/li>\n<li>Layout<\/li>\n<li>Tiled Viewport<\/li>\n<\/ul>\n<p><strong>5. Trabajo con Archivos Gr\u00e1ficos<\/strong><\/p>\n<ul>\n<li>DXF in<\/li>\n<li>DXB in<\/li>\n<li>IGES in<\/li>\n<li>POSTSCRIPT IN<\/li>\n<li>WMF in<\/li>\n<li>DXF out<\/li>\n<li>IGES out<\/li>\n<li>PosTcrip out<\/li>\n<li>WMF out<\/li>\n<\/ul>\n<p><strong>6. Personalizaci\u00f3n de Men\u00fas y Teclados<\/strong><\/p>\n<ul>\n<li>Modificaci\u00f3n del archivo Acad.pgp<\/li>\n<li>Modificaci\u00f3n del archivo Acad.mnu<\/li>\n<\/ul>\n<p><strong>7. Bibliotecas de Bloque<\/strong><\/p>\n<ul>\n<li>Creaci\u00f3n de un Directorio y un set de Bloques que ser\u00e1n<\/li>\n<li>Incorporados al men\u00fa colgante para una inserci\u00f3n r\u00e1pida<\/li>\n<li>\u00a0En cualquier plano.<\/li>\n<\/ul>\n<p><strong>8. Creaci\u00f3n de Tipos de Lineas y Achurados<\/strong><\/p>\n<ul>\n<li>\u00a0Modificaci\u00f3n del Archivo Acad.Lin.<\/li>\n<li>Modificaci\u00f3n del Archivo Acad.Pat.<\/li>\n<\/ul>\n","protected":false},"excerpt":{"rendered":"<p>OBJETIVO En el curso AutoCAD 3D, los alumnos cambiar\u00e1n su concepto de dise\u00f1o bidimensional introduci\u00e9ndose en las \u00faltimas tendencias del AutoCAD tridimensional, estar\u00e1n capacitados para crear archivos de comandos o Scripts, Creando modelos Tridimensionales (dibujar en 3 D), utilizando Comandos avanzados, de edici\u00f3n y manejo de dibujos en volumen, Manejando los sistemas de Coordenadas Especiales,&#8230;<\/p>\n","protected":false},"featured_media":10389,"template":"","meta":{"_acf_changed":false},"product_brand":[],"product_cat":[125],"product_tag":[],"class_list":{"0":"post-9671","1":"product","2":"type-product","3":"status-publish","4":"has-post-thumbnail","6":"product_cat-disenos-y-area-grafica","8":"first","9":"instock","10":"shipping-taxable","11":"product-type-simple"},"acf":[],"yoast_head":"<!-- This site is optimized with the Yoast SEO plugin v24.8.1 - https:\/\/yoast.com\/wordpress\/plugins\/seo\/ -->\n<title>Dise\u00f1o Gr\u00e1fico asistido por AutoCAD, 3D - Play Comp<\/title>\n<meta name=\"robots\" content=\"index, follow, max-snippet:-1, max-image-preview:large, max-video-preview:-1\" \/>\n<link rel=\"canonical\" href=\"https:\/\/playcomp.cl\/index.php\/producto\/diseno-grafico-asistido-por-autocad-3d\/\" \/>\n<meta property=\"og:locale\" content=\"es_ES\" \/>\n<meta property=\"og:type\" content=\"article\" \/>\n<meta property=\"og:title\" content=\"Dise\u00f1o Gr\u00e1fico asistido por AutoCAD, 3D - Play Comp\" \/>\n<meta property=\"og:description\" content=\"OBJETIVO En el curso AutoCAD 3D, los alumnos cambiar\u00e1n su concepto de dise\u00f1o bidimensional introduci\u00e9ndose en las \u00faltimas tendencias del AutoCAD tridimensional, estar\u00e1n capacitados para crear archivos de comandos o Scripts, Creando modelos Tridimensionales (dibujar en 3 D), utilizando Comandos avanzados, de edici\u00f3n y manejo de dibujos en volumen, Manejando los sistemas de Coordenadas Especiales,...\" \/>\n<meta property=\"og:url\" content=\"https:\/\/playcomp.cl\/index.php\/producto\/diseno-grafico-asistido-por-autocad-3d\/\" \/>\n<meta property=\"og:site_name\" content=\"Play Comp\" \/>\n<meta property=\"article:publisher\" content=\"https:\/\/www.facebook.com\/playcompchile\/\" \/>\n<meta property=\"article:modified_time\" content=\"2024-10-24T19:22:44+00:00\" \/>\n<meta property=\"og:image\" content=\"https:\/\/playcomp.cl\/wp-content\/uploads\/2024\/05\/AUTOCAD-IMG-1.png\" \/>\n\t<meta property=\"og:image:width\" content=\"300\" \/>\n\t<meta property=\"og:image:height\" content=\"300\" \/>\n\t<meta property=\"og:image:type\" content=\"image\/png\" \/>\n<meta name=\"twitter:card\" content=\"summary_large_image\" \/>\n<meta name=\"twitter:label1\" content=\"Tiempo de lectura\" \/>\n\t<meta name=\"twitter:data1\" content=\"1 minuto\" \/>\n<script type=\"application\/ld+json\" class=\"yoast-schema-graph\">{\"@context\":\"https:\/\/schema.org\",\"@graph\":[{\"@type\":\"WebPage\",\"@id\":\"https:\/\/playcomp.cl\/index.php\/producto\/diseno-grafico-asistido-por-autocad-3d\/\",\"url\":\"https:\/\/playcomp.cl\/index.php\/producto\/diseno-grafico-asistido-por-autocad-3d\/\",\"name\":\"Dise\u00f1o Gr\u00e1fico asistido por AutoCAD, 3D - Play Comp\",\"isPartOf\":{\"@id\":\"https:\/\/playcomp.cl\/#website\"},\"primaryImageOfPage\":{\"@id\":\"https:\/\/playcomp.cl\/index.php\/producto\/diseno-grafico-asistido-por-autocad-3d\/#primaryimage\"},\"image\":{\"@id\":\"https:\/\/playcomp.cl\/index.php\/producto\/diseno-grafico-asistido-por-autocad-3d\/#primaryimage\"},\"thumbnailUrl\":\"https:\/\/playcomp.cl\/wp-content\/uploads\/2024\/05\/AUTOCAD-IMG-1.png\",\"datePublished\":\"2024-05-22T18:32:31+00:00\",\"dateModified\":\"2024-10-24T19:22:44+00:00\",\"breadcrumb\":{\"@id\":\"https:\/\/playcomp.cl\/index.php\/producto\/diseno-grafico-asistido-por-autocad-3d\/#breadcrumb\"},\"inLanguage\":\"es\",\"potentialAction\":[{\"@type\":\"ReadAction\",\"target\":[\"https:\/\/playcomp.cl\/index.php\/producto\/diseno-grafico-asistido-por-autocad-3d\/\"]}]},{\"@type\":\"ImageObject\",\"inLanguage\":\"es\",\"@id\":\"https:\/\/playcomp.cl\/index.php\/producto\/diseno-grafico-asistido-por-autocad-3d\/#primaryimage\",\"url\":\"https:\/\/playcomp.cl\/wp-content\/uploads\/2024\/05\/AUTOCAD-IMG-1.png\",\"contentUrl\":\"https:\/\/playcomp.cl\/wp-content\/uploads\/2024\/05\/AUTOCAD-IMG-1.png\",\"width\":300,\"height\":300},{\"@type\":\"BreadcrumbList\",\"@id\":\"https:\/\/playcomp.cl\/index.php\/producto\/diseno-grafico-asistido-por-autocad-3d\/#breadcrumb\",\"itemListElement\":[{\"@type\":\"ListItem\",\"position\":1,\"name\":\"Portada\",\"item\":\"https:\/\/playcomp.cl\/\"},{\"@type\":\"ListItem\",\"position\":2,\"name\":\"Tienda\",\"item\":\"https:\/\/playcomp.cl\/index.php\/tienda\/\"},{\"@type\":\"ListItem\",\"position\":3,\"name\":\"Dise\u00f1o Gr\u00e1fico asistido por AutoCAD, 3D\"}]},{\"@type\":\"WebSite\",\"@id\":\"https:\/\/playcomp.cl\/#website\",\"url\":\"https:\/\/playcomp.cl\/\",\"name\":\"Play Comp\",\"description\":\"Organismo T\u00e9cnico de Capacitaci\u00f3n\",\"publisher\":{\"@id\":\"https:\/\/playcomp.cl\/#organization\"},\"potentialAction\":[{\"@type\":\"SearchAction\",\"target\":{\"@type\":\"EntryPoint\",\"urlTemplate\":\"https:\/\/playcomp.cl\/?s={search_term_string}\"},\"query-input\":{\"@type\":\"PropertyValueSpecification\",\"valueRequired\":true,\"valueName\":\"search_term_string\"}}],\"inLanguage\":\"es\"},{\"@type\":\"Organization\",\"@id\":\"https:\/\/playcomp.cl\/#organization\",\"name\":\"Play Comp\",\"url\":\"https:\/\/playcomp.cl\/\",\"logo\":{\"@type\":\"ImageObject\",\"inLanguage\":\"es\",\"@id\":\"https:\/\/playcomp.cl\/#\/schema\/logo\/image\/\",\"url\":\"https:\/\/playcomp.cl\/wp-content\/uploads\/2017\/07\/Artboard-36.png\",\"contentUrl\":\"https:\/\/playcomp.cl\/wp-content\/uploads\/2017\/07\/Artboard-36.png\",\"width\":423,\"height\":112,\"caption\":\"Play Comp\"},\"image\":{\"@id\":\"https:\/\/playcomp.cl\/#\/schema\/logo\/image\/\"},\"sameAs\":[\"https:\/\/www.facebook.com\/playcompchile\/\",\"https:\/\/www.instagram.com\/playcomp_capacitacion?igsh=OGtwZzBsYW5qbTF5\"]}]}<\/script>\n<!-- \/ Yoast SEO plugin. -->","yoast_head_json":{"title":"Dise\u00f1o Gr\u00e1fico asistido por AutoCAD, 3D - Play Comp","robots":{"index":"index","follow":"follow","max-snippet":"max-snippet:-1","max-image-preview":"max-image-preview:large","max-video-preview":"max-video-preview:-1"},"canonical":"https:\/\/playcomp.cl\/index.php\/producto\/diseno-grafico-asistido-por-autocad-3d\/","og_locale":"es_ES","og_type":"article","og_title":"Dise\u00f1o Gr\u00e1fico asistido por AutoCAD, 3D - Play Comp","og_description":"OBJETIVO En el curso AutoCAD 3D, los alumnos cambiar\u00e1n su concepto de dise\u00f1o bidimensional introduci\u00e9ndose en las \u00faltimas tendencias del AutoCAD tridimensional, estar\u00e1n capacitados para crear archivos de comandos o Scripts, Creando modelos Tridimensionales (dibujar en 3 D), utilizando Comandos avanzados, de edici\u00f3n y manejo de dibujos en volumen, Manejando los sistemas de Coordenadas Especiales,...","og_url":"https:\/\/playcomp.cl\/index.php\/producto\/diseno-grafico-asistido-por-autocad-3d\/","og_site_name":"Play Comp","article_publisher":"https:\/\/www.facebook.com\/playcompchile\/","article_modified_time":"2024-10-24T19:22:44+00:00","og_image":[{"width":300,"height":300,"url":"https:\/\/playcomp.cl\/wp-content\/uploads\/2024\/05\/AUTOCAD-IMG-1.png","type":"image\/png"}],"twitter_card":"summary_large_image","twitter_misc":{"Tiempo de lectura":"1 minuto"},"schema":{"@context":"https:\/\/schema.org","@graph":[{"@type":"WebPage","@id":"https:\/\/playcomp.cl\/index.php\/producto\/diseno-grafico-asistido-por-autocad-3d\/","url":"https:\/\/playcomp.cl\/index.php\/producto\/diseno-grafico-asistido-por-autocad-3d\/","name":"Dise\u00f1o Gr\u00e1fico asistido por AutoCAD, 3D - Play Comp","isPartOf":{"@id":"https:\/\/playcomp.cl\/#website"},"primaryImageOfPage":{"@id":"https:\/\/playcomp.cl\/index.php\/producto\/diseno-grafico-asistido-por-autocad-3d\/#primaryimage"},"image":{"@id":"https:\/\/playcomp.cl\/index.php\/producto\/diseno-grafico-asistido-por-autocad-3d\/#primaryimage"},"thumbnailUrl":"https:\/\/playcomp.cl\/wp-content\/uploads\/2024\/05\/AUTOCAD-IMG-1.png","datePublished":"2024-05-22T18:32:31+00:00","dateModified":"2024-10-24T19:22:44+00:00","breadcrumb":{"@id":"https:\/\/playcomp.cl\/index.php\/producto\/diseno-grafico-asistido-por-autocad-3d\/#breadcrumb"},"inLanguage":"es","potentialAction":[{"@type":"ReadAction","target":["https:\/\/playcomp.cl\/index.php\/producto\/diseno-grafico-asistido-por-autocad-3d\/"]}]},{"@type":"ImageObject","inLanguage":"es","@id":"https:\/\/playcomp.cl\/index.php\/producto\/diseno-grafico-asistido-por-autocad-3d\/#primaryimage","url":"https:\/\/playcomp.cl\/wp-content\/uploads\/2024\/05\/AUTOCAD-IMG-1.png","contentUrl":"https:\/\/playcomp.cl\/wp-content\/uploads\/2024\/05\/AUTOCAD-IMG-1.png","width":300,"height":300},{"@type":"BreadcrumbList","@id":"https:\/\/playcomp.cl\/index.php\/producto\/diseno-grafico-asistido-por-autocad-3d\/#breadcrumb","itemListElement":[{"@type":"ListItem","position":1,"name":"Portada","item":"https:\/\/playcomp.cl\/"},{"@type":"ListItem","position":2,"name":"Tienda","item":"https:\/\/playcomp.cl\/index.php\/tienda\/"},{"@type":"ListItem","position":3,"name":"Dise\u00f1o Gr\u00e1fico asistido por AutoCAD, 3D"}]},{"@type":"WebSite","@id":"https:\/\/playcomp.cl\/#website","url":"https:\/\/playcomp.cl\/","name":"Play Comp","description":"Organismo T\u00e9cnico de Capacitaci\u00f3n","publisher":{"@id":"https:\/\/playcomp.cl\/#organization"},"potentialAction":[{"@type":"SearchAction","target":{"@type":"EntryPoint","urlTemplate":"https:\/\/playcomp.cl\/?s={search_term_string}"},"query-input":{"@type":"PropertyValueSpecification","valueRequired":true,"valueName":"search_term_string"}}],"inLanguage":"es"},{"@type":"Organization","@id":"https:\/\/playcomp.cl\/#organization","name":"Play Comp","url":"https:\/\/playcomp.cl\/","logo":{"@type":"ImageObject","inLanguage":"es","@id":"https:\/\/playcomp.cl\/#\/schema\/logo\/image\/","url":"https:\/\/playcomp.cl\/wp-content\/uploads\/2017\/07\/Artboard-36.png","contentUrl":"https:\/\/playcomp.cl\/wp-content\/uploads\/2017\/07\/Artboard-36.png","width":423,"height":112,"caption":"Play Comp"},"image":{"@id":"https:\/\/playcomp.cl\/#\/schema\/logo\/image\/"},"sameAs":["https:\/\/www.facebook.com\/playcompchile\/","https:\/\/www.instagram.com\/playcomp_capacitacion?igsh=OGtwZzBsYW5qbTF5"]}]}},"_links":{"self":[{"href":"https:\/\/playcomp.cl\/index.php\/wp-json\/wp\/v2\/product\/9671","targetHints":{"allow":["GET"]}}],"collection":[{"href":"https:\/\/playcomp.cl\/index.php\/wp-json\/wp\/v2\/product"}],"about":[{"href":"https:\/\/playcomp.cl\/index.php\/wp-json\/wp\/v2\/types\/product"}],"wp:featuredmedia":[{"embeddable":true,"href":"https:\/\/playcomp.cl\/index.php\/wp-json\/wp\/v2\/media\/10389"}],"wp:attachment":[{"href":"https:\/\/playcomp.cl\/index.php\/wp-json\/wp\/v2\/media?parent=9671"}],"wp:term":[{"taxonomy":"product_brand","embeddable":true,"href":"https:\/\/playcomp.cl\/index.php\/wp-json\/wp\/v2\/product_brand?post=9671"},{"taxonomy":"product_cat","embeddable":true,"href":"https:\/\/playcomp.cl\/index.php\/wp-json\/wp\/v2\/product_cat?post=9671"},{"taxonomy":"product_tag","embeddable":true,"href":"https:\/\/playcomp.cl\/index.php\/wp-json\/wp\/v2\/product_tag?post=9671"}],"curies":[{"name":"wp","href":"https:\/\/api.w.org\/{rel}","templated":true}]}}