{"id":9659,"date":"2024-05-22T15:18:19","date_gmt":"2024-05-22T18:18:19","guid":{"rendered":"https:\/\/playcomp.cl\/?post_type=product&#038;p=9659"},"modified":"2024-10-11T15:49:21","modified_gmt":"2024-10-11T18:49:21","slug":"microsoft-project-evaluacion-de-proyectos","status":"publish","type":"product","link":"https:\/\/playcomp.cl\/index.php\/producto\/microsoft-project-evaluacion-de-proyectos\/","title":{"rendered":"Microsoft Project, evaluaci\u00f3n de proyectos"},"content":{"rendered":"<p><strong>OBJETIVO<\/strong><br \/>\n<em><strong>Los participantes conocer\u00e1n y manejar\u00e1n la herramienta MS Project Nivel Avanzado, apoyando los procesos de planificaci\u00f3n y control de los proyectos que facilitar\u00e1 la toma de decisiones para que el proyecto se ejecute con \u00e9xito.<\/strong><\/em><\/p>\n<p><strong>Destinatarios:<\/strong><br \/>\n<strong>A todas aquellas personas que utilizan a nivel usuarios, Autodidactas o con un curso anterior y que deban administrar proyectos, seguimientos, entrega de informes y toma de decisiones<\/strong><\/p>\n<p><strong>Requisitos previos<\/strong><br \/>\nConocimientos a nivel b\u00e1sico, Usuarios Ms Project y utilizar esta herramienta en sus labores.<\/p>\n<p><strong>Contenidos<\/strong><br \/>\n<strong>1. Introducci\u00f3n y Conceptos<\/strong><\/p>\n<ul>\n<li>Definici\u00f3n de un proyecto, de una tarea, de un recurso, de una asignaci\u00f3n, de un hito<\/li>\n<li>Los costos de las tareas y recursos<\/li>\n<li>La administraci\u00f3n de proyectos<\/li>\n<li>Etapas de la administraci\u00f3n de proyectos<\/li>\n<li>\u00a0Definici\u00f3n del objetivo de un proyecto<\/li>\n<li>Los elementos de un proyecto<\/li>\n<li>Definici\u00f3n de las tareas<\/li>\n<li>Fijar los hitos<\/li>\n<li>Crear una lista de recursos. Asignar los recursos a las tareas<\/li>\n<li>\u00a0Depuraci\u00f3n del proyecto<\/li>\n<li>\u00a0El diagrama de Gantt<\/li>\n<li>El diagrama de red<\/li>\n<li>Los formularios<\/li>\n<li>Activar y modificar la visualizaci\u00f3n de un panel<\/li>\n<li>Ajustar el calendario del proyecto<\/li>\n<\/ul>\n<p><strong>2. Trabajar con tareas<\/strong><\/p>\n<ul>\n<li>Temas a tener en cuenta para un proyecto<\/li>\n<li>Ingreso de las tareas de un proyecto<\/li>\n<li>Ingresar un hito<\/li>\n<li>Las tareas repetitivas<\/li>\n<\/ul>\n<p><strong>3. Hacer ajustes a las tareas<\/strong><\/p>\n<ul>\n<li>Insertar una tarea<\/li>\n<li>Relacionar las tareas<\/li>\n<li>La programaci\u00f3n de las tareas<\/li>\n<li>Cambio de las relaciones<\/li>\n<li>Los adelantos y demoras en las tareas<\/li>\n<li>Dividir las tareas<\/li>\n<\/ul>\n<p><strong>4. Esquemas<\/strong><\/p>\n<ul>\n<li>Esquematizar un proyecto<\/li>\n<li>Degradar tareas<\/li>\n<li>\u00a0Expandir y contraer un esquema<\/li>\n<\/ul>\n<p><strong>5. Trabajar con recursos<\/strong><\/p>\n<ul>\n<li>Datos para un proyecto<\/li>\n<li>Crear una lista de recursos<\/li>\n<li>\u00a0Asignar recursos a las tareas<\/li>\n<li>Asignar un recurso a varias tareas<\/li>\n<li>Trabajar con cuadro de Asignaci\u00f3n de recursos<\/li>\n<\/ul>\n<p><strong>6. Trabajar con vistas<\/strong><\/p>\n<ul>\n<li>Activar y modificar la visualizaci\u00f3n de un panel<\/li>\n<li>Modificaciones que pueden efectuarse a los diagramas<\/li>\n<li>Dise\u00f1o de los enlaces del Gantt<\/li>\n<li>\u00a0El Asistente para el diagrama de Gantt<\/li>\n<\/ul>\n<p><strong>7. Trabajar con calendarios<\/strong><\/p>\n<ul>\n<li>La semana de trabajo<\/li>\n<li>El calendario de un recurso<\/li>\n<li>Usar Diagramas de PERT<\/li>\n<li>\u00a0Descripci\u00f3n del diagrama de PERT<\/li>\n<li>Crear tareas<\/li>\n<li>Vincular tareas<\/li>\n<li>Reorganizar el diagrama de PERT<\/li>\n<li>\u00a0Personalizar el diagrama de PERT<\/li>\n<\/ul>\n<p><strong>8. Recursos y Fondos de Recursos<\/strong><\/p>\n<ul>\n<li>Compartiendo el fondo de recursos<\/li>\n<li>\u00a0Abriendo un fondo de recursos<\/li>\n<li>Desvinculando un fondo de recursos<\/li>\n<li>Visualizar las asignaciones de recursos<\/li>\n<\/ul>\n<p><strong>9. Consolidaci\u00f3n de Proyectos<\/strong><\/p>\n<ul>\n<li>Trabajando con varios proyectos a la vez<\/li>\n<li>Consolidando proyectos<\/li>\n<li>Modificando la consolidaci\u00f3n de proyectos Trabajando con m\u00faltiples proyectos Sub- proyectos<\/li>\n<li>Asociando subproyecto a un proyecto principal<\/li>\n<\/ul>\n<p><strong>10. Filtros y Tablas<\/strong><\/p>\n<ul>\n<li>Utilizando filtros predefinidos<\/li>\n<li>Creando un filtro personalizado para tareas<\/li>\n<li>\u00a0Creando un filtro interactivo<\/li>\n<li>Creando una tabla<\/li>\n<\/ul>\n<p><strong>11. Asignaci\u00f3n de Costos<\/strong><\/p>\n<ul>\n<li>Tipos de costos<\/li>\n<li>Asignar costos a los recursos<\/li>\n<li>Cambiando el formato de la moneda<\/li>\n<li>Acumular los costos de los recursos<\/li>\n<li>\u00a0Asignar varias tasas o costos a los recursos<\/li>\n<li>\u00a0Asignar costos a las tareas<\/li>\n<li>Consultar los costos del proyecto<\/li>\n<li>\u00a0Agregando una nueva moneda<\/li>\n<li>\u00a0Importando una moneda personalizada<\/li>\n<li>Acerca del an\u00e1lisis de valores acumulados<\/li>\n<li>\u00a0Visualizando los valores acumulados<\/li>\n<li>Interpretaci\u00f3n an\u00e1lisis de valores acumulados<\/li>\n<li>Exportaci\u00f3n de los valores acumulados a Excel<\/li>\n<\/ul>\n<p><strong>12. Seguimiento del Proyecto<\/strong><\/p>\n<ul>\n<li>\u00a0Qu\u00e9 es la l\u00ednea de base<\/li>\n<li>Establecer y actualizar la l\u00ednea de base<\/li>\n<li>Visualizando la l\u00ednea de base<\/li>\n<li>\u00a0Borrando la l\u00ednea de base<\/li>\n<li>Estableciendo la fecha de estado<\/li>\n<li>Qu\u00e9 es el plan provisional<\/li>\n<li>El seguimiento<\/li>\n<li>Actualizando las fechas de comienzo y fin<\/li>\n<li>Consideraciones para la duraci\u00f3n de las tareas<\/li>\n<li>Ingresando el % de cumplimiento de las tareas<\/li>\n<li>Ingresando el costo real de las tareas<\/li>\n<li>Visualizando la estad\u00edstica del proyecto<\/li>\n<li>Visualizando las variaciones en la programaci\u00f3n<\/li>\n<li>Comparando gr\u00e1ficamente la programaci\u00f3n con lo previsto<\/li>\n<li>Visualizando los retrasos y demoras de la programaci\u00f3n<\/li>\n<li>Determinando el camino cr\u00edtico<\/li>\n<li>Comparando dos versiones de un proyecto<\/li>\n<\/ul>\n<p><strong>13. Informes<\/strong><\/p>\n<ul>\n<li>Tipos de informes personalizados<\/li>\n<li>Creando un informe tabular simple<\/li>\n<li>Creando un informe de referencias cruza- das<\/li>\n<li>Creando un informe calendario<\/li>\n<li>Aplicando un filtro a un informe<\/li>\n<li>Cambiando el ordenamiento de un informe<\/li>\n<li>Agregando informaci\u00f3n adicional a un informe<\/li>\n<li>Utilizando informes personalizados en otros proyectos<\/li>\n<li>Cambiando el nombre a un informe<\/li>\n<\/ul>\n","protected":false},"excerpt":{"rendered":"<p>OBJETIVO Los participantes conocer\u00e1n y manejar\u00e1n la herramienta MS Project Nivel Avanzado, apoyando los procesos de planificaci\u00f3n y control de los proyectos que facilitar\u00e1 la toma de decisiones para que el proyecto se ejecute con \u00e9xito. Destinatarios: A todas aquellas personas que utilizan a nivel usuarios, Autodidactas o con un curso anterior y que deban&#8230;<\/p>\n","protected":false},"featured_media":10233,"template":"","meta":{"_acf_changed":false},"product_brand":[],"product_cat":[123],"product_tag":[],"class_list":{"0":"post-9659","1":"product","2":"type-product","3":"status-publish","4":"has-post-thumbnail","6":"product_cat-gestion","8":"first","9":"instock","10":"shipping-taxable","11":"product-type-simple"},"acf":[],"yoast_head":"<!-- This site is optimized with the Yoast SEO plugin v24.8.1 - https:\/\/yoast.com\/wordpress\/plugins\/seo\/ -->\n<title>Microsoft Project, evaluaci\u00f3n de proyectos - Play Comp<\/title>\n<meta name=\"robots\" content=\"index, follow, max-snippet:-1, max-image-preview:large, max-video-preview:-1\" \/>\n<link rel=\"canonical\" href=\"https:\/\/playcomp.cl\/index.php\/producto\/microsoft-project-evaluacion-de-proyectos\/\" \/>\n<meta property=\"og:locale\" content=\"es_ES\" \/>\n<meta property=\"og:type\" content=\"article\" \/>\n<meta property=\"og:title\" content=\"Microsoft Project, evaluaci\u00f3n de proyectos - Play Comp\" \/>\n<meta property=\"og:description\" content=\"OBJETIVO Los participantes conocer\u00e1n y manejar\u00e1n la herramienta MS Project Nivel Avanzado, apoyando los procesos de planificaci\u00f3n y control de los proyectos que facilitar\u00e1 la toma de decisiones para que el proyecto se ejecute con \u00e9xito. Destinatarios: A todas aquellas personas que utilizan a nivel usuarios, Autodidactas o con un curso anterior y que deban...\" \/>\n<meta property=\"og:url\" content=\"https:\/\/playcomp.cl\/index.php\/producto\/microsoft-project-evaluacion-de-proyectos\/\" \/>\n<meta property=\"og:site_name\" content=\"Play Comp\" \/>\n<meta property=\"article:publisher\" content=\"https:\/\/www.facebook.com\/playcompchile\/\" \/>\n<meta property=\"article:modified_time\" content=\"2024-10-11T18:49:21+00:00\" \/>\n<meta property=\"og:image\" content=\"https:\/\/playcomp.cl\/wp-content\/uploads\/2024\/05\/MicrosoftProject-IMG.png\" \/>\n\t<meta property=\"og:image:width\" content=\"256\" \/>\n\t<meta property=\"og:image:height\" content=\"256\" \/>\n\t<meta property=\"og:image:type\" content=\"image\/png\" \/>\n<meta name=\"twitter:card\" content=\"summary_large_image\" \/>\n<meta name=\"twitter:label1\" content=\"Tiempo de lectura\" \/>\n\t<meta name=\"twitter:data1\" content=\"3 minutos\" \/>\n<script type=\"application\/ld+json\" class=\"yoast-schema-graph\">{\"@context\":\"https:\/\/schema.org\",\"@graph\":[{\"@type\":\"WebPage\",\"@id\":\"https:\/\/playcomp.cl\/index.php\/producto\/microsoft-project-evaluacion-de-proyectos\/\",\"url\":\"https:\/\/playcomp.cl\/index.php\/producto\/microsoft-project-evaluacion-de-proyectos\/\",\"name\":\"Microsoft Project, evaluaci\u00f3n de proyectos - Play Comp\",\"isPartOf\":{\"@id\":\"https:\/\/playcomp.cl\/#website\"},\"primaryImageOfPage\":{\"@id\":\"https:\/\/playcomp.cl\/index.php\/producto\/microsoft-project-evaluacion-de-proyectos\/#primaryimage\"},\"image\":{\"@id\":\"https:\/\/playcomp.cl\/index.php\/producto\/microsoft-project-evaluacion-de-proyectos\/#primaryimage\"},\"thumbnailUrl\":\"https:\/\/playcomp.cl\/wp-content\/uploads\/2024\/05\/MicrosoftProject-IMG.png\",\"datePublished\":\"2024-05-22T18:18:19+00:00\",\"dateModified\":\"2024-10-11T18:49:21+00:00\",\"breadcrumb\":{\"@id\":\"https:\/\/playcomp.cl\/index.php\/producto\/microsoft-project-evaluacion-de-proyectos\/#breadcrumb\"},\"inLanguage\":\"es\",\"potentialAction\":[{\"@type\":\"ReadAction\",\"target\":[\"https:\/\/playcomp.cl\/index.php\/producto\/microsoft-project-evaluacion-de-proyectos\/\"]}]},{\"@type\":\"ImageObject\",\"inLanguage\":\"es\",\"@id\":\"https:\/\/playcomp.cl\/index.php\/producto\/microsoft-project-evaluacion-de-proyectos\/#primaryimage\",\"url\":\"https:\/\/playcomp.cl\/wp-content\/uploads\/2024\/05\/MicrosoftProject-IMG.png\",\"contentUrl\":\"https:\/\/playcomp.cl\/wp-content\/uploads\/2024\/05\/MicrosoftProject-IMG.png\",\"width\":256,\"height\":256},{\"@type\":\"BreadcrumbList\",\"@id\":\"https:\/\/playcomp.cl\/index.php\/producto\/microsoft-project-evaluacion-de-proyectos\/#breadcrumb\",\"itemListElement\":[{\"@type\":\"ListItem\",\"position\":1,\"name\":\"Portada\",\"item\":\"https:\/\/playcomp.cl\/\"},{\"@type\":\"ListItem\",\"position\":2,\"name\":\"Tienda\",\"item\":\"https:\/\/playcomp.cl\/index.php\/tienda\/\"},{\"@type\":\"ListItem\",\"position\":3,\"name\":\"Microsoft Project, evaluaci\u00f3n de proyectos\"}]},{\"@type\":\"WebSite\",\"@id\":\"https:\/\/playcomp.cl\/#website\",\"url\":\"https:\/\/playcomp.cl\/\",\"name\":\"Play Comp\",\"description\":\"Organismo T\u00e9cnico de Capacitaci\u00f3n\",\"publisher\":{\"@id\":\"https:\/\/playcomp.cl\/#organization\"},\"potentialAction\":[{\"@type\":\"SearchAction\",\"target\":{\"@type\":\"EntryPoint\",\"urlTemplate\":\"https:\/\/playcomp.cl\/?s={search_term_string}\"},\"query-input\":{\"@type\":\"PropertyValueSpecification\",\"valueRequired\":true,\"valueName\":\"search_term_string\"}}],\"inLanguage\":\"es\"},{\"@type\":\"Organization\",\"@id\":\"https:\/\/playcomp.cl\/#organization\",\"name\":\"Play Comp\",\"url\":\"https:\/\/playcomp.cl\/\",\"logo\":{\"@type\":\"ImageObject\",\"inLanguage\":\"es\",\"@id\":\"https:\/\/playcomp.cl\/#\/schema\/logo\/image\/\",\"url\":\"https:\/\/playcomp.cl\/wp-content\/uploads\/2017\/07\/Artboard-36.png\",\"contentUrl\":\"https:\/\/playcomp.cl\/wp-content\/uploads\/2017\/07\/Artboard-36.png\",\"width\":423,\"height\":112,\"caption\":\"Play Comp\"},\"image\":{\"@id\":\"https:\/\/playcomp.cl\/#\/schema\/logo\/image\/\"},\"sameAs\":[\"https:\/\/www.facebook.com\/playcompchile\/\",\"https:\/\/www.instagram.com\/playcomp_capacitacion?igsh=OGtwZzBsYW5qbTF5\"]}]}<\/script>\n<!-- \/ Yoast SEO plugin. -->","yoast_head_json":{"title":"Microsoft Project, evaluaci\u00f3n de proyectos - Play Comp","robots":{"index":"index","follow":"follow","max-snippet":"max-snippet:-1","max-image-preview":"max-image-preview:large","max-video-preview":"max-video-preview:-1"},"canonical":"https:\/\/playcomp.cl\/index.php\/producto\/microsoft-project-evaluacion-de-proyectos\/","og_locale":"es_ES","og_type":"article","og_title":"Microsoft Project, evaluaci\u00f3n de proyectos - Play Comp","og_description":"OBJETIVO Los participantes conocer\u00e1n y manejar\u00e1n la herramienta MS Project Nivel Avanzado, apoyando los procesos de planificaci\u00f3n y control de los proyectos que facilitar\u00e1 la toma de decisiones para que el proyecto se ejecute con \u00e9xito. Destinatarios: A todas aquellas personas que utilizan a nivel usuarios, Autodidactas o con un curso anterior y que deban...","og_url":"https:\/\/playcomp.cl\/index.php\/producto\/microsoft-project-evaluacion-de-proyectos\/","og_site_name":"Play Comp","article_publisher":"https:\/\/www.facebook.com\/playcompchile\/","article_modified_time":"2024-10-11T18:49:21+00:00","og_image":[{"width":256,"height":256,"url":"https:\/\/playcomp.cl\/wp-content\/uploads\/2024\/05\/MicrosoftProject-IMG.png","type":"image\/png"}],"twitter_card":"summary_large_image","twitter_misc":{"Tiempo de lectura":"3 minutos"},"schema":{"@context":"https:\/\/schema.org","@graph":[{"@type":"WebPage","@id":"https:\/\/playcomp.cl\/index.php\/producto\/microsoft-project-evaluacion-de-proyectos\/","url":"https:\/\/playcomp.cl\/index.php\/producto\/microsoft-project-evaluacion-de-proyectos\/","name":"Microsoft Project, evaluaci\u00f3n de proyectos - Play Comp","isPartOf":{"@id":"https:\/\/playcomp.cl\/#website"},"primaryImageOfPage":{"@id":"https:\/\/playcomp.cl\/index.php\/producto\/microsoft-project-evaluacion-de-proyectos\/#primaryimage"},"image":{"@id":"https:\/\/playcomp.cl\/index.php\/producto\/microsoft-project-evaluacion-de-proyectos\/#primaryimage"},"thumbnailUrl":"https:\/\/playcomp.cl\/wp-content\/uploads\/2024\/05\/MicrosoftProject-IMG.png","datePublished":"2024-05-22T18:18:19+00:00","dateModified":"2024-10-11T18:49:21+00:00","breadcrumb":{"@id":"https:\/\/playcomp.cl\/index.php\/producto\/microsoft-project-evaluacion-de-proyectos\/#breadcrumb"},"inLanguage":"es","potentialAction":[{"@type":"ReadAction","target":["https:\/\/playcomp.cl\/index.php\/producto\/microsoft-project-evaluacion-de-proyectos\/"]}]},{"@type":"ImageObject","inLanguage":"es","@id":"https:\/\/playcomp.cl\/index.php\/producto\/microsoft-project-evaluacion-de-proyectos\/#primaryimage","url":"https:\/\/playcomp.cl\/wp-content\/uploads\/2024\/05\/MicrosoftProject-IMG.png","contentUrl":"https:\/\/playcomp.cl\/wp-content\/uploads\/2024\/05\/MicrosoftProject-IMG.png","width":256,"height":256},{"@type":"BreadcrumbList","@id":"https:\/\/playcomp.cl\/index.php\/producto\/microsoft-project-evaluacion-de-proyectos\/#breadcrumb","itemListElement":[{"@type":"ListItem","position":1,"name":"Portada","item":"https:\/\/playcomp.cl\/"},{"@type":"ListItem","position":2,"name":"Tienda","item":"https:\/\/playcomp.cl\/index.php\/tienda\/"},{"@type":"ListItem","position":3,"name":"Microsoft Project, evaluaci\u00f3n de proyectos"}]},{"@type":"WebSite","@id":"https:\/\/playcomp.cl\/#website","url":"https:\/\/playcomp.cl\/","name":"Play Comp","description":"Organismo T\u00e9cnico de Capacitaci\u00f3n","publisher":{"@id":"https:\/\/playcomp.cl\/#organization"},"potentialAction":[{"@type":"SearchAction","target":{"@type":"EntryPoint","urlTemplate":"https:\/\/playcomp.cl\/?s={search_term_string}"},"query-input":{"@type":"PropertyValueSpecification","valueRequired":true,"valueName":"search_term_string"}}],"inLanguage":"es"},{"@type":"Organization","@id":"https:\/\/playcomp.cl\/#organization","name":"Play Comp","url":"https:\/\/playcomp.cl\/","logo":{"@type":"ImageObject","inLanguage":"es","@id":"https:\/\/playcomp.cl\/#\/schema\/logo\/image\/","url":"https:\/\/playcomp.cl\/wp-content\/uploads\/2017\/07\/Artboard-36.png","contentUrl":"https:\/\/playcomp.cl\/wp-content\/uploads\/2017\/07\/Artboard-36.png","width":423,"height":112,"caption":"Play Comp"},"image":{"@id":"https:\/\/playcomp.cl\/#\/schema\/logo\/image\/"},"sameAs":["https:\/\/www.facebook.com\/playcompchile\/","https:\/\/www.instagram.com\/playcomp_capacitacion?igsh=OGtwZzBsYW5qbTF5"]}]}},"_links":{"self":[{"href":"https:\/\/playcomp.cl\/index.php\/wp-json\/wp\/v2\/product\/9659","targetHints":{"allow":["GET"]}}],"collection":[{"href":"https:\/\/playcomp.cl\/index.php\/wp-json\/wp\/v2\/product"}],"about":[{"href":"https:\/\/playcomp.cl\/index.php\/wp-json\/wp\/v2\/types\/product"}],"wp:featuredmedia":[{"embeddable":true,"href":"https:\/\/playcomp.cl\/index.php\/wp-json\/wp\/v2\/media\/10233"}],"wp:attachment":[{"href":"https:\/\/playcomp.cl\/index.php\/wp-json\/wp\/v2\/media?parent=9659"}],"wp:term":[{"taxonomy":"product_brand","embeddable":true,"href":"https:\/\/playcomp.cl\/index.php\/wp-json\/wp\/v2\/product_brand?post=9659"},{"taxonomy":"product_cat","embeddable":true,"href":"https:\/\/playcomp.cl\/index.php\/wp-json\/wp\/v2\/product_cat?post=9659"},{"taxonomy":"product_tag","embeddable":true,"href":"https:\/\/playcomp.cl\/index.php\/wp-json\/wp\/v2\/product_tag?post=9659"}],"curies":[{"name":"wp","href":"https:\/\/api.w.org\/{rel}","templated":true}]}}