{"id":9651,"date":"2024-05-22T14:38:06","date_gmt":"2024-05-22T17:38:06","guid":{"rendered":"https:\/\/playcomp.cl\/?post_type=product&#038;p=9651"},"modified":"2024-10-24T17:02:33","modified_gmt":"2024-10-24T20:02:33","slug":"ms-office-365-aplicaciones-integrales-colaborativas","status":"publish","type":"product","link":"https:\/\/playcomp.cl\/index.php\/producto\/ms-office-365-aplicaciones-integrales-colaborativas\/","title":{"rendered":"Ms Office 365 aplicaciones Integrales colaborativas"},"content":{"rendered":"<p>Office 365 un conjunto de herramientas de productividad colaborativas para la empresa, permiten crear, editar y compartir con cualquier persona y en tiempo real, desde tu PC o desde tu dispositivo iOS, Android\u2122 o Windows, Trabaja en la Nube y adem\u00e1s de tener las aplicaciones cl\u00e1sicas de Office permite el almacenamiento de documentos, calendarios y aplicaciones online, y no solo en el computador y desde cualquier dispositivo.<\/p>\n<p><strong>Colaboraci\u00f3n<\/strong><br \/>\nCon Office 365, los equipos logran aumentar la productividad al trabajar juntos de manera efectiva y de la forma que desean.<\/p>\n<p><strong>Seguridad<\/strong><br \/>\nDise\u00f1ado para las compa\u00f1\u00edas de hoy en d\u00eda, Office 365 protege tu organizaci\u00f3n, tus datos y, lo m\u00e1s importante, a los miembros de tu empresa.<\/p>\n<p><strong>Inteligencia<\/strong><br \/>\nCon el an\u00e1lisis y la inteligencia como aspecto fundamental, Office 365 te brinda la informaci\u00f3n y la asistencia que necesitas para que rindas al m\u00e1ximo todos los d\u00edas.<\/p>\n<p><strong>Movilidad<\/strong><br \/>\nCon una experiencia impecable entre dispositivos, Office 365 te permite aumentar tu productividad sin importar ad\u00f3nde te lleve tu trabajo.<\/p>\n<p><strong>M\u00f3dulo 1. Introducci\u00f3n al Office 365<\/strong><\/p>\n<ul>\n<li>1.1. Configuraci\u00f3n del perfil<\/li>\n<li>1.2. Administraci\u00f3n de Accesos<\/li>\n<li>1.3. Visi\u00f3n general de las tareas administrativas<\/li>\n<li>1.4. Configuraci\u00f3n y gesti\u00f3n de Outlook y Exchange<\/li>\n<li>1.5. Crear una lista de distribuci\u00f3n<\/li>\n<\/ul>\n<p><strong>M\u00f3dulo 2. Planilla de c\u00e1lculo Excel 2016<\/strong><\/p>\n<ul>\n<li>2.1. Trabajar con las hojas de c\u00e1lculo, formulas y funciones<\/li>\n<li>2.2. Copiar, cortar y pegar especial<\/li>\n<li>2.3. Formatos y condicionales<\/li>\n<li>2.4. Importaci\u00f3n y exportaci\u00f3n de datos<\/li>\n<li>2.5. Trabajar con diferentes ficheros<\/li>\n<li>2.6. Bases de datos y Validar datos<\/li>\n<\/ul>\n<p><strong>M\u00f3dulo 3. Procesador de Textos Word 2016<\/strong><\/p>\n<ul>\n<li>3.1. El entorno de Word 2016<\/li>\n<li>3.2. Formato del documento y Dise\u00f1o de p\u00e1gina<\/li>\n<li>3.3. Im\u00e1genes y gr\u00e1ficos<\/li>\n<li>3.4. Ortograf\u00eda y gram\u00e1tica<\/li>\n<li>3.5. Tablas<\/li>\n<li>3.6. Combinar correspondencia<\/li>\n<li>3.7. Compartir documentos. OneDrive<\/li>\n<\/ul>\n<p><strong>M\u00f3dulo 4. OneDrive para la Empresa<\/strong><\/p>\n<ul>\n<li>4.1 Introducci\u00f3n<\/li>\n<li>4.2 Configuraci\u00f3n<\/li>\n<li>4.3 Almacenar informaci\u00f3n<\/li>\n<li>4.4 Sincronizar informaci\u00f3n<\/li>\n<li>4.5 Buscar informaci\u00f3n<\/li>\n<li>4.6 Compartir informaci\u00f3n<\/li>\n<li>4.7 Distribuir informaci\u00f3n<\/li>\n<li>4.8 Administrar<\/li>\n<\/ul>\n<p><strong>M\u00f3dulo 5. Publicaciones, compartir y administrar archivos<\/strong><\/p>\n<ul>\n<li>5.1. \u00bfQu\u00e9 es una biblioteca de documentos?<\/li>\n<li>5.2. Creaci\u00f3n de una biblioteca de documentos<\/li>\n<li>5.3. Organizaci\u00f3n de una biblioteca de documentos<\/li>\n<li>5.4. Trabajar con archivos de bibliotecas de documentos<\/li>\n<li>5.5. Realizaci\u00f3n de contactos instant\u00e1neos con los miembros del equipo<\/li>\n<\/ul>\n<p><strong>M\u00f3dulo 6. Comunicaciones Skype<\/strong><\/p>\n<ul>\n<li>6.1. Instalaci\u00f3n de Microsoft Skype<\/li>\n<li>6.2. Como firmarse con Microsoft Skype<\/li>\n<li>6.3. Mensajer\u00eda instant\u00e1nea, llamadas y reuniones web con Microsoft Skype<\/li>\n<li>6.4. Compartir escritorio, presentaci\u00f3n, programa<\/li>\n<li>6.5. Realizar llamadas, videoconferencias, reuniones con Microsoft Skype<\/li>\n<\/ul>\n<p><strong>M\u00f3dulo 7. Creaci\u00f3n y gesti\u00f3n de flujos de trabajo<\/strong><\/p>\n<ul>\n<li>7.1. Presentaci\u00f3n de los flujos de trabajo de Office 365<\/li>\n<li>7.2. Creaci\u00f3n de un nuevo flujo de trabajo<\/li>\n<li>7.3. Configuraci\u00f3n de los estados de flujo de trabajo<\/li>\n<li>7.4. Edici\u00f3n de un flujo de trabajo<\/li>\n<li>7.5. Comprobaci\u00f3n del estado de flujo de trabajo<\/li>\n<li>7.6. Detenci\u00f3n de un flujo de trabajo<\/li>\n<li>7.7. Gesti\u00f3n de flujos de trabajo<\/li>\n<\/ul>\n<p><strong>M\u00f3dulo 8. Mobile con Office 365<\/strong><\/p>\n<ul>\n<li>8.1. \u00bfC\u00f3mo utilizar el tel\u00e9fono con Office 365?<\/li>\n<li>8.2. Recepci\u00f3n y env\u00edo de correo electr\u00f3nico en el tel\u00e9fono<\/li>\n<li>8.3. Edici\u00f3n de un documento de Word en su tel\u00e9fono<\/li>\n<li>8.4. Guardar y enviar el documento editado<\/li>\n<\/ul>\n","protected":false},"excerpt":{"rendered":"<p>Office 365 un conjunto de herramientas de productividad colaborativas para la empresa, permiten crear, editar y compartir con cualquier persona y en tiempo real, desde tu PC o desde tu dispositivo iOS, Android\u2122 o Windows, Trabaja en la Nube y adem\u00e1s de tener las aplicaciones cl\u00e1sicas de Office permite el almacenamiento de documentos, calendarios y&#8230;<\/p>\n","protected":false},"featured_media":10404,"template":"","meta":{"_acf_changed":false},"product_brand":[],"product_cat":[122],"product_tag":[],"class_list":{"0":"post-9651","1":"product","2":"type-product","3":"status-publish","4":"has-post-thumbnail","6":"product_cat-integrados","8":"first","9":"instock","10":"shipping-taxable","11":"product-type-simple"},"acf":[],"yoast_head":"<!-- This site is optimized with the Yoast SEO plugin v24.8.1 - https:\/\/yoast.com\/wordpress\/plugins\/seo\/ -->\n<title>Ms Office 365 aplicaciones Integrales colaborativas - Play Comp<\/title>\n<meta name=\"robots\" content=\"index, follow, max-snippet:-1, max-image-preview:large, max-video-preview:-1\" \/>\n<link rel=\"canonical\" href=\"https:\/\/playcomp.cl\/index.php\/producto\/ms-office-365-aplicaciones-integrales-colaborativas\/\" \/>\n<meta property=\"og:locale\" content=\"es_ES\" \/>\n<meta property=\"og:type\" content=\"article\" \/>\n<meta property=\"og:title\" content=\"Ms Office 365 aplicaciones Integrales colaborativas - Play Comp\" \/>\n<meta property=\"og:description\" content=\"Office 365 un conjunto de herramientas de productividad colaborativas para la empresa, permiten crear, editar y compartir con cualquier persona y en tiempo real, desde tu PC o desde tu dispositivo iOS, Android\u2122 o Windows, Trabaja en la Nube y adem\u00e1s de tener las aplicaciones cl\u00e1sicas de Office permite el almacenamiento de documentos, calendarios y...\" \/>\n<meta property=\"og:url\" content=\"https:\/\/playcomp.cl\/index.php\/producto\/ms-office-365-aplicaciones-integrales-colaborativas\/\" \/>\n<meta property=\"og:site_name\" content=\"Play Comp\" \/>\n<meta property=\"article:publisher\" content=\"https:\/\/www.facebook.com\/playcompchile\/\" \/>\n<meta property=\"article:modified_time\" content=\"2024-10-24T20:02:33+00:00\" \/>\n<meta property=\"og:image\" content=\"https:\/\/playcomp.cl\/wp-content\/uploads\/2024\/05\/Office.Icon_-1.png\" \/>\n\t<meta property=\"og:image:width\" content=\"452\" \/>\n\t<meta property=\"og:image:height\" content=\"452\" \/>\n\t<meta property=\"og:image:type\" content=\"image\/png\" \/>\n<meta name=\"twitter:card\" content=\"summary_large_image\" \/>\n<meta name=\"twitter:label1\" content=\"Tiempo de lectura\" \/>\n\t<meta name=\"twitter:data1\" content=\"3 minutos\" \/>\n<script type=\"application\/ld+json\" class=\"yoast-schema-graph\">{\"@context\":\"https:\/\/schema.org\",\"@graph\":[{\"@type\":\"WebPage\",\"@id\":\"https:\/\/playcomp.cl\/index.php\/producto\/ms-office-365-aplicaciones-integrales-colaborativas\/\",\"url\":\"https:\/\/playcomp.cl\/index.php\/producto\/ms-office-365-aplicaciones-integrales-colaborativas\/\",\"name\":\"Ms Office 365 aplicaciones Integrales colaborativas - Play Comp\",\"isPartOf\":{\"@id\":\"https:\/\/playcomp.cl\/#website\"},\"primaryImageOfPage\":{\"@id\":\"https:\/\/playcomp.cl\/index.php\/producto\/ms-office-365-aplicaciones-integrales-colaborativas\/#primaryimage\"},\"image\":{\"@id\":\"https:\/\/playcomp.cl\/index.php\/producto\/ms-office-365-aplicaciones-integrales-colaborativas\/#primaryimage\"},\"thumbnailUrl\":\"https:\/\/playcomp.cl\/wp-content\/uploads\/2024\/05\/Office.Icon_-1.png\",\"datePublished\":\"2024-05-22T17:38:06+00:00\",\"dateModified\":\"2024-10-24T20:02:33+00:00\",\"breadcrumb\":{\"@id\":\"https:\/\/playcomp.cl\/index.php\/producto\/ms-office-365-aplicaciones-integrales-colaborativas\/#breadcrumb\"},\"inLanguage\":\"es\",\"potentialAction\":[{\"@type\":\"ReadAction\",\"target\":[\"https:\/\/playcomp.cl\/index.php\/producto\/ms-office-365-aplicaciones-integrales-colaborativas\/\"]}]},{\"@type\":\"ImageObject\",\"inLanguage\":\"es\",\"@id\":\"https:\/\/playcomp.cl\/index.php\/producto\/ms-office-365-aplicaciones-integrales-colaborativas\/#primaryimage\",\"url\":\"https:\/\/playcomp.cl\/wp-content\/uploads\/2024\/05\/Office.Icon_-1.png\",\"contentUrl\":\"https:\/\/playcomp.cl\/wp-content\/uploads\/2024\/05\/Office.Icon_-1.png\",\"width\":452,\"height\":452},{\"@type\":\"BreadcrumbList\",\"@id\":\"https:\/\/playcomp.cl\/index.php\/producto\/ms-office-365-aplicaciones-integrales-colaborativas\/#breadcrumb\",\"itemListElement\":[{\"@type\":\"ListItem\",\"position\":1,\"name\":\"Portada\",\"item\":\"https:\/\/playcomp.cl\/\"},{\"@type\":\"ListItem\",\"position\":2,\"name\":\"Tienda\",\"item\":\"https:\/\/playcomp.cl\/index.php\/tienda\/\"},{\"@type\":\"ListItem\",\"position\":3,\"name\":\"Ms Office 365 aplicaciones Integrales colaborativas\"}]},{\"@type\":\"WebSite\",\"@id\":\"https:\/\/playcomp.cl\/#website\",\"url\":\"https:\/\/playcomp.cl\/\",\"name\":\"Play Comp\",\"description\":\"Organismo T\u00e9cnico de Capacitaci\u00f3n\",\"publisher\":{\"@id\":\"https:\/\/playcomp.cl\/#organization\"},\"potentialAction\":[{\"@type\":\"SearchAction\",\"target\":{\"@type\":\"EntryPoint\",\"urlTemplate\":\"https:\/\/playcomp.cl\/?s={search_term_string}\"},\"query-input\":{\"@type\":\"PropertyValueSpecification\",\"valueRequired\":true,\"valueName\":\"search_term_string\"}}],\"inLanguage\":\"es\"},{\"@type\":\"Organization\",\"@id\":\"https:\/\/playcomp.cl\/#organization\",\"name\":\"Play Comp\",\"url\":\"https:\/\/playcomp.cl\/\",\"logo\":{\"@type\":\"ImageObject\",\"inLanguage\":\"es\",\"@id\":\"https:\/\/playcomp.cl\/#\/schema\/logo\/image\/\",\"url\":\"https:\/\/playcomp.cl\/wp-content\/uploads\/2017\/07\/Artboard-36.png\",\"contentUrl\":\"https:\/\/playcomp.cl\/wp-content\/uploads\/2017\/07\/Artboard-36.png\",\"width\":423,\"height\":112,\"caption\":\"Play Comp\"},\"image\":{\"@id\":\"https:\/\/playcomp.cl\/#\/schema\/logo\/image\/\"},\"sameAs\":[\"https:\/\/www.facebook.com\/playcompchile\/\",\"https:\/\/www.instagram.com\/playcomp_capacitacion?igsh=OGtwZzBsYW5qbTF5\"]}]}<\/script>\n<!-- \/ Yoast SEO plugin. -->","yoast_head_json":{"title":"Ms Office 365 aplicaciones Integrales colaborativas - Play Comp","robots":{"index":"index","follow":"follow","max-snippet":"max-snippet:-1","max-image-preview":"max-image-preview:large","max-video-preview":"max-video-preview:-1"},"canonical":"https:\/\/playcomp.cl\/index.php\/producto\/ms-office-365-aplicaciones-integrales-colaborativas\/","og_locale":"es_ES","og_type":"article","og_title":"Ms Office 365 aplicaciones Integrales colaborativas - Play Comp","og_description":"Office 365 un conjunto de herramientas de productividad colaborativas para la empresa, permiten crear, editar y compartir con cualquier persona y en tiempo real, desde tu PC o desde tu dispositivo iOS, Android\u2122 o Windows, Trabaja en la Nube y adem\u00e1s de tener las aplicaciones cl\u00e1sicas de Office permite el almacenamiento de documentos, calendarios y...","og_url":"https:\/\/playcomp.cl\/index.php\/producto\/ms-office-365-aplicaciones-integrales-colaborativas\/","og_site_name":"Play Comp","article_publisher":"https:\/\/www.facebook.com\/playcompchile\/","article_modified_time":"2024-10-24T20:02:33+00:00","og_image":[{"width":452,"height":452,"url":"https:\/\/playcomp.cl\/wp-content\/uploads\/2024\/05\/Office.Icon_-1.png","type":"image\/png"}],"twitter_card":"summary_large_image","twitter_misc":{"Tiempo de lectura":"3 minutos"},"schema":{"@context":"https:\/\/schema.org","@graph":[{"@type":"WebPage","@id":"https:\/\/playcomp.cl\/index.php\/producto\/ms-office-365-aplicaciones-integrales-colaborativas\/","url":"https:\/\/playcomp.cl\/index.php\/producto\/ms-office-365-aplicaciones-integrales-colaborativas\/","name":"Ms Office 365 aplicaciones Integrales colaborativas - Play Comp","isPartOf":{"@id":"https:\/\/playcomp.cl\/#website"},"primaryImageOfPage":{"@id":"https:\/\/playcomp.cl\/index.php\/producto\/ms-office-365-aplicaciones-integrales-colaborativas\/#primaryimage"},"image":{"@id":"https:\/\/playcomp.cl\/index.php\/producto\/ms-office-365-aplicaciones-integrales-colaborativas\/#primaryimage"},"thumbnailUrl":"https:\/\/playcomp.cl\/wp-content\/uploads\/2024\/05\/Office.Icon_-1.png","datePublished":"2024-05-22T17:38:06+00:00","dateModified":"2024-10-24T20:02:33+00:00","breadcrumb":{"@id":"https:\/\/playcomp.cl\/index.php\/producto\/ms-office-365-aplicaciones-integrales-colaborativas\/#breadcrumb"},"inLanguage":"es","potentialAction":[{"@type":"ReadAction","target":["https:\/\/playcomp.cl\/index.php\/producto\/ms-office-365-aplicaciones-integrales-colaborativas\/"]}]},{"@type":"ImageObject","inLanguage":"es","@id":"https:\/\/playcomp.cl\/index.php\/producto\/ms-office-365-aplicaciones-integrales-colaborativas\/#primaryimage","url":"https:\/\/playcomp.cl\/wp-content\/uploads\/2024\/05\/Office.Icon_-1.png","contentUrl":"https:\/\/playcomp.cl\/wp-content\/uploads\/2024\/05\/Office.Icon_-1.png","width":452,"height":452},{"@type":"BreadcrumbList","@id":"https:\/\/playcomp.cl\/index.php\/producto\/ms-office-365-aplicaciones-integrales-colaborativas\/#breadcrumb","itemListElement":[{"@type":"ListItem","position":1,"name":"Portada","item":"https:\/\/playcomp.cl\/"},{"@type":"ListItem","position":2,"name":"Tienda","item":"https:\/\/playcomp.cl\/index.php\/tienda\/"},{"@type":"ListItem","position":3,"name":"Ms Office 365 aplicaciones Integrales colaborativas"}]},{"@type":"WebSite","@id":"https:\/\/playcomp.cl\/#website","url":"https:\/\/playcomp.cl\/","name":"Play Comp","description":"Organismo T\u00e9cnico de Capacitaci\u00f3n","publisher":{"@id":"https:\/\/playcomp.cl\/#organization"},"potentialAction":[{"@type":"SearchAction","target":{"@type":"EntryPoint","urlTemplate":"https:\/\/playcomp.cl\/?s={search_term_string}"},"query-input":{"@type":"PropertyValueSpecification","valueRequired":true,"valueName":"search_term_string"}}],"inLanguage":"es"},{"@type":"Organization","@id":"https:\/\/playcomp.cl\/#organization","name":"Play Comp","url":"https:\/\/playcomp.cl\/","logo":{"@type":"ImageObject","inLanguage":"es","@id":"https:\/\/playcomp.cl\/#\/schema\/logo\/image\/","url":"https:\/\/playcomp.cl\/wp-content\/uploads\/2017\/07\/Artboard-36.png","contentUrl":"https:\/\/playcomp.cl\/wp-content\/uploads\/2017\/07\/Artboard-36.png","width":423,"height":112,"caption":"Play Comp"},"image":{"@id":"https:\/\/playcomp.cl\/#\/schema\/logo\/image\/"},"sameAs":["https:\/\/www.facebook.com\/playcompchile\/","https:\/\/www.instagram.com\/playcomp_capacitacion?igsh=OGtwZzBsYW5qbTF5"]}]}},"_links":{"self":[{"href":"https:\/\/playcomp.cl\/index.php\/wp-json\/wp\/v2\/product\/9651","targetHints":{"allow":["GET"]}}],"collection":[{"href":"https:\/\/playcomp.cl\/index.php\/wp-json\/wp\/v2\/product"}],"about":[{"href":"https:\/\/playcomp.cl\/index.php\/wp-json\/wp\/v2\/types\/product"}],"wp:featuredmedia":[{"embeddable":true,"href":"https:\/\/playcomp.cl\/index.php\/wp-json\/wp\/v2\/media\/10404"}],"wp:attachment":[{"href":"https:\/\/playcomp.cl\/index.php\/wp-json\/wp\/v2\/media?parent=9651"}],"wp:term":[{"taxonomy":"product_brand","embeddable":true,"href":"https:\/\/playcomp.cl\/index.php\/wp-json\/wp\/v2\/product_brand?post=9651"},{"taxonomy":"product_cat","embeddable":true,"href":"https:\/\/playcomp.cl\/index.php\/wp-json\/wp\/v2\/product_cat?post=9651"},{"taxonomy":"product_tag","embeddable":true,"href":"https:\/\/playcomp.cl\/index.php\/wp-json\/wp\/v2\/product_tag?post=9651"}],"curies":[{"name":"wp","href":"https:\/\/api.w.org\/{rel}","templated":true}]}}