{"id":9617,"date":"2024-05-22T14:01:29","date_gmt":"2024-05-22T17:01:29","guid":{"rendered":"https:\/\/playcomp.cl\/?post_type=product&#038;p=9617"},"modified":"2024-10-24T17:11:10","modified_gmt":"2024-10-24T20:11:10","slug":"power-bi-nivel-intermedio","status":"publish","type":"product","link":"https:\/\/playcomp.cl\/index.php\/producto\/power-bi-nivel-intermedio\/","title":{"rendered":"Power BI &#8211; Nivel Intermedio"},"content":{"rendered":"<p>En este curso aprender\u00e1s a<\/p>\n<ul>\n<li>Obtener datos mediante <strong>t\u00e9cnicas avanzadas<\/strong><\/li>\n<li>Optimizar los tiempos en <strong>cargas de datos<\/strong><\/li>\n<li>Crear un <strong>modelo de datos<\/strong> avanzado<\/li>\n<li>Trabajar con <strong>par\u00e1metros, variables y metadatos<\/strong><\/li>\n<li>Construir <strong>expresiones DAX avanzadas<\/strong><\/li>\n<li>Seleccionar la <strong>visual adecuada.<\/strong><\/li>\n<li>Aplicar <strong>formatos avanzados.<\/strong><\/li>\n<li>Analizar el <strong>rendimiento de los informes.<\/strong><\/li>\n<li>Incluir narrativas y <strong>t\u00e9cnicas de Storytelling.<\/strong><\/li>\n<\/ul>\n<p><strong>Requisitos<\/strong> Haber aprobado el curso B\u00e1sico de Power BI<\/p>\n<p><strong>1. T\u00e9cnicas avanzadas de obtenci\u00f3n de datos<\/strong><\/p>\n<ul>\n<li>Refresco de datos<\/li>\n<li>Filtrado<\/li>\n<li>Diferencias entre DAX y M<\/li>\n<li>Consultas nativas<\/li>\n<li>Evaluaciones diferidas<\/li>\n<li>T\u00e9cnicas de optimizaci\u00f3n<\/li>\n<\/ul>\n<p><strong>2. Modelo Avanzado<\/strong><\/p>\n<ul>\n<li>Tablas de fechas<\/li>\n<li>Tablas de hechos y dimensiones<\/li>\n<li>Tablas puente<\/li>\n<li>Par\u00e1metros, metadatos y categor\u00edas<\/li>\n<li>Limpieza del modelo<\/li>\n<\/ul>\n<p><strong>3. DAX avanzado<\/strong><\/p>\n<ul>\n<li>Funciones X<\/li>\n<li>Tasas de crecimiento, cambios mensuales<\/li>\n<li>Funciones avanzadas<\/li>\n<li>Variables<\/li>\n<\/ul>\n<p><strong>4. Visuales avanzadas<\/strong><\/p>\n<ul>\n<li>Selecci\u00f3n de la visual adecuada<\/li>\n<li>Exploraci\u00f3n en profundidad<\/li>\n<li>Interacciones<\/li>\n<li>Hip\u00f3tesis con par\u00e1metros<\/li>\n<li>Filtrados y sincronizaci\u00f3n de segmentadores<\/li>\n<li>Formatos avanzados<\/li>\n<li>Influenciadores<\/li>\n<li>Mejores practicas<\/li>\n<\/ul>\n<p><strong>5. Optimizaci\u00f3n del modelo<\/strong><\/p>\n<ul>\n<li>T\u00e9cnicas de optimizaci\u00f3n<\/li>\n<li>Analizador del rendimiento<\/li>\n<li>DAX Studio<\/li>\n<\/ul>\n<p><strong>6. Anal\u00edtica<\/strong><\/p>\n<ul>\n<li>An\u00e1lisis en visuales<\/li>\n<li>Ejes de reproducci\u00f3n y diagramas<\/li>\n<li>Puntos de inter\u00e9s en informes<\/li>\n<li>Narrativas<\/li>\n<li>StoryTelling<\/li>\n<\/ul>\n","protected":false},"excerpt":{"rendered":"<p>En este curso aprender\u00e1s a Obtener datos mediante t\u00e9cnicas avanzadas Optimizar los tiempos en cargas de datos Crear un modelo de datos avanzado Trabajar con par\u00e1metros, variables y metadatos Construir expresiones DAX avanzadas Seleccionar la visual adecuada. Aplicar formatos avanzados. Analizar el rendimiento de los informes. Incluir narrativas y t\u00e9cnicas de Storytelling. Requisitos Haber aprobado&#8230;<\/p>\n","protected":false},"featured_media":10410,"template":"","meta":{"_acf_changed":false},"product_brand":[],"product_cat":[119],"product_tag":[],"class_list":{"0":"post-9617","1":"product","2":"type-product","3":"status-publish","4":"has-post-thumbnail","6":"product_cat-gestion-y-analisis-de-datos","8":"first","9":"instock","10":"shipping-taxable","11":"product-type-simple"},"acf":[],"yoast_head":"<!-- This site is optimized with the Yoast SEO plugin v24.8.1 - https:\/\/yoast.com\/wordpress\/plugins\/seo\/ -->\n<title>Power BI - Nivel Intermedio - Play Comp<\/title>\n<meta name=\"robots\" content=\"index, follow, max-snippet:-1, max-image-preview:large, max-video-preview:-1\" \/>\n<link rel=\"canonical\" href=\"https:\/\/playcomp.cl\/index.php\/producto\/power-bi-nivel-intermedio\/\" \/>\n<meta property=\"og:locale\" content=\"es_ES\" \/>\n<meta property=\"og:type\" content=\"article\" \/>\n<meta property=\"og:title\" content=\"Power BI - Nivel Intermedio - Play Comp\" \/>\n<meta property=\"og:description\" content=\"En este curso aprender\u00e1s a Obtener datos mediante t\u00e9cnicas avanzadas Optimizar los tiempos en cargas de datos Crear un modelo de datos avanzado Trabajar con par\u00e1metros, variables y metadatos Construir expresiones DAX avanzadas Seleccionar la visual adecuada. Aplicar formatos avanzados. Analizar el rendimiento de los informes. Incluir narrativas y t\u00e9cnicas de Storytelling. Requisitos Haber aprobado...\" \/>\n<meta property=\"og:url\" content=\"https:\/\/playcomp.cl\/index.php\/producto\/power-bi-nivel-intermedio\/\" \/>\n<meta property=\"og:site_name\" content=\"Play Comp\" \/>\n<meta property=\"article:publisher\" content=\"https:\/\/www.facebook.com\/playcompchile\/\" \/>\n<meta property=\"article:modified_time\" content=\"2024-10-24T20:11:10+00:00\" \/>\n<meta property=\"og:image\" content=\"https:\/\/playcomp.cl\/wp-content\/uploads\/2024\/05\/PB.icon_-1.png\" \/>\n\t<meta property=\"og:image:width\" content=\"187\" \/>\n\t<meta property=\"og:image:height\" content=\"187\" \/>\n\t<meta property=\"og:image:type\" content=\"image\/png\" \/>\n<meta name=\"twitter:card\" content=\"summary_large_image\" \/>\n<meta name=\"twitter:label1\" content=\"Tiempo de lectura\" \/>\n\t<meta name=\"twitter:data1\" content=\"1 minuto\" \/>\n<script type=\"application\/ld+json\" class=\"yoast-schema-graph\">{\"@context\":\"https:\/\/schema.org\",\"@graph\":[{\"@type\":\"WebPage\",\"@id\":\"https:\/\/playcomp.cl\/index.php\/producto\/power-bi-nivel-intermedio\/\",\"url\":\"https:\/\/playcomp.cl\/index.php\/producto\/power-bi-nivel-intermedio\/\",\"name\":\"Power BI - Nivel Intermedio - Play Comp\",\"isPartOf\":{\"@id\":\"https:\/\/playcomp.cl\/#website\"},\"primaryImageOfPage\":{\"@id\":\"https:\/\/playcomp.cl\/index.php\/producto\/power-bi-nivel-intermedio\/#primaryimage\"},\"image\":{\"@id\":\"https:\/\/playcomp.cl\/index.php\/producto\/power-bi-nivel-intermedio\/#primaryimage\"},\"thumbnailUrl\":\"https:\/\/playcomp.cl\/wp-content\/uploads\/2024\/05\/PB.icon_-1.png\",\"datePublished\":\"2024-05-22T17:01:29+00:00\",\"dateModified\":\"2024-10-24T20:11:10+00:00\",\"breadcrumb\":{\"@id\":\"https:\/\/playcomp.cl\/index.php\/producto\/power-bi-nivel-intermedio\/#breadcrumb\"},\"inLanguage\":\"es\",\"potentialAction\":[{\"@type\":\"ReadAction\",\"target\":[\"https:\/\/playcomp.cl\/index.php\/producto\/power-bi-nivel-intermedio\/\"]}]},{\"@type\":\"ImageObject\",\"inLanguage\":\"es\",\"@id\":\"https:\/\/playcomp.cl\/index.php\/producto\/power-bi-nivel-intermedio\/#primaryimage\",\"url\":\"https:\/\/playcomp.cl\/wp-content\/uploads\/2024\/05\/PB.icon_-1.png\",\"contentUrl\":\"https:\/\/playcomp.cl\/wp-content\/uploads\/2024\/05\/PB.icon_-1.png\",\"width\":187,\"height\":187},{\"@type\":\"BreadcrumbList\",\"@id\":\"https:\/\/playcomp.cl\/index.php\/producto\/power-bi-nivel-intermedio\/#breadcrumb\",\"itemListElement\":[{\"@type\":\"ListItem\",\"position\":1,\"name\":\"Portada\",\"item\":\"https:\/\/playcomp.cl\/\"},{\"@type\":\"ListItem\",\"position\":2,\"name\":\"Tienda\",\"item\":\"https:\/\/playcomp.cl\/index.php\/tienda\/\"},{\"@type\":\"ListItem\",\"position\":3,\"name\":\"Power BI &#8211; Nivel Intermedio\"}]},{\"@type\":\"WebSite\",\"@id\":\"https:\/\/playcomp.cl\/#website\",\"url\":\"https:\/\/playcomp.cl\/\",\"name\":\"Play Comp\",\"description\":\"Organismo T\u00e9cnico de Capacitaci\u00f3n\",\"publisher\":{\"@id\":\"https:\/\/playcomp.cl\/#organization\"},\"potentialAction\":[{\"@type\":\"SearchAction\",\"target\":{\"@type\":\"EntryPoint\",\"urlTemplate\":\"https:\/\/playcomp.cl\/?s={search_term_string}\"},\"query-input\":{\"@type\":\"PropertyValueSpecification\",\"valueRequired\":true,\"valueName\":\"search_term_string\"}}],\"inLanguage\":\"es\"},{\"@type\":\"Organization\",\"@id\":\"https:\/\/playcomp.cl\/#organization\",\"name\":\"Play Comp\",\"url\":\"https:\/\/playcomp.cl\/\",\"logo\":{\"@type\":\"ImageObject\",\"inLanguage\":\"es\",\"@id\":\"https:\/\/playcomp.cl\/#\/schema\/logo\/image\/\",\"url\":\"https:\/\/playcomp.cl\/wp-content\/uploads\/2017\/07\/Artboard-36.png\",\"contentUrl\":\"https:\/\/playcomp.cl\/wp-content\/uploads\/2017\/07\/Artboard-36.png\",\"width\":423,\"height\":112,\"caption\":\"Play Comp\"},\"image\":{\"@id\":\"https:\/\/playcomp.cl\/#\/schema\/logo\/image\/\"},\"sameAs\":[\"https:\/\/www.facebook.com\/playcompchile\/\",\"https:\/\/www.instagram.com\/playcomp_capacitacion?igsh=OGtwZzBsYW5qbTF5\"]}]}<\/script>\n<!-- \/ Yoast SEO plugin. -->","yoast_head_json":{"title":"Power BI - Nivel Intermedio - Play Comp","robots":{"index":"index","follow":"follow","max-snippet":"max-snippet:-1","max-image-preview":"max-image-preview:large","max-video-preview":"max-video-preview:-1"},"canonical":"https:\/\/playcomp.cl\/index.php\/producto\/power-bi-nivel-intermedio\/","og_locale":"es_ES","og_type":"article","og_title":"Power BI - Nivel Intermedio - Play Comp","og_description":"En este curso aprender\u00e1s a Obtener datos mediante t\u00e9cnicas avanzadas Optimizar los tiempos en cargas de datos Crear un modelo de datos avanzado Trabajar con par\u00e1metros, variables y metadatos Construir expresiones DAX avanzadas Seleccionar la visual adecuada. Aplicar formatos avanzados. Analizar el rendimiento de los informes. Incluir narrativas y t\u00e9cnicas de Storytelling. Requisitos Haber aprobado...","og_url":"https:\/\/playcomp.cl\/index.php\/producto\/power-bi-nivel-intermedio\/","og_site_name":"Play Comp","article_publisher":"https:\/\/www.facebook.com\/playcompchile\/","article_modified_time":"2024-10-24T20:11:10+00:00","og_image":[{"width":187,"height":187,"url":"https:\/\/playcomp.cl\/wp-content\/uploads\/2024\/05\/PB.icon_-1.png","type":"image\/png"}],"twitter_card":"summary_large_image","twitter_misc":{"Tiempo de lectura":"1 minuto"},"schema":{"@context":"https:\/\/schema.org","@graph":[{"@type":"WebPage","@id":"https:\/\/playcomp.cl\/index.php\/producto\/power-bi-nivel-intermedio\/","url":"https:\/\/playcomp.cl\/index.php\/producto\/power-bi-nivel-intermedio\/","name":"Power BI - Nivel Intermedio - Play Comp","isPartOf":{"@id":"https:\/\/playcomp.cl\/#website"},"primaryImageOfPage":{"@id":"https:\/\/playcomp.cl\/index.php\/producto\/power-bi-nivel-intermedio\/#primaryimage"},"image":{"@id":"https:\/\/playcomp.cl\/index.php\/producto\/power-bi-nivel-intermedio\/#primaryimage"},"thumbnailUrl":"https:\/\/playcomp.cl\/wp-content\/uploads\/2024\/05\/PB.icon_-1.png","datePublished":"2024-05-22T17:01:29+00:00","dateModified":"2024-10-24T20:11:10+00:00","breadcrumb":{"@id":"https:\/\/playcomp.cl\/index.php\/producto\/power-bi-nivel-intermedio\/#breadcrumb"},"inLanguage":"es","potentialAction":[{"@type":"ReadAction","target":["https:\/\/playcomp.cl\/index.php\/producto\/power-bi-nivel-intermedio\/"]}]},{"@type":"ImageObject","inLanguage":"es","@id":"https:\/\/playcomp.cl\/index.php\/producto\/power-bi-nivel-intermedio\/#primaryimage","url":"https:\/\/playcomp.cl\/wp-content\/uploads\/2024\/05\/PB.icon_-1.png","contentUrl":"https:\/\/playcomp.cl\/wp-content\/uploads\/2024\/05\/PB.icon_-1.png","width":187,"height":187},{"@type":"BreadcrumbList","@id":"https:\/\/playcomp.cl\/index.php\/producto\/power-bi-nivel-intermedio\/#breadcrumb","itemListElement":[{"@type":"ListItem","position":1,"name":"Portada","item":"https:\/\/playcomp.cl\/"},{"@type":"ListItem","position":2,"name":"Tienda","item":"https:\/\/playcomp.cl\/index.php\/tienda\/"},{"@type":"ListItem","position":3,"name":"Power BI &#8211; Nivel Intermedio"}]},{"@type":"WebSite","@id":"https:\/\/playcomp.cl\/#website","url":"https:\/\/playcomp.cl\/","name":"Play Comp","description":"Organismo T\u00e9cnico de Capacitaci\u00f3n","publisher":{"@id":"https:\/\/playcomp.cl\/#organization"},"potentialAction":[{"@type":"SearchAction","target":{"@type":"EntryPoint","urlTemplate":"https:\/\/playcomp.cl\/?s={search_term_string}"},"query-input":{"@type":"PropertyValueSpecification","valueRequired":true,"valueName":"search_term_string"}}],"inLanguage":"es"},{"@type":"Organization","@id":"https:\/\/playcomp.cl\/#organization","name":"Play Comp","url":"https:\/\/playcomp.cl\/","logo":{"@type":"ImageObject","inLanguage":"es","@id":"https:\/\/playcomp.cl\/#\/schema\/logo\/image\/","url":"https:\/\/playcomp.cl\/wp-content\/uploads\/2017\/07\/Artboard-36.png","contentUrl":"https:\/\/playcomp.cl\/wp-content\/uploads\/2017\/07\/Artboard-36.png","width":423,"height":112,"caption":"Play Comp"},"image":{"@id":"https:\/\/playcomp.cl\/#\/schema\/logo\/image\/"},"sameAs":["https:\/\/www.facebook.com\/playcompchile\/","https:\/\/www.instagram.com\/playcomp_capacitacion?igsh=OGtwZzBsYW5qbTF5"]}]}},"_links":{"self":[{"href":"https:\/\/playcomp.cl\/index.php\/wp-json\/wp\/v2\/product\/9617","targetHints":{"allow":["GET"]}}],"collection":[{"href":"https:\/\/playcomp.cl\/index.php\/wp-json\/wp\/v2\/product"}],"about":[{"href":"https:\/\/playcomp.cl\/index.php\/wp-json\/wp\/v2\/types\/product"}],"wp:featuredmedia":[{"embeddable":true,"href":"https:\/\/playcomp.cl\/index.php\/wp-json\/wp\/v2\/media\/10410"}],"wp:attachment":[{"href":"https:\/\/playcomp.cl\/index.php\/wp-json\/wp\/v2\/media?parent=9617"}],"wp:term":[{"taxonomy":"product_brand","embeddable":true,"href":"https:\/\/playcomp.cl\/index.php\/wp-json\/wp\/v2\/product_brand?post=9617"},{"taxonomy":"product_cat","embeddable":true,"href":"https:\/\/playcomp.cl\/index.php\/wp-json\/wp\/v2\/product_cat?post=9617"},{"taxonomy":"product_tag","embeddable":true,"href":"https:\/\/playcomp.cl\/index.php\/wp-json\/wp\/v2\/product_tag?post=9617"}],"curies":[{"name":"wp","href":"https:\/\/api.w.org\/{rel}","templated":true}]}}