{"id":9613,"date":"2024-05-22T13:55:41","date_gmt":"2024-05-22T16:55:41","guid":{"rendered":"https:\/\/playcomp.cl\/?post_type=product&#038;p=9613"},"modified":"2024-10-24T22:50:41","modified_gmt":"2024-10-25T01:50:41","slug":"instalacion-y-mantencion-de-sistemas-informaticos","status":"publish","type":"product","link":"https:\/\/playcomp.cl\/index.php\/producto\/instalacion-y-mantencion-de-sistemas-informaticos\/","title":{"rendered":"Instalaci\u00f3n y Mantenci\u00f3n de Sistemas Inform\u00e1ticos"},"content":{"rendered":"<p><strong>Objetivo:<\/strong><\/p>\n<p><em><strong>Armar un sistema inform\u00e1tico de redes, instalar un sistema operativo y solucionar problemas utilizando herramientas de sistemas y software para este diagn\u00f3stico y posterior correcci\u00f3n, aplicado los fundamentos de las tecnolog\u00edas relacionadas con los PC as\u00ed como el conocimiento de las Redes de comunicaciones, seguridad, administraci\u00f3n y los conceptos avanzados del \u00e1rea<\/strong><\/em><\/p>\n<p><strong>Modulo 1:<\/strong><br \/>\n<strong>Configurar el Reuter programando su interface y enrutamiento dando formatos de direccionamiento IP para redes de datos.<\/strong><\/p>\n<ul>\n<li>Configura el Router para enviar los paquetes, y el direccionamiento a trav\u00e9s de Rutas Est\u00e1ticas y rutas de respaldo<\/li>\n<li>Identifica y soluciona de problemas de enrutamiento a trav\u00e9s del uso de rutas, bajo normas y resultados esperados<\/li>\n<li>Realiza comandos para la configuraci\u00f3n de rutas en el Reuter y el uso de redes para lograr propagar la informaci\u00f3n por la red hacia otros Router<\/li>\n<li>Configura repetidores de se\u00f1al wiffi y cableada<\/li>\n<\/ul>\n<p><strong>Modulo 2:<\/strong><br \/>\n<strong>Aplicar herramientas para el mantenimiento preventivo de redes, utilizando comandos adecuados en configuraci\u00f3n de rutas en el Reuter y la soluci\u00f3n de fallas. Introducci\u00f3n a los Sistemas Inform\u00e1ticos<\/strong><\/p>\n<ul>\n<li>Reconoce las herramientas para el mantenimiento preventivo en las redes computacionales.<\/li>\n<li>Identifica las Redes LAN \/ Switch \/ DNS \/ Server HTTP, Direccionamiento IPV4, Enrutamiento \/ Est\u00e1tico, Router \/ Switch, para la resoluci\u00f3n de problemas en las rutas de enrutamiento.<\/li>\n<li>Aplica comandos para la configuraci\u00f3n de rutas en el Reuter y el uso de redes para lograr propagar la informaci\u00f3n por la red hacia otros Reuter.<\/li>\n<li>Realiza bocetos, dibujos para ensambles<\/li>\n<li>Analiza las fallas y enumera con los c\u00f3digos de entrega en Reuter y midiendo el alcance de rutas remotas no asociadas a la tabla.<\/li>\n<li>Localiza y da soluciones a problemas de \u201cRutas enrutamiento\u201d en Redes.<\/li>\n<li>Valida, reconoce las Aplicaciones it-essentials<\/li>\n<li>Desarrollo y an\u00e1lisis de Test comptia +a analizando reporte y recomendaciones de mejoras en las Redes<\/li>\n<\/ul>\n<p><strong>M\u00f3dulo 4: Seguridad y Gesti\u00f3n de Sistemas Inform\u00e1ticos<\/strong><\/p>\n<ul>\n<li><strong>Seguridad en Sistemas Inform\u00e1ticos<\/strong>\n<ul>\n<li>Principios b\u00e1sicos de seguridad inform\u00e1tica<\/li>\n<li>Medidas de protecci\u00f3n de datos y sistemas (antivirus, cortafuegos, copias de seguridad)<\/li>\n<li>Configuraci\u00f3n de pol\u00edticas de seguridad y gesti\u00f3n de usuarios<\/li>\n<\/ul>\n<\/li>\n<li><strong>Gesti\u00f3n y Administraci\u00f3n de Sistemas<\/strong>\n<ul>\n<li>Monitoreo y optimizaci\u00f3n del rendimiento del sistema<\/li>\n<li>Gesti\u00f3n de redes y recursos compartidos<\/li>\n<li>Documentaci\u00f3n y registros de mantenimiento y soporte t\u00e9cnico<\/li>\n<\/ul>\n<\/li>\n<\/ul>\n","protected":false},"excerpt":{"rendered":"<p>Objetivo: Armar un sistema inform\u00e1tico de redes, instalar un sistema operativo y solucionar problemas utilizando herramientas de sistemas y software para este diagn\u00f3stico y posterior correcci\u00f3n, aplicado los fundamentos de las tecnolog\u00edas relacionadas con los PC as\u00ed como el conocimiento de las Redes de comunicaciones, seguridad, administraci\u00f3n y los conceptos avanzados del \u00e1rea Modulo 1:&#8230;<\/p>\n","protected":false},"featured_media":10429,"template":"","meta":{"_acf_changed":false},"product_brand":[],"product_cat":[118],"product_tag":[],"class_list":{"0":"post-9613","1":"product","2":"type-product","3":"status-publish","4":"has-post-thumbnail","6":"product_cat-sistemas-operativos-y-comunicaciones","8":"first","9":"instock","10":"shipping-taxable","11":"product-type-simple"},"acf":[],"yoast_head":"<!-- This site is optimized with the Yoast SEO plugin v24.8.1 - https:\/\/yoast.com\/wordpress\/plugins\/seo\/ -->\n<title>Instalaci\u00f3n y Mantenci\u00f3n de Sistemas Inform\u00e1ticos - Play Comp<\/title>\n<meta name=\"robots\" content=\"index, follow, max-snippet:-1, max-image-preview:large, max-video-preview:-1\" \/>\n<link rel=\"canonical\" href=\"https:\/\/playcomp.cl\/index.php\/producto\/instalacion-y-mantencion-de-sistemas-informaticos\/\" \/>\n<meta property=\"og:locale\" content=\"es_ES\" \/>\n<meta property=\"og:type\" content=\"article\" \/>\n<meta property=\"og:title\" content=\"Instalaci\u00f3n y Mantenci\u00f3n de Sistemas Inform\u00e1ticos - Play Comp\" \/>\n<meta property=\"og:description\" content=\"Objetivo: Armar un sistema inform\u00e1tico de redes, instalar un sistema operativo y solucionar problemas utilizando herramientas de sistemas y software para este diagn\u00f3stico y posterior correcci\u00f3n, aplicado los fundamentos de las tecnolog\u00edas relacionadas con los PC as\u00ed como el conocimiento de las Redes de comunicaciones, seguridad, administraci\u00f3n y los conceptos avanzados del \u00e1rea Modulo 1:...\" \/>\n<meta property=\"og:url\" content=\"https:\/\/playcomp.cl\/index.php\/producto\/instalacion-y-mantencion-de-sistemas-informaticos\/\" \/>\n<meta property=\"og:site_name\" content=\"Play Comp\" \/>\n<meta property=\"article:publisher\" content=\"https:\/\/www.facebook.com\/playcompchile\/\" \/>\n<meta property=\"article:modified_time\" content=\"2024-10-25T01:50:41+00:00\" \/>\n<meta property=\"og:image\" content=\"https:\/\/playcomp.cl\/wp-content\/uploads\/2024\/05\/img-7.png\" \/>\n\t<meta property=\"og:image:width\" content=\"768\" \/>\n\t<meta property=\"og:image:height\" content=\"768\" \/>\n\t<meta property=\"og:image:type\" content=\"image\/png\" \/>\n<meta name=\"twitter:card\" content=\"summary_large_image\" \/>\n<meta name=\"twitter:label1\" content=\"Tiempo de lectura\" \/>\n\t<meta name=\"twitter:data1\" content=\"2 minutos\" \/>\n<script type=\"application\/ld+json\" class=\"yoast-schema-graph\">{\"@context\":\"https:\/\/schema.org\",\"@graph\":[{\"@type\":\"WebPage\",\"@id\":\"https:\/\/playcomp.cl\/index.php\/producto\/instalacion-y-mantencion-de-sistemas-informaticos\/\",\"url\":\"https:\/\/playcomp.cl\/index.php\/producto\/instalacion-y-mantencion-de-sistemas-informaticos\/\",\"name\":\"Instalaci\u00f3n y Mantenci\u00f3n de Sistemas Inform\u00e1ticos - Play Comp\",\"isPartOf\":{\"@id\":\"https:\/\/playcomp.cl\/#website\"},\"primaryImageOfPage\":{\"@id\":\"https:\/\/playcomp.cl\/index.php\/producto\/instalacion-y-mantencion-de-sistemas-informaticos\/#primaryimage\"},\"image\":{\"@id\":\"https:\/\/playcomp.cl\/index.php\/producto\/instalacion-y-mantencion-de-sistemas-informaticos\/#primaryimage\"},\"thumbnailUrl\":\"https:\/\/playcomp.cl\/wp-content\/uploads\/2024\/05\/img-7.png\",\"datePublished\":\"2024-05-22T16:55:41+00:00\",\"dateModified\":\"2024-10-25T01:50:41+00:00\",\"breadcrumb\":{\"@id\":\"https:\/\/playcomp.cl\/index.php\/producto\/instalacion-y-mantencion-de-sistemas-informaticos\/#breadcrumb\"},\"inLanguage\":\"es\",\"potentialAction\":[{\"@type\":\"ReadAction\",\"target\":[\"https:\/\/playcomp.cl\/index.php\/producto\/instalacion-y-mantencion-de-sistemas-informaticos\/\"]}]},{\"@type\":\"ImageObject\",\"inLanguage\":\"es\",\"@id\":\"https:\/\/playcomp.cl\/index.php\/producto\/instalacion-y-mantencion-de-sistemas-informaticos\/#primaryimage\",\"url\":\"https:\/\/playcomp.cl\/wp-content\/uploads\/2024\/05\/img-7.png\",\"contentUrl\":\"https:\/\/playcomp.cl\/wp-content\/uploads\/2024\/05\/img-7.png\",\"width\":768,\"height\":768},{\"@type\":\"BreadcrumbList\",\"@id\":\"https:\/\/playcomp.cl\/index.php\/producto\/instalacion-y-mantencion-de-sistemas-informaticos\/#breadcrumb\",\"itemListElement\":[{\"@type\":\"ListItem\",\"position\":1,\"name\":\"Portada\",\"item\":\"https:\/\/playcomp.cl\/\"},{\"@type\":\"ListItem\",\"position\":2,\"name\":\"Tienda\",\"item\":\"https:\/\/playcomp.cl\/index.php\/tienda\/\"},{\"@type\":\"ListItem\",\"position\":3,\"name\":\"Instalaci\u00f3n y Mantenci\u00f3n de Sistemas Inform\u00e1ticos\"}]},{\"@type\":\"WebSite\",\"@id\":\"https:\/\/playcomp.cl\/#website\",\"url\":\"https:\/\/playcomp.cl\/\",\"name\":\"Play Comp\",\"description\":\"Organismo T\u00e9cnico de Capacitaci\u00f3n\",\"publisher\":{\"@id\":\"https:\/\/playcomp.cl\/#organization\"},\"potentialAction\":[{\"@type\":\"SearchAction\",\"target\":{\"@type\":\"EntryPoint\",\"urlTemplate\":\"https:\/\/playcomp.cl\/?s={search_term_string}\"},\"query-input\":{\"@type\":\"PropertyValueSpecification\",\"valueRequired\":true,\"valueName\":\"search_term_string\"}}],\"inLanguage\":\"es\"},{\"@type\":\"Organization\",\"@id\":\"https:\/\/playcomp.cl\/#organization\",\"name\":\"Play Comp\",\"url\":\"https:\/\/playcomp.cl\/\",\"logo\":{\"@type\":\"ImageObject\",\"inLanguage\":\"es\",\"@id\":\"https:\/\/playcomp.cl\/#\/schema\/logo\/image\/\",\"url\":\"https:\/\/playcomp.cl\/wp-content\/uploads\/2017\/07\/Artboard-36.png\",\"contentUrl\":\"https:\/\/playcomp.cl\/wp-content\/uploads\/2017\/07\/Artboard-36.png\",\"width\":423,\"height\":112,\"caption\":\"Play Comp\"},\"image\":{\"@id\":\"https:\/\/playcomp.cl\/#\/schema\/logo\/image\/\"},\"sameAs\":[\"https:\/\/www.facebook.com\/playcompchile\/\",\"https:\/\/www.instagram.com\/playcomp_capacitacion?igsh=OGtwZzBsYW5qbTF5\"]}]}<\/script>\n<!-- \/ Yoast SEO plugin. -->","yoast_head_json":{"title":"Instalaci\u00f3n y Mantenci\u00f3n de Sistemas Inform\u00e1ticos - Play Comp","robots":{"index":"index","follow":"follow","max-snippet":"max-snippet:-1","max-image-preview":"max-image-preview:large","max-video-preview":"max-video-preview:-1"},"canonical":"https:\/\/playcomp.cl\/index.php\/producto\/instalacion-y-mantencion-de-sistemas-informaticos\/","og_locale":"es_ES","og_type":"article","og_title":"Instalaci\u00f3n y Mantenci\u00f3n de Sistemas Inform\u00e1ticos - Play Comp","og_description":"Objetivo: Armar un sistema inform\u00e1tico de redes, instalar un sistema operativo y solucionar problemas utilizando herramientas de sistemas y software para este diagn\u00f3stico y posterior correcci\u00f3n, aplicado los fundamentos de las tecnolog\u00edas relacionadas con los PC as\u00ed como el conocimiento de las Redes de comunicaciones, seguridad, administraci\u00f3n y los conceptos avanzados del \u00e1rea Modulo 1:...","og_url":"https:\/\/playcomp.cl\/index.php\/producto\/instalacion-y-mantencion-de-sistemas-informaticos\/","og_site_name":"Play Comp","article_publisher":"https:\/\/www.facebook.com\/playcompchile\/","article_modified_time":"2024-10-25T01:50:41+00:00","og_image":[{"width":768,"height":768,"url":"https:\/\/playcomp.cl\/wp-content\/uploads\/2024\/05\/img-7.png","type":"image\/png"}],"twitter_card":"summary_large_image","twitter_misc":{"Tiempo de lectura":"2 minutos"},"schema":{"@context":"https:\/\/schema.org","@graph":[{"@type":"WebPage","@id":"https:\/\/playcomp.cl\/index.php\/producto\/instalacion-y-mantencion-de-sistemas-informaticos\/","url":"https:\/\/playcomp.cl\/index.php\/producto\/instalacion-y-mantencion-de-sistemas-informaticos\/","name":"Instalaci\u00f3n y Mantenci\u00f3n de Sistemas Inform\u00e1ticos - Play Comp","isPartOf":{"@id":"https:\/\/playcomp.cl\/#website"},"primaryImageOfPage":{"@id":"https:\/\/playcomp.cl\/index.php\/producto\/instalacion-y-mantencion-de-sistemas-informaticos\/#primaryimage"},"image":{"@id":"https:\/\/playcomp.cl\/index.php\/producto\/instalacion-y-mantencion-de-sistemas-informaticos\/#primaryimage"},"thumbnailUrl":"https:\/\/playcomp.cl\/wp-content\/uploads\/2024\/05\/img-7.png","datePublished":"2024-05-22T16:55:41+00:00","dateModified":"2024-10-25T01:50:41+00:00","breadcrumb":{"@id":"https:\/\/playcomp.cl\/index.php\/producto\/instalacion-y-mantencion-de-sistemas-informaticos\/#breadcrumb"},"inLanguage":"es","potentialAction":[{"@type":"ReadAction","target":["https:\/\/playcomp.cl\/index.php\/producto\/instalacion-y-mantencion-de-sistemas-informaticos\/"]}]},{"@type":"ImageObject","inLanguage":"es","@id":"https:\/\/playcomp.cl\/index.php\/producto\/instalacion-y-mantencion-de-sistemas-informaticos\/#primaryimage","url":"https:\/\/playcomp.cl\/wp-content\/uploads\/2024\/05\/img-7.png","contentUrl":"https:\/\/playcomp.cl\/wp-content\/uploads\/2024\/05\/img-7.png","width":768,"height":768},{"@type":"BreadcrumbList","@id":"https:\/\/playcomp.cl\/index.php\/producto\/instalacion-y-mantencion-de-sistemas-informaticos\/#breadcrumb","itemListElement":[{"@type":"ListItem","position":1,"name":"Portada","item":"https:\/\/playcomp.cl\/"},{"@type":"ListItem","position":2,"name":"Tienda","item":"https:\/\/playcomp.cl\/index.php\/tienda\/"},{"@type":"ListItem","position":3,"name":"Instalaci\u00f3n y Mantenci\u00f3n de Sistemas Inform\u00e1ticos"}]},{"@type":"WebSite","@id":"https:\/\/playcomp.cl\/#website","url":"https:\/\/playcomp.cl\/","name":"Play Comp","description":"Organismo T\u00e9cnico de Capacitaci\u00f3n","publisher":{"@id":"https:\/\/playcomp.cl\/#organization"},"potentialAction":[{"@type":"SearchAction","target":{"@type":"EntryPoint","urlTemplate":"https:\/\/playcomp.cl\/?s={search_term_string}"},"query-input":{"@type":"PropertyValueSpecification","valueRequired":true,"valueName":"search_term_string"}}],"inLanguage":"es"},{"@type":"Organization","@id":"https:\/\/playcomp.cl\/#organization","name":"Play Comp","url":"https:\/\/playcomp.cl\/","logo":{"@type":"ImageObject","inLanguage":"es","@id":"https:\/\/playcomp.cl\/#\/schema\/logo\/image\/","url":"https:\/\/playcomp.cl\/wp-content\/uploads\/2017\/07\/Artboard-36.png","contentUrl":"https:\/\/playcomp.cl\/wp-content\/uploads\/2017\/07\/Artboard-36.png","width":423,"height":112,"caption":"Play Comp"},"image":{"@id":"https:\/\/playcomp.cl\/#\/schema\/logo\/image\/"},"sameAs":["https:\/\/www.facebook.com\/playcompchile\/","https:\/\/www.instagram.com\/playcomp_capacitacion?igsh=OGtwZzBsYW5qbTF5"]}]}},"_links":{"self":[{"href":"https:\/\/playcomp.cl\/index.php\/wp-json\/wp\/v2\/product\/9613","targetHints":{"allow":["GET"]}}],"collection":[{"href":"https:\/\/playcomp.cl\/index.php\/wp-json\/wp\/v2\/product"}],"about":[{"href":"https:\/\/playcomp.cl\/index.php\/wp-json\/wp\/v2\/types\/product"}],"wp:featuredmedia":[{"embeddable":true,"href":"https:\/\/playcomp.cl\/index.php\/wp-json\/wp\/v2\/media\/10429"}],"wp:attachment":[{"href":"https:\/\/playcomp.cl\/index.php\/wp-json\/wp\/v2\/media?parent=9613"}],"wp:term":[{"taxonomy":"product_brand","embeddable":true,"href":"https:\/\/playcomp.cl\/index.php\/wp-json\/wp\/v2\/product_brand?post=9613"},{"taxonomy":"product_cat","embeddable":true,"href":"https:\/\/playcomp.cl\/index.php\/wp-json\/wp\/v2\/product_cat?post=9613"},{"taxonomy":"product_tag","embeddable":true,"href":"https:\/\/playcomp.cl\/index.php\/wp-json\/wp\/v2\/product_tag?post=9613"}],"curies":[{"name":"wp","href":"https:\/\/api.w.org\/{rel}","templated":true}]}}