{"id":9594,"date":"2024-05-22T13:37:09","date_gmt":"2024-05-22T16:37:09","guid":{"rendered":"https:\/\/playcomp.cl\/?post_type=product&#038;p=9594"},"modified":"2024-10-24T16:45:04","modified_gmt":"2024-10-24T19:45:04","slug":"microsoft-outlook","status":"publish","type":"product","link":"https:\/\/playcomp.cl\/index.php\/producto\/microsoft-outlook\/","title":{"rendered":"Microsoft Outlook"},"content":{"rendered":"<p><strong>OBJETIVOS<\/strong><\/p>\n<p><strong>Utilizar las herramientas del correo electr\u00f3nico Outlook del Office <\/strong><strong>365 para procesar correos y manejar la agenda de contactos, concertando reuniones, asignando tareas y notas a los contenidos.<\/strong><\/p>\n<p><strong>CONTENIDOS<\/strong><\/p>\n<p><strong>1. ELEMENTOS ESENCIALES DEL CORREO ELECTR\u00d3NICO<\/strong><\/p>\n<ul>\n<li>Elementos de la interfaz gr\u00e1fica de Outlook<\/li>\n<li>Carpetas de Outlook<\/li>\n<li>Conceptos b\u00e1sicos<\/li>\n<li>Iniciar Outlook<\/li>\n<li>Dar de alta cuentas en Outlook<\/li>\n<li>Manejo b\u00e1sico de mensajes<\/li>\n<li>Escribir y enviar un mensaje de correo<\/li>\n<li>Abrir un mensaje de correo<\/li>\n<li>Responder a un mensaje<\/li>\n<li>Reenviar un mensaje<\/li>\n<li>Personalizar el Panel de lectura<\/li>\n<li>Imprimir un mensaje<\/li>\n<li>Eliminar un mensaje<\/li>\n<li>Recuperar un mensaje eliminado<\/li>\n<li>Eliminar un mensaje permanentemente<\/li>\n<li>Adjuntar un archivo a un mensaje de correo<\/li>\n<li>Vista preliminar de un archivo adjunto<\/li>\n<li>Ficha contextual Datos adjuntos<\/li>\n<li>Opciones de entrega<\/li>\n<li>Importancia<\/li>\n<li>Solicitar confirmaciones<\/li>\n<li>Utilizar botones de voto<\/li>\n<li>Retrasar la entrega de un mensaje<\/li>\n<li>\u00a0Revisi\u00f3n<\/li>\n<li>\u00a0Ortograf\u00eda y gram\u00e1tica<\/li>\n<li>Sin\u00f3nimos<\/li>\n<li>Configuraci\u00f3n de edici\u00f3n para los mensajes<\/li>\n<li>Dise\u00f1o de fondo y fuentes<\/li>\n<li>Crear una firma<\/li>\n<li>Programar un mensaje<\/li>\n<\/ul>\n<p><strong>2. ADMINISTRACI\u00d3N DE LOS MENSAJES<\/strong><\/p>\n<ul>\n<li>Organizaci\u00f3n de mensajes<\/li>\n<li>Buscar un mensaje<\/li>\n<li>Carpetas de b\u00fasqueda<\/li>\n<li>Correo electr\u00f3nico no deseado<\/li>\n<li>Reglas y alertas<\/li>\n<li>Respuestas autom\u00e1ticas (antes Asistente para era de oficina)<\/li>\n<li>Pasos r\u00e1pidos<\/li>\n<li>Bloqueo de archivos adjuntos<\/li>\n<li>Vista protegida<\/li>\n<li>Ver o modificar la configuraci\u00f3n de la Vista protegida en el<\/li>\n<li>Centro de confianza<\/li>\n<li>Vista previa<\/li>\n<li>Limpieza del buz\u00f3n<\/li>\n<li>Autoarchivar<\/li>\n<li>Crear una carpeta<\/li>\n<li>Mover mensajes a una carpeta<\/li>\n<li>Copiar mensajes a una carpeta<\/li>\n<li>Eliminar una carpeta<\/li>\n<li>Crear un respaldo de su informaci\u00f3n<\/li>\n<li>Crear un archivo PST<\/li>\n<li>Copiar contactos y citas al PST<\/li>\n<li>Abrir y cerrar un PST<\/li>\n<li>Ver el tama\u00f1o de un PST<\/li>\n<li>Quitar la propiedad Solo lectura a un archivo<\/li>\n<li>Exportar a un archivo PST<\/li>\n<li>Eliminar un PST<\/li>\n<\/ul>\n<p><strong>3. ADMINISTRACI\u00d3N DE CONTACTOS<\/strong><\/p>\n<ul>\n<li>Importar contactos almacenados en un archivo de Excel<\/li>\n<li>Crear un grupo de contactos<\/li>\n<li>Asignar una categor\u00eda a un contacto<\/li>\n<li>Agregar una nueva categor\u00eda<\/li>\n<li>Ordenar contactos<\/li>\n<li>Buscar un contacto<\/li>\n<li>Reenviar un contacto por correo electr\u00f3nico<\/li>\n<li>Guardar un contacto recibido en los Contactos<\/li>\n<li>Eliminar un contacto<\/li>\n<li>Agregar un documento, imagen o mensaje a un contacto<\/li>\n<li>Crear una tarjeta de presentaci\u00f3n<\/li>\n<li>Enviar la tarjeta de presentaci\u00f3n en sus correos salientes<\/li>\n<li>Imprimir los Contactos<\/li>\n<li>Exportar e importar los contactos a Excel<\/li>\n<\/ul>\n<p><strong>4. MANEJO DEL CALENDARIO<\/strong><\/p>\n<ul>\n<li>Navegar por fechas del Calendario<\/li>\n<li>Vista calendario<\/li>\n<li>Programar una cita<\/li>\n<li>Crear una cita repetitiva<\/li>\n<li>\u00a0Editar una cita repetitiva<\/li>\n<li>Asignar una categor\u00eda a una cita existente<\/li>\n<li>Crear una cita a partir de un correo entrante<\/li>\n<li>Marcar una cita como privada<\/li>\n<li>Eliminar una cita \/ cita repetitiva<\/li>\n<li>Programar una reuni\u00f3n<\/li>\n<li>Programar una reuni\u00f3n peri\u00f3dica o privada<\/li>\n<li>Responder a una solicitud de reuni\u00f3n<\/li>\n<li>Proponer una nueva fecha de reuni\u00f3n<\/li>\n<li>Seguimiento de Reuniones<\/li>\n<li>Actualizar una solicitud de reuni\u00f3n<\/li>\n<li>Cambiar una repetici\u00f3n de una reuni\u00f3n repetitiva<\/li>\n<li>Cancelar una reuni\u00f3n<\/li>\n<li>Crear un grupo de calendario<\/li>\n<li>Crear una reuni\u00f3n para el calendario de grupo<\/li>\n<li>Eliminar un grupo de calendarios<\/li>\n<li>Imprimir el calendario<\/li>\n<\/ul>\n<p><strong>\u2022 5. TAREAS, DIARIO Y NOTAS<\/strong><\/p>\n<ul>\n<li>Crear una tarea de un mensaje entrante<\/li>\n<li>Crear una tarea de una cita<\/li>\n<li>Marcar una tarea como privada<\/li>\n<li>Actualizar una tarea<\/li>\n<li>Asignar una tarea<\/li>\n<li>Responder a una tarea delegada<\/li>\n<li>Crear y editar una Nota<\/li>\n<li>Mostrar una nota en el escritorio<\/li>\n<li>Cambiar el color tama\u00f1o y la fuente de una nota<\/li>\n<li>Activaci\u00f3n y acceso al Diario<\/li>\n<li>Entradas manuales del Diario<\/li>\n<\/ul>\n<p><strong>6. SERVICIOS DE COLABORACI\u00d3N<\/strong><\/p>\n<ul>\n<li>Publicar un Calendario en Internet<\/li>\n<li>Compartir un calendario<\/li>\n<li>Abrir un calendario compartido<\/li>\n<li>Dejar de compartir un calendario<\/li>\n<\/ul>\n<p><strong>7. ONEDRIVE, COMPARTIR Y ADMINISTRAR ARCHIVOS<\/strong><\/p>\n<ul>\n<li>Introducci\u00f3n<\/li>\n<li>\u00a0Configuraci\u00f3n<\/li>\n<li>Almacenar informaci\u00f3n<\/li>\n<li>Sincronizar informaci\u00f3n<\/li>\n<li>Buscar informaci\u00f3n<\/li>\n<li>Compartir informaci\u00f3n<\/li>\n<\/ul>\n","protected":false},"excerpt":{"rendered":"<p>OBJETIVOS Utilizar las herramientas del correo electr\u00f3nico Outlook del Office 365 para procesar correos y manejar la agenda de contactos, concertando reuniones, asignando tareas y notas a los contenidos. CONTENIDOS 1. ELEMENTOS ESENCIALES DEL CORREO ELECTR\u00d3NICO Elementos de la interfaz gr\u00e1fica de Outlook Carpetas de Outlook Conceptos b\u00e1sicos Iniciar Outlook Dar de alta cuentas en&#8230;<\/p>\n","protected":false},"featured_media":10397,"template":"","meta":{"_acf_changed":false},"product_brand":[],"product_cat":[118],"product_tag":[],"class_list":{"0":"post-9594","1":"product","2":"type-product","3":"status-publish","4":"has-post-thumbnail","6":"product_cat-sistemas-operativos-y-comunicaciones","8":"first","9":"instock","10":"shipping-taxable","11":"product-type-simple"},"acf":[],"yoast_head":"<!-- This site is optimized with the Yoast SEO plugin v24.8.1 - https:\/\/yoast.com\/wordpress\/plugins\/seo\/ -->\n<title>Microsoft Outlook - Play Comp<\/title>\n<meta name=\"robots\" content=\"index, follow, max-snippet:-1, max-image-preview:large, max-video-preview:-1\" \/>\n<link rel=\"canonical\" href=\"https:\/\/playcomp.cl\/index.php\/producto\/microsoft-outlook\/\" \/>\n<meta property=\"og:locale\" content=\"es_ES\" \/>\n<meta property=\"og:type\" content=\"article\" \/>\n<meta property=\"og:title\" content=\"Microsoft Outlook - Play Comp\" \/>\n<meta property=\"og:description\" content=\"OBJETIVOS Utilizar las herramientas del correo electr\u00f3nico Outlook del Office 365 para procesar correos y manejar la agenda de contactos, concertando reuniones, asignando tareas y notas a los contenidos. CONTENIDOS 1. ELEMENTOS ESENCIALES DEL CORREO ELECTR\u00d3NICO Elementos de la interfaz gr\u00e1fica de Outlook Carpetas de Outlook Conceptos b\u00e1sicos Iniciar Outlook Dar de alta cuentas en...\" \/>\n<meta property=\"og:url\" content=\"https:\/\/playcomp.cl\/index.php\/producto\/microsoft-outlook\/\" \/>\n<meta property=\"og:site_name\" content=\"Play Comp\" \/>\n<meta property=\"article:publisher\" content=\"https:\/\/www.facebook.com\/playcompchile\/\" \/>\n<meta property=\"article:modified_time\" content=\"2024-10-24T19:45:04+00:00\" \/>\n<meta property=\"og:image\" content=\"https:\/\/playcomp.cl\/wp-content\/uploads\/2024\/05\/Sin-titulo-3.png\" \/>\n\t<meta property=\"og:image:width\" content=\"233\" \/>\n\t<meta property=\"og:image:height\" content=\"233\" \/>\n\t<meta property=\"og:image:type\" content=\"image\/png\" \/>\n<meta name=\"twitter:card\" content=\"summary_large_image\" \/>\n<meta name=\"twitter:label1\" content=\"Tiempo de lectura\" \/>\n\t<meta name=\"twitter:data1\" content=\"3 minutos\" \/>\n<script type=\"application\/ld+json\" class=\"yoast-schema-graph\">{\"@context\":\"https:\/\/schema.org\",\"@graph\":[{\"@type\":\"WebPage\",\"@id\":\"https:\/\/playcomp.cl\/index.php\/producto\/microsoft-outlook\/\",\"url\":\"https:\/\/playcomp.cl\/index.php\/producto\/microsoft-outlook\/\",\"name\":\"Microsoft Outlook - Play Comp\",\"isPartOf\":{\"@id\":\"https:\/\/playcomp.cl\/#website\"},\"primaryImageOfPage\":{\"@id\":\"https:\/\/playcomp.cl\/index.php\/producto\/microsoft-outlook\/#primaryimage\"},\"image\":{\"@id\":\"https:\/\/playcomp.cl\/index.php\/producto\/microsoft-outlook\/#primaryimage\"},\"thumbnailUrl\":\"https:\/\/playcomp.cl\/wp-content\/uploads\/2024\/05\/Sin-titulo-3.png\",\"datePublished\":\"2024-05-22T16:37:09+00:00\",\"dateModified\":\"2024-10-24T19:45:04+00:00\",\"breadcrumb\":{\"@id\":\"https:\/\/playcomp.cl\/index.php\/producto\/microsoft-outlook\/#breadcrumb\"},\"inLanguage\":\"es\",\"potentialAction\":[{\"@type\":\"ReadAction\",\"target\":[\"https:\/\/playcomp.cl\/index.php\/producto\/microsoft-outlook\/\"]}]},{\"@type\":\"ImageObject\",\"inLanguage\":\"es\",\"@id\":\"https:\/\/playcomp.cl\/index.php\/producto\/microsoft-outlook\/#primaryimage\",\"url\":\"https:\/\/playcomp.cl\/wp-content\/uploads\/2024\/05\/Sin-titulo-3.png\",\"contentUrl\":\"https:\/\/playcomp.cl\/wp-content\/uploads\/2024\/05\/Sin-titulo-3.png\",\"width\":233,\"height\":233},{\"@type\":\"BreadcrumbList\",\"@id\":\"https:\/\/playcomp.cl\/index.php\/producto\/microsoft-outlook\/#breadcrumb\",\"itemListElement\":[{\"@type\":\"ListItem\",\"position\":1,\"name\":\"Portada\",\"item\":\"https:\/\/playcomp.cl\/\"},{\"@type\":\"ListItem\",\"position\":2,\"name\":\"Tienda\",\"item\":\"https:\/\/playcomp.cl\/index.php\/tienda\/\"},{\"@type\":\"ListItem\",\"position\":3,\"name\":\"Microsoft Outlook\"}]},{\"@type\":\"WebSite\",\"@id\":\"https:\/\/playcomp.cl\/#website\",\"url\":\"https:\/\/playcomp.cl\/\",\"name\":\"Play Comp\",\"description\":\"Organismo T\u00e9cnico de Capacitaci\u00f3n\",\"publisher\":{\"@id\":\"https:\/\/playcomp.cl\/#organization\"},\"potentialAction\":[{\"@type\":\"SearchAction\",\"target\":{\"@type\":\"EntryPoint\",\"urlTemplate\":\"https:\/\/playcomp.cl\/?s={search_term_string}\"},\"query-input\":{\"@type\":\"PropertyValueSpecification\",\"valueRequired\":true,\"valueName\":\"search_term_string\"}}],\"inLanguage\":\"es\"},{\"@type\":\"Organization\",\"@id\":\"https:\/\/playcomp.cl\/#organization\",\"name\":\"Play Comp\",\"url\":\"https:\/\/playcomp.cl\/\",\"logo\":{\"@type\":\"ImageObject\",\"inLanguage\":\"es\",\"@id\":\"https:\/\/playcomp.cl\/#\/schema\/logo\/image\/\",\"url\":\"https:\/\/playcomp.cl\/wp-content\/uploads\/2017\/07\/Artboard-36.png\",\"contentUrl\":\"https:\/\/playcomp.cl\/wp-content\/uploads\/2017\/07\/Artboard-36.png\",\"width\":423,\"height\":112,\"caption\":\"Play Comp\"},\"image\":{\"@id\":\"https:\/\/playcomp.cl\/#\/schema\/logo\/image\/\"},\"sameAs\":[\"https:\/\/www.facebook.com\/playcompchile\/\",\"https:\/\/www.instagram.com\/playcomp_capacitacion?igsh=OGtwZzBsYW5qbTF5\"]}]}<\/script>\n<!-- \/ Yoast SEO plugin. -->","yoast_head_json":{"title":"Microsoft Outlook - Play Comp","robots":{"index":"index","follow":"follow","max-snippet":"max-snippet:-1","max-image-preview":"max-image-preview:large","max-video-preview":"max-video-preview:-1"},"canonical":"https:\/\/playcomp.cl\/index.php\/producto\/microsoft-outlook\/","og_locale":"es_ES","og_type":"article","og_title":"Microsoft Outlook - Play Comp","og_description":"OBJETIVOS Utilizar las herramientas del correo electr\u00f3nico Outlook del Office 365 para procesar correos y manejar la agenda de contactos, concertando reuniones, asignando tareas y notas a los contenidos. CONTENIDOS 1. ELEMENTOS ESENCIALES DEL CORREO ELECTR\u00d3NICO Elementos de la interfaz gr\u00e1fica de Outlook Carpetas de Outlook Conceptos b\u00e1sicos Iniciar Outlook Dar de alta cuentas en...","og_url":"https:\/\/playcomp.cl\/index.php\/producto\/microsoft-outlook\/","og_site_name":"Play Comp","article_publisher":"https:\/\/www.facebook.com\/playcompchile\/","article_modified_time":"2024-10-24T19:45:04+00:00","og_image":[{"width":233,"height":233,"url":"https:\/\/playcomp.cl\/wp-content\/uploads\/2024\/05\/Sin-titulo-3.png","type":"image\/png"}],"twitter_card":"summary_large_image","twitter_misc":{"Tiempo de lectura":"3 minutos"},"schema":{"@context":"https:\/\/schema.org","@graph":[{"@type":"WebPage","@id":"https:\/\/playcomp.cl\/index.php\/producto\/microsoft-outlook\/","url":"https:\/\/playcomp.cl\/index.php\/producto\/microsoft-outlook\/","name":"Microsoft Outlook - Play Comp","isPartOf":{"@id":"https:\/\/playcomp.cl\/#website"},"primaryImageOfPage":{"@id":"https:\/\/playcomp.cl\/index.php\/producto\/microsoft-outlook\/#primaryimage"},"image":{"@id":"https:\/\/playcomp.cl\/index.php\/producto\/microsoft-outlook\/#primaryimage"},"thumbnailUrl":"https:\/\/playcomp.cl\/wp-content\/uploads\/2024\/05\/Sin-titulo-3.png","datePublished":"2024-05-22T16:37:09+00:00","dateModified":"2024-10-24T19:45:04+00:00","breadcrumb":{"@id":"https:\/\/playcomp.cl\/index.php\/producto\/microsoft-outlook\/#breadcrumb"},"inLanguage":"es","potentialAction":[{"@type":"ReadAction","target":["https:\/\/playcomp.cl\/index.php\/producto\/microsoft-outlook\/"]}]},{"@type":"ImageObject","inLanguage":"es","@id":"https:\/\/playcomp.cl\/index.php\/producto\/microsoft-outlook\/#primaryimage","url":"https:\/\/playcomp.cl\/wp-content\/uploads\/2024\/05\/Sin-titulo-3.png","contentUrl":"https:\/\/playcomp.cl\/wp-content\/uploads\/2024\/05\/Sin-titulo-3.png","width":233,"height":233},{"@type":"BreadcrumbList","@id":"https:\/\/playcomp.cl\/index.php\/producto\/microsoft-outlook\/#breadcrumb","itemListElement":[{"@type":"ListItem","position":1,"name":"Portada","item":"https:\/\/playcomp.cl\/"},{"@type":"ListItem","position":2,"name":"Tienda","item":"https:\/\/playcomp.cl\/index.php\/tienda\/"},{"@type":"ListItem","position":3,"name":"Microsoft Outlook"}]},{"@type":"WebSite","@id":"https:\/\/playcomp.cl\/#website","url":"https:\/\/playcomp.cl\/","name":"Play Comp","description":"Organismo T\u00e9cnico de Capacitaci\u00f3n","publisher":{"@id":"https:\/\/playcomp.cl\/#organization"},"potentialAction":[{"@type":"SearchAction","target":{"@type":"EntryPoint","urlTemplate":"https:\/\/playcomp.cl\/?s={search_term_string}"},"query-input":{"@type":"PropertyValueSpecification","valueRequired":true,"valueName":"search_term_string"}}],"inLanguage":"es"},{"@type":"Organization","@id":"https:\/\/playcomp.cl\/#organization","name":"Play Comp","url":"https:\/\/playcomp.cl\/","logo":{"@type":"ImageObject","inLanguage":"es","@id":"https:\/\/playcomp.cl\/#\/schema\/logo\/image\/","url":"https:\/\/playcomp.cl\/wp-content\/uploads\/2017\/07\/Artboard-36.png","contentUrl":"https:\/\/playcomp.cl\/wp-content\/uploads\/2017\/07\/Artboard-36.png","width":423,"height":112,"caption":"Play Comp"},"image":{"@id":"https:\/\/playcomp.cl\/#\/schema\/logo\/image\/"},"sameAs":["https:\/\/www.facebook.com\/playcompchile\/","https:\/\/www.instagram.com\/playcomp_capacitacion?igsh=OGtwZzBsYW5qbTF5"]}]}},"_links":{"self":[{"href":"https:\/\/playcomp.cl\/index.php\/wp-json\/wp\/v2\/product\/9594","targetHints":{"allow":["GET"]}}],"collection":[{"href":"https:\/\/playcomp.cl\/index.php\/wp-json\/wp\/v2\/product"}],"about":[{"href":"https:\/\/playcomp.cl\/index.php\/wp-json\/wp\/v2\/types\/product"}],"wp:featuredmedia":[{"embeddable":true,"href":"https:\/\/playcomp.cl\/index.php\/wp-json\/wp\/v2\/media\/10397"}],"wp:attachment":[{"href":"https:\/\/playcomp.cl\/index.php\/wp-json\/wp\/v2\/media?parent=9594"}],"wp:term":[{"taxonomy":"product_brand","embeddable":true,"href":"https:\/\/playcomp.cl\/index.php\/wp-json\/wp\/v2\/product_brand?post=9594"},{"taxonomy":"product_cat","embeddable":true,"href":"https:\/\/playcomp.cl\/index.php\/wp-json\/wp\/v2\/product_cat?post=9594"},{"taxonomy":"product_tag","embeddable":true,"href":"https:\/\/playcomp.cl\/index.php\/wp-json\/wp\/v2\/product_tag?post=9594"}],"curies":[{"name":"wp","href":"https:\/\/api.w.org\/{rel}","templated":true}]}}