{"id":9410,"date":"2024-03-04T16:05:52","date_gmt":"2024-03-04T19:05:52","guid":{"rendered":"https:\/\/playcomp.cl\/?page_id=9410"},"modified":"2024-05-03T16:58:05","modified_gmt":"2024-05-03T19:58:05","slug":"nosotros","status":"publish","type":"page","link":"https:\/\/playcomp.cl\/index.php\/nosotros\/","title":{"rendered":"Sobre Nosotros"},"content":{"rendered":"<div class=\"wpb-content-wrapper\"><section class=\"l-section wpb_row us_custom_6d566ed5 height_custom\"><div class=\"l-section-h i-cf\"><div class=\"g-cols vc_row via_flex valign_top type_default stacking_default\"><div class=\"vc_col-sm-12 wpb_column vc_column_container\"><div class=\"vc_column-inner\"><div class=\"wpb_wrapper\"><h1 class=\"w-text us_custom_edfa2e0d has_text_color\"><span class=\"w-text-h\"><span class=\"w-text-value\">Sobre Nosotros<\/span><\/span><\/h1><div class=\"w-text us_custom_4bc7a40d has_text_color\"><span class=\"w-text-h\"><span class=\"w-text-value\">M\u00e1s de 30 a\u00f1os capacitando<\/span><\/span><\/div><\/div><\/div><\/div><\/div><\/div><\/section><section class=\"l-section wpb_row us_custom_8d45c27c height_custom\"><div class=\"l-section-h i-cf\"><div class=\"g-cols vc_row via_flex valign_top type_default stacking_default\"><div class=\"vc_col-sm-3 wpb_column vc_column_container\"><div class=\"vc_column-inner\"><div class=\"wpb_wrapper\"><div class=\"w-image us_custom_008ecac0 hide_on_mobiles align_center\"><div class=\"w-image-h\"><img loading=\"lazy\" decoding=\"async\" width=\"454\" height=\"344\" src=\"https:\/\/playcomp.cl\/wp-content\/uploads\/2024\/05\/1.png\" class=\"attachment-full size-full\" alt=\"\" srcset=\"https:\/\/playcomp.cl\/wp-content\/uploads\/2024\/05\/1.png 454w, https:\/\/playcomp.cl\/wp-content\/uploads\/2024\/05\/1-300x227.png 300w\" sizes=\"auto, (max-width: 454px) 100vw, 454px\" \/><\/div><\/div><\/div><\/div><\/div><div class=\"vc_col-sm-9 wpb_column vc_column_container\"><div class=\"vc_column-inner\"><div class=\"wpb_wrapper\"><h4 class=\"w-text us_custom_64ecf793 has_text_color\"><span class=\"w-text-h\"><span class=\"w-text-value\">Qui\u00e9nes Somos<\/span><\/span><\/h4><div class=\"wpb_text_column us_custom_ad46c0fe has_text_color\"><div class=\"wpb_wrapper\"><p style=\"text-align: justify;\">Con m\u00e1s de 30 a\u00f1os de experiencia en capacitaci\u00f3n en Chile, en Play Comp nos hemos convertido en un referente de excelencia en formaci\u00f3n profesional. Nos dedicamos a ofrecer programas activos y participativos, donde los estudiantes son el foco principal, creyendo en el poder transformador de la educaci\u00f3n para abrir nuevas oportunidades laborales y de desarrollo personal.<\/p>\n<\/div><\/div><div class=\"w-image us_custom_1161de64 hide_on_default hide_on_laptops hide_on_tablets align_center\"><div class=\"w-image-h\"><img loading=\"lazy\" decoding=\"async\" width=\"454\" height=\"344\" src=\"https:\/\/playcomp.cl\/wp-content\/uploads\/2024\/05\/1.png\" class=\"attachment-full size-full\" alt=\"\" srcset=\"https:\/\/playcomp.cl\/wp-content\/uploads\/2024\/05\/1.png 454w, https:\/\/playcomp.cl\/wp-content\/uploads\/2024\/05\/1-300x227.png 300w\" sizes=\"auto, (max-width: 454px) 100vw, 454px\" \/><\/div><\/div><\/div><\/div><\/div><\/div><\/div><\/section><section class=\"l-section wpb_row us_custom_e11ab399 height_custom\"><div class=\"l-section-h i-cf\"><div class=\"g-cols vc_row via_flex valign_top type_default stacking_default\"><div class=\"vc_col-sm-9 wpb_column vc_column_container\"><div class=\"vc_column-inner\"><div class=\"wpb_wrapper\"><h4 class=\"w-text us_custom_64ecf793 has_text_color\"><span class=\"w-text-h\"><span class=\"w-text-value\">Nuestra Misi\u00f3n<\/span><\/span><\/h4><div class=\"wpb_text_column us_custom_8d5e6c0d has_text_color\"><div class=\"wpb_wrapper\"><p>Nuestra misi\u00f3n es capacitar responsablemente a nuestros estudiantes, proporcion\u00e1ndoles herramientas actualizadas para el mercado laboral. Mantenemos una comunicaci\u00f3n activa con nuestros clientes, adaptando nuestros programas a sus necesidades. Todos nuestros cursos cuentan con c\u00f3digo SENCE, garantizando su calidad y reconocimiento oficial.<\/p>\n<\/div><\/div><div class=\"w-image us_custom_1161de64 hide_on_default hide_on_laptops hide_on_tablets align_center\"><div class=\"w-image-h\"><img loading=\"lazy\" decoding=\"async\" width=\"440\" height=\"334\" src=\"https:\/\/playcomp.cl\/wp-content\/uploads\/2024\/05\/2.png\" class=\"attachment-full size-full\" alt=\"\" srcset=\"https:\/\/playcomp.cl\/wp-content\/uploads\/2024\/05\/2.png 440w, https:\/\/playcomp.cl\/wp-content\/uploads\/2024\/05\/2-300x228.png 300w\" sizes=\"auto, (max-width: 440px) 100vw, 440px\" \/><\/div><\/div><\/div><\/div><\/div><div class=\"vc_col-sm-3 wpb_column vc_column_container\"><div class=\"vc_column-inner\"><div class=\"wpb_wrapper\"><div class=\"w-image us_custom_008ecac0 hide_on_mobiles align_center\"><div class=\"w-image-h\"><img loading=\"lazy\" decoding=\"async\" width=\"440\" height=\"334\" src=\"https:\/\/playcomp.cl\/wp-content\/uploads\/2024\/05\/2.png\" class=\"attachment-full size-full\" alt=\"\" srcset=\"https:\/\/playcomp.cl\/wp-content\/uploads\/2024\/05\/2.png 440w, https:\/\/playcomp.cl\/wp-content\/uploads\/2024\/05\/2-300x228.png 300w\" sizes=\"auto, (max-width: 440px) 100vw, 440px\" \/><\/div><\/div><div class=\"w-separator size_small\"><\/div><\/div><\/div><\/div><\/div><\/div><\/section><section class=\"l-section wpb_row height_custom\"><div class=\"l-section-h i-cf\"><div class=\"g-cols vc_row via_flex valign_top type_default stacking_default\"><div class=\"vc_col-sm-3 wpb_column vc_column_container\"><div class=\"vc_column-inner\"><div class=\"wpb_wrapper\"><div class=\"w-image us_custom_008ecac0 hide_on_mobiles align_center\"><div class=\"w-image-h\"><img loading=\"lazy\" decoding=\"async\" width=\"454\" height=\"340\" src=\"https:\/\/playcomp.cl\/wp-content\/uploads\/2024\/05\/3.png\" class=\"attachment-full size-full\" alt=\"\" srcset=\"https:\/\/playcomp.cl\/wp-content\/uploads\/2024\/05\/3.png 454w, https:\/\/playcomp.cl\/wp-content\/uploads\/2024\/05\/3-300x225.png 300w\" sizes=\"auto, (max-width: 454px) 100vw, 454px\" \/><\/div><\/div><div class=\"w-separator size_small\"><\/div><\/div><\/div><\/div><div class=\"vc_col-sm-9 wpb_column vc_column_container\"><div class=\"vc_column-inner\"><div class=\"wpb_wrapper\"><h4 class=\"w-text us_custom_64ecf793 has_text_color\"><span class=\"w-text-h\"><span class=\"w-text-value\">Nuestra Visi\u00f3n<\/span><\/span><\/h4><div class=\"wpb_text_column us_custom_8d5e6c0d has_text_color\"><div class=\"wpb_wrapper\"><p>Nuestra visi\u00f3n se centra en ser un organismo responsable, entregando herramientas s\u00f3lidas para el desarrollo profesional, mientras cultivamos un equipo de trabajo estable y altamente comprometido, clave en nuestro \u00e9xito y en el de nuestros estudiantes.\u00bb<\/p>\n<p>\u00abSer el referente indiscutible en el \u00e1mbito de la capacitaci\u00f3n en Chile, respaldados por tres d\u00e9cadas de experiencia y excelencia.<\/p>\n<\/div><\/div><div class=\"w-image us_custom_1161de64 hide_on_default hide_on_laptops hide_on_tablets align_center\"><div class=\"w-image-h\"><img loading=\"lazy\" decoding=\"async\" width=\"454\" height=\"340\" src=\"https:\/\/playcomp.cl\/wp-content\/uploads\/2024\/05\/3.png\" class=\"attachment-full size-full\" alt=\"\" srcset=\"https:\/\/playcomp.cl\/wp-content\/uploads\/2024\/05\/3.png 454w, https:\/\/playcomp.cl\/wp-content\/uploads\/2024\/05\/3-300x225.png 300w\" sizes=\"auto, (max-width: 454px) 100vw, 454px\" \/><\/div><\/div><\/div><\/div><\/div><\/div><\/div><\/section><section class=\"l-section wpb_row columnas-sobre-nosotros height_custom\"><div class=\"l-section-h i-cf\"><div class=\"g-cols vc_row via_flex valign_top type_default stacking_default\"><div class=\"vc_col-sm-6 wpb_column vc_column_container\"><div class=\"vc_column-inner\"><div class=\"wpb_wrapper\"><div class=\"w-iconbox iconpos_top style_default color_primary align_center icontype_img\"><div class=\"w-iconbox-icon\" style=\"font-size:2rem;\"><img loading=\"lazy\" decoding=\"async\" width=\"185\" height=\"177\" src=\"https:\/\/playcomp.cl\/wp-content\/uploads\/2024\/05\/ico1.png\" class=\"attachment-full size-full\" alt=\"\" \/><\/div><div class=\"w-iconbox-meta\"><h4 class=\"w-iconbox-title\">Nuestras Modalidades de Estudio<\/h4><div class=\"w-iconbox-text\"><p>Ofrecemos diferentes modalidades de estudio, incluyendo e-learning s\u00edncrono y as\u00edncrono, as\u00ed como clases presenciales. Adem\u00e1s, formulamos cursos a medida para instituciones, adaptando nuestros programas a las necesidades espec\u00edficas de cada cliente.<\/p>\n<\/div><\/div><\/div><\/div><\/div><\/div><div class=\"vc_col-sm-6 wpb_column vc_column_container\"><div class=\"vc_column-inner\"><div class=\"wpb_wrapper\"><div class=\"w-iconbox iconpos_top style_default color_primary align_center icontype_img\"><div class=\"w-iconbox-icon\" style=\"font-size:2rem;\"><img loading=\"lazy\" decoding=\"async\" width=\"184\" height=\"185\" src=\"https:\/\/playcomp.cl\/wp-content\/uploads\/2024\/05\/ico2.png\" class=\"attachment-full size-full\" alt=\"\" srcset=\"https:\/\/playcomp.cl\/wp-content\/uploads\/2024\/05\/ico2.png 184w, https:\/\/playcomp.cl\/wp-content\/uploads\/2024\/05\/ico2-150x150.png 150w\" sizes=\"auto, (max-width: 184px) 100vw, 184px\" \/><\/div><div class=\"w-iconbox-meta\"><h4 class=\"w-iconbox-title\">Clientes<\/h4><div class=\"w-iconbox-text\"><p>Trabajamos tanto con empresas p\u00fablicas como privadas, colaborando estrechamente con ellas para ofrecer soluciones de capacitaci\u00f3n efectivas y personalizadas.<\/p>\n<\/div><\/div><\/div><\/div><\/div><\/div><\/div><\/div><\/section><section class=\"l-section wpb_row us_custom_b03640aa columnas-sobre-nosotros height_custom\"><div class=\"l-section-h i-cf\"><div class=\"g-cols vc_row via_flex valign_top type_default stacking_default\"><div class=\"vc_col-sm-6 wpb_column vc_column_container\"><div class=\"vc_column-inner\"><div class=\"wpb_wrapper\"><div class=\"w-iconbox iconpos_top style_default color_primary align_center icontype_img\"><div class=\"w-iconbox-icon\" style=\"font-size:2rem;\"><img loading=\"lazy\" decoding=\"async\" width=\"177\" height=\"185\" src=\"https:\/\/playcomp.cl\/wp-content\/uploads\/2024\/05\/ico3.png\" class=\"attachment-full size-full\" alt=\"\" \/><\/div><div class=\"w-iconbox-meta\"><h4 class=\"w-iconbox-title\">Equipo<\/h4><div class=\"w-iconbox-text\"><p>Nuestro equipo est\u00e1 formado por profesionales altamente calificados comprometidos con la excelencia educativa, trabajando en colaboraci\u00f3n para alcanzar objetivos comunes.<\/p>\n<\/div><\/div><\/div><\/div><\/div><\/div><div class=\"vc_col-sm-6 wpb_column vc_column_container\"><div class=\"vc_column-inner\"><div class=\"wpb_wrapper\"><div class=\"w-iconbox iconpos_top style_default color_primary align_center icontype_img\"><div class=\"w-iconbox-icon\" style=\"font-size:2rem;\"><img loading=\"lazy\" decoding=\"async\" width=\"184\" height=\"185\" src=\"https:\/\/playcomp.cl\/wp-content\/uploads\/2024\/05\/ico4.png\" class=\"attachment-full size-full\" alt=\"\" srcset=\"https:\/\/playcomp.cl\/wp-content\/uploads\/2024\/05\/ico4.png 184w, https:\/\/playcomp.cl\/wp-content\/uploads\/2024\/05\/ico4-150x150.png 150w\" sizes=\"auto, (max-width: 184px) 100vw, 184px\" \/><\/div><div class=\"w-iconbox-meta\"><h4 class=\"w-iconbox-title\">\u00danete a Nuestra Comunidad<\/h4><div class=\"w-iconbox-text\"><p>\u00danete a nuestra comunidad y descubre el poder de la capacitaci\u00f3n para impulsar tu carrera profesional: en Play Comp, tu \u00e9xito es nuestra prioridad.<\/p>\n<\/div><\/div><\/div><\/div><\/div><\/div><\/div><\/div><\/section><section class=\"l-section wpb_row height_custom\"><div class=\"l-section-h i-cf\"><div class=\"g-cols vc_row via_flex valign_top type_default stacking_default\"><div class=\"vc_col-sm-5 wpb_column vc_column_container\"><div class=\"vc_column-inner\"><div class=\"wpb_wrapper\"><div class=\"w-image us_custom_008ecac0 hide_on_mobiles align_center\"><div class=\"w-image-h\"><img loading=\"lazy\" decoding=\"async\" width=\"566\" height=\"523\" src=\"https:\/\/playcomp.cl\/wp-content\/uploads\/2024\/05\/compu.png\" class=\"attachment-full size-full\" alt=\"\" srcset=\"https:\/\/playcomp.cl\/wp-content\/uploads\/2024\/05\/compu.png 566w, https:\/\/playcomp.cl\/wp-content\/uploads\/2024\/05\/compu-300x277.png 300w\" sizes=\"auto, (max-width: 566px) 100vw, 566px\" \/><\/div><\/div><\/div><\/div><\/div><div class=\"vc_col-sm-7 wpb_column vc_column_container\"><div class=\"vc_column-inner\"><div class=\"wpb_wrapper\"><h4 class=\"w-text us_custom_e55f42bb has_text_color\"><span class=\"w-text-h\"><span class=\"w-text-value\">Nuestro sitio online<\/span><\/span><\/h4><div class=\"wpb_text_column us_custom_8d5e6c0d has_text_color\"><div class=\"wpb_wrapper\"><p>Desarrolla en tus cursos de forma completamente online, con clases, videos educativos, evaluaciones y seguimiento personal de avance.<\/p>\n<\/div><\/div><div class=\"w-image us_custom_0f8f44b7 hide_on_default hide_on_laptops hide_on_tablets align_center\"><div class=\"w-image-h\"><img loading=\"lazy\" decoding=\"async\" width=\"566\" height=\"523\" src=\"https:\/\/playcomp.cl\/wp-content\/uploads\/2024\/05\/compu.png\" class=\"attachment-full size-full\" alt=\"\" srcset=\"https:\/\/playcomp.cl\/wp-content\/uploads\/2024\/05\/compu.png 566w, https:\/\/playcomp.cl\/wp-content\/uploads\/2024\/05\/compu-300x277.png 300w\" sizes=\"auto, (max-width: 566px) 100vw, 566px\" \/><\/div><\/div><\/div><\/div><\/div><\/div><\/div><\/section><section class=\"l-section wpb_row height_custom with_img\"><div class=\"l-section-img\" style=\"background-image: url(https:\/\/playcomp.cl\/wp-content\/uploads\/2024\/05\/fondo-contacto.png);background-repeat: no-repeat;\" data-img-width=\"1665\" data-img-height=\"714\"><\/div><div class=\"l-section-h i-cf\"><div class=\"g-cols vc_row via_flex valign_top type_default stacking_default\"><div class=\"vc_col-sm-2 wpb_column vc_column_container\"><div class=\"vc_column-inner\"><div class=\"wpb_wrapper\"><\/div><\/div><\/div><div class=\"vc_col-sm-8 wpb_column vc_column_container\"><div class=\"vc_column-inner\"><div class=\"wpb_wrapper\"><div class=\"wpb_text_column us_custom_6eed30f6 contacto\"><div class=\"wpb_wrapper\"><h4>CONTACTO<\/h4>\n\n<div class=\"wpcf7 no-js\" id=\"wpcf7-f13-o1\" lang=\"es-ES\" dir=\"ltr\" data-wpcf7-id=\"13\">\n<div class=\"screen-reader-response\"><p role=\"status\" aria-live=\"polite\" aria-atomic=\"true\"><\/p> <ul><\/ul><\/div>\n<form action=\"\/index.php\/wp-json\/wp\/v2\/pages\/9410#wpcf7-f13-o1\" method=\"post\" class=\"wpcf7-form init\" aria-label=\"Formulario de contacto\" novalidate=\"novalidate\" data-status=\"init\">\n<div style=\"display: none;\">\n<input type=\"hidden\" name=\"_wpcf7\" value=\"13\" \/>\n<input type=\"hidden\" name=\"_wpcf7_version\" value=\"6.0.5\" \/>\n<input type=\"hidden\" name=\"_wpcf7_locale\" value=\"es_ES\" \/>\n<input type=\"hidden\" name=\"_wpcf7_unit_tag\" value=\"wpcf7-f13-o1\" \/>\n<input type=\"hidden\" name=\"_wpcf7_container_post\" value=\"0\" \/>\n<input type=\"hidden\" name=\"_wpcf7_posted_data_hash\" value=\"\" \/>\n<input type=\"hidden\" name=\"_wpcf7dtx_version\" value=\"5.0.3\" \/>\n<input type=\"hidden\" name=\"_wpcf7_recaptcha_response\" value=\"\" \/>\n<\/div>\n<div class=\"mi-contatco\">\n\t<div class=\"columna-1\">\n\t\t<p><label> <span>Nombre<\/span><br \/>\n<span class=\"wpcf7-form-control-wrap\" data-name=\"your-name\"><input size=\"40\" maxlength=\"400\" class=\"wpcf7-form-control wpcf7-text wpcf7-validates-as-required\" aria-required=\"true\" aria-invalid=\"false\" value=\"\" type=\"text\" name=\"your-name\" \/><\/span> <\/label>\n\t\t<\/p>\n\t<\/div>\n\t<div class=\"columna-2\">\n\t\t<p><label> <span>Correo electr\u00f3nico<\/span><br \/>\n<span class=\"wpcf7-form-control-wrap\" data-name=\"your-email\"><input size=\"40\" maxlength=\"400\" class=\"wpcf7-form-control wpcf7-email wpcf7-validates-as-required wpcf7-text wpcf7-validates-as-email\" aria-required=\"true\" aria-invalid=\"false\" value=\"\" type=\"email\" name=\"your-email\" \/><\/span> <\/label>\n\t\t<\/p>\n\t<\/div>\n<\/div>\n<div class=\"mi-contatco\">\n\t<div class=\"columna-1\">\n\t\t<p><label> <span>Tel\u00e9fono<\/span><br \/>\n<span class=\"wpcf7-form-control-wrap\" data-name=\"your-phone\"><input size=\"40\" maxlength=\"400\" class=\"wpcf7-form-control wpcf7-tel wpcf7-validates-as-required wpcf7-text wpcf7-validates-as-tel\" aria-required=\"true\" aria-invalid=\"false\" value=\"\" type=\"tel\" name=\"your-phone\" \/><\/span> <\/label>\n\t\t<\/p>\n\t<\/div>\n\t<div class=\"columna-2\">\n\t\t<p><label> <span>Asunto<\/span><br \/>\n<span class=\"wpcf7-form-control-wrap\" data-name=\"your-subject\"><input size=\"40\" maxlength=\"400\" class=\"wpcf7-form-control wpcf7-text wpcf7-validates-as-required\" aria-required=\"true\" aria-invalid=\"false\" value=\"\" type=\"text\" name=\"your-subject\" \/><\/span> <\/label>\n\t\t<\/p>\n\t<\/div>\n<\/div>\n<div class=\"mi-contatco\">\n\t<div class=\"columna-3\">\n\t\t<p><label> <span>Mensaje (opcional)<\/span><br \/>\n<span class=\"wpcf7-form-control-wrap\" data-name=\"your-message\"><textarea cols=\"40\" rows=\"10\" maxlength=\"2000\" class=\"wpcf7-form-control wpcf7-textarea\" aria-invalid=\"false\" name=\"your-message\"><\/textarea><\/span> <\/label>\n\t\t<\/p>\n\t<\/div>\n<\/div>\n<p><input class=\"wpcf7-form-control wpcf7-submit has-spinner\" type=\"submit\" value=\"Enviar\" \/>\n<\/p><p style=\"display: none !important;\" class=\"akismet-fields-container\" data-prefix=\"_wpcf7_ak_\"><label>&#916;<textarea name=\"_wpcf7_ak_hp_textarea\" cols=\"45\" rows=\"8\" maxlength=\"100\"><\/textarea><\/label><input type=\"hidden\" id=\"ak_js_1\" name=\"_wpcf7_ak_js\" value=\"13\"\/><script>document.getElementById( \"ak_js_1\" ).setAttribute( \"value\", ( new Date() ).getTime() );<\/script><\/p><div class=\"wpcf7-response-output\" aria-hidden=\"true\"><\/div>\n<\/form>\n<\/div>\n\n<\/div><\/div><\/div><\/div><\/div><div class=\"vc_col-sm-2 wpb_column vc_column_container\"><div class=\"vc_column-inner\"><div class=\"wpb_wrapper\"><\/div><\/div><\/div><\/div><\/div><\/section>\n<\/div>","protected":false},"excerpt":{"rendered":"Sobre NosotrosM\u00e1s de 30 a\u00f1os capacitandoQui\u00e9nes SomosCon m\u00e1s de 30 a\u00f1os de experiencia en capacitaci\u00f3n en Chile, en Play Comp nos hemos convertido en un referente de excelencia en formaci\u00f3n profesional. Nos dedicamos a ofrecer programas activos y participativos, donde los estudiantes son el foco principal, creyendo en el poder transformador de la educaci\u00f3n para...","protected":false},"author":3,"featured_media":0,"parent":0,"menu_order":0,"comment_status":"closed","ping_status":"closed","template":"","meta":{"_acf_changed":false,"footnotes":""},"class_list":["post-9410","page","type-page","status-publish","hentry"],"acf":[],"yoast_head":"<!-- This site is optimized with the Yoast SEO plugin v24.8.1 - https:\/\/yoast.com\/wordpress\/plugins\/seo\/ -->\n<title>Sobre Nosotros - Play Comp<\/title>\n<meta name=\"robots\" content=\"index, follow, max-snippet:-1, max-image-preview:large, max-video-preview:-1\" \/>\n<link rel=\"canonical\" href=\"https:\/\/playcomp.cl\/index.php\/nosotros\/\" \/>\n<meta property=\"og:locale\" content=\"es_ES\" \/>\n<meta property=\"og:type\" content=\"article\" \/>\n<meta property=\"og:title\" content=\"Sobre Nosotros - Play Comp\" \/>\n<meta property=\"og:url\" content=\"https:\/\/playcomp.cl\/index.php\/nosotros\/\" \/>\n<meta property=\"og:site_name\" content=\"Play Comp\" \/>\n<meta property=\"article:publisher\" content=\"https:\/\/www.facebook.com\/playcompchile\/\" \/>\n<meta property=\"article:modified_time\" content=\"2024-05-03T19:58:05+00:00\" \/>\n<meta name=\"twitter:card\" content=\"summary_large_image\" \/>\n<meta name=\"twitter:label1\" content=\"Tiempo de lectura\" \/>\n\t<meta name=\"twitter:data1\" content=\"6 minutos\" \/>\n<script type=\"application\/ld+json\" class=\"yoast-schema-graph\">{\"@context\":\"https:\/\/schema.org\",\"@graph\":[{\"@type\":\"WebPage\",\"@id\":\"https:\/\/playcomp.cl\/index.php\/nosotros\/\",\"url\":\"https:\/\/playcomp.cl\/index.php\/nosotros\/\",\"name\":\"Sobre Nosotros - Play Comp\",\"isPartOf\":{\"@id\":\"https:\/\/playcomp.cl\/#website\"},\"datePublished\":\"2024-03-04T19:05:52+00:00\",\"dateModified\":\"2024-05-03T19:58:05+00:00\",\"breadcrumb\":{\"@id\":\"https:\/\/playcomp.cl\/index.php\/nosotros\/#breadcrumb\"},\"inLanguage\":\"es\",\"potentialAction\":[{\"@type\":\"ReadAction\",\"target\":[\"https:\/\/playcomp.cl\/index.php\/nosotros\/\"]}]},{\"@type\":\"BreadcrumbList\",\"@id\":\"https:\/\/playcomp.cl\/index.php\/nosotros\/#breadcrumb\",\"itemListElement\":[{\"@type\":\"ListItem\",\"position\":1,\"name\":\"Portada\",\"item\":\"https:\/\/playcomp.cl\/\"},{\"@type\":\"ListItem\",\"position\":2,\"name\":\"Sobre Nosotros\"}]},{\"@type\":\"WebSite\",\"@id\":\"https:\/\/playcomp.cl\/#website\",\"url\":\"https:\/\/playcomp.cl\/\",\"name\":\"Play Comp\",\"description\":\"Organismo T\u00e9cnico de Capacitaci\u00f3n\",\"publisher\":{\"@id\":\"https:\/\/playcomp.cl\/#organization\"},\"potentialAction\":[{\"@type\":\"SearchAction\",\"target\":{\"@type\":\"EntryPoint\",\"urlTemplate\":\"https:\/\/playcomp.cl\/?s={search_term_string}\"},\"query-input\":{\"@type\":\"PropertyValueSpecification\",\"valueRequired\":true,\"valueName\":\"search_term_string\"}}],\"inLanguage\":\"es\"},{\"@type\":\"Organization\",\"@id\":\"https:\/\/playcomp.cl\/#organization\",\"name\":\"Play Comp\",\"url\":\"https:\/\/playcomp.cl\/\",\"logo\":{\"@type\":\"ImageObject\",\"inLanguage\":\"es\",\"@id\":\"https:\/\/playcomp.cl\/#\/schema\/logo\/image\/\",\"url\":\"https:\/\/playcomp.cl\/wp-content\/uploads\/2017\/07\/Artboard-36.png\",\"contentUrl\":\"https:\/\/playcomp.cl\/wp-content\/uploads\/2017\/07\/Artboard-36.png\",\"width\":423,\"height\":112,\"caption\":\"Play Comp\"},\"image\":{\"@id\":\"https:\/\/playcomp.cl\/#\/schema\/logo\/image\/\"},\"sameAs\":[\"https:\/\/www.facebook.com\/playcompchile\/\",\"https:\/\/www.instagram.com\/playcomp_capacitacion?igsh=OGtwZzBsYW5qbTF5\"]}]}<\/script>\n<!-- \/ Yoast SEO plugin. -->","yoast_head_json":{"title":"Sobre Nosotros - Play Comp","robots":{"index":"index","follow":"follow","max-snippet":"max-snippet:-1","max-image-preview":"max-image-preview:large","max-video-preview":"max-video-preview:-1"},"canonical":"https:\/\/playcomp.cl\/index.php\/nosotros\/","og_locale":"es_ES","og_type":"article","og_title":"Sobre Nosotros - Play Comp","og_url":"https:\/\/playcomp.cl\/index.php\/nosotros\/","og_site_name":"Play Comp","article_publisher":"https:\/\/www.facebook.com\/playcompchile\/","article_modified_time":"2024-05-03T19:58:05+00:00","twitter_card":"summary_large_image","twitter_misc":{"Tiempo de lectura":"6 minutos"},"schema":{"@context":"https:\/\/schema.org","@graph":[{"@type":"WebPage","@id":"https:\/\/playcomp.cl\/index.php\/nosotros\/","url":"https:\/\/playcomp.cl\/index.php\/nosotros\/","name":"Sobre Nosotros - Play Comp","isPartOf":{"@id":"https:\/\/playcomp.cl\/#website"},"datePublished":"2024-03-04T19:05:52+00:00","dateModified":"2024-05-03T19:58:05+00:00","breadcrumb":{"@id":"https:\/\/playcomp.cl\/index.php\/nosotros\/#breadcrumb"},"inLanguage":"es","potentialAction":[{"@type":"ReadAction","target":["https:\/\/playcomp.cl\/index.php\/nosotros\/"]}]},{"@type":"BreadcrumbList","@id":"https:\/\/playcomp.cl\/index.php\/nosotros\/#breadcrumb","itemListElement":[{"@type":"ListItem","position":1,"name":"Portada","item":"https:\/\/playcomp.cl\/"},{"@type":"ListItem","position":2,"name":"Sobre Nosotros"}]},{"@type":"WebSite","@id":"https:\/\/playcomp.cl\/#website","url":"https:\/\/playcomp.cl\/","name":"Play Comp","description":"Organismo T\u00e9cnico de Capacitaci\u00f3n","publisher":{"@id":"https:\/\/playcomp.cl\/#organization"},"potentialAction":[{"@type":"SearchAction","target":{"@type":"EntryPoint","urlTemplate":"https:\/\/playcomp.cl\/?s={search_term_string}"},"query-input":{"@type":"PropertyValueSpecification","valueRequired":true,"valueName":"search_term_string"}}],"inLanguage":"es"},{"@type":"Organization","@id":"https:\/\/playcomp.cl\/#organization","name":"Play Comp","url":"https:\/\/playcomp.cl\/","logo":{"@type":"ImageObject","inLanguage":"es","@id":"https:\/\/playcomp.cl\/#\/schema\/logo\/image\/","url":"https:\/\/playcomp.cl\/wp-content\/uploads\/2017\/07\/Artboard-36.png","contentUrl":"https:\/\/playcomp.cl\/wp-content\/uploads\/2017\/07\/Artboard-36.png","width":423,"height":112,"caption":"Play Comp"},"image":{"@id":"https:\/\/playcomp.cl\/#\/schema\/logo\/image\/"},"sameAs":["https:\/\/www.facebook.com\/playcompchile\/","https:\/\/www.instagram.com\/playcomp_capacitacion?igsh=OGtwZzBsYW5qbTF5"]}]}},"_links":{"self":[{"href":"https:\/\/playcomp.cl\/index.php\/wp-json\/wp\/v2\/pages\/9410","targetHints":{"allow":["GET"]}}],"collection":[{"href":"https:\/\/playcomp.cl\/index.php\/wp-json\/wp\/v2\/pages"}],"about":[{"href":"https:\/\/playcomp.cl\/index.php\/wp-json\/wp\/v2\/types\/page"}],"author":[{"embeddable":true,"href":"https:\/\/playcomp.cl\/index.php\/wp-json\/wp\/v2\/users\/3"}],"replies":[{"embeddable":true,"href":"https:\/\/playcomp.cl\/index.php\/wp-json\/wp\/v2\/comments?post=9410"}],"version-history":[{"count":46,"href":"https:\/\/playcomp.cl\/index.php\/wp-json\/wp\/v2\/pages\/9410\/revisions"}],"predecessor-version":[{"id":9588,"href":"https:\/\/playcomp.cl\/index.php\/wp-json\/wp\/v2\/pages\/9410\/revisions\/9588"}],"wp:attachment":[{"href":"https:\/\/playcomp.cl\/index.php\/wp-json\/wp\/v2\/media?parent=9410"}],"curies":[{"name":"wp","href":"https:\/\/api.w.org\/{rel}","templated":true}]}}